{"id":886,"date":"2022-07-13T09:10:20","date_gmt":"2022-07-13T07:10:20","guid":{"rendered":"https:\/\/semmelweis.hu\/baratikor\/?page_id=886"},"modified":"2023-01-09T11:29:43","modified_gmt":"2023-01-09T10:29:43","slug":"melly-jozsef","status":"publish","type":"page","link":"https:\/\/semmelweis.hu\/baratikor\/galeria\/teljes-nevlista\/melly-jozsef\/","title":{"rendered":"Melly J\u00f3zsef"},"content":{"rendered":"<p><a href=\"https:\/\/semmelweis.hu\/baratikor\/files\/2022\/07\/189_11.jpg\"><img loading=\"lazy\" decoding=\"async\" class=\"alignleft wp-image-887 size-full\" src=\"https:\/\/semmelweis.hu\/baratikor\/files\/2022\/07\/189_11.jpg\" alt=\"\" width=\"295\" height=\"370\" \/><\/a><strong>(Budapest, 1893. november 9. &#8211; Budapest, 1962. j\u00fanius 21.)<\/strong><\/p>\n<p>D\u00e9k\u00e1n: 1947\/48<\/p>\n<p style=\"text-align: justify\">\u00c9desapja, dr. Melly B\u00e9la f\u0151v\u00e1rosi \u00e1rvasz\u00e9ki eln\u00f6k volt, fia t\u0151le \u00f6r\u00f6k\u00f6lte szoci\u00e1lis \u00e9rz\u00e9kenys\u00e9g\u00e9t. A Budapesti Reform\u00e1tus F\u0151gimn\u00e1ziumban \u00e9retts\u00e9gizett, majd a budapesti Orvoskarra iratkozott be. 1913 tavasz\u00e1n besorozt\u00e1k, majd egy \u00e9v m\u00falva katonai szolg\u00e1latra h\u00edvt\u00e1k be. Ily m\u00f3don kezdett\u0151l r\u00e9szt vett a vil\u00e1gh\u00e1bor\u00faban eg\u00e9szen 1916 febru\u00e1rj\u00e1ban t\u00f6rt\u00e9nt s\u00falyos sebes\u00fcl\u00e9s\u00e9ig. Egyik l\u00e1b\u00e1t combt\u00f3l amput\u00e1lt\u00e1k, de \u00e9letben maradt \u00e9s fel\u00e9p\u00fclt, majd hazat\u00e9r\u00e9se ut\u00e1n folytathatta f\u00e9lbeszakadt tanulm\u00e1nyait. 1917. j\u00fanius 7-\u00e9n avatt\u00e1k orvoss\u00e1. R\u00f6gt\u00f6n ezut\u00e1n a f\u0151v\u00e1ros szolg\u00e1lat\u00e1ba l\u00e9pett, ahol 1945 v\u00e9g\u00e9ig tev\u00e9kenykedett. 1921-ben a f\u0151v\u00e1rosi k\u00f6zgy\u0171l\u00e9s ker\u00fcleti orvoss\u00e1, majd 1923-t\u00f3l tisztiorvoss\u00e1 v\u00e1lasztotta. 1924-ben belgy\u00f3gy\u00e1sz szakvizsg\u00e1t tett. Id\u0151k\u00f6zben az egyetem K\u00f3rtani Int\u00e9zet\u00e9ben (Tangl Ferenc professzor mellett), a II. sz. Belklinik\u00e1n \u00e9s a Pestvid\u00e9ki T\u00f6rv\u00e9nysz\u00e9kn\u00e9l is dolgozott. 1926. j\u00fanius 7-\u00e9n mag\u00e1ntan\u00e1ri k\u00e9pes\u00edt\u00e9st nyert az eg\u00e9szs\u00e9g\u00fcgyi k\u00f6zigazgat\u00e1s t\u00e1rgyk\u00f6r\u00e9ben. Sz\u00e9lesk\u00f6r\u0171 el\u0151ad\u00f3i tev\u00e9kenys\u00e9get folytatott az Orsz\u00e1gos Stef\u00e1nia Sz\u00f6vets\u00e9g v\u00e9d\u0151n\u0151k\u00e9pz\u0151 tanfolyam\u00e1n, az Orsz\u00e1gos Szoci\u00e1lpolitikai Int\u00e9zet gy\u00e1rgondoz\u00f3n\u0151i tanfolyam\u00e1n \u00e9s a K\u00f6zgazdas\u00e1gtudom\u00e1nyi Karon. Tagja volt az Orsz\u00e1gos K\u00f6zeg\u00e9szs\u00e9g\u00fcgyi Tan\u00e1csnak, az Orsz\u00e1gos Statisztikai Tan\u00e1csnak, a Magyar N\u00e9p\u00e9lelmez\u00e9si Bizotts\u00e1gnak, az Orvosegyes\u00fcletnek, az Orvossz\u00f6vets\u00e9gnek, az Orvosi K\u00f6rnek, a MONE-nak \u00e9s az Orvosi Kamar\u00e1nak. 1945 ut\u00e1n r\u00f6vid ideig a tisztiorvosi hivatalban dolgozott, majd 1946. janu\u00e1r 1-j\u00e9t\u0151l a Vall\u00e1s \u00e9s K\u00f6zoktat\u00e1s\u00fcgyi Miniszt\u00e9rium egyetemi oszt\u00e1ly\u00e1t vezette 9 h\u00f3napon \u00e1t, legink\u00e1bb az egyetemek \u00e9s m\u00fazeumok helyre\u00e1ll\u00edt\u00e1s\u00e1n munk\u00e1lkodva. 1946. m\u00e1jus 31-\u00e9n egyetemi tan\u00e1ri kinevez\u00e9st kapott az Orvostudom\u00e1nyi Kar K\u00f6zeg\u00e9szs\u00e9gtani Int\u00e9zet\u00e9hez, melyet a semmib\u0151l kellett \u00fajra megteremtenie. A kommunista hatalom\u00e1tv\u00e9tel ut\u00e1n, 1948 december\u00e9ben, 56 \u00e9vesen politikai okokb\u00f3l nyugd\u00edjazt\u00e1k. 1952 febru\u00e1rj\u00e1t\u00f3l iskolaorvosk\u00e9nt dolgozhatott a J\u00f3zsefv\u00e1rosban. Ek\u00f6zben iskolaorvosi tov\u00e1bbk\u00e9pz\u0151, illetve v\u00e9d\u0151n\u0151i tanfolyamokat tartott. 1956-ban rehabilit\u00e1lt\u00e1k, \u00edgy okt\u00f3ber 1-j\u00e9t\u0151l visszaker\u00fclhetett egyetemi tansz\u00e9k\u00e9re. Nemcsak a tudom\u00e1nyos munk\u00e1ba, de a szakmai k\u00f6z\u00e9letbe is visszakapcsol\u00f3dhatott. Tagja volt az MTA Eg\u00e9szs\u00e9gtudom\u00e1nyi Bizotts\u00e1g\u00e1nak, vezet\u0151s\u00e9gi tagja a Magyar Higi\u00e9nikusok T\u00e1rsas\u00e1g\u00e1nak, a Budapesti \u00e9s Pest megyei Eg\u00e9szs\u00e9gtudom\u00e1nyi Szakcsoport \u00e9s a Dunakanyar Int\u00e9z\u0151 Bizotts\u00e1g Tudom\u00e1nyos \u00e9s Eg\u00e9szs\u00e9g\u00fcgyi Bizotts\u00e1g\u00e1nak eln\u00f6ke. R\u00e9szt vett a \u201eN\u00e9peg\u00e9szs\u00e9g\u00fcgy\u201d, az \u201eEg\u00e9szs\u00e9gtudom\u00e1ny\u201d \u00e9s a \u201eDemogr\u00e1fia\u201d szerkeszt\u0151bizotts\u00e1gainak munk\u00e1j\u00e1ban, az \u201eUnion Internationale pour l\u2019\u00e9tude scientifique de la population\u201d is tagj\u00e1v\u00e1 v\u00e1lasztotta. Az 1947\/48-as tan\u00e9vben, nem sokkal f\u00e9lre\u00e1ll\u00edt\u00e1sa el\u0151tt t\u00f6lt\u00f6tte be az Orvostudom\u00e1nyi Kar d\u00e9k\u00e1ni tiszt\u00e9t.<\/p>\n<p style=\"text-align: justify\">(F\u0151bb munk\u00e1i: Az ipar\u0171z\u00e9s eg\u00e9szs\u00e9g\u00fcgyi felt\u00e9telei. Bp., 1931.; A budapesti orvosok szoci\u00e1lis \u00e9s gazdas\u00e1gi viszonyai. Bp., 1931.; Szeg\u00e9ny betegek orvosl\u00e1sa. Bp., 1938.; A h\u00e1zass\u00e1gk\u00f6t\u00e9s el\u0151tti k\u00f6telez\u0151 orvosi vizsg\u00e1lat \/Sz\u00e9kely Mikl\u00f3ssal\/. Bp., 1942.; Fodor J\u00f3zsef \u00e9lete \u00e9s munk\u00e1ss\u00e1ga \/Hahn G\u00e9z\u00e1val\/. Bp., 1965.)<\/p>\n<p><a href=\"https:\/\/semmelweis.hu\/baratikor\/files\/2022\/07\/189_21.jpg\"><img loading=\"lazy\" decoding=\"async\" class=\"alignleft wp-image-888 size-full\" src=\"https:\/\/semmelweis.hu\/baratikor\/files\/2022\/07\/189_21.jpg\" alt=\"\" width=\"295\" height=\"370\" \/><\/a><\/p>\n","protected":false},"excerpt":{"rendered":"<p><a href=\"https:\/\/semmelweis.hu\/baratikor\/files\/2022\/07\/189_11.jpg\"><\/a> (Budapest, 1893. november 9. &#8211; Budapest, 1962. j\u00fanius 21.) D\u00e9k\u00e1n: 1947\/48 \u00c9desapja, dr. Melly B\u00e9la f\u0151v\u00e1rosi \u00e1rvasz\u00e9ki eln\u00f6k volt, fia t\u0151le \u00f6r\u00f6k\u00f6lte szoci\u00e1lis \u00e9rz\u00e9kenys\u00e9g\u00e9t. A Budapesti Reform\u00e1tus F\u0151gimn\u00e1ziumban \u00e9retts\u00e9gizett, majd a budapesti Orvoskarra iratkozott be. 1913 tavasz\u00e1n besorozt\u00e1k, majd egy \u00e9v m\u00falva katonai szolg\u00e1latra h\u00edvt\u00e1k be. Ily m\u00f3don kezdett\u0151l r\u00e9szt vett a vil\u00e1gh\u00e1bor\u00faban eg\u00e9szen 1916 &hellip;<\/p>\n","protected":false},"author":282,"featured_media":887,"parent":347,"menu_order":0,"comment_status":"closed","ping_status":"closed","template":"template-fullwidth.php","meta":{"_acf_changed":false,"footnotes":""},"categories":[6,20,77,81,14],"tags":[],"class_list":["post-886","page","type-page","status-publish","has-post-thumbnail","hentry","category-dekanok","category-dekanok-karok-szerint","category-kegyeleti-adattar","category-orvosi-kar-dekanjai","category-teljes-nevlista"],"acf":[],"_links":{"self":[{"href":"https:\/\/semmelweis.hu\/baratikor\/wp-json\/wp\/v2\/pages\/886","targetHints":{"allow":["GET"]}}],"collection":[{"href":"https:\/\/semmelweis.hu\/baratikor\/wp-json\/wp\/v2\/pages"}],"about":[{"href":"https:\/\/semmelweis.hu\/baratikor\/wp-json\/wp\/v2\/types\/page"}],"author":[{"embeddable":true,"href":"https:\/\/semmelweis.hu\/baratikor\/wp-json\/wp\/v2\/users\/282"}],"replies":[{"embeddable":true,"href":"https:\/\/semmelweis.hu\/baratikor\/wp-json\/wp\/v2\/comments?post=886"}],"version-history":[{"count":1,"href":"https:\/\/semmelweis.hu\/baratikor\/wp-json\/wp\/v2\/pages\/886\/revisions"}],"predecessor-version":[{"id":889,"href":"https:\/\/semmelweis.hu\/baratikor\/wp-json\/wp\/v2\/pages\/886\/revisions\/889"}],"up":[{"embeddable":true,"href":"https:\/\/semmelweis.hu\/baratikor\/wp-json\/wp\/v2\/pages\/347"}],"wp:featuredmedia":[{"embeddable":true,"href":"https:\/\/semmelweis.hu\/baratikor\/wp-json\/wp\/v2\/media\/887"}],"wp:attachment":[{"href":"https:\/\/semmelweis.hu\/baratikor\/wp-json\/wp\/v2\/media?parent=886"}],"wp:term":[{"taxonomy":"category","embeddable":true,"href":"https:\/\/semmelweis.hu\/baratikor\/wp-json\/wp\/v2\/categories?post=886"},{"taxonomy":"post_tag","embeddable":true,"href":"https:\/\/semmelweis.hu\/baratikor\/wp-json\/wp\/v2\/tags?post=886"}],"curies":[{"name":"wp","href":"https:\/\/api.w.org\/{rel}","templated":true}]}}