{"id":883,"date":"2022-07-13T09:06:49","date_gmt":"2022-07-13T07:06:49","guid":{"rendered":"https:\/\/semmelweis.hu\/baratikor\/?page_id=883"},"modified":"2023-01-09T11:14:10","modified_gmt":"2023-01-09T10:14:10","slug":"farago-ferenc","status":"publish","type":"page","link":"https:\/\/semmelweis.hu\/baratikor\/galeria\/teljes-nevlista\/farago-ferenc\/","title":{"rendered":"Farag\u00f3 Ferenc"},"content":{"rendered":"<p style=\"text-align: justify\"><a href=\"https:\/\/semmelweis.hu\/baratikor\/files\/2022\/07\/222_11.jpg\"><img loading=\"lazy\" decoding=\"async\" class=\"wp-image-884 size-full alignleft\" src=\"https:\/\/semmelweis.hu\/baratikor\/files\/2022\/07\/222_11.jpg\" alt=\"\" width=\"295\" height=\"383\" \/><\/a><strong>(Budapest, 1905. VI. 2. &#8211; Budapest, 1950. VII. 10.)<\/strong><\/p>\n<p style=\"text-align: justify\">Budapesten szerzett orvosdoktori diplom\u00e1t 1929. okt\u00f3ber 19-\u00e9n. Hallgat\u00f3k\u00e9nt 1926-ban ker\u00fclt a Preisz Hug\u00f3 \u00e1ltal vezetett \u00c1ltal\u00e1nos K\u00f3rtani \u00e9s Bakteriol\u00f3giai Int\u00e9zetbe, ahol v\u00e9gz\u00e9se ut\u00e1n 1932-ig dolgozott. 1932-33-ban a Rockefeller Alap\u00edtv\u00e1ny \u00f6szt\u00f6nd\u00edj\u00e1val P\u00e1rizsban a Pasteur Int\u00e9zetben \u00e9s az Egyes\u00fclt \u00c1llamok k\u00fcl\u00f6nb\u00f6z\u0151 tudom\u00e1nyos int\u00e9zeteiben folytatott kutat\u00e1sokat \u00e9s immunit\u00e1stani tanulm\u00e1nyokat. 1933-42 k\u00f6z\u00f6tt az Orsz\u00e1gos K\u00f6zeg\u00e9szs\u00e9g\u00fcgyi Int\u00e9zet (OKI) Szerol\u00f3giai, majd Olt\u00f3anyag termel\u00e9si Oszt\u00e1ly\u00e1t vezette. 1942-44 k\u00f6z\u00f6tt a kolozsv\u00e1ri Ferenc J\u00f3zsef Tudom\u00e1nyegyetemen az Orvosi Fakult\u00e1s K\u00f6zeg\u00e9szs\u00e9gtani tansz\u00e9k\u00e9nek igazgat\u00f3-tan\u00e1ra. 1944-46-ban a P\u00e9csi Tudom\u00e1nyegyetem K\u00f6zeg\u00e9szs\u00e9gtani tansz\u00e9k\u00e9nek vezet\u0151je. 1946 j\u00fanius\u00e1t\u00f3l a budapesti egyetem \u00c1ltal\u00e1nos K\u00f3rtani \u00e9s Bakteriol\u00f3giai Int\u00e9zet\u00e9ben dolgozik, melyet 1947-ben a VKM 54.138\/1947-VI.sz. rendelet kett\u00e9v\u00e1laszt K\u00f3rtani Int\u00e9zetre, valamint Bakteriol\u00f3giai \u00e9s Immunit\u00e1stani Int\u00e9zetre. Az 1947-48-as tan\u00e9vben ker\u00fclt sor els\u0151 \u00edzben a bakteriol\u00f3gia \u00e9s immunit\u00e1stan \u00f6n\u00e1ll\u00f3 t\u00e1rgyk\u00e9nt val\u00f3 oktat\u00e1s\u00e1ra, melyre Farag\u00f3 Ferenc kapott megb\u00edz\u00e1st, \u00e9s 1948. j\u00fanius 7-\u00e9n \u0151t nevezt\u00e9k ki az \u00f6n\u00e1ll\u00f3sult Bakteriol\u00f3giai \u00e9s Immunit\u00e1stani Int\u00e9zet els\u0151 igazgat\u00f3j\u00e1v\u00e1. Javaslat\u00e1ra &#8211; az oktatott t\u00e1rgy anyag\u00e1nak b\u0151v\u00fcl\u00e9s\u00e9re tekintettel &#8211; az int\u00e9zet nev\u00e9t 1950. febru\u00e1r 14-\u00e9vel Mikrobiol\u00f3giai Int\u00e9zetre v\u00e1ltoztatt\u00e1k.<\/p>\n<p style=\"text-align: justify\">Farag\u00f3 Ferenc szakter\u00fclete a gyakorlati immunol\u00f3gia volt, akt\u00edv \u00e9s passz\u00edv v\u00e9d\u0151olt\u00e1sok, dift\u00e9ria, skarlat\u00edna, pertussis, tetanusz elleni vakcin\u00e1k, gy\u00f3gysav\u00f3k, kombin\u00e1lt v\u00e9d\u0151olt\u00e1sok kidolgoz\u00e1sa \u00e9s fejleszt\u00e9se. Alapvet\u0151 \u00e9rdemeket szerzett a csapad\u00e9kos (depo) olt\u00f3anyag hat\u00e1smechanizmus\u00e1nak kutat\u00e1s\u00e1ban, a dift\u00e9ria elleni k\u00f6telez\u0151 v\u00e9d\u0151olt\u00e1s kidolgoz\u00e1s\u00e1ban \u00e9s haz\u00e1nkban val\u00f3 bevezet\u00e9s\u00e9ben.<\/p>\n<p style=\"text-align: justify\">1950-ben, egy m\u00e1ig ismeretlen m\u00f3don bek\u00f6vetkezett hal\u00e1los sz\u00e9rum (tetanusz toxinnal szennyezett pertussis hyperimmun sav\u00f3 okozta) szerencs\u00e9tlens\u00e9g kapcs\u00e1n koholt v\u00e1dakkal letart\u00f3ztatt\u00e1k, \u00e9s perbe fogt\u00e1k. Fogva tart\u00e1sa sor\u00e1n a b\u00f6rt\u00f6nben halt meg 1950. j\u00falius 10-\u00e9n, tiszt\u00e1zatlan k\u00f6r\u00fclm\u00e9nyek k\u00f6z\u00f6tt. Mind\u00f6ssze 45 \u00e9ves volt. 1989-90-ben \u00e1llami \u00e9s egyetemi szinten rehabilit\u00e1lt\u00e1k.<\/p>\n<p style=\"text-align: justify\">(F\u0151bb munk\u00e1i: Diphteria, scarlatina \u00e9s pertussis v\u00e9d\u0151olt\u00e1s. VKM Kiad\u00f3, Bp. 1947.; Bakteriol\u00f3gia \u00e9s immunit\u00e1stan. Magyar Orvosi K\u00f6nyvkiad\u00f3 T\u00e1rs., Bp. 1948.; A pertussis immunit\u00e1stana. In: N\u00e9peg\u00e9szs\u00e9g\u00fcgy, 29:529-532, 1948.; Kombin\u00e1lt v\u00e9d\u0151olt\u00e1sok. In: Pediatr. Danub. 4:220-231, 1948.)<\/p>\n","protected":false},"excerpt":{"rendered":"<p><a href=\"https:\/\/semmelweis.hu\/baratikor\/files\/2022\/07\/222_11.jpg\"><\/a> (Budapest, 1905. VI. 2. &#8211; Budapest, 1950. VII. 10.) Budapesten szerzett orvosdoktori diplom\u00e1t 1929. okt\u00f3ber 19-\u00e9n. Hallgat\u00f3k\u00e9nt 1926-ban ker\u00fclt a Preisz Hug\u00f3 \u00e1ltal vezetett \u00c1ltal\u00e1nos K\u00f3rtani \u00e9s Bakteriol\u00f3giai Int\u00e9zetbe, ahol v\u00e9gz\u00e9se ut\u00e1n 1932-ig dolgozott. 1932-33-ban a Rockefeller Alap\u00edtv\u00e1ny \u00f6szt\u00f6nd\u00edj\u00e1val P\u00e1rizsban a Pasteur Int\u00e9zetben \u00e9s az Egyes\u00fclt \u00c1llamok k\u00fcl\u00f6nb\u00f6z\u0151 tudom\u00e1nyos int\u00e9zeteiben folytatott kutat\u00e1sokat \u00e9s immunit\u00e1stani tanulm\u00e1nyokat. &hellip;<\/p>\n","protected":false},"author":282,"featured_media":884,"parent":347,"menu_order":0,"comment_status":"closed","ping_status":"closed","template":"template-fullwidth.php","meta":{"_acf_changed":false,"footnotes":""},"categories":[77,16,14],"tags":[],"class_list":["post-883","page","type-page","status-publish","has-post-thumbnail","hentry","category-kegyeleti-adattar","category-tanszekvezetok","category-teljes-nevlista"],"acf":[],"_links":{"self":[{"href":"https:\/\/semmelweis.hu\/baratikor\/wp-json\/wp\/v2\/pages\/883","targetHints":{"allow":["GET"]}}],"collection":[{"href":"https:\/\/semmelweis.hu\/baratikor\/wp-json\/wp\/v2\/pages"}],"about":[{"href":"https:\/\/semmelweis.hu\/baratikor\/wp-json\/wp\/v2\/types\/page"}],"author":[{"embeddable":true,"href":"https:\/\/semmelweis.hu\/baratikor\/wp-json\/wp\/v2\/users\/282"}],"replies":[{"embeddable":true,"href":"https:\/\/semmelweis.hu\/baratikor\/wp-json\/wp\/v2\/comments?post=883"}],"version-history":[{"count":1,"href":"https:\/\/semmelweis.hu\/baratikor\/wp-json\/wp\/v2\/pages\/883\/revisions"}],"predecessor-version":[{"id":885,"href":"https:\/\/semmelweis.hu\/baratikor\/wp-json\/wp\/v2\/pages\/883\/revisions\/885"}],"up":[{"embeddable":true,"href":"https:\/\/semmelweis.hu\/baratikor\/wp-json\/wp\/v2\/pages\/347"}],"wp:featuredmedia":[{"embeddable":true,"href":"https:\/\/semmelweis.hu\/baratikor\/wp-json\/wp\/v2\/media\/884"}],"wp:attachment":[{"href":"https:\/\/semmelweis.hu\/baratikor\/wp-json\/wp\/v2\/media?parent=883"}],"wp:term":[{"taxonomy":"category","embeddable":true,"href":"https:\/\/semmelweis.hu\/baratikor\/wp-json\/wp\/v2\/categories?post=883"},{"taxonomy":"post_tag","embeddable":true,"href":"https:\/\/semmelweis.hu\/baratikor\/wp-json\/wp\/v2\/tags?post=883"}],"curies":[{"name":"wp","href":"https:\/\/api.w.org\/{rel}","templated":true}]}}