{"id":880,"date":"2022-07-13T09:04:32","date_gmt":"2022-07-13T07:04:32","guid":{"rendered":"https:\/\/semmelweis.hu\/baratikor\/?page_id=880"},"modified":"2023-01-09T11:22:59","modified_gmt":"2023-01-09T10:22:59","slug":"koczkas-gyula","status":"publish","type":"page","link":"https:\/\/semmelweis.hu\/baratikor\/galeria\/teljes-nevlista\/koczkas-gyula\/","title":{"rendered":"Koczk\u00e1s Gyula"},"content":{"rendered":"<p style=\"text-align: justify\"><strong><a href=\"https:\/\/semmelweis.hu\/baratikor\/files\/2022\/07\/119_11.jpg\"><img loading=\"lazy\" decoding=\"async\" class=\"alignleft wp-image-881 size-full\" src=\"https:\/\/semmelweis.hu\/baratikor\/files\/2022\/07\/119_11.jpg\" alt=\"\" width=\"295\" height=\"370\" \/><\/a>(Als\u00f3szombatfalva, 1905 &#8211; Budapest, 1986)<\/strong><\/p>\n<p style=\"text-align: justify\">Tan\u00e1ri oklevel\u00e9t a m. kir. P\u00e1zm\u00e1ny P\u00e9ter Tudom\u00e1nyegyetem B\u00f6lcs\u00e9szettudom\u00e1nyi Kar\u00e1n szerezte fizika-matematika szakon 1927-ben. 1929-ben fizik\u00e1b\u00f3l doktor\u00e1lt. 1938-ig a p\u00e9csi Erzs\u00e9bet Tudom\u00e1nyegyetemen m\u0171k\u00f6d\u00f6tt az Orvosi Fizikai Int\u00e9zetben. 1935-ben mag\u00e1ntan\u00e1ri habilit\u00e1ci\u00f3t nyert. 1936 \u00e9s 1947 k\u00f6z\u00f6tt gimn\u00e1ziumi tan\u00e1ri \u00e1ll\u00e1st is v\u00e1llalt, majd 1947-ben kinevezt\u00e9k a K\u00f6zoktat\u00e1si Miniszt\u00e9rium tudom\u00e1nyos \u00fcgyoszt\u00e1lya \u00e9l\u00e9re. Ezzel egyid\u0151ben vezette az Orsz\u00e1gos Tervhivatal szoci\u00e1lis \u00e9s kultur\u00e1lis oszt\u00e1ly\u00e1t is, illetve fizik\u00e1t tan\u00edtott a M\u0171szaki F\u0151iskol\u00e1n. 1948 m\u00e1rcius\u00e1ban rendk\u00edv\u00fcli egyetemi tan\u00e1ri kinevez\u00e9st kapott. 1948 okt\u00f3ber\u00e9t\u0151l 1950 szeptember\u00e9ig a budapesti P\u00e1zm\u00e1ny P\u00e9ter Tudom\u00e1nyegyetem Orvostudom\u00e1nyi Kar\u00e1n m\u00e1r egyetemi tan\u00e1rk\u00e9nt vezette az \u00fajonnan alap\u00edtott Orvosi Fizikai Int\u00e9zetet (1968-t\u00f3l Biofizikai Int\u00e9zet). Ezut\u00e1n 1956 okt\u00f3ber\u00e9ig k\u00f6z\u00e9piskolai tan\u00e1rk\u00e9nt m\u0171k\u00f6d\u00f6tt, majd az Orsz\u00e1gos Sug\u00e1rfizikai Laborat\u00f3rium tudom\u00e1nyos oszt\u00e1lyvezet\u0151je lett. 1962 janu\u00e1rj\u00e1ban kinevez\u00e9st kapott az Orsz\u00e1gos Fr\u00e9d\u00e9ric Joliot-Curie Sug\u00e1rbiol\u00f3giai \u00e9s Sug\u00e1reg\u00e9szs\u00e9g\u00fcgyi Kutat\u00f3 Int\u00e9zet fizikai oszt\u00e1ly\u00e1nak \u00e9l\u00e9re. Innen vonult nyugd\u00edjba 1973. janu\u00e1r 1-j\u00e9n. A sug\u00e1rv\u00e9delemmel \u00e9s d\u00f3zism\u00e9r\u00e9ssel kapcsolatos kutat\u00e1sainak eredm\u00e9nyek\u00e9nt 1957-ben bevezette az egy\u00e9ni d\u00f3zism\u00e9r\u00e9st, amit k\u00e9s\u0151bb orsz\u00e1gosan is k\u00f6telez\u0151v\u00e9 tettek.<\/p>\n<p style=\"text-align: justify\">\/forr\u00e1s \u00e9s a k\u00e9p lel\u0151helye: dr. Sz\u00e9kely S\u00e1ndor (szerk.): A Semmelweis Orvostudom\u00e1nyi Egyetem klinik\u00e1inak \u00e9s int\u00e9zeteinek t\u00f6rt\u00e9nete 1945-1975. Bp. 1976.\/<\/p>\n","protected":false},"excerpt":{"rendered":"<p><a href=\"https:\/\/semmelweis.hu\/baratikor\/files\/2022\/07\/119_11.jpg\"><\/a> (Als\u00f3szombatfalva, 1905 &#8211; Budapest, 1986) Tan\u00e1ri oklevel\u00e9t a m. kir. P\u00e1zm\u00e1ny P\u00e9ter Tudom\u00e1nyegyetem B\u00f6lcs\u00e9szettudom\u00e1nyi Kar\u00e1n szerezte fizika-matematika szakon 1927-ben. 1929-ben fizik\u00e1b\u00f3l doktor\u00e1lt. 1938-ig a p\u00e9csi Erzs\u00e9bet Tudom\u00e1nyegyetemen m\u0171k\u00f6d\u00f6tt az Orvosi Fizikai Int\u00e9zetben. 1935-ben mag\u00e1ntan\u00e1ri habilit\u00e1ci\u00f3t nyert. 1936 \u00e9s 1947 k\u00f6z\u00f6tt gimn\u00e1ziumi tan\u00e1ri \u00e1ll\u00e1st is v\u00e1llalt, majd 1947-ben kinevezt\u00e9k a K\u00f6zoktat\u00e1si Miniszt\u00e9rium tudom\u00e1nyos \u00fcgyoszt\u00e1lya \u00e9l\u00e9re. Ezzel &hellip;<\/p>\n","protected":false},"author":282,"featured_media":881,"parent":347,"menu_order":0,"comment_status":"closed","ping_status":"closed","template":"template-fullwidth.php","meta":{"_acf_changed":false,"footnotes":""},"categories":[77,16,14],"tags":[],"class_list":["post-880","page","type-page","status-publish","has-post-thumbnail","hentry","category-kegyeleti-adattar","category-tanszekvezetok","category-teljes-nevlista"],"acf":[],"_links":{"self":[{"href":"https:\/\/semmelweis.hu\/baratikor\/wp-json\/wp\/v2\/pages\/880","targetHints":{"allow":["GET"]}}],"collection":[{"href":"https:\/\/semmelweis.hu\/baratikor\/wp-json\/wp\/v2\/pages"}],"about":[{"href":"https:\/\/semmelweis.hu\/baratikor\/wp-json\/wp\/v2\/types\/page"}],"author":[{"embeddable":true,"href":"https:\/\/semmelweis.hu\/baratikor\/wp-json\/wp\/v2\/users\/282"}],"replies":[{"embeddable":true,"href":"https:\/\/semmelweis.hu\/baratikor\/wp-json\/wp\/v2\/comments?post=880"}],"version-history":[{"count":1,"href":"https:\/\/semmelweis.hu\/baratikor\/wp-json\/wp\/v2\/pages\/880\/revisions"}],"predecessor-version":[{"id":882,"href":"https:\/\/semmelweis.hu\/baratikor\/wp-json\/wp\/v2\/pages\/880\/revisions\/882"}],"up":[{"embeddable":true,"href":"https:\/\/semmelweis.hu\/baratikor\/wp-json\/wp\/v2\/pages\/347"}],"wp:featuredmedia":[{"embeddable":true,"href":"https:\/\/semmelweis.hu\/baratikor\/wp-json\/wp\/v2\/media\/881"}],"wp:attachment":[{"href":"https:\/\/semmelweis.hu\/baratikor\/wp-json\/wp\/v2\/media?parent=880"}],"wp:term":[{"taxonomy":"category","embeddable":true,"href":"https:\/\/semmelweis.hu\/baratikor\/wp-json\/wp\/v2\/categories?post=880"},{"taxonomy":"post_tag","embeddable":true,"href":"https:\/\/semmelweis.hu\/baratikor\/wp-json\/wp\/v2\/tags?post=880"}],"curies":[{"name":"wp","href":"https:\/\/api.w.org\/{rel}","templated":true}]}}