{"id":866,"date":"2022-07-13T08:49:42","date_gmt":"2022-07-13T06:49:42","guid":{"rendered":"https:\/\/semmelweis.hu\/baratikor\/?page_id=866"},"modified":"2023-07-17T09:44:35","modified_gmt":"2023-07-17T07:44:35","slug":"straub-f-bruno","status":"publish","type":"page","link":"https:\/\/semmelweis.hu\/baratikor\/galeria\/teljes-nevlista\/straub-f-bruno\/","title":{"rendered":"Straub F. Br\u00fan\u00f3"},"content":{"rendered":"<p style=\"text-align: justify\"><strong><a href=\"https:\/\/semmelweis.hu\/baratikor\/files\/2022\/07\/073_11.jpg\"><img loading=\"lazy\" decoding=\"async\" class=\"alignleft wp-image-867 size-medium\" src=\"https:\/\/semmelweis.hu\/baratikor\/files\/2022\/07\/073_11-286x400.jpg\" alt=\"\" width=\"286\" height=\"400\" srcset=\"https:\/\/semmelweis.hu\/baratikor\/files\/2022\/07\/073_11-286x400.jpg 286w, https:\/\/semmelweis.hu\/baratikor\/files\/2022\/07\/073_11.jpg 295w\" sizes=\"auto, (max-width: 286px) 100vw, 286px\" \/><\/a>(Nagyv\u00e1rad, 1914-)<\/strong><\/p>\n<p style=\"text-align: justify\">Szegeden tanult orvostudom\u00e1nyt \u00e9s vegy\u00e9szetet, majd 1937-ben biok\u00e9miai doktori oklevelet szerzett. 1933-t\u00f3l Szent-Gy\u00f6rgyi Albert munkat\u00e1rsa a szegedi Orvosi Vegytani Int\u00e9zetben, 1938-t\u00f3l tan\u00e1rseg\u00e9d. 1937-1939 k\u00f6z\u00f6tt Cambridge-ben volt Rockefeller-\u00f6szt\u00f6nd\u00edjas. 1941-ben mag\u00e1ntan\u00e1ri habilit\u00e1ci\u00f3t szerzett. 1945-t\u0151l 1949-ig a Szegedi Tudom\u00e1nyegyetemen a biok\u00e9mia egyetemi tan\u00e1ra. 1948-t\u00f3l a budapesti egyetemen a Biok\u00e9miai Int\u00e9zet megb\u00edzott vezet\u0151je Szent-Gy\u00f6rgyi professzor t\u00e1voll\u00e9t\u00e9ben. 1949-t\u0151l 1970-ig a budapesti Orvoskar tan\u00e1ra az \u00fajonnan l\u00e9tes\u00edtett Orvosi Vegytani Int\u00e9zet \u00e9l\u00e9n. P\u00e1rhuzamosan az MTA Biok\u00e9miai Int\u00e9zet\u00e9nek igazgat\u00f3ja 1960-t\u00f3l, majd 1971-t\u0151l az MTA Szegedi Biol\u00f3giai K\u00f6zpont f\u0151igazgat\u00f3ja. 1946-t\u00f3l az MTA levelez\u0151, majd 1949-t\u0151l rendes tagja. 1970-1978 k\u00f6z\u00f6tt az MTA SZBK f\u0151igazgat\u00f3ja, majd az Enzimol\u00f3giai Int\u00e9zet vezet\u0151je 1988-ig. K\u00f6zben sz\u00e1mos tiszts\u00e9get viselt \u00fagy az Akad\u00e9mi\u00e1n, mint a k\u00f6z\u00e9letben. 1949-1956 k\u00f6z\u00f6tt az MTA eln\u00f6ks\u00e9g\u00e9nek tagja, 1961-1967 k\u00f6z\u00f6tt a Biol\u00f3giai Oszt\u00e1ly titk\u00e1ra, 1967-1973, majd 1985-1990 k\u00f6z\u00f6tt az MTA aleln\u00f6ke. 1985-1990 orsz\u00e1ggy\u0171l\u00e9si k\u00e9pvisel\u0151, 1985-1988 a telep\u00fcl\u00e9sfejleszt\u00e9si \u00e9s k\u00f6rnyezetv\u00e9delmi bizotts\u00e1g eln\u00f6ke, 1988-1989-ben az Eln\u00f6ki Tan\u00e1cs eln\u00f6ke. A lengyel, a sv\u00e9d \u00e9s a csehszlov\u00e1k tudom\u00e1nyos akad\u00e9mi\u00e1k tiszteletbeli tagja, a Kossuth-d\u00edj (1948,1958), a Hufeland-\u00e9rem (1969) \u00e9s az Akad\u00e9miai Arany\u00e9rem (1981) tulajdonosa. Kutat\u00e1si ter\u00fclete a sejtl\u00e9gz\u00e9s k\u00e9mi\u00e1ja, az izomm\u0171k\u00f6d\u00e9s \u00e9s az enzimek szerkezete. Nev\u00e9hez f\u0171z\u0151dik a s\u00e1rga enzim (diafor\u00e1z) \u00e9s az aktinfeh\u00e9rje felfedez\u00e9se.<\/p>\n<p style=\"text-align: justify\">\/k\u00e9p lel\u0151helye: SOTE-lev\u00e9lt\u00e1r 49. fond\/<\/p>\n","protected":false},"excerpt":{"rendered":"<p><a href=\"https:\/\/semmelweis.hu\/baratikor\/files\/2022\/07\/073_11.jpg\"><\/a> (Nagyv\u00e1rad, 1914-) Szegeden tanult orvostudom\u00e1nyt \u00e9s vegy\u00e9szetet, majd 1937-ben biok\u00e9miai doktori oklevelet szerzett. 1933-t\u00f3l Szent-Gy\u00f6rgyi Albert munkat\u00e1rsa a szegedi Orvosi Vegytani Int\u00e9zetben, 1938-t\u00f3l tan\u00e1rseg\u00e9d. 1937-1939 k\u00f6z\u00f6tt Cambridge-ben volt Rockefeller-\u00f6szt\u00f6nd\u00edjas. 1941-ben mag\u00e1ntan\u00e1ri habilit\u00e1ci\u00f3t szerzett. 1945-t\u0151l 1949-ig a Szegedi Tudom\u00e1nyegyetemen a biok\u00e9mia egyetemi tan\u00e1ra. 1948-t\u00f3l a budapesti egyetemen a Biok\u00e9miai Int\u00e9zet megb\u00edzott vezet\u0151je Szent-Gy\u00f6rgyi professzor t\u00e1voll\u00e9t\u00e9ben. 1949-t\u0151l &hellip;<\/p>\n","protected":false},"author":282,"featured_media":5088,"parent":347,"menu_order":0,"comment_status":"closed","ping_status":"closed","template":"template-fullwidth.php","meta":{"_acf_changed":false,"footnotes":""},"categories":[77,16,14],"tags":[],"class_list":["post-866","page","type-page","status-publish","has-post-thumbnail","hentry","category-kegyeleti-adattar","category-tanszekvezetok","category-teljes-nevlista"],"acf":[],"_links":{"self":[{"href":"https:\/\/semmelweis.hu\/baratikor\/wp-json\/wp\/v2\/pages\/866","targetHints":{"allow":["GET"]}}],"collection":[{"href":"https:\/\/semmelweis.hu\/baratikor\/wp-json\/wp\/v2\/pages"}],"about":[{"href":"https:\/\/semmelweis.hu\/baratikor\/wp-json\/wp\/v2\/types\/page"}],"author":[{"embeddable":true,"href":"https:\/\/semmelweis.hu\/baratikor\/wp-json\/wp\/v2\/users\/282"}],"replies":[{"embeddable":true,"href":"https:\/\/semmelweis.hu\/baratikor\/wp-json\/wp\/v2\/comments?post=866"}],"version-history":[{"count":1,"href":"https:\/\/semmelweis.hu\/baratikor\/wp-json\/wp\/v2\/pages\/866\/revisions"}],"predecessor-version":[{"id":868,"href":"https:\/\/semmelweis.hu\/baratikor\/wp-json\/wp\/v2\/pages\/866\/revisions\/868"}],"up":[{"embeddable":true,"href":"https:\/\/semmelweis.hu\/baratikor\/wp-json\/wp\/v2\/pages\/347"}],"wp:featuredmedia":[{"embeddable":true,"href":"https:\/\/semmelweis.hu\/baratikor\/wp-json\/wp\/v2\/media\/5088"}],"wp:attachment":[{"href":"https:\/\/semmelweis.hu\/baratikor\/wp-json\/wp\/v2\/media?parent=866"}],"wp:term":[{"taxonomy":"category","embeddable":true,"href":"https:\/\/semmelweis.hu\/baratikor\/wp-json\/wp\/v2\/categories?post=866"},{"taxonomy":"post_tag","embeddable":true,"href":"https:\/\/semmelweis.hu\/baratikor\/wp-json\/wp\/v2\/tags?post=866"}],"curies":[{"name":"wp","href":"https:\/\/api.w.org\/{rel}","templated":true}]}}