{"id":855,"date":"2022-07-13T08:38:58","date_gmt":"2022-07-13T06:38:58","guid":{"rendered":"https:\/\/semmelweis.hu\/baratikor\/?page_id=855"},"modified":"2023-07-17T10:28:19","modified_gmt":"2023-07-17T08:28:19","slug":"zinner-nandor","status":"publish","type":"page","link":"https:\/\/semmelweis.hu\/baratikor\/galeria\/teljes-nevlista\/zinner-nandor\/","title":{"rendered":"Zinner N\u00e1ndor"},"content":{"rendered":"<p><strong><a href=\"https:\/\/semmelweis.hu\/baratikor\/files\/2022\/07\/062_11.jpg\"><img loading=\"lazy\" decoding=\"async\" class=\"alignleft wp-image-856 size-full\" src=\"https:\/\/semmelweis.hu\/baratikor\/files\/2022\/07\/062_11.jpg\" alt=\"\" width=\"295\" height=\"407\" srcset=\"https:\/\/semmelweis.hu\/baratikor\/files\/2022\/07\/062_11.jpg 295w, https:\/\/semmelweis.hu\/baratikor\/files\/2022\/07\/062_11-290x400.jpg 290w\" sizes=\"auto, (max-width: 295px) 100vw, 295px\" \/><\/a>(Kir\u00e1lyhelmec, 1893 &#8211; Budapest, 1957)<\/strong><\/p>\n<p style=\"text-align: justify\">Orvosi oklevel\u00e9t Budapesten szerezte 1917-ben. P\u00e1ly\u00e1j\u00e1t az \u00daj &#8211; Szent J\u00e1nos K\u00f3rh\u00e1z seb\u00e9szeti oszt\u00e1ly\u00e1n kezdte Manninger Vilmos professzor mellett. K\u00e9t \u00e9v eltelt\u00e9vel ker\u00fclt az ortop\u00e9diai \u00e9s gyermekseb\u00e9szeti oszt\u00e1lyra Horv\u00e1th Mih\u00e1ly professzor mell\u00e9, ahol h\u00e1rom \u00e9vet t\u00f6lt\u00f6tt el. 1919-ben kinevezt\u00e9k a R\u00e9v\u00e9sz utcai Rokkant Gy\u00f3gyint\u00e9zethez a 200 \u00e1gyas ortop\u00e9diai oszt\u00e1ly orvos\u00e1v\u00e1. Ugyanitt lett tan\u00e1rseg\u00e9d, amikor a Kolozsv\u00e1rr\u00f3l Budapestre menek\u00fcl\u0151 Ferenc J\u00f3zsef Tudom\u00e1nyegyetem kapta meg az int\u00e9zetet. 1922-ben kapott f\u0151orvosi kinevez\u00e9st a Nyomor\u00e9kgyermekek Orsz\u00e1gos Otthon\u00e1ba. 1929-t\u0151l ugyanitt igazgat\u00f3 f\u0151orvos lett. Munk\u00e1ss\u00e1ga nyom\u00e1n az int\u00e9zet eur\u00f3pai h\u00edr\u0171 gy\u00f3gy\u00edt\u00f3, k\u00e9pz\u0151 \u00e9s \u00e1pol\u00f3 otthonn\u00e1 v\u00e1lt. K\u00fclf\u00f6ldi tanulm\u00e1ny\u00fatjai sor\u00e1n Ausztri\u00e1ban, N\u00e9metorsz\u00e1gban, Sv\u00e1jcban, Franciaorsz\u00e1gban \u00e9s Olaszorsz\u00e1gban szerzett tapasztalatokat. 1948. okt\u00f3ber 26-\u00e1n a budapesti Orvostudom\u00e1nyi Kar megh\u00edvta a fel\u00e1ll\u00edtand\u00f3 Orthopaediai Klinika \u00e9l\u00e9re. Ezt k\u00f6vet\u0151en 1949. m\u00e1jus 1-j\u00e9n kapott megb\u00edz\u00e1st a vall\u00e1s \u00e9s k\u00f6zoktat\u00e1si minisztert\u0151l a klinika megszervez\u00e9s\u00e9re. A megnyit\u00e1sra 1951. m\u00e1rcius 1-j\u00e9n ker\u00fclt sor az \u00e1talak\u00edtott \u00e1llami Helyre\u00e1ll\u00edt\u00f3 Seb\u00e9szeti K\u00f3rh\u00e1z Karolina \u00fati \u00e9p\u00fclet\u00e9ben, melyet eredetileg rep\u00fcl\u0151tiszti f\u0151iskol\u00e1nak terveztek. Zinner professzor 1952-ben szerzett kandid\u00e1tusi fokozatot. M\u00e9g ez \u00e9v augusztus\u00e1ban &#8211; szabads\u00e1ga idej\u00e9n &#8211; koncepci\u00f3s fegyelmi elj\u00e1r\u00e1st k\u00f6vet\u0151en elt\u00e1vol\u00edtott\u00e1k beoszt\u00e1s\u00e1b\u00f3l, a klinika vezet\u00e9s\u00e9t ideiglenesen Glauber Andor adjunktusra b\u00edzt\u00e1k. K\u00e9s\u0151bb az ORFI-ba ker\u00fclt, ahol tov\u00e1bb dolgozhatott. 1956. janu\u00e1rj\u00e1ban n\u00e9gy m\u00e1sik professzort\u00e1rs\u00e1val egy\u00fctt rehabilit\u00e1lt\u00e1k, \u00e9s visszat\u00e9rhetett a klinika \u00e9l\u00e9re. M\u0171k\u00f6d\u00e9s\u00e9nek k\u00e9t f\u0151 ter\u00fclete a poliomyelitises b\u00e9nul\u00e1sok operat\u00edv kezel\u00e9se \u00e9s az iz\u00fcleti arthroplasztika volt.<\/p>\n<p>\/k\u00e9p lel\u0151helye: SOTE-lev\u00e9lt\u00e1r 49. fond\/<\/p>\n","protected":false},"excerpt":{"rendered":"<p><a href=\"https:\/\/semmelweis.hu\/baratikor\/files\/2022\/07\/062_11.jpg\"><\/a> (Kir\u00e1lyhelmec, 1893 &#8211; Budapest, 1957) Orvosi oklevel\u00e9t Budapesten szerezte 1917-ben. P\u00e1ly\u00e1j\u00e1t az \u00daj &#8211; Szent J\u00e1nos K\u00f3rh\u00e1z seb\u00e9szeti oszt\u00e1ly\u00e1n kezdte Manninger Vilmos professzor mellett. K\u00e9t \u00e9v eltelt\u00e9vel ker\u00fclt az ortop\u00e9diai \u00e9s gyermekseb\u00e9szeti oszt\u00e1lyra Horv\u00e1th Mih\u00e1ly professzor mell\u00e9, ahol h\u00e1rom \u00e9vet t\u00f6lt\u00f6tt el. 1919-ben kinevezt\u00e9k a R\u00e9v\u00e9sz utcai Rokkant Gy\u00f3gyint\u00e9zethez a 200 \u00e1gyas ortop\u00e9diai oszt\u00e1ly orvos\u00e1v\u00e1. &hellip;<\/p>\n","protected":false},"author":282,"featured_media":5213,"parent":347,"menu_order":0,"comment_status":"closed","ping_status":"closed","template":"template-fullwidth.php","meta":{"_acf_changed":false,"footnotes":""},"categories":[77,16,14],"tags":[],"class_list":["post-855","page","type-page","status-publish","has-post-thumbnail","hentry","category-kegyeleti-adattar","category-tanszekvezetok","category-teljes-nevlista"],"acf":[],"_links":{"self":[{"href":"https:\/\/semmelweis.hu\/baratikor\/wp-json\/wp\/v2\/pages\/855","targetHints":{"allow":["GET"]}}],"collection":[{"href":"https:\/\/semmelweis.hu\/baratikor\/wp-json\/wp\/v2\/pages"}],"about":[{"href":"https:\/\/semmelweis.hu\/baratikor\/wp-json\/wp\/v2\/types\/page"}],"author":[{"embeddable":true,"href":"https:\/\/semmelweis.hu\/baratikor\/wp-json\/wp\/v2\/users\/282"}],"replies":[{"embeddable":true,"href":"https:\/\/semmelweis.hu\/baratikor\/wp-json\/wp\/v2\/comments?post=855"}],"version-history":[{"count":1,"href":"https:\/\/semmelweis.hu\/baratikor\/wp-json\/wp\/v2\/pages\/855\/revisions"}],"predecessor-version":[{"id":857,"href":"https:\/\/semmelweis.hu\/baratikor\/wp-json\/wp\/v2\/pages\/855\/revisions\/857"}],"up":[{"embeddable":true,"href":"https:\/\/semmelweis.hu\/baratikor\/wp-json\/wp\/v2\/pages\/347"}],"wp:featuredmedia":[{"embeddable":true,"href":"https:\/\/semmelweis.hu\/baratikor\/wp-json\/wp\/v2\/media\/5213"}],"wp:attachment":[{"href":"https:\/\/semmelweis.hu\/baratikor\/wp-json\/wp\/v2\/media?parent=855"}],"wp:term":[{"taxonomy":"category","embeddable":true,"href":"https:\/\/semmelweis.hu\/baratikor\/wp-json\/wp\/v2\/categories?post=855"},{"taxonomy":"post_tag","embeddable":true,"href":"https:\/\/semmelweis.hu\/baratikor\/wp-json\/wp\/v2\/tags?post=855"}],"curies":[{"name":"wp","href":"https:\/\/api.w.org\/{rel}","templated":true}]}}