{"id":848,"date":"2022-06-24T12:12:47","date_gmt":"2022-06-24T10:12:47","guid":{"rendered":"https:\/\/semmelweis.hu\/baratikor\/?page_id=848"},"modified":"2023-01-09T11:29:43","modified_gmt":"2023-01-09T10:29:43","slug":"littmann-imre","status":"publish","type":"page","link":"https:\/\/semmelweis.hu\/baratikor\/galeria\/teljes-nevlista\/littmann-imre\/","title":{"rendered":"Littmann Imre"},"content":{"rendered":"<p style=\"text-align: justify\"><strong><a href=\"https:\/\/semmelweis.hu\/baratikor\/files\/2022\/06\/121_11.jpg\"><img loading=\"lazy\" decoding=\"async\" class=\"alignleft wp-image-849 size-full\" src=\"https:\/\/semmelweis.hu\/baratikor\/files\/2022\/06\/121_11.jpg\" alt=\"\" width=\"295\" height=\"370\" \/><\/a>(Budapest, 1913-)<\/strong><\/p>\n<p style=\"text-align: justify\">Orvosi oklevel\u00e9t P\u00e9csett szerezte 1937-ben. Ezut\u00e1n a k\u0151b\u00e1nyai Horthy Mikl\u00f3s (ma Bajcsy-Zsilinszky) k\u00f3rh\u00e1zban (1937-1941), majd a Br\u00f3dy Ad\u00e9l k\u00f3rh\u00e1zban (1941-1942) m\u0171k\u00f6d\u00f6tt seg\u00e9dorvosk\u00e9nt. 1942-t\u0151l 1944-ig a balassagyarmati V\u00e1rmegyei M\u00e1ria Val\u00e9ria k\u00f3rh\u00e1z seb\u00e9szeti oszt\u00e1ly\u00e1n dolgozott. 1945-1949 k\u00f6z\u00f6tt a budapesti Szent J\u00e1nos k\u00f3rh\u00e1z seb\u00e9szeti oszt\u00e1ly\u00e1nak alorvosa, k\u00e9s\u0151bb adjunktusa. Innen ker\u00fcl a P\u00e1zm\u00e1ny P\u00e9ter Tudom\u00e1nyegyetem Orvostudom\u00e1nyi Kar\u00e1nak III. sz. Seb\u00e9szeti Klinik\u00e1j\u00e1ra, melynek vezet\u00e9s\u00e9t akkor (okt. 11.) vette \u00e1t Borisz V. Petrovszkij, szovjet vend\u00e9gprofesszor. 1949 \u00e9s 1951 k\u00f6z\u00f6tt a klinika tan\u00e1rseg\u00e9dje, majd mag\u00e1ntan\u00e1ra volt. Innen ker\u00fclt \u00e1t az \u00fajonnan szervez\u0151d\u0151 Seb\u00e9sztov\u00e1bbk\u00e9pz\u0151 Klinika \u00e9l\u00e9re. A klinika 1951. november 16-\u00e1n kezdte meg m\u0171k\u00f6d\u00e9s\u00e9t a V\u00e1rosmajor utca 68. sz\u00e1m alatt, ahol kor\u00e1bban a F\u0151v\u00e1rosi Tan\u00e1cs Budai K\u00f6zk\u00f3rh\u00e1za dolgozott 160 \u00e1ggyal. Az \u00faj int\u00e9zm\u00e9ny f\u0151 feladat\u00e1t a hadiseb\u00e9szet oktat\u00e1s\u00e1ban hat\u00e1rozt\u00e1k meg. Nev\u00e9t k\u00e9s\u0151bb (1957. m\u00e1rc. 15.) IV. sz. Seb\u00e9szeti Klinik\u00e1ra, majd (1975. j\u00fal. 1.) \u00c9rseb\u00e9szeti Klinik\u00e1ra v\u00e1ltoztatt\u00e1k. Littman professzor 1956 december\u00e9ben v\u00e1lt meg a klinik\u00e1t\u00f3l. K\u00e9s\u0151bb az Orvostov\u00e1bbk\u00e9pz\u0151 Int\u00e9zet I. Seb\u00e9szeti Tansz\u00e9k\u00e9nek vezet\u00e9s\u00e9t vette \u00e1t. Tudom\u00e1nyos munk\u00e1ss\u00e1g\u00e1nak f\u0151 ter\u00fclete a hasi seb\u00e9szet \u00e9s a sz\u00edvseb\u00e9szet volt. F\u0151bb kit\u00fcntet\u00e9sei: N\u00e9pk\u00f6zt\u00e1rsas\u00e1gi \u00c9rdemrend V. fokozat (1951), Kossuth-d\u00edj (1954), Balassa eml\u00e9k\u00e9rem.<\/p>\n<p style=\"text-align: justify\">\/k\u00e9p lel\u0151helye: dr. Sz\u00e9kely S\u00e1ndor (szerk.): A Semmelweis Orvostudom\u00e1nyi Egyetem klinik\u00e1inak \u00e9s int\u00e9zeteinek t\u00f6rt\u00e9nete 1945-1975. Bp. 1976.\/<\/p>\n","protected":false},"excerpt":{"rendered":"<p><a href=\"https:\/\/semmelweis.hu\/baratikor\/files\/2022\/06\/121_11.jpg\"><\/a> (Budapest, 1913-) Orvosi oklevel\u00e9t P\u00e9csett szerezte 1937-ben. Ezut\u00e1n a k\u0151b\u00e1nyai Horthy Mikl\u00f3s (ma Bajcsy-Zsilinszky) k\u00f3rh\u00e1zban (1937-1941), majd a Br\u00f3dy Ad\u00e9l k\u00f3rh\u00e1zban (1941-1942) m\u0171k\u00f6d\u00f6tt seg\u00e9dorvosk\u00e9nt. 1942-t\u0151l 1944-ig a balassagyarmati V\u00e1rmegyei M\u00e1ria Val\u00e9ria k\u00f3rh\u00e1z seb\u00e9szeti oszt\u00e1ly\u00e1n dolgozott. 1945-1949 k\u00f6z\u00f6tt a budapesti Szent J\u00e1nos k\u00f3rh\u00e1z seb\u00e9szeti oszt\u00e1ly\u00e1nak alorvosa, k\u00e9s\u0151bb adjunktusa. Innen ker\u00fcl a P\u00e1zm\u00e1ny P\u00e9ter Tudom\u00e1nyegyetem Orvostudom\u00e1nyi Kar\u00e1nak &hellip;<\/p>\n","protected":false},"author":282,"featured_media":849,"parent":347,"menu_order":0,"comment_status":"closed","ping_status":"closed","template":"template-fullwidth.php","meta":{"_acf_changed":false,"footnotes":""},"categories":[77,16,14],"tags":[],"class_list":["post-848","page","type-page","status-publish","has-post-thumbnail","hentry","category-kegyeleti-adattar","category-tanszekvezetok","category-teljes-nevlista"],"acf":[],"_links":{"self":[{"href":"https:\/\/semmelweis.hu\/baratikor\/wp-json\/wp\/v2\/pages\/848","targetHints":{"allow":["GET"]}}],"collection":[{"href":"https:\/\/semmelweis.hu\/baratikor\/wp-json\/wp\/v2\/pages"}],"about":[{"href":"https:\/\/semmelweis.hu\/baratikor\/wp-json\/wp\/v2\/types\/page"}],"author":[{"embeddable":true,"href":"https:\/\/semmelweis.hu\/baratikor\/wp-json\/wp\/v2\/users\/282"}],"replies":[{"embeddable":true,"href":"https:\/\/semmelweis.hu\/baratikor\/wp-json\/wp\/v2\/comments?post=848"}],"version-history":[{"count":2,"href":"https:\/\/semmelweis.hu\/baratikor\/wp-json\/wp\/v2\/pages\/848\/revisions"}],"predecessor-version":[{"id":851,"href":"https:\/\/semmelweis.hu\/baratikor\/wp-json\/wp\/v2\/pages\/848\/revisions\/851"}],"up":[{"embeddable":true,"href":"https:\/\/semmelweis.hu\/baratikor\/wp-json\/wp\/v2\/pages\/347"}],"wp:featuredmedia":[{"embeddable":true,"href":"https:\/\/semmelweis.hu\/baratikor\/wp-json\/wp\/v2\/media\/849"}],"wp:attachment":[{"href":"https:\/\/semmelweis.hu\/baratikor\/wp-json\/wp\/v2\/media?parent=848"}],"wp:term":[{"taxonomy":"category","embeddable":true,"href":"https:\/\/semmelweis.hu\/baratikor\/wp-json\/wp\/v2\/categories?post=848"},{"taxonomy":"post_tag","embeddable":true,"href":"https:\/\/semmelweis.hu\/baratikor\/wp-json\/wp\/v2\/tags?post=848"}],"curies":[{"name":"wp","href":"https:\/\/api.w.org\/{rel}","templated":true}]}}