{"id":841,"date":"2022-06-24T12:04:44","date_gmt":"2022-06-24T10:04:44","guid":{"rendered":"https:\/\/semmelweis.hu\/baratikor\/?page_id=841"},"modified":"2023-01-09T11:34:34","modified_gmt":"2023-01-09T10:34:34","slug":"weil-emil","status":"publish","type":"page","link":"https:\/\/semmelweis.hu\/baratikor\/galeria\/teljes-nevlista\/weil-emil\/","title":{"rendered":"Weil Emil"},"content":{"rendered":"<p style=\"text-align: justify\"><strong><a href=\"https:\/\/semmelweis.hu\/baratikor\/files\/2022\/06\/071_11.jpg\"><img loading=\"lazy\" decoding=\"async\" class=\"alignleft wp-image-842 size-medium\" src=\"https:\/\/semmelweis.hu\/baratikor\/files\/2022\/06\/071_11-292x400.jpg\" alt=\"\" width=\"292\" height=\"400\" srcset=\"https:\/\/semmelweis.hu\/baratikor\/files\/2022\/06\/071_11-292x400.jpg 292w, https:\/\/semmelweis.hu\/baratikor\/files\/2022\/06\/071_11.jpg 295w\" sizes=\"auto, (max-width: 292px) 100vw, 292px\" \/><\/a>(Dombegyh\u00e1za, 1897 &#8211; Budapest, 1954)<\/strong><\/p>\n<p style=\"text-align: justify\">Orvosi tanulm\u00e1nyait I. vil\u00e1gh\u00e1bor\u00fas katonai szolg\u00e1lata ut\u00e1n v\u00e9gezte el. Sz\u00fcl\u0151faluj\u00e1ban, majd a budapesti Zsid\u00f3 K\u00f3rh\u00e1zban dolgozott r\u00f6ntgen szakorvosk\u00e9nt. 1933-t\u00f3l a csepeli Weiss Manfr\u00e9d M\u0171vek \u00fczemi k\u00f3rh\u00e1z\u00e1nak r\u00f6ntgen f\u0151orvosa 1936-os letart\u00f3ztat\u00e1s\u00e1ig. M\u00e1r 1928-t\u00f3l tev\u00e9kenyen r\u00e9szt vett a munk\u00e1smozgalomban. A szoci\u00e1ldemokrata orvoscsoporton bel\u00fcl Sch\u00f6nstein S\u00e1ndorral \u00e9s Jahn Ferenccel alkott\u00e1k a csoport kommunista sz\u00e1rny\u00e1t. A p\u00e1rton bel\u00fcl \u0151 v\u00e9gezte az appar\u00e1tus \u00e9s a sajt\u00f3 ir\u00e1ny\u00edt\u00e1s\u00e1t. 1936-ban 9 \u00e9vi fegyh\u00e1zb\u00fcntet\u00e9sre \u00edt\u00e9lt\u00e9k. 1944 \u0151sz\u00e9n kiszabadult \u00e9s illegalit\u00e1sba vonult. A h\u00e1bor\u00fa ut\u00e1n az Orvos Eg\u00e9szs\u00e9g\u00fcgyi Szakszervezet \u00e9s az Eg\u00e9szs\u00e9g\u00fcgyi Tudom\u00e1nyos Tan\u00e1cs eln\u00f6ke, illetve orsz\u00e1ggy\u0171l\u00e9si k\u00e9pvisel\u0151 lett. R\u00e9szt vett Budapest j\u00e1rv\u00e1nyv\u00e9delm\u00e9nek megszervez\u00e9s\u00e9ben, az Eg\u00e9szs\u00e9g\u00fcgyi Rendk\u00edv\u00fcli Tan\u00e1cs, majd az Orsz\u00e1gos K\u00f6zeg\u00e9szs\u00e9g\u00fcgyi Tan\u00e1cs munk\u00e1j\u00e1ban. Fontos szerepet j\u00e1tszott az eg\u00e9szs\u00e9g\u00fcgy szocialista \u00e1tszervez\u00e9s\u00e9ben \u00e9s a szakter\u00fcleten dolgoz\u00f3k ideol\u00f3giai k\u00e9pz\u00e9s\u00e9ben. 1950-1953 k\u00f6z\u00f6tt washingtoni magyar k\u00f6vet volt. Az Orsz\u00e1gos K\u00f6zeg\u00e9szs\u00e9g\u00fcgyi Tan\u00e1cs eln\u00f6kek\u00e9nt m\u00e1r 1945-ben kezdem\u00e9nyezte a szoci\u00e1lhigi\u00e9ne \u00f6n\u00e1ll\u00f3 egyetemi tant\u00e1rgyk\u00e9nt val\u00f3 oktat\u00e1s\u00e1t. Az eg\u00e9szs\u00e9g\u00fcgyi szervez\u00e9studom\u00e1ny oktat\u00e1s\u00e1t az 1950-es orvosk\u00e9pz\u00e9si reform sor\u00e1n emelt\u00e9k be a tantervbe. Ekkort\u00f3l a k\u00f6zeg\u00e9szs\u00e9gtan keret\u00e9ben adt\u00e1k el\u0151 a t\u00e1rgyat, majd az 1952\/53. tan\u00e9vt\u0151l m\u00e1r \u00f6n\u00e1ll\u00f3 koll\u00e9giumk\u00e9nt szerepelt. 1953. augusztus\u00e1ban \u00e1ll\u00edtott\u00e1k fel az Eg\u00e9szs\u00e9g\u00fcgyi Szervez\u00e9si Tansz\u00e9ket, melynek vezet\u00e9s\u00e9t Weil Emilre b\u00edzt\u00e1k tansz\u00e9kvezet\u0151 egyetemi docensi besorol\u00e1ssal. Egyetemi tan\u00e1ri kinevez\u00e9s\u00e9t 1954. j\u00fanius 23-\u00e1n kapta meg. Az \u00faj tansz\u00e9k \u00e9ppen csak elkezdte m\u0171k\u00f6d\u00e9s\u00e9t, el\u0151bb a kar k\u00f6zponti \u00e9p\u00fclet\u00e9ben, majd 1954-t\u0151l az OKI \u0084Orvosok H\u00e1za\u0094 II. emelet\u00e9n, amikor Weil Emil 1954. november 2-\u00e1n elhunyt. Feladat\u00e1t ideiglenes jelleggel Dabis L\u00e1szl\u00f3, a K\u00f6zeg\u00e9szs\u00e9gtani Int\u00e9zet professzora vette \u00e1t.<\/p>\n<p style=\"text-align: justify\">\/k\u00e9p lel\u0151helye: SOTE-lev\u00e9lt\u00e1r 49. fond\/<\/p>\n","protected":false},"excerpt":{"rendered":"<p><a href=\"https:\/\/semmelweis.hu\/baratikor\/files\/2022\/06\/071_11.jpg\"><\/a> (Dombegyh\u00e1za, 1897 &#8211; Budapest, 1954) Orvosi tanulm\u00e1nyait I. vil\u00e1gh\u00e1bor\u00fas katonai szolg\u00e1lata ut\u00e1n v\u00e9gezte el. Sz\u00fcl\u0151faluj\u00e1ban, majd a budapesti Zsid\u00f3 K\u00f3rh\u00e1zban dolgozott r\u00f6ntgen szakorvosk\u00e9nt. 1933-t\u00f3l a csepeli Weiss Manfr\u00e9d M\u0171vek \u00fczemi k\u00f3rh\u00e1z\u00e1nak r\u00f6ntgen f\u0151orvosa 1936-os letart\u00f3ztat\u00e1s\u00e1ig. M\u00e1r 1928-t\u00f3l tev\u00e9kenyen r\u00e9szt vett a munk\u00e1smozgalomban. A szoci\u00e1ldemokrata orvoscsoporton bel\u00fcl Sch\u00f6nstein S\u00e1ndorral \u00e9s Jahn Ferenccel alkott\u00e1k a csoport kommunista &hellip;<\/p>\n","protected":false},"author":282,"featured_media":842,"parent":347,"menu_order":0,"comment_status":"closed","ping_status":"closed","template":"template-fullwidth.php","meta":{"_acf_changed":false,"footnotes":""},"categories":[77,16,14],"tags":[],"class_list":["post-841","page","type-page","status-publish","has-post-thumbnail","hentry","category-kegyeleti-adattar","category-tanszekvezetok","category-teljes-nevlista"],"acf":[],"_links":{"self":[{"href":"https:\/\/semmelweis.hu\/baratikor\/wp-json\/wp\/v2\/pages\/841","targetHints":{"allow":["GET"]}}],"collection":[{"href":"https:\/\/semmelweis.hu\/baratikor\/wp-json\/wp\/v2\/pages"}],"about":[{"href":"https:\/\/semmelweis.hu\/baratikor\/wp-json\/wp\/v2\/types\/page"}],"author":[{"embeddable":true,"href":"https:\/\/semmelweis.hu\/baratikor\/wp-json\/wp\/v2\/users\/282"}],"replies":[{"embeddable":true,"href":"https:\/\/semmelweis.hu\/baratikor\/wp-json\/wp\/v2\/comments?post=841"}],"version-history":[{"count":1,"href":"https:\/\/semmelweis.hu\/baratikor\/wp-json\/wp\/v2\/pages\/841\/revisions"}],"predecessor-version":[{"id":843,"href":"https:\/\/semmelweis.hu\/baratikor\/wp-json\/wp\/v2\/pages\/841\/revisions\/843"}],"up":[{"embeddable":true,"href":"https:\/\/semmelweis.hu\/baratikor\/wp-json\/wp\/v2\/pages\/347"}],"wp:featuredmedia":[{"embeddable":true,"href":"https:\/\/semmelweis.hu\/baratikor\/wp-json\/wp\/v2\/media\/842"}],"wp:attachment":[{"href":"https:\/\/semmelweis.hu\/baratikor\/wp-json\/wp\/v2\/media?parent=841"}],"wp:term":[{"taxonomy":"category","embeddable":true,"href":"https:\/\/semmelweis.hu\/baratikor\/wp-json\/wp\/v2\/categories?post=841"},{"taxonomy":"post_tag","embeddable":true,"href":"https:\/\/semmelweis.hu\/baratikor\/wp-json\/wp\/v2\/tags?post=841"}],"curies":[{"name":"wp","href":"https:\/\/api.w.org\/{rel}","templated":true}]}}