{"id":838,"date":"2022-06-24T12:01:18","date_gmt":"2022-06-24T10:01:18","guid":{"rendered":"https:\/\/semmelweis.hu\/baratikor\/?page_id=838"},"modified":"2023-01-09T11:29:44","modified_gmt":"2023-01-09T10:29:44","slug":"mozsonyi-sandor","status":"publish","type":"page","link":"https:\/\/semmelweis.hu\/baratikor\/galeria\/teljes-nevlista\/mozsonyi-sandor\/","title":{"rendered":"Mozsonyi S\u00e1ndor"},"content":{"rendered":"<p style=\"text-align: justify\"><strong><a href=\"https:\/\/semmelweis.hu\/baratikor\/files\/2022\/06\/203_11.jpg\"><img loading=\"lazy\" decoding=\"async\" class=\"wp-image-839 size-full alignleft\" src=\"https:\/\/semmelweis.hu\/baratikor\/files\/2022\/06\/203_11.jpg\" alt=\"\" width=\"295\" height=\"370\" \/><\/a>(Kadark\u00fat, 1889 \u2013 Budapest, 1976)<\/strong><\/p>\n<p style=\"text-align: justify\">Somogyi reform\u00e1tus lelk\u00e9sz csal\u00e1db\u00f3l sz\u00e1rmazott. 1911. j\u00fanius 23-\u00e1n a budapesti tudom\u00e1nyegyetemen gy\u00f3gyszer\u00e9szi, majd 1912. j\u00fanius 22-\u00e9n gy\u00f3gyszer\u00e9szdoktori oklevelet szerzett. Ezut\u00e1n hat \u00e9ven \u00e1t gyakornokk\u00e9nt, majd tan\u00e1rseg\u00e9dk\u00e9nt az Egyetemi Gy\u00f3gyszert\u00e1rban dolgozott. 1918-ban Fenyvessy B\u00e9la, a pozsonyi K\u00f6zeg\u00e9szs\u00e9gtani Int\u00e9zet professzora mell\u00e9 ker\u00fclt els\u0151 tan\u00e1rseg\u00e9dk\u00e9nt. Orvosi oklevelet is a pozsonyi Magyar Tudom\u00e1nyegyetemen kapott 1919. j\u00falius 12-\u00e9n. A cseh megsz\u00e1ll\u00e1s el\u0151l az egyetemmel egy\u00fctt Budapestre menek\u00fclt, ahol visszat\u00e9rt az Egyetemi Gy\u00f3gyszert\u00e1rba. 1919 szeptember\u00e9t\u0151l a N\u00e9peg\u00e9szs\u00e9g\u00fcgyi Miniszt\u00e9riumhoz tartoz\u00f3 Rico \u00c1llami K\u00f6tszerm\u0171vek \u00e9s Orsz\u00e1gos Eg\u00e9szs\u00e9g\u00fcgyi Anyagrakt\u00e1r gy\u00f3gyszergy\u00e1ri \u00fczem\u00e9t vezette, majd 1924 febru\u00e1r k\u00f6zep\u00e9t\u0151l miniszteri oszt\u00e1lytan\u00e1csosk\u00e9nt a miniszt\u00e9riumban dolgozott (1932-ben a miniszt\u00e9riumot a Bel\u00fcgyminiszt\u00e9riumba olvasztott\u00e1k). 1931-ben a N\u00e9psz\u00f6vets\u00e9g genfi k\u00e1b\u00edt\u00f3szer-konferenci\u00e1j\u00e1n magyar kik\u00fcld\u00f6tt volt. Tagja volt az Orsz\u00e1gos K\u00f6zeg\u00e9szs\u00e9g\u00fcgyi Tan\u00e1csnak, illetve a h\u00e1bor\u00fa alatt a Nemzetk\u00f6zi V\u00f6r\u00f6skereszt Bizotts\u00e1g \u00e1ltal l\u00e9tes\u00edtett professzori koll\u00e9giumnak. 1934. febru\u00e1r 20-\u00e1n \u00e1tvette a m. kir. P\u00e1zm\u00e1ny P\u00e9ter Tudom\u00e1nyegyetem Egyetemi Gy\u00f3gyszert\u00e1r\u00e1nak vezet\u00e9s\u00e9t, melyet ekkoriban szerveztek \u00e1t \u00f6n\u00e1ll\u00f3 tansz\u00e9kk\u00e9, kiemelve a Gy\u00f3gyszerismereti Int\u00e9zet kereteib\u0151l. Egyetemi nyilv\u00e1nos rendes tan\u00e1ri kinevez\u00e9st 1940. okt\u00f3ber 19-\u00e9n kapott. Tansz\u00e9ke a h\u00e1bor\u00fa alatt k\u00f6lt\u00f6z\u00f6tt \u00e1t a kari f\u0151\u00e9p\u00fcletb\u0151l a Pasteur-k\u00f3rh\u00e1z H\u0151gyes Endre utcai \u00e9p\u00fclet\u00e9be. A felszerel\u00e9s k\u00f6lts\u00e9geit a gy\u00f3gyszer\u00e9szekt\u0151l befolyt adom\u00e1nyokb\u00f3l fedezt\u00e9k. \u00c1ldozatos munk\u00e1j\u00e1nak k\u00f6sz\u00f6nhet\u0151en siker\u00fclt az ostrom idej\u00e9n meg\u00f3vni az Egyetemi Gy\u00f3gyszert\u00e1r jelent\u0151s k\u00e9szleteit, ami n\u00e9lk\u00fcl a klinikai munka aligha folytat\u00f3dhatott volna. 1946-ban lemondott a gy\u00f3gyszert\u00e1r vezet\u00e9s\u00e9r\u0151l \u00e9s tansz\u00e9kvezet\u0151k\u00e9nt csak az Egyetemi Gy\u00f3gyszer\u00e9szeti Int\u00e9zetnek szentelte idej\u00e9t. 1952-ben kandid\u00e1tusi fokozatot nyert. Kezdem\u00e9nyez\u0151 szerepet j\u00e1tszott az \u00f6n\u00e1ll\u00f3 egyetemi gy\u00f3gyszer\u00e9szk\u00e9pz\u00e9s megteremt\u00e9s\u00e9ben, \u00edgy az 1955-ben l\u00e9trehozott Gy\u00f3gyszer\u00e9szeti Kar els\u0151 d\u00e9k\u00e1nj\u00e1v\u00e1 v\u00e1lasztott\u00e1k, mely tiszts\u00e9get nyugalomba vonul\u00e1s\u00e1ig, 1962-ig t\u00f6lt\u00f6tt be. Az Eg\u00e9szs\u00e9g\u00fcgyi Tudom\u00e1nyos Tan\u00e1cs keret\u00e9ben m\u0171k\u00f6d\u0151 Gy\u00f3gyszer\u00e9szeti \u00e9s Gy\u00f3gyszerk\u00f6nyvi Bizotts\u00e1g tagjak\u00e9nt \u0151 k\u00e9sz\u00edtette el az 1955-ben \u00e9letbe l\u00e9ptetett V. Magyar Gy\u00f3gyszerk\u00f6nyv galenusi r\u00e9sz\u00e9t. Alap\u00edt\u00f3 eln\u00f6ke volt a Magyar Gy\u00f3gyszer\u00e9szeti T\u00e1rsas\u00e1gnak \u00e9s tagja sz\u00e1mos szakmai bizotts\u00e1gnak. Nev\u00e9hez f\u0171z\u0151dik az Ernyey J\u00f3zsef Gy\u00f3gyszer\u00e9szt\u00f6rt\u00e9neti M\u00fazeum megalap\u00edt\u00e1sa.<\/p>\n","protected":false},"excerpt":{"rendered":"<p><a href=\"https:\/\/semmelweis.hu\/baratikor\/files\/2022\/06\/203_11.jpg\"><\/a> (Kadark\u00fat, 1889 \u2013 Budapest, 1976) Somogyi reform\u00e1tus lelk\u00e9sz csal\u00e1db\u00f3l sz\u00e1rmazott. 1911. j\u00fanius 23-\u00e1n a budapesti tudom\u00e1nyegyetemen gy\u00f3gyszer\u00e9szi, majd 1912. j\u00fanius 22-\u00e9n gy\u00f3gyszer\u00e9szdoktori oklevelet szerzett. Ezut\u00e1n hat \u00e9ven \u00e1t gyakornokk\u00e9nt, majd tan\u00e1rseg\u00e9dk\u00e9nt az Egyetemi Gy\u00f3gyszert\u00e1rban dolgozott. 1918-ban Fenyvessy B\u00e9la, a pozsonyi K\u00f6zeg\u00e9szs\u00e9gtani Int\u00e9zet professzora mell\u00e9 ker\u00fclt els\u0151 tan\u00e1rseg\u00e9dk\u00e9nt. Orvosi oklevelet is a pozsonyi Magyar Tudom\u00e1nyegyetemen kapott &hellip;<\/p>\n","protected":false},"author":282,"featured_media":839,"parent":347,"menu_order":0,"comment_status":"closed","ping_status":"closed","template":"template-fullwidth.php","meta":{"_acf_changed":false,"footnotes":""},"categories":[6,20,83,77,14],"tags":[],"class_list":["post-838","page","type-page","status-publish","has-post-thumbnail","hentry","category-dekanok","category-dekanok-karok-szerint","category-gytk-dekanjai","category-kegyeleti-adattar","category-teljes-nevlista"],"acf":[],"_links":{"self":[{"href":"https:\/\/semmelweis.hu\/baratikor\/wp-json\/wp\/v2\/pages\/838","targetHints":{"allow":["GET"]}}],"collection":[{"href":"https:\/\/semmelweis.hu\/baratikor\/wp-json\/wp\/v2\/pages"}],"about":[{"href":"https:\/\/semmelweis.hu\/baratikor\/wp-json\/wp\/v2\/types\/page"}],"author":[{"embeddable":true,"href":"https:\/\/semmelweis.hu\/baratikor\/wp-json\/wp\/v2\/users\/282"}],"replies":[{"embeddable":true,"href":"https:\/\/semmelweis.hu\/baratikor\/wp-json\/wp\/v2\/comments?post=838"}],"version-history":[{"count":3,"href":"https:\/\/semmelweis.hu\/baratikor\/wp-json\/wp\/v2\/pages\/838\/revisions"}],"predecessor-version":[{"id":2097,"href":"https:\/\/semmelweis.hu\/baratikor\/wp-json\/wp\/v2\/pages\/838\/revisions\/2097"}],"up":[{"embeddable":true,"href":"https:\/\/semmelweis.hu\/baratikor\/wp-json\/wp\/v2\/pages\/347"}],"wp:featuredmedia":[{"embeddable":true,"href":"https:\/\/semmelweis.hu\/baratikor\/wp-json\/wp\/v2\/media\/839"}],"wp:attachment":[{"href":"https:\/\/semmelweis.hu\/baratikor\/wp-json\/wp\/v2\/media?parent=838"}],"wp:term":[{"taxonomy":"category","embeddable":true,"href":"https:\/\/semmelweis.hu\/baratikor\/wp-json\/wp\/v2\/categories?post=838"},{"taxonomy":"post_tag","embeddable":true,"href":"https:\/\/semmelweis.hu\/baratikor\/wp-json\/wp\/v2\/tags?post=838"}],"curies":[{"name":"wp","href":"https:\/\/api.w.org\/{rel}","templated":true}]}}