{"id":826,"date":"2022-06-24T11:48:07","date_gmt":"2022-06-24T09:48:07","guid":{"rendered":"https:\/\/semmelweis.hu\/baratikor\/?page_id=826"},"modified":"2023-01-09T11:29:44","modified_gmt":"2023-01-09T10:29:44","slug":"molnar-laszlo","status":"publish","type":"page","link":"https:\/\/semmelweis.hu\/baratikor\/galeria\/teljes-nevlista\/molnar-laszlo\/","title":{"rendered":"Moln\u00e1r L\u00e1szl\u00f3"},"content":{"rendered":"<p style=\"text-align: justify\"><a href=\"https:\/\/semmelweis.hu\/baratikor\/files\/2022\/06\/123_11.jpg\"><img loading=\"lazy\" decoding=\"async\" class=\"alignleft wp-image-827 size-full\" src=\"https:\/\/semmelweis.hu\/baratikor\/files\/2022\/06\/123_11.jpg\" alt=\"\" width=\"295\" height=\"370\" \/><\/a><strong>(Orgov\u00e1ny, 1902 &#8211; Budapest, 1969)<\/strong><\/p>\n<p style=\"text-align: justify\">Orvosi tanulm\u00e1nyait Budapesten v\u00e9gezte, oklevelet 1926-ban kapott. Ett\u0151l kezdve a Stomatol\u00f3giai Klinik\u00e1n dolgozott, kezdetben gyakornokk\u00e9nt. 1927-ben szerzett szakk\u00e9pes\u00edt\u00e9st, 1928-t\u00f3l csereasszisztensk\u00e9nt a Rostock-i Egyetemre ker\u00fclt, ahol ugyancsak fogorvosdoktori k\u00e9pes\u00edt\u00e9st nyert. 1931-t\u0151l c\u00edmzetes tan\u00e1rseg\u00e9d, 1938-t\u00f3l fizet\u00e9ses tan\u00e1rseg\u00e9d \u00e9s oszt\u00e1lyvezet\u0151. 1931 \u00e9s 1940 k\u00f6z\u00f6tt a Fogorvosi Szemle t\u00e1rsszerkeszt\u0151i feladatit is ell\u00e1tta. 1941-ben az \u201eOdontotechnika\u201d t\u00e1rgyk\u00f6rben mag\u00e1ntan\u00e1ri habilit\u00e1ci\u00f3t szerzett. 1952-ben elnyerte az orvostudom\u00e1nyok kandid\u00e1tusa fokozatot, illetve a docensi besorol\u00e1st. 1944-ben menek\u00fcltek rejteget\u00e9s\u00e9\u00e9rt letart\u00f3ztatt\u00e1k. 1956-ban Balogh professzor helyettesek\u00e9nt, annak t\u00e1voll\u00e9t\u00e9ben \u0151 vezette a Stomatol\u00f3giai Klinik\u00e1t. 1959-ben az \u00fajonnan l\u00e9trehozott Fogp\u00f3tl\u00e1stani Klinika megb\u00edzott tansz\u00e9kvezet\u0151je, majd 1961-t\u0151l &#8211; egyetemi tan\u00e1rk\u00e9nt &#8211; kinevezett igazgat\u00f3ja. Tudom\u00e1nyos munk\u00e1ss\u00e1ga f\u0151k\u00e9nt a r\u00e9szleges lemezes fogp\u00f3tl\u00e1sok elhorgonyz\u00e1s\u00e1nak probl\u00e9m\u00e1ira, az \u00e1llkapocs spongiosa &#8211; szerkezet\u00e9nek kutat\u00e1s\u00e1ra \u00e9s a fogak kop\u00e1s\u00e1nak \u00e9rt\u00e9kel\u00e9s\u00e9re vonatkozott. Ezzel kapcsolatban k\u00fcl\u00f6nleges anyagokb\u00f3l m\u0171fogakat szerkesztett. \/k\u00e9p lel\u0151helye: SOTE-lev\u00e9lt\u00e1r 49. fond\/<\/p>\n","protected":false},"excerpt":{"rendered":"<p><a href=\"https:\/\/semmelweis.hu\/baratikor\/files\/2022\/06\/123_11.jpg\"><\/a> (Orgov\u00e1ny, 1902 &#8211; Budapest, 1969) Orvosi tanulm\u00e1nyait Budapesten v\u00e9gezte, oklevelet 1926-ban kapott. Ett\u0151l kezdve a Stomatol\u00f3giai Klinik\u00e1n dolgozott, kezdetben gyakornokk\u00e9nt. 1927-ben szerzett szakk\u00e9pes\u00edt\u00e9st, 1928-t\u00f3l csereasszisztensk\u00e9nt a Rostock-i Egyetemre ker\u00fclt, ahol ugyancsak fogorvosdoktori k\u00e9pes\u00edt\u00e9st nyert. 1931-t\u0151l c\u00edmzetes tan\u00e1rseg\u00e9d, 1938-t\u00f3l fizet\u00e9ses tan\u00e1rseg\u00e9d \u00e9s oszt\u00e1lyvezet\u0151. 1931 \u00e9s 1940 k\u00f6z\u00f6tt a Fogorvosi Szemle t\u00e1rsszerkeszt\u0151i feladatit is ell\u00e1tta. 1941-ben az &hellip;<\/p>\n","protected":false},"author":282,"featured_media":827,"parent":347,"menu_order":0,"comment_status":"closed","ping_status":"closed","template":"template-fullwidth.php","meta":{"_acf_changed":false,"footnotes":""},"categories":[77,16,14],"tags":[],"class_list":["post-826","page","type-page","status-publish","has-post-thumbnail","hentry","category-kegyeleti-adattar","category-tanszekvezetok","category-teljes-nevlista"],"acf":[],"_links":{"self":[{"href":"https:\/\/semmelweis.hu\/baratikor\/wp-json\/wp\/v2\/pages\/826","targetHints":{"allow":["GET"]}}],"collection":[{"href":"https:\/\/semmelweis.hu\/baratikor\/wp-json\/wp\/v2\/pages"}],"about":[{"href":"https:\/\/semmelweis.hu\/baratikor\/wp-json\/wp\/v2\/types\/page"}],"author":[{"embeddable":true,"href":"https:\/\/semmelweis.hu\/baratikor\/wp-json\/wp\/v2\/users\/282"}],"replies":[{"embeddable":true,"href":"https:\/\/semmelweis.hu\/baratikor\/wp-json\/wp\/v2\/comments?post=826"}],"version-history":[{"count":1,"href":"https:\/\/semmelweis.hu\/baratikor\/wp-json\/wp\/v2\/pages\/826\/revisions"}],"predecessor-version":[{"id":828,"href":"https:\/\/semmelweis.hu\/baratikor\/wp-json\/wp\/v2\/pages\/826\/revisions\/828"}],"up":[{"embeddable":true,"href":"https:\/\/semmelweis.hu\/baratikor\/wp-json\/wp\/v2\/pages\/347"}],"wp:featuredmedia":[{"embeddable":true,"href":"https:\/\/semmelweis.hu\/baratikor\/wp-json\/wp\/v2\/media\/827"}],"wp:attachment":[{"href":"https:\/\/semmelweis.hu\/baratikor\/wp-json\/wp\/v2\/media?parent=826"}],"wp:term":[{"taxonomy":"category","embeddable":true,"href":"https:\/\/semmelweis.hu\/baratikor\/wp-json\/wp\/v2\/categories?post=826"},{"taxonomy":"post_tag","embeddable":true,"href":"https:\/\/semmelweis.hu\/baratikor\/wp-json\/wp\/v2\/tags?post=826"}],"curies":[{"name":"wp","href":"https:\/\/api.w.org\/{rel}","templated":true}]}}