{"id":812,"date":"2022-06-21T11:52:04","date_gmt":"2022-06-21T09:52:04","guid":{"rendered":"https:\/\/semmelweis.hu\/baratikor\/?page_id=812"},"modified":"2023-01-09T11:22:59","modified_gmt":"2023-01-09T10:22:59","slug":"kovach-arisztid-g-b","status":"publish","type":"page","link":"https:\/\/semmelweis.hu\/baratikor\/galeria\/teljes-nevlista\/kovach-arisztid-g-b\/","title":{"rendered":"Kov\u00e1ch Arisztid G B"},"content":{"rendered":"<p><strong><a href=\"https:\/\/semmelweis.hu\/baratikor\/files\/2022\/06\/095_11.jpg\"><img loading=\"lazy\" decoding=\"async\" class=\"alignleft wp-image-813 size-full\" src=\"https:\/\/semmelweis.hu\/baratikor\/files\/2022\/06\/095_11.jpg\" alt=\"\" width=\"236\" height=\"358\" \/><\/a>(Budapest, 1920 &#8211; K\u00f6ln, 1996)<\/strong><\/p>\n<p style=\"text-align: justify\">Orvosi tanulm\u00e1nyait a m. kir. P\u00e1zm\u00e1ny P\u00e9ter Tudom\u00e1nyegyetemen v\u00e9gezte, k\u00e9t f\u00e9l\u00e9vet Heidelbergben hallgatott. Orvosi oklevel\u00e9t 1944 okt\u00f3ber\u00e9ben kapta meg, de m\u00e1r 1939-t\u0151l az \u00c9lettani Int\u00e9zetben dolgozott. Gyakornokk\u00e9nt itt \u00e9lte \u00e1t a v\u00e1ros ostrom\u00e1t is, p\u00e9ldamutat\u00f3 humanit\u00e1rius magatart\u00e1s\u00e1\u00e9rt rektori dics\u00e9retben r\u00e9szes\u00fclt. 1945 december\u00e9t\u0151l a tihanyi Magyar Biol\u00f3giai Kutat\u00f3 Int\u00e9zetben dolgozott adjunktusk\u00e9nt, mint Bezn\u00e1k Alad\u00e1r tan\u00edtv\u00e1nya, majd 1948-ban a budapesti Biok\u00e9miai, 1950-ben pedig az \u00c9lettani Int\u00e9zetbe ker\u00fclt. 1951-ben kapott egyetemi docensi kinevez\u00e9st, 1952-ben MTA kandid\u00e1tusi min\u0151s\u00edt\u00e9st. 1956-ban a berlini Humboldt Egyetem, valamint a heidelbergi \u00e9s a freiburgi egyetemek vend\u00e9goktat\u00f3jak\u00e9nt m\u0171k\u00f6d\u00f6tt, csak decemberben t\u00e9rt haza. 1959-ben megb\u00edzt\u00e1k a BOTE K\u00fcls\u0151 M\u0171t\u00e9ti Klinik\u00e1k K\u00eds\u00e9rleti Kutat\u00f3 Laborat\u00f3rium\u00e1nak megszervez\u00e9s\u00e9vel, illetve vezet\u00e9s\u00e9vel. Emellett m\u00e1sod\u00e1ll\u00e1sban 1959-1966 k\u00f6z\u00f6tt ell\u00e1tta a Kardiol\u00f3giai Int\u00e9zet K\u00f3r\u00e9lettani Oszt\u00e1ly\u00e1nak vezet\u00e9s\u00e9t, 1967-1969 k\u00f6z\u00f6tt az Orsz\u00e1gos Munkaeg\u00e9szs\u00e9g\u00fcgyi Int\u00e9zet tan\u00e1csad\u00f3ja volt. Szerkesztette \u00e9s r\u00e9szben \u00edrta \u201cA kis\u00e9rletes orvostudom\u00e1ny vizsg\u00e1l\u00f3 m\u00f3dszerei\u201d c\u00edm\u0171 7 k\u00f6tetes m\u0171vet, amelynek meghat\u00e1roz\u00f3 szerepe volt az experiment\u00e1lis orvostudom\u00e1nyi kutat\u00e1sok hazai fellend\u00fcl\u00e9s\u00e9ben a II. vil\u00e1gh\u00e1bor\u00fat k\u00f6vet\u0151 \u00e9vtizedek sor\u00e1n. 1968\/69-ben sv\u00e9d egyetemeken adott el\u0151. 1970. j\u00falius 1-j\u00e9n kapott egyetemi tan\u00e1ri kinevez\u00e9st, majd vend\u00e9gprofesszork\u00e9nt a philadelphiai Pennsylvania Egyetemen t\u00f6lt\u00f6tt m\u00e1sf\u00e9l \u00e9vet. 1972-ben int\u00e9zet\u00e9ben megszervezte a gradu\u00e1lis \u00e9lettan oktat\u00e1st, 1978-t\u00f3l ez annak \u00faj elnevez\u00e9s\u00e9ben is kifejez\u00e9sre jutott (Klinikai Kis\u00e9rleti Kutat\u00f3 \u00e9s II.sz. \u00c9lettani Int\u00e9zet). Nemzetk\u00f6zileg elismert v\u00e9rkering\u00e9s \u00e9lettani kutat\u00f3iskol\u00e1t teremtett, tudom\u00e1nyos kutat\u00f3k t\u00f6bb gener\u00e1ci\u00f3j\u00e1t ind\u00edtotta \u00fatnak. 1990-ben vonult nyugd\u00edjba, de 76 \u00e9ves kor\u00e1ban bek\u00f6vetkezett v\u00e1ratlan hal\u00e1l\u00e1ig akt\u00edv vezet\u0151 kutat\u00f3 volt a Pennsylvania Egyetemen is. K\u00e9tszer t\u00fcntett\u00e9k ki MTA d\u00edjjal (1952, 1970), 1968-ban a MOTESZ I. d\u00edj\u00e1val, 1975-ben megkapta a csehszlov\u00e1k Purkyn\u00e9 Orvosi T\u00e1rsas\u00e1g eml\u00e9k\u00e9rm\u00e9t, 1990-ben a Magyar K\u00f6zt\u00e1rsas\u00e1g Aranykoszor\u00faval D\u00edsz\u00edtett Csillagrendj\u00e9t. Sz\u00e1mos hazai \u00e9s k\u00fclf\u00f6ldi tudom\u00e1nyos t\u00e1rsas\u00e1gnak volt tagja, illetve vezet\u0151s\u00e9gi tagja, pl. 1974-t\u0151l az \u00c9lettani Tudom\u00e1nyok Vil\u00e1gsz\u00f6vets\u00e9g\u00e9nek \u2013 IUPS \u2013 titk\u00e1ra. \/k\u00e9p lel\u0151helye: SOTE-lev\u00e9lt\u00e1r 49. fond, Dr. Sz\u00e9kely S\u00e1ndor (szerk.): A Semmelweis Orvostudom\u00e1nyi Egyetem klinik\u00e1inak \u00e9s int\u00e9zeteinek t\u00f6rt\u00e9nete 1945-1975. Bp. 1976; Dr. Monos Emil (szerk.): Jubileumi Eml\u00e9kk\u00f6nyv (Klinikai Kis\u00e9rleti Kutat\u00f3 \u2013 II.sz. \u00c9lettani Int\u00e9zet 1959-1999.) Bp. 1999\/<\/p>\n<p><a href=\"https:\/\/semmelweis.hu\/baratikor\/files\/2022\/06\/095_21.jpg\"><img loading=\"lazy\" decoding=\"async\" class=\"alignleft wp-image-814 size-full\" src=\"https:\/\/semmelweis.hu\/baratikor\/files\/2022\/06\/095_21.jpg\" alt=\"\" width=\"295\" height=\"370\" \/><\/a><\/p>\n","protected":false},"excerpt":{"rendered":"<p><a href=\"https:\/\/semmelweis.hu\/baratikor\/files\/2022\/06\/095_11.jpg\"><\/a> (Budapest, 1920 &#8211; K\u00f6ln, 1996) Orvosi tanulm\u00e1nyait a m. kir. P\u00e1zm\u00e1ny P\u00e9ter Tudom\u00e1nyegyetemen v\u00e9gezte, k\u00e9t f\u00e9l\u00e9vet Heidelbergben hallgatott. Orvosi oklevel\u00e9t 1944 okt\u00f3ber\u00e9ben kapta meg, de m\u00e1r 1939-t\u0151l az \u00c9lettani Int\u00e9zetben dolgozott. Gyakornokk\u00e9nt itt \u00e9lte \u00e1t a v\u00e1ros ostrom\u00e1t is, p\u00e9ldamutat\u00f3 humanit\u00e1rius magatart\u00e1s\u00e1\u00e9rt rektori dics\u00e9retben r\u00e9szes\u00fclt. 1945 december\u00e9t\u0151l a tihanyi Magyar Biol\u00f3giai Kutat\u00f3 Int\u00e9zetben dolgozott adjunktusk\u00e9nt, &hellip;<\/p>\n","protected":false},"author":282,"featured_media":814,"parent":347,"menu_order":0,"comment_status":"closed","ping_status":"closed","template":"template-fullwidth.php","meta":{"_acf_changed":false,"footnotes":""},"categories":[77,16,14],"tags":[],"class_list":["post-812","page","type-page","status-publish","has-post-thumbnail","hentry","category-kegyeleti-adattar","category-tanszekvezetok","category-teljes-nevlista"],"acf":[],"_links":{"self":[{"href":"https:\/\/semmelweis.hu\/baratikor\/wp-json\/wp\/v2\/pages\/812","targetHints":{"allow":["GET"]}}],"collection":[{"href":"https:\/\/semmelweis.hu\/baratikor\/wp-json\/wp\/v2\/pages"}],"about":[{"href":"https:\/\/semmelweis.hu\/baratikor\/wp-json\/wp\/v2\/types\/page"}],"author":[{"embeddable":true,"href":"https:\/\/semmelweis.hu\/baratikor\/wp-json\/wp\/v2\/users\/282"}],"replies":[{"embeddable":true,"href":"https:\/\/semmelweis.hu\/baratikor\/wp-json\/wp\/v2\/comments?post=812"}],"version-history":[{"count":2,"href":"https:\/\/semmelweis.hu\/baratikor\/wp-json\/wp\/v2\/pages\/812\/revisions"}],"predecessor-version":[{"id":825,"href":"https:\/\/semmelweis.hu\/baratikor\/wp-json\/wp\/v2\/pages\/812\/revisions\/825"}],"up":[{"embeddable":true,"href":"https:\/\/semmelweis.hu\/baratikor\/wp-json\/wp\/v2\/pages\/347"}],"wp:featuredmedia":[{"embeddable":true,"href":"https:\/\/semmelweis.hu\/baratikor\/wp-json\/wp\/v2\/media\/814"}],"wp:attachment":[{"href":"https:\/\/semmelweis.hu\/baratikor\/wp-json\/wp\/v2\/media?parent=812"}],"wp:term":[{"taxonomy":"category","embeddable":true,"href":"https:\/\/semmelweis.hu\/baratikor\/wp-json\/wp\/v2\/categories?post=812"},{"taxonomy":"post_tag","embeddable":true,"href":"https:\/\/semmelweis.hu\/baratikor\/wp-json\/wp\/v2\/tags?post=812"}],"curies":[{"name":"wp","href":"https:\/\/api.w.org\/{rel}","templated":true}]}}