{"id":806,"date":"2022-06-24T09:22:26","date_gmt":"2022-06-24T07:22:26","guid":{"rendered":"https:\/\/semmelweis.hu\/baratikor\/?page_id=806"},"modified":"2023-01-09T11:34:32","modified_gmt":"2023-01-09T10:34:32","slug":"toro-imre","status":"publish","type":"page","link":"https:\/\/semmelweis.hu\/baratikor\/galeria\/teljes-nevlista\/toro-imre\/","title":{"rendered":"T\u00f6r\u0151 Imre"},"content":{"rendered":"<p><a href=\"https:\/\/semmelweis.hu\/baratikor\/files\/2022\/06\/050_11.jpg\"><img loading=\"lazy\" decoding=\"async\" class=\"alignleft wp-image-807 size-full\" src=\"https:\/\/semmelweis.hu\/baratikor\/files\/2022\/06\/050_11.jpg\" alt=\"\" width=\"295\" height=\"369\" \/><\/a><strong>(Debrecen, 1900 &#8211; Budapest, 1993)<\/strong><\/p>\n<p style=\"text-align: justify\">Orvosi tanulm\u00e1nyait Debrecenben v\u00e9gezte, oklevelet 1926-ban kapott. 1922-t\u0151l dolgozott az egyetem Anat\u00f3miai &#8211; Biol\u00f3giai Int\u00e9zet\u00e9ben, 1924-t\u0151l gyakornoki, 1932-t\u0151l adjunktusi min\u0151s\u00e9gben. 1929-1930 k\u00f6z\u00f6tt \u00f6szt\u00f6nd\u00edjask\u00e9nt a berlini Collegium Hungaricum tagja volt, mik\u00f6zben a dahlemi Biol\u00f3giai Int\u00e9zetben dolgozott Mangold professzor mellett. 1936-ban Debrecenben nyert mag\u00e1ntan\u00e1ri k\u00e9pes\u00edt\u00e9st k\u00eds\u00e9rleti embryol\u00f3gia t\u00e1rgyk\u00f6rben. 1936-1938 k\u00f6z\u00f6tt Rockefeller \u00f6szt\u00f6nd\u00edjjal eljutott a New York-i Columbia Egyetem Anat\u00f3miai Int\u00e9zet\u00e9be, ahol Detwiller \u00e9s Goss mellett dolgozott, illetve a Woods Hole-i Tengeri Biol\u00f3giai Int\u00e9zetbe, ahol Chambers professzort\u00f3l tanult. 1938-t\u00f3l a debreceni egyetem K\u00eds\u00e9rleti Embryol\u00f3giai Laborat\u00f3rium\u00e1nak vezet\u0151je, 1945-t\u0151l az Anat\u00f3miai-Biol\u00f3giai Int\u00e9zet megb\u00edzott, okt\u00f3bert\u0151l kinevezett igazgat\u00f3ja. Egyetemi tan\u00e1ri kinevez\u00e9s\u00e9t 1947-ben kapta. 1948\/49-ben a debreceni Orvoskar d\u00e9k\u00e1nja volt. 1950 szeptember\u00e9ben a budapesti Orvoskar megh\u00edvta az akkor m\u00e1r P\u00e1zm\u00e1nyr\u00f3l E\u00f6tv\u00f6s Lor\u00e1ndra \u00e1tkeresztelt egyetem Sz\u00f6vet- \u00e9s Fejl\u0151d\u00e9stani Int\u00e9zete \u00e9l\u00e9re, ahol 1971. j\u00fanius 30-i nyugd\u00edjba vonul\u00e1s\u00e1ig m\u0171k\u00f6d\u00f6tt. 1946-t\u00f3l az MTA levelez\u0151, 1947-t\u0151l rendes tagja. 1952-ben Kossuth-d\u00edjjal t\u00fcntett\u00e9k ki, de emellett sz\u00e1mos m\u00e1s hazai \u00e9s k\u00fclf\u00f6ldi elismer\u00e9s birtokosa. Orsz\u00e1ggy\u0171l\u00e9si k\u00e9pvisel\u0151, 1963-1967 k\u00f6z\u00f6tt az Eln\u00f6ki Tan\u00e1cs tagja is volt. 1961-1964 k\u00f6z\u00f6tt t\u00f6lt\u00f6tte be a Budapesti Orvostudom\u00e1nyi Egyetem rektori tiszt\u00e9t.<\/p>\n","protected":false},"excerpt":{"rendered":"<p><a href=\"https:\/\/semmelweis.hu\/baratikor\/files\/2022\/06\/050_11.jpg\"><\/a> (Debrecen, 1900 &#8211; Budapest, 1993) Orvosi tanulm\u00e1nyait Debrecenben v\u00e9gezte, oklevelet 1926-ban kapott. 1922-t\u0151l dolgozott az egyetem Anat\u00f3miai &#8211; Biol\u00f3giai Int\u00e9zet\u00e9ben, 1924-t\u0151l gyakornoki, 1932-t\u0151l adjunktusi min\u0151s\u00e9gben. 1929-1930 k\u00f6z\u00f6tt \u00f6szt\u00f6nd\u00edjask\u00e9nt a berlini Collegium Hungaricum tagja volt, mik\u00f6zben a dahlemi Biol\u00f3giai Int\u00e9zetben dolgozott Mangold professzor mellett. 1936-ban Debrecenben nyert mag\u00e1ntan\u00e1ri k\u00e9pes\u00edt\u00e9st k\u00eds\u00e9rleti embryol\u00f3gia t\u00e1rgyk\u00f6rben. 1936-1938 k\u00f6z\u00f6tt Rockefeller \u00f6szt\u00f6nd\u00edjjal &hellip;<\/p>\n","protected":false},"author":282,"featured_media":807,"parent":347,"menu_order":0,"comment_status":"closed","ping_status":"closed","template":"template-fullwidth.php","meta":{"_acf_changed":false,"footnotes":""},"categories":[77,5,14],"tags":[],"class_list":["post-806","page","type-page","status-publish","has-post-thumbnail","hentry","category-kegyeleti-adattar","category-rektorok","category-teljes-nevlista"],"acf":[],"_links":{"self":[{"href":"https:\/\/semmelweis.hu\/baratikor\/wp-json\/wp\/v2\/pages\/806","targetHints":{"allow":["GET"]}}],"collection":[{"href":"https:\/\/semmelweis.hu\/baratikor\/wp-json\/wp\/v2\/pages"}],"about":[{"href":"https:\/\/semmelweis.hu\/baratikor\/wp-json\/wp\/v2\/types\/page"}],"author":[{"embeddable":true,"href":"https:\/\/semmelweis.hu\/baratikor\/wp-json\/wp\/v2\/users\/282"}],"replies":[{"embeddable":true,"href":"https:\/\/semmelweis.hu\/baratikor\/wp-json\/wp\/v2\/comments?post=806"}],"version-history":[{"count":1,"href":"https:\/\/semmelweis.hu\/baratikor\/wp-json\/wp\/v2\/pages\/806\/revisions"}],"predecessor-version":[{"id":808,"href":"https:\/\/semmelweis.hu\/baratikor\/wp-json\/wp\/v2\/pages\/806\/revisions\/808"}],"up":[{"embeddable":true,"href":"https:\/\/semmelweis.hu\/baratikor\/wp-json\/wp\/v2\/pages\/347"}],"wp:featuredmedia":[{"embeddable":true,"href":"https:\/\/semmelweis.hu\/baratikor\/wp-json\/wp\/v2\/media\/807"}],"wp:attachment":[{"href":"https:\/\/semmelweis.hu\/baratikor\/wp-json\/wp\/v2\/media?parent=806"}],"wp:term":[{"taxonomy":"category","embeddable":true,"href":"https:\/\/semmelweis.hu\/baratikor\/wp-json\/wp\/v2\/categories?post=806"},{"taxonomy":"post_tag","embeddable":true,"href":"https:\/\/semmelweis.hu\/baratikor\/wp-json\/wp\/v2\/tags?post=806"}],"curies":[{"name":"wp","href":"https:\/\/api.w.org\/{rel}","templated":true}]}}