{"id":788,"date":"2022-06-21T10:41:46","date_gmt":"2022-06-21T08:41:46","guid":{"rendered":"https:\/\/semmelweis.hu\/baratikor\/?page_id=788"},"modified":"2024-03-29T21:22:46","modified_gmt":"2024-03-29T20:22:46","slug":"monos-emil","status":"publish","type":"page","link":"https:\/\/semmelweis.hu\/baratikor\/galeria\/teljes-nevlista\/monos-emil\/","title":{"rendered":"Monos Emil"},"content":{"rendered":"<p><strong><a href=\"https:\/\/semmelweis.hu\/baratikor\/files\/2022\/06\/217_11.jpg\"><img loading=\"lazy\" decoding=\"async\" class=\"alignleft wp-image-789 size-full\" src=\"https:\/\/semmelweis.hu\/baratikor\/files\/2022\/06\/217_11.jpg\" alt=\"\" width=\"295\" height=\"390\" \/><\/a><\/strong><strong>(Csabdi, 1935. janu\u00e1r 4. &#8211; Budapest, 2018. november 19.)<\/strong><\/p>\n<p><strong>Tansz\u00e9k: <\/strong>Klinikai K\u00eds\u00e9rleti Kutat\u00f3 \u00e9s II. sz. \u00c9lettani Int\u00e9zet 1990-2000.<\/p>\n<p><strong>Viselt egyetemi m\u00e9lt\u00f3s\u00e1g: <\/strong>oktat\u00e1si rektorhelyettes 1995-2000.<\/p>\n<p>1959-ben szerzett \u00e1ltal\u00e1nos orvosi diplom\u00e1t a Budapesti Orvostudom\u00e1nyi Egyetemen. Kutat\u00f3orvosi p\u00e1ly\u00e1j\u00e1t Kov\u00e1ch Arisztid ir\u00e1ny\u00edt\u00e1sa mellett kezdte az ez \u00e9vben alakult K\u00fcls\u0151 M\u0171t\u00e9ti Klinik\u00e1k K\u00eds\u00e9rleti Kutat\u00f3 Laborat\u00f3rium\u00e1ban, melynek munk\u00e1j\u00e1ban m\u00e1r tudom\u00e1nyos di\u00e1kk\u00f6r\u00f6s hallgat\u00f3k\u00e9nt r\u00e9szt vett. Ugyanitt, a k\u00e9s\u0151bbiekben Klinikai K\u00eds\u00e9rleti Kutat\u00f3 \u00e9s II. sz. \u00c9lettani Int\u00e9zet, majd K\u00eds\u00e9rleti Kutat\u00f3 \u00e9s Hum\u00e1n \u00c9lettani Int\u00e9zet n\u00e9ven ismert tansz\u00e9ken kapott egyetemi tan\u00e1ri (1983), majd igazgat\u00f3i kinevez\u00e9st (1990-2000). 1982-ben szerezte meg az orvostudom\u00e1ny doktora fokozatot. Az NSZK-ban (1964), a Szovjetuni\u00f3ban (1965), majd k\u00e9tszer az USA-ban j\u00e1rt hosszabb tanulm\u00e1ny\u00faton (1972-1973, 1985-1987). 1989-ben t\u00e1rsprofesszorr\u00e1 (adjunct professor) v\u00e1lasztott\u00e1k a Medical College of Wisconsin (Milwaukee, USA) \u00c9lettani Int\u00e9zet\u00e9ben. A neuroendokrin- \u00e9s a v\u00e9rkering\u00e9si rendszer ir\u00e1ny\u00edt\u00e1si folyamataival \u00e9s k\u00f6lcs\u00f6nhat\u00e1saival kapcsolatos kutat\u00e1sokat v\u00e9gzett. Tudom\u00e1nyos kutat\u00f3k\u00e9nt maradand\u00f3t alkotott az anyai magatart\u00e1s kialak\u00edt\u00e1s\u00e1ban d\u00f6nt\u0151 szerepet j\u00e1tsz\u00f3 hypothalamikus ter\u00fcletek felfedez\u00e9se \u00e9s felt\u00e9rk\u00e9pez\u00e9se ter\u00fclet\u00e9n. Els\u0151k\u00e9nt \u00edrta le az irodalomban a mell\u00e9kvesek\u00e9reg v\u00e9rell\u00e1t\u00e1s\u00e1nak sz\u00e1mos szab\u00e1lyoz\u00e1si folyamat\u00e1t. Nev\u00e9hez f\u0171z\u0151dik a v\u00e9rkering\u00e9si rendszer fontos biomechanikai saj\u00e1toss\u00e1gainak \u00e9s szab\u00e1lyoz\u00e1si mechanizmusainak tiszt\u00e1z\u00e1sa, bele\u00e9rtve a gravit\u00e1ci\u00f3s terhel\u00e9shez val\u00f3 adapt\u00e1ci\u00f3s mechanizmusok felismer\u00e9s\u00e9t. Nemzetk\u00f6zileg is jelent\u0151s eredm\u00e9nyeket \u00e9rt el a v\u00e9n\u00e1s kapacit\u00e1s-autoregul\u00e1ci\u00f3 \u00e9lettani mechanizmusainak \u00e9s k\u00f3ros elv\u00e1ltoz\u00e1sainak ill. az orthosztatikus toleranci\u00e1t t\u00e1mogat\u00f3 vaszkul\u00e1ris funkci\u00f3knak a felt\u00e1r\u00e1s\u00e1val.<\/p>\n<p>1995-t\u0151l 2000-ig t\u00f6lt\u00f6tte be az egyetem oktat\u00e1si rektorhelyettesi tiszts\u00e9g\u00e9t. 1995-ben megszervezte \u00e9s ett\u0151l kezdve 2017-ig vezette az egyetem Elm\u00e9leti \u00e9s Transzl\u00e1ci\u00f3s Orvostudom\u00e1nyi Doktori Iskol\u00e1j\u00e1nak v\u00e9rkering\u00e9s-\u00e9lettani programj\u00e1t, 2000 \u00e9s 2005 k\u00f6z\u00f6tt a Doktori Iskola vezet\u0151je is volt. A Budapesti M\u0171szaki \u00e9s Gazdas\u00e1gtudom\u00e1nyi Egyetemmel k\u00f6z\u00f6s eg\u00e9szs\u00e9g\u00fcgyi m\u00e9rn\u00f6kk\u00e9pz\u00e9s egyik megszervez\u0151je volt, \u00e9s a szakbizotts\u00e1gban, rektori megb\u00edzottk\u00e9nt, hal\u00e1l\u00e1ig k\u00e9pviselte a Semmelweis Egyetemet.<\/p>\n<p>Az MTA Tudom\u00e1nyetikai Bizotts\u00e1g\u00e1nak tagja 2004-t\u0151l, az Orvosi Informatikai Munkabizotts\u00e1g eln\u00f6ke 2000-t\u0151l. Az Acta Physiologica Hungarica f\u0151szerkeszt\u0151je 1998-2015 k\u00f6z\u00f6tt, ezt k\u00f6vet\u0151en tiszteletbeli f\u0151szerkeszt\u0151je. Hivatali idej\u00e9nek egyik f\u0151 eredm\u00e9nye, hogy a kor\u00e1bban a megsz\u0171n\u00e9s sz\u00e9l\u00e9re sodr\u00f3dott foly\u00f3irat impakt faktort nyert. A Magyar \u00c9lettani T\u00e1rsas\u00e1g f\u0151titk\u00e1ra (1982-1990), majd eln\u00f6ke (1990-1998) volt, 2010-14 k\u00f6z\u00f6tt pedig a t\u00e1rsas\u00e1g etikai bizotts\u00e1g\u00e1nak eln\u00f6ki tiszt\u00e9t t\u00f6lt\u00f6tte be. A Neumann J\u00e1nos Sz\u00e1m\u00edt\u00f3g\u00e9ptudom\u00e1nyi T\u00e1rsas\u00e1g Orvosbiol\u00f3giai Szakoszt\u00e1ly\u00e1nak alap\u00edt\u00f3 vezet\u0151s\u00e9gi tagja (1973-1998). A Nemzetk\u00f6zi K\u00f3r\u00e9lettani T\u00e1rsas\u00e1g (ISP) IV. Vil\u00e1gkongresszus\u00e1nak szervez\u0151 eln\u00f6ke volt (2002, Budapest), ezt k\u00f6vet\u0151en megv\u00e1lasztott\u00e1k az ISP eln\u00f6k\u00e9nek (2002\u20132006), melynek k\u00e9s\u0151bb \u00f6r\u00f6k\u00f6s tiszteletbeli vezet\u0151s\u00e9gi tagja lett. A Magyar Orvost\u00f6rt\u00e9neti T\u00e1rsas\u00e1g vezet\u0151s\u00e9gi tagja 1995-t\u0151l. A Magyar \u00d6szt\u00f6nd\u00edj Bizotts\u00e1g Eg\u00e9szs\u00e9gtudom\u00e1nyi Szakkoll\u00e9gium\u00e1nak eln\u00f6ke 1990-t\u0151l 2008-ig. H\u00e1rom eur\u00f3pai akad\u00e9mia v\u00e1lasztott tagja volt. A budapesti E\u00f6tv\u00f6s J\u00f3zsef Gimn\u00e1zium Bar\u00e1ti Egyes\u00fclete eln\u00f6ke volt 1988-t\u00f3l, \u00f6r\u00f6k\u00f6s tiszteletbeli eln\u00f6ke 1999-t\u0151l. A Semmelweis Egyetem Bar\u00e1ti K\u00f6re 2002. \u00e1prilis 25-\u00e9n v\u00e1lasztotta eln\u00f6k\u00e9\u00fcl, mely feladatot hal\u00e1l\u00e1ig nagy elhivatotts\u00e1ggal l\u00e1tott el. Kiemelked\u0151 \u00e9rdemeket szerzett az egyetem t\u00f6rt\u00e9net\u00e9nek megismertet\u00e9se \u00e9s hagyom\u00e1nyainak \u00e1pol\u00e1sa ter\u00e9n, ennek nyom\u00e1n 2015-ben a Semmelweis-\u00e9v Eml\u00e9kbizotts\u00e1g eln\u00f6ke, 2016-t\u00f3l pedig tiszteletbeli eln\u00f6ke lett.<\/p>\n<p>Fontosabb kit\u00fcntet\u00e9sei: Jendrassik Ern\u0151-eml\u00e9k\u00e9rem (1978), Szent-Gy\u00f6rgyi Albert-d\u00edj (1995), Batthy\u00e1ny-Strattmann L\u00e1szl\u00f3-d\u00edj (2000), R\u00e1cz S\u00e1muel-eml\u00e9k\u00e9rem (2003), Weszpr\u00e9mi Istv\u00e1n Eml\u00e9k\u00e9rem (Magyar Orvost\u00f6rt\u00e9nelmi T\u00e1rsas\u00e1g 2010), \u00c9letm\u0171 D\u00edj (Szerb \u00c9lettani T\u00e1rsas\u00e1g 2010), Pro Universitate-d\u00edj (Semmelweis Egyetem 2013), K. M\u00e1tyus Istv\u00e1n eml\u00e9k\u00e9rem (2014), Magyar \u00c9rdemrend K\u00f6z\u00e9pkereszt (2015), Semmelweis Ign\u00e1c jutalomd\u00edj (2018), Pro Facultate D\u00edj (BME Villamosm\u00e9rn\u00f6ki \u00e9s Informatikai Kar),<\/p>\n<p><strong>F\u0151bb munk\u00e1i:<\/strong> Az \u00e9rfal biomechanik\u00e1ja (Bp., 1986); Local control of veins: biomechanical, metabolic, and humoral aspects. B\u00e9rczi Viktorral, N\u00e1dasy Gy\u00f6rggyel (Physiological Reviews, 1995); A v\u00e9n\u00e1s rendszer \u00e9lettana (Bp., 2004); Hemodinamika \u2013 A v\u00e9rkering\u00e9s biomechanik\u00e1ja (Bp., 2004); Semmelweis Ign\u00e1c eml\u00e9kezete \u2013 150 \u00e9vvel hal\u00e1la ut\u00e1n (fszerk.: Bp., 2015.); A Semmelweis Egyetem Bar\u00e1ti K\u00f6r\u00e9nek els\u0151 negyedsz\u00e1zada az egyetem\u00e9rt. (Bp., 2016).<\/p>\n<p><strong>Nyughelye: <\/strong>budapesti Alcantrai Szent P\u00e9ter templom (belv\u00e1rosi Ferences templom) urna-temet\u0151je.<\/p>\n<p>(forr\u00e1s: dr. Beny\u00f3 Zolt\u00e1n \u00e9s dr. S\u00e1ndor P\u00e9ter megeml\u00e9kez\u00e9se)<\/p>\n<p>&nbsp;<\/p>\n","protected":false},"excerpt":{"rendered":"<p><a href=\"https:\/\/semmelweis.hu\/baratikor\/files\/2022\/06\/217_11.jpg\"><\/a> (Csabdi, 1935. janu\u00e1r 4. &#8211; Budapest, 2018. november 19.) Tansz\u00e9k: Klinikai K\u00eds\u00e9rleti Kutat\u00f3 \u00e9s II. sz. \u00c9lettani Int\u00e9zet 1990-2000. Viselt egyetemi m\u00e9lt\u00f3s\u00e1g: oktat\u00e1si rektorhelyettes 1995-2000. 1959-ben szerzett \u00e1ltal\u00e1nos orvosi diplom\u00e1t a Budapesti Orvostudom\u00e1nyi Egyetemen. Kutat\u00f3orvosi p\u00e1ly\u00e1j\u00e1t Kov\u00e1ch Arisztid ir\u00e1ny\u00edt\u00e1sa mellett kezdte az ez \u00e9vben alakult K\u00fcls\u0151 M\u0171t\u00e9ti Klinik\u00e1k K\u00eds\u00e9rleti Kutat\u00f3 Laborat\u00f3rium\u00e1ban, melynek munk\u00e1j\u00e1ban m\u00e1r tudom\u00e1nyos &hellip;<\/p>\n","protected":false},"author":282,"featured_media":789,"parent":347,"menu_order":0,"comment_status":"closed","ping_status":"closed","template":"template-fullwidth.php","meta":{"_acf_changed":false,"footnotes":""},"categories":[75,77,14],"tags":[],"class_list":["post-788","page","type-page","status-publish","has-post-thumbnail","hentry","category-barati-kor","category-kegyeleti-adattar","category-teljes-nevlista"],"acf":[],"_links":{"self":[{"href":"https:\/\/semmelweis.hu\/baratikor\/wp-json\/wp\/v2\/pages\/788","targetHints":{"allow":["GET"]}}],"collection":[{"href":"https:\/\/semmelweis.hu\/baratikor\/wp-json\/wp\/v2\/pages"}],"about":[{"href":"https:\/\/semmelweis.hu\/baratikor\/wp-json\/wp\/v2\/types\/page"}],"author":[{"embeddable":true,"href":"https:\/\/semmelweis.hu\/baratikor\/wp-json\/wp\/v2\/users\/282"}],"replies":[{"embeddable":true,"href":"https:\/\/semmelweis.hu\/baratikor\/wp-json\/wp\/v2\/comments?post=788"}],"version-history":[{"count":3,"href":"https:\/\/semmelweis.hu\/baratikor\/wp-json\/wp\/v2\/pages\/788\/revisions"}],"predecessor-version":[{"id":5536,"href":"https:\/\/semmelweis.hu\/baratikor\/wp-json\/wp\/v2\/pages\/788\/revisions\/5536"}],"up":[{"embeddable":true,"href":"https:\/\/semmelweis.hu\/baratikor\/wp-json\/wp\/v2\/pages\/347"}],"wp:featuredmedia":[{"embeddable":true,"href":"https:\/\/semmelweis.hu\/baratikor\/wp-json\/wp\/v2\/media\/789"}],"wp:attachment":[{"href":"https:\/\/semmelweis.hu\/baratikor\/wp-json\/wp\/v2\/media?parent=788"}],"wp:term":[{"taxonomy":"category","embeddable":true,"href":"https:\/\/semmelweis.hu\/baratikor\/wp-json\/wp\/v2\/categories?post=788"},{"taxonomy":"post_tag","embeddable":true,"href":"https:\/\/semmelweis.hu\/baratikor\/wp-json\/wp\/v2\/tags?post=788"}],"curies":[{"name":"wp","href":"https:\/\/api.w.org\/{rel}","templated":true}]}}