{"id":780,"date":"2022-06-21T11:59:24","date_gmt":"2022-06-21T09:59:24","guid":{"rendered":"https:\/\/semmelweis.hu\/baratikor\/?page_id=780"},"modified":"2023-07-17T10:10:25","modified_gmt":"2023-07-17T08:10:25","slug":"varga-istvan","status":"publish","type":"page","link":"https:\/\/semmelweis.hu\/baratikor\/galeria\/teljes-nevlista\/varga-istvan\/","title":{"rendered":"Varga Istv\u00e1n"},"content":{"rendered":"<p><a href=\"https:\/\/semmelweis.hu\/baratikor\/files\/2022\/06\/131_11.jpg\"><img loading=\"lazy\" decoding=\"async\" class=\"alignleft wp-image-781 size-full\" src=\"https:\/\/semmelweis.hu\/baratikor\/files\/2022\/06\/131_11.jpg\" alt=\"\" width=\"295\" height=\"370\" \/><\/a><strong>(V\u00e1c, 1895-Budapest, 1981)<\/strong><\/p>\n<p style=\"text-align: justify\">K\u00f6z\u00e9piskol\u00e1it Kecskem\u00e9ten, orvosi tanulm\u00e1nyait Budapesten v\u00e9gezte, ahol 1918-ban avatt\u00e1k orvoss\u00e1. Ezut\u00e1n a II. sz. Seb\u00e9szeti Klinik\u00e1n m\u0171t\u0151n\u00f6vend\u00e9kk\u00e9nt m\u0171k\u00f6d\u00f6tt, majd a Stomatol\u00f3giai Klinik\u00e1n lett tan\u00e1rseg\u00e9d 1939-ig. Id\u0151k\u00f6zben t\u00f6bbsz\u00f6r j\u00e1rt k\u00fclf\u00f6ldi tanulm\u00e1nyutakon. 1926-ban 3 h\u00f3napot t\u00f6lt\u00f6tt a rostocki klinik\u00e1n majd 1928, 1929 \u00e9s 1930-ban 1-1 h\u00f3napot B\u00e9csben a Kieferstationon, illetve Bernhard Gottlieb fogorvos professzor (1885-1950) mellett. 1943-ban a f\u0151v\u00e1rosi k\u00f3rh\u00e1zak \u00e1llom\u00e1ny\u00e1ba ker\u00fclt, majd 1945-t\u0151l a Szent Istv\u00e1n K\u00f3rh\u00e1z sz\u00e1jseb\u00e9szeti oszt\u00e1ly\u00e1nak f\u0151orvosa. Emellett 5 \u00e9vig a k\u00f3rh\u00e1z igazgat\u00f3helyettesi feladatait is ell\u00e1tta. 1946-ban a \u201eFogszab\u00e1lyoz\u00e1s\u201d t\u00e1rgyk\u00f6r\u00e9ben Budapesten mag\u00e1ntan\u00e1rr\u00e1 habilit\u00e1lt\u00e1k. 1956-ban nyerte el a kandid\u00e1tusi fokozatot. 1961 augusztus\u00e1ban ker\u00fclt vissza az egyetemre professzork\u00e9nt, majd 1962. augusztus 12-\u00e9n kinevezt\u00e9k az 1959 \u00f3ta m\u0171k\u00f6d\u0151 Gyermekfog\u00e1szati \u00e9s Fogszab\u00e1lyoz\u00e1si Klinika \u00e9l\u00e9re, melynek els\u0151 igazgat\u00f3ja volt. A klinika vezet\u00e9s\u00e9t addig dr. Nagy L\u00e1szl\u00f3 docens l\u00e1tta el ideiglenes megb\u00edz\u00e1ssal. 1964 &#8211; 1969 k\u00f6z\u00f6tt a Fogorvostudom\u00e1nyi Kar d\u00e9k\u00e1nja volt. 1969-ben nyugd\u00edjba vonult. Tudom\u00e1nyos munk\u00e1ss\u00e1g\u00e1t a fogszab\u00e1lyoz\u00e1s \u00e9s a sz\u00e1jseb\u00e9szet ter\u00e9n fejtette ki. 1952-ben Kiv\u00e1l\u00f3 Orvos korm\u00e1nykit\u00fcntet\u00e9sben r\u00e9szes\u00fclt. \/k\u00e9p lel\u0151helye: dr. Sz\u00e9kely S\u00e1ndor (szerk.): A Semmelweis Orvostudom\u00e1nyi Egyetem klinik\u00e1inak \u00e9s int\u00e9zeteinek t\u00f6rt\u00e9nete 1945-1975. Bp. 1976.\/<\/p>\n","protected":false},"excerpt":{"rendered":"<p><a href=\"https:\/\/semmelweis.hu\/baratikor\/files\/2022\/06\/131_11.jpg\"><\/a> (V\u00e1c, 1895-Budapest, 1981) K\u00f6z\u00e9piskol\u00e1it Kecskem\u00e9ten, orvosi tanulm\u00e1nyait Budapesten v\u00e9gezte, ahol 1918-ban avatt\u00e1k orvoss\u00e1. Ezut\u00e1n a II. sz. Seb\u00e9szeti Klinik\u00e1n m\u0171t\u0151n\u00f6vend\u00e9kk\u00e9nt m\u0171k\u00f6d\u00f6tt, majd a Stomatol\u00f3giai Klinik\u00e1n lett tan\u00e1rseg\u00e9d 1939-ig. Id\u0151k\u00f6zben t\u00f6bbsz\u00f6r j\u00e1rt k\u00fclf\u00f6ldi tanulm\u00e1nyutakon. 1926-ban 3 h\u00f3napot t\u00f6lt\u00f6tt a rostocki klinik\u00e1n majd 1928, 1929 \u00e9s 1930-ban 1-1 h\u00f3napot B\u00e9csben a Kieferstationon, illetve Bernhard Gottlieb fogorvos professzor &hellip;<\/p>\n","protected":false},"author":282,"featured_media":5163,"parent":347,"menu_order":0,"comment_status":"closed","ping_status":"closed","template":"template-fullwidth.php","meta":{"_acf_changed":false,"footnotes":""},"categories":[6,20,82,77,16,14],"tags":[],"class_list":["post-780","page","type-page","status-publish","has-post-thumbnail","hentry","category-dekanok","category-dekanok-karok-szerint","category-fok-dekanjai","category-kegyeleti-adattar","category-tanszekvezetok","category-teljes-nevlista"],"acf":[],"_links":{"self":[{"href":"https:\/\/semmelweis.hu\/baratikor\/wp-json\/wp\/v2\/pages\/780","targetHints":{"allow":["GET"]}}],"collection":[{"href":"https:\/\/semmelweis.hu\/baratikor\/wp-json\/wp\/v2\/pages"}],"about":[{"href":"https:\/\/semmelweis.hu\/baratikor\/wp-json\/wp\/v2\/types\/page"}],"author":[{"embeddable":true,"href":"https:\/\/semmelweis.hu\/baratikor\/wp-json\/wp\/v2\/users\/282"}],"replies":[{"embeddable":true,"href":"https:\/\/semmelweis.hu\/baratikor\/wp-json\/wp\/v2\/comments?post=780"}],"version-history":[{"count":1,"href":"https:\/\/semmelweis.hu\/baratikor\/wp-json\/wp\/v2\/pages\/780\/revisions"}],"predecessor-version":[{"id":782,"href":"https:\/\/semmelweis.hu\/baratikor\/wp-json\/wp\/v2\/pages\/780\/revisions\/782"}],"up":[{"embeddable":true,"href":"https:\/\/semmelweis.hu\/baratikor\/wp-json\/wp\/v2\/pages\/347"}],"wp:featuredmedia":[{"embeddable":true,"href":"https:\/\/semmelweis.hu\/baratikor\/wp-json\/wp\/v2\/media\/5163"}],"wp:attachment":[{"href":"https:\/\/semmelweis.hu\/baratikor\/wp-json\/wp\/v2\/media?parent=780"}],"wp:term":[{"taxonomy":"category","embeddable":true,"href":"https:\/\/semmelweis.hu\/baratikor\/wp-json\/wp\/v2\/categories?post=780"},{"taxonomy":"post_tag","embeddable":true,"href":"https:\/\/semmelweis.hu\/baratikor\/wp-json\/wp\/v2\/tags?post=780"}],"curies":[{"name":"wp","href":"https:\/\/api.w.org\/{rel}","templated":true}]}}