{"id":777,"date":"2022-06-22T11:15:18","date_gmt":"2022-06-22T09:15:18","guid":{"rendered":"https:\/\/semmelweis.hu\/baratikor\/?page_id=777"},"modified":"2023-01-09T11:34:30","modified_gmt":"2023-01-09T10:34:30","slug":"sos-jozsef","status":"publish","type":"page","link":"https:\/\/semmelweis.hu\/baratikor\/galeria\/teljes-nevlista\/sos-jozsef\/","title":{"rendered":"S\u00f3s J\u00f3zsef"},"content":{"rendered":"<p><a href=\"https:\/\/semmelweis.hu\/baratikor\/files\/2022\/06\/051_11.jpg\"><img loading=\"lazy\" decoding=\"async\" class=\"alignleft wp-image-778 size-full\" src=\"https:\/\/semmelweis.hu\/baratikor\/files\/2022\/06\/051_11.jpg\" alt=\"\" width=\"295\" height=\"369\" \/><\/a><strong>(Orosh\u00e1za, 1906 &#8211; Budapest, 1973)<\/strong><\/p>\n<p style=\"text-align: justify\">Orvosi diplom\u00e1j\u00e1t Debrecenben kapta 1932-ben, de m\u00e1r 1928-ban Verz\u00e1r Frigyes \u00c9lettani Int\u00e9zet\u00e9ben, majd a Tihanyi Magyar Biol\u00f3giai Kutat\u00f3 Int\u00e9zetben dolgozott. 1932 janu\u00e1rj\u00e1t\u00f3l a debreceni k\u00f6zk\u00f3rh\u00e1z gyermekoszt\u00e1ly\u00e1n m\u0171k\u00f6d\u00f6tt seg\u00e9dorvosk\u00e9nt, majd az \u00e9v v\u00e9g\u00e9t\u0151l Orosh\u00e1z\u00e1n mag\u00e1npraxist kezdett. 1936 szeptember\u00e9t\u0151l Mansfeld G\u00e9za professzor megh\u00edvta tan\u00e1rseg\u00e9dnek a p\u00e9csi Orvoskar K\u00f3rtani Int\u00e9zet\u00e9be. 1940-ben itt szerzett mag\u00e1ntan\u00e1ri k\u00e9pes\u00edt\u00e9st. 1941 szeptember\u00e9t\u0151l k\u00f6zeg\u00e9szs\u00e9g\u00fcgyi fel\u00fcgyel\u0151i kinevez\u00e9st kapott az Orsz\u00e1gos K\u00f6zeg\u00e9szs\u00e9g\u00fcgyi Int\u00e9zetbe (OKI), ahol megszervezte \u00e9s 6 \u00e9ven \u00e1t vezette a n\u00e9pt\u00e1pl\u00e1lkoz\u00e1s kutat\u00f3 oszt\u00e1lyt. K\u00f6zben 1943-ban megb\u00edz\u00e1st kapott a Golyvakutat\u00f3 \u00c1llom\u00e1s megszervez\u00e9s\u00e9re \u00e9s vezet\u00e9s\u00e9re is. Az \u00e1llom\u00e1s munk\u00e1ja alapozta meg a hazai golyva prevenci\u00f3t. 1944 tavasz\u00e1n a p\u00e9csi Orvoskar rendk\u00edv\u00fcli tan\u00e1ri c\u00edmre terjesztette fel, amit 1946 janu\u00e1rj\u00e1ban kapott meg. Az ideiglenes korm\u00e1ny Budapestre k\u00f6lt\u00f6z\u00e9sekor megb\u00edz\u00e1st kapott a N\u00e9pj\u00f3l\u00e9ti Miniszt\u00e9rium eg\u00e9szs\u00e9gv\u00e9delmi f\u0151oszt\u00e1ly\u00e1nak megszervez\u00e9s\u00e9re. K\u00f6zben csoportigazgat\u00f3k\u00e9nt visszat\u00e9rt az OKI-ba. 1948. m\u00e1jus 8-\u00e1n egyetemi tan\u00e1ri kinevez\u00e9st kapott a budapesti P\u00e1zm\u00e1ny P\u00e9ter Tudom\u00e1nyegyetem K\u00f3r\u00e9lettani Int\u00e9zet\u00e9nek \u00e9l\u00e9re, ahol 1971-ben t\u00f6rt\u00e9nt nyugd\u00edjba vonul\u00e1s\u00e1ig dolgozott. Ezut\u00e1n hal\u00e1l\u00e1ig az Orsz\u00e1gos Dietetikai Int\u00e9zet igazgat\u00e1s\u00e1t l\u00e1tta el. 1962-1964 k\u00f6z\u00f6tt a Budapesti Orvostudom\u00e1nyi Egyetem tudom\u00e1nyos rektorhelyettese, 1964-1967 k\u00f6z\u00f6tt rektora volt.<\/p>\n","protected":false},"excerpt":{"rendered":"<p><a href=\"https:\/\/semmelweis.hu\/baratikor\/files\/2022\/06\/051_11.jpg\"><\/a> (Orosh\u00e1za, 1906 &#8211; Budapest, 1973) Orvosi diplom\u00e1j\u00e1t Debrecenben kapta 1932-ben, de m\u00e1r 1928-ban Verz\u00e1r Frigyes \u00c9lettani Int\u00e9zet\u00e9ben, majd a Tihanyi Magyar Biol\u00f3giai Kutat\u00f3 Int\u00e9zetben dolgozott. 1932 janu\u00e1rj\u00e1t\u00f3l a debreceni k\u00f6zk\u00f3rh\u00e1z gyermekoszt\u00e1ly\u00e1n m\u0171k\u00f6d\u00f6tt seg\u00e9dorvosk\u00e9nt, majd az \u00e9v v\u00e9g\u00e9t\u0151l Orosh\u00e1z\u00e1n mag\u00e1npraxist kezdett. 1936 szeptember\u00e9t\u0151l Mansfeld G\u00e9za professzor megh\u00edvta tan\u00e1rseg\u00e9dnek a p\u00e9csi Orvoskar K\u00f3rtani Int\u00e9zet\u00e9be. 1940-ben itt szerzett &hellip;<\/p>\n","protected":false},"author":282,"featured_media":778,"parent":347,"menu_order":0,"comment_status":"closed","ping_status":"closed","template":"template-fullwidth.php","meta":{"_acf_changed":false,"footnotes":""},"categories":[77,5,14],"tags":[],"class_list":["post-777","page","type-page","status-publish","has-post-thumbnail","hentry","category-kegyeleti-adattar","category-rektorok","category-teljes-nevlista"],"acf":[],"_links":{"self":[{"href":"https:\/\/semmelweis.hu\/baratikor\/wp-json\/wp\/v2\/pages\/777","targetHints":{"allow":["GET"]}}],"collection":[{"href":"https:\/\/semmelweis.hu\/baratikor\/wp-json\/wp\/v2\/pages"}],"about":[{"href":"https:\/\/semmelweis.hu\/baratikor\/wp-json\/wp\/v2\/types\/page"}],"author":[{"embeddable":true,"href":"https:\/\/semmelweis.hu\/baratikor\/wp-json\/wp\/v2\/users\/282"}],"replies":[{"embeddable":true,"href":"https:\/\/semmelweis.hu\/baratikor\/wp-json\/wp\/v2\/comments?post=777"}],"version-history":[{"count":1,"href":"https:\/\/semmelweis.hu\/baratikor\/wp-json\/wp\/v2\/pages\/777\/revisions"}],"predecessor-version":[{"id":779,"href":"https:\/\/semmelweis.hu\/baratikor\/wp-json\/wp\/v2\/pages\/777\/revisions\/779"}],"up":[{"embeddable":true,"href":"https:\/\/semmelweis.hu\/baratikor\/wp-json\/wp\/v2\/pages\/347"}],"wp:featuredmedia":[{"embeddable":true,"href":"https:\/\/semmelweis.hu\/baratikor\/wp-json\/wp\/v2\/media\/778"}],"wp:attachment":[{"href":"https:\/\/semmelweis.hu\/baratikor\/wp-json\/wp\/v2\/media?parent=777"}],"wp:term":[{"taxonomy":"category","embeddable":true,"href":"https:\/\/semmelweis.hu\/baratikor\/wp-json\/wp\/v2\/categories?post=777"},{"taxonomy":"post_tag","embeddable":true,"href":"https:\/\/semmelweis.hu\/baratikor\/wp-json\/wp\/v2\/tags?post=777"}],"curies":[{"name":"wp","href":"https:\/\/api.w.org\/{rel}","templated":true}]}}