{"id":773,"date":"2022-06-21T11:51:39","date_gmt":"2022-06-21T09:51:39","guid":{"rendered":"https:\/\/semmelweis.hu\/baratikor\/?page_id=773"},"modified":"2022-06-21T11:51:39","modified_gmt":"2022-06-21T09:51:39","slug":"beregi-edit","status":"publish","type":"page","link":"https:\/\/semmelweis.hu\/baratikor\/galeria\/teljes-nevlista\/beregi-edit\/","title":{"rendered":"Beregi Edit"},"content":{"rendered":"<p><strong><img loading=\"lazy\" decoding=\"async\" class=\"alignleft wp-image-774 size-full\" src=\"https:\/\/semmelweis.hu\/baratikor\/files\/2022\/06\/107_11.jpg\" alt=\"\" width=\"295\" height=\"370\" \/>(Brass\u00f3, 1926 &#8211; )<\/strong><\/p>\n<p style=\"text-align: justify\">\u00c9retts\u00e9gi ut\u00e1n a h\u00e1bor\u00fa alatt \u00e1pol\u00f3n\u0151k\u00e9nt dolgozott egy gyermekotthonban, majd a szegedi Orvoskarra iratkozott. A m\u00e1sodik \u00e9vet m\u00e1r Budapesten v\u00e9gezte, ahol 1950-ben szerzett diplom\u00e1t \u201esumma cum laude\u201d min\u0151s\u00edt\u00e9ssel. 1947-t\u0151l vett r\u00e9szt az I. sz. K\u00f3rbonctani Int\u00e9zet munk\u00e1j\u00e1ban mint externista, majd 1950-t\u0151l demonstr\u00e1tor. 1951\/52-ben a II. sz. K\u00f3rbonctani Int\u00e9zetben tan\u00e1rseg\u00e9d, 1952 \u00e9s 1955 k\u00f6z\u00f6tt az MTA aspir\u00e1nsa. Az aspirant\u00fara befejezt\u00e9vel a II. sz. K\u00f3rbonctani Int\u00e9zetben maradt 1960-ig, amikor f\u0151orvosi kinevez\u00e9st kapott a Pest megyei Tan\u00e1cs Semmelweis K\u00f3rh\u00e1z K\u00f3rbonctani Oszt\u00e1ly\u00e1ra, ahol 1976-ig dolgozott. 1961-ben megb\u00edz\u00e1st kapott az Eg\u00e9szs\u00e9g\u00fcgyi Miniszt\u00e9riumt\u00f3l, hogy m\u00e1sod\u00e1ll\u00e1s\u00fa igazgat\u00f3-f\u0151orvosk\u00e9nt Gerontol\u00f3giai Kutat\u00f3 Int\u00e9zetet szervezzen a megsz\u00fcntetett \u00c1llami B\u00e1bak\u00e9pz\u0151 Int\u00e9zet (VIII., Somogyi B\u00e9la u. 33.) hely\u00e9n. Az int\u00e9zm\u00e9ny az els\u0151 \u00e9vben \u00c1llami Geri\u00e1triai K\u00f3rh\u00e1z n\u00e9ven m\u0171k\u00f6d\u00f6tt, majd 1962-1965 k\u00f6z\u00f6tt \u00e1talak\u00edt\u00e1sok zajlottak. Az int\u00e9zet 1965-ben ny\u00edlt meg, tudom\u00e1nyos igazgat\u00f3i teend\u0151ket Haranghy L\u00e1szl\u00f3 professzor l\u00e1tta el. Beregi Edit 1965-1967 k\u00f6z\u00f6tt m\u00e1sod\u00e1ll\u00e1sban az ORFI Gerontol\u00f3giai Int\u00e9zet vezet\u00e9s\u00e9t l\u00e1tta el. 1967-t\u0151l ism\u00e9t a Gerontol\u00f3giai Kutat\u00f3 Int\u00e9zet igazgat\u00f3-f\u0151orvosa. 1969. febru\u00e1r 5-\u00e9n megkapta az orvostudom\u00e1nyok doktora fokozatot. 1967-ben az int\u00e9zetet a Budapesti Orvostudom\u00e1nyi Egyetemhez csatolt\u00e1k Gerontol\u00f3giai Kutat\u00f3 Csoport n\u00e9ven. Igazgat\u00e1s\u00e1t 1976-t\u00f3l 1993-ig f\u0151\u00e1ll\u00e1sban Beregi Edit l\u00e1tta el, 1980. j\u00falius 1-je \u00f3ta egyetemi tan\u00e1ri kinevez\u00e9ssel. T\u00f6bb nemzetk\u00f6zi szakmai t\u00e1rsas\u00e1g tagja, vezet\u0151s\u00e9gi tagja, 1969-ben megosztva nyerte el a Karger Alap\u00edtv\u00e1ny d\u00edj\u00e1t. F\u0151bb kit\u00fcntet\u00e9sei: Szocialista Munk\u00e1\u00e9rt \u00c9rdem\u00e9rem (1962), Munka \u00c9rdemrend arany fokozata (1986). \/k\u00e9p lel\u0151helye: SOTE-lev\u00e9lt\u00e1r 49. fond\/<\/p>\n","protected":false},"excerpt":{"rendered":"<p>(Brass\u00f3, 1926 &#8211; ) \u00c9retts\u00e9gi ut\u00e1n a h\u00e1bor\u00fa alatt \u00e1pol\u00f3n\u0151k\u00e9nt dolgozott egy gyermekotthonban, majd a szegedi Orvoskarra iratkozott. A m\u00e1sodik \u00e9vet m\u00e1r Budapesten v\u00e9gezte, ahol 1950-ben szerzett diplom\u00e1t \u201esumma cum laude\u201d min\u0151s\u00edt\u00e9ssel. 1947-t\u0151l vett r\u00e9szt az I. sz. K\u00f3rbonctani Int\u00e9zet munk\u00e1j\u00e1ban mint externista, majd 1950-t\u0151l demonstr\u00e1tor. 1951\/52-ben a II. sz. K\u00f3rbonctani Int\u00e9zetben tan\u00e1rseg\u00e9d, 1952 \u00e9s &hellip;<\/p>\n","protected":false},"author":282,"featured_media":774,"parent":347,"menu_order":0,"comment_status":"closed","ping_status":"closed","template":"template-fullwidth.php","meta":{"_acf_changed":false,"footnotes":""},"categories":[16,14],"tags":[],"class_list":["post-773","page","type-page","status-publish","has-post-thumbnail","hentry","category-tanszekvezetok","category-teljes-nevlista"],"acf":[],"_links":{"self":[{"href":"https:\/\/semmelweis.hu\/baratikor\/wp-json\/wp\/v2\/pages\/773","targetHints":{"allow":["GET"]}}],"collection":[{"href":"https:\/\/semmelweis.hu\/baratikor\/wp-json\/wp\/v2\/pages"}],"about":[{"href":"https:\/\/semmelweis.hu\/baratikor\/wp-json\/wp\/v2\/types\/page"}],"author":[{"embeddable":true,"href":"https:\/\/semmelweis.hu\/baratikor\/wp-json\/wp\/v2\/users\/282"}],"replies":[{"embeddable":true,"href":"https:\/\/semmelweis.hu\/baratikor\/wp-json\/wp\/v2\/comments?post=773"}],"version-history":[{"count":1,"href":"https:\/\/semmelweis.hu\/baratikor\/wp-json\/wp\/v2\/pages\/773\/revisions"}],"predecessor-version":[{"id":775,"href":"https:\/\/semmelweis.hu\/baratikor\/wp-json\/wp\/v2\/pages\/773\/revisions\/775"}],"up":[{"embeddable":true,"href":"https:\/\/semmelweis.hu\/baratikor\/wp-json\/wp\/v2\/pages\/347"}],"wp:featuredmedia":[{"embeddable":true,"href":"https:\/\/semmelweis.hu\/baratikor\/wp-json\/wp\/v2\/media\/774"}],"wp:attachment":[{"href":"https:\/\/semmelweis.hu\/baratikor\/wp-json\/wp\/v2\/media?parent=773"}],"wp:term":[{"taxonomy":"category","embeddable":true,"href":"https:\/\/semmelweis.hu\/baratikor\/wp-json\/wp\/v2\/categories?post=773"},{"taxonomy":"post_tag","embeddable":true,"href":"https:\/\/semmelweis.hu\/baratikor\/wp-json\/wp\/v2\/tags?post=773"}],"curies":[{"name":"wp","href":"https:\/\/api.w.org\/{rel}","templated":true}]}}