{"id":769,"date":"2022-06-21T11:49:37","date_gmt":"2022-06-21T09:49:37","guid":{"rendered":"https:\/\/semmelweis.hu\/baratikor\/?page_id=769"},"modified":"2023-01-09T11:29:44","modified_gmt":"2023-01-09T10:29:44","slug":"miskovits-gusztav","status":"publish","type":"page","link":"https:\/\/semmelweis.hu\/baratikor\/galeria\/teljes-nevlista\/miskovits-gusztav\/","title":{"rendered":"Miskovits Guszt\u00e1v"},"content":{"rendered":"<p><strong><a href=\"https:\/\/semmelweis.hu\/baratikor\/files\/2022\/06\/191_11.jpg\"><img loading=\"lazy\" decoding=\"async\" class=\"alignleft wp-image-770 size-full\" src=\"https:\/\/semmelweis.hu\/baratikor\/files\/2022\/06\/191_11.jpg\" alt=\"\" width=\"295\" height=\"370\" \/><\/a>(Nagykikinda, 1919. augusztus 24. \u2013 Budapest, 1996. febru\u00e1r 20.)<\/strong><\/p>\n<p style=\"text-align: justify\">D\u00e9k\u00e1n: 1967\/68 &#8211; 1969\/70, 1976\/77 &#8211; 1978\/79<\/p>\n<p style=\"text-align: justify\">Egyetemi tanulm\u00e1nyait Belgr\u00e1dban kezdte meg 1937-ben. 1938-1941 k\u00f6z\u00f6tt az itteni K\u00f3rbonctani Int\u00e9zetben m\u0171k\u00f6d\u00f6tt, majd a front \u00e1tvonul\u00e1sa ut\u00e1n a n\u00e9metek megsz\u00e1llta ter\u00fcletr\u0151l 1941 tavasz\u00e1n Magyarorsz\u00e1gra sz\u00f6k\u00f6tt. Tanulm\u00e1nyait Szegeden folytatta, ahol 1943 december\u00e9ben orvosi diplom\u00e1t szerzett. Orvosi m\u0171k\u00f6d\u00e9s\u00e9t 1943-ban a szegedi Beldiagnosztikai Klinik\u00e1n kezdte, majd gyakorl\u00f3 orvosk\u00e9nt Szentendr\u00e9n folytatta. 1944 v\u00e9g\u00e9n honv\u00e9dorvosk\u00e9nt beh\u00edvt\u00e1k katonai szolg\u00e1latra, majd angol fogs\u00e1gba esett, ahonnan 1946 szeptember\u00e9ben t\u00e9rt vissza. Orvosi m\u0171k\u00f6d\u00e9s\u00e9t a Tolna megyei Bedegk\u00e9ren, majd 1947 tavasz\u00e1t\u00f3l Budakal\u00e1szon folytatta. Ezzel p\u00e1rhuzamosan kezdte meg szakk\u00e9pz\u00e9s\u00e9t a k\u00e9s\u0151bbi T\u00fcd\u0151klinik\u00e1n, ahol el\u0151bb k\u00f3rh\u00e1zi seg\u00e9dorvos, majd 1948 okt\u00f3ber\u00e9t\u0151l klinikai gyakornok lett. 1947-ben csatlakozott a Szoci\u00e1ldemokrata P\u00e1rthoz, de innen a p\u00e1rtegyes\u00fcl\u00e9s (1948, Magyar Dolgoz\u00f3k P\u00e1rtja n\u00e9ven) ut\u00e1n \u201enyugatoss\u00e1g\u201d v\u00e1dj\u00e1val 1949 tavasz\u00e1n kiz\u00e1rt\u00e1k. 1950-t\u0151l az Orvos-Eg\u00e9szs\u00e9g\u00fcgyi Szakszervezetben fejtett ki tev\u00e9kenys\u00e9get. 1951-ben tan\u00e1rseg\u00e9di, 1953-ban adjunktusi kinevez\u00e9st kapott. 1957-t\u0151l docens, majd Kov\u00e1ts Ferenc professzor nyugd\u00edjaz\u00e1sa ut\u00e1n, 1961 szeptember\u00e9ben megb\u00edzt\u00e1k a T\u00fcd\u0151gy\u00f3gy\u00e1szati Klinika vezet\u00e9s\u00e9vel. 1963 \u00e1prilis\u00e1ban kapta meg egyetemi tan\u00e1ri kinevez\u00e9s\u00e9t. A tansz\u00e9kvezet\u0151i feladatk\u00f6rt 1988 j\u00fanius\u00e1ig l\u00e1tta el. 1964-ben az egyetem \u00c1ltal\u00e1nos Orvostudom\u00e1nyi Kar\u00e1nak d\u00e9k\u00e1nhelyettese, majd k\u00e9t ciklusban (1967-1970, 1976-1979) d\u00e9k\u00e1nja. Tudom\u00e1nyos k\u00f6zlem\u00e9nyei \u2013 munk\u00e1ss\u00e1g\u00e1nak kezdet\u00e9n \u2013 a tuberculosis k\u00eds\u00e9rletes vizsg\u00e1lataival foglalkoztak, majd k\u00e9s\u0151bb a nem g\u00fcm\u0151s t\u00fcd\u0151betegs\u00e9gek klinikai kutat\u00e1s\u00e1val. Kandid\u00e1tusi disszert\u00e1ci\u00f3ja a \u201eMellkasi betegs\u00e9gek \u00f6sszehasonl\u00edt\u00f3 biopszi\u00e1s vizsg\u00e1lata\u201d c. t\u00e9mak\u00f6rb\u0151l k\u00e9sz\u00fclt 1959-ben. Ezt a t\u00e9mak\u00f6rt folytatva, a spont\u00e1n l\u00e9gmell patogenetikai vizsg\u00e1lat\u00e1val foglalkozott. M\u0171k\u00f6d\u00e9si ter\u00fclete a kr\u00f3nikus aspecifikus t\u00fcd\u0151betegs\u00e9gek kutat\u00e1sa, az obstrukt\u00edv t\u00fcd\u0151betegs\u00e9gek k\u00f3r\u00e9lettana \u00e9s j\u00e1rv\u00e1nytana. Test-plethysmographi\u00e1s m\u00f3dszerrel vizsg\u00e1lta a spont\u00e1n pneumothorax kezel\u00e9se sor\u00e1n a pleuralis compliance-t, a pleura\u00fcreg g\u00e1zcser\u00e9j\u00e9t. A Nemzetk\u00f6zi Tbc Unio vezet\u0151s\u00e9gi tagja, a Kor\u00e1nyi Frigyes Tbc \u00e9s T\u00fcd\u0151gy\u00f3gy\u00e1sz T\u00e1rsas\u00e1g eln\u00f6ke, az Association Francaise de Pathologie Respiratoire, az American College of Chest Physician \u00e9s m\u00e1s tudom\u00e1nyos egyes\u00fcletek tagja volt.<\/p>\n<p style=\"text-align: justify\">Kit\u00fcntet\u00e9sei: Kor\u00e1nyi eml\u00e9k\u00e9rem (1966), Kiv\u00e1l\u00f3 orvos (1971), SOTE kiv\u00e1l\u00f3 oktat\u00f3ja (1975). Munk\u00e1i: 81 k\u00f6zlem\u00e9ny, 3 monogr\u00e1fia \u00e9s 2 tank\u00f6nyv. 1996-ban halt meg, a Farkasr\u00e9ti temet\u0151ben nyugszik.<\/p>\n<p style=\"text-align: justify\">(F\u0151bb munk\u00e1i: Nem g\u00fcm\u0151s t\u00fcd\u0151betegs\u00e9gek \/Sz\u0171cs S\u00e1ndorral\/. Bp., 1961.; A t\u00fcd\u0151tuberkul\u00f3zis. Egyetemi tank\u00f6nyv. Bp., 1966.; A t\u00fcd\u0151gy\u00f3gy\u00e1szat. Bp., 1973.; A t\u00fcd\u0151betegs\u00e9gek \/Major-Magyar-Sz\u00fcle-Zolnay\/. Egyetemi jegyzet, Bp., 1977.)<\/p>\n<p><a href=\"https:\/\/semmelweis.hu\/baratikor\/files\/2022\/06\/191_21.jpg\"><img loading=\"lazy\" decoding=\"async\" class=\"alignleft wp-image-771 size-full\" src=\"https:\/\/semmelweis.hu\/baratikor\/files\/2022\/06\/191_21.jpg\" alt=\"\" width=\"295\" height=\"370\" \/><\/a><\/p>\n","protected":false},"excerpt":{"rendered":"<p><a href=\"https:\/\/semmelweis.hu\/baratikor\/files\/2022\/06\/191_11.jpg\"><\/a> (Nagykikinda, 1919. augusztus 24. \u2013 Budapest, 1996. febru\u00e1r 20.) D\u00e9k\u00e1n: 1967\/68 &#8211; 1969\/70, 1976\/77 &#8211; 1978\/79 Egyetemi tanulm\u00e1nyait Belgr\u00e1dban kezdte meg 1937-ben. 1938-1941 k\u00f6z\u00f6tt az itteni K\u00f3rbonctani Int\u00e9zetben m\u0171k\u00f6d\u00f6tt, majd a front \u00e1tvonul\u00e1sa ut\u00e1n a n\u00e9metek megsz\u00e1llta ter\u00fcletr\u0151l 1941 tavasz\u00e1n Magyarorsz\u00e1gra sz\u00f6k\u00f6tt. Tanulm\u00e1nyait Szegeden folytatta, ahol 1943 december\u00e9ben orvosi diplom\u00e1t szerzett. Orvosi m\u0171k\u00f6d\u00e9s\u00e9t 1943-ban a &hellip;<\/p>\n","protected":false},"author":282,"featured_media":770,"parent":347,"menu_order":0,"comment_status":"closed","ping_status":"closed","template":"template-fullwidth.php","meta":{"_acf_changed":false,"footnotes":""},"categories":[80,6,20,77,14],"tags":[],"class_list":["post-769","page","type-page","status-publish","has-post-thumbnail","hentry","category-aok-dekanjai","category-dekanok","category-dekanok-karok-szerint","category-kegyeleti-adattar","category-teljes-nevlista"],"acf":[],"_links":{"self":[{"href":"https:\/\/semmelweis.hu\/baratikor\/wp-json\/wp\/v2\/pages\/769","targetHints":{"allow":["GET"]}}],"collection":[{"href":"https:\/\/semmelweis.hu\/baratikor\/wp-json\/wp\/v2\/pages"}],"about":[{"href":"https:\/\/semmelweis.hu\/baratikor\/wp-json\/wp\/v2\/types\/page"}],"author":[{"embeddable":true,"href":"https:\/\/semmelweis.hu\/baratikor\/wp-json\/wp\/v2\/users\/282"}],"replies":[{"embeddable":true,"href":"https:\/\/semmelweis.hu\/baratikor\/wp-json\/wp\/v2\/comments?post=769"}],"version-history":[{"count":1,"href":"https:\/\/semmelweis.hu\/baratikor\/wp-json\/wp\/v2\/pages\/769\/revisions"}],"predecessor-version":[{"id":772,"href":"https:\/\/semmelweis.hu\/baratikor\/wp-json\/wp\/v2\/pages\/769\/revisions\/772"}],"up":[{"embeddable":true,"href":"https:\/\/semmelweis.hu\/baratikor\/wp-json\/wp\/v2\/pages\/347"}],"wp:featuredmedia":[{"embeddable":true,"href":"https:\/\/semmelweis.hu\/baratikor\/wp-json\/wp\/v2\/media\/770"}],"wp:attachment":[{"href":"https:\/\/semmelweis.hu\/baratikor\/wp-json\/wp\/v2\/media?parent=769"}],"wp:term":[{"taxonomy":"category","embeddable":true,"href":"https:\/\/semmelweis.hu\/baratikor\/wp-json\/wp\/v2\/categories?post=769"},{"taxonomy":"post_tag","embeddable":true,"href":"https:\/\/semmelweis.hu\/baratikor\/wp-json\/wp\/v2\/tags?post=769"}],"curies":[{"name":"wp","href":"https:\/\/api.w.org\/{rel}","templated":true}]}}