{"id":766,"date":"2022-06-22T11:13:36","date_gmt":"2022-06-22T09:13:36","guid":{"rendered":"https:\/\/semmelweis.hu\/baratikor\/?page_id=766"},"modified":"2023-01-09T11:34:35","modified_gmt":"2023-01-09T10:34:35","slug":"zoltan-imre","status":"publish","type":"page","link":"https:\/\/semmelweis.hu\/baratikor\/galeria\/teljes-nevlista\/zoltan-imre\/","title":{"rendered":"Zolt\u00e1n Imre"},"content":{"rendered":"<p style=\"text-align: justify\"><strong><a href=\"https:\/\/semmelweis.hu\/baratikor\/files\/2022\/06\/052_11.jpg\"><img loading=\"lazy\" decoding=\"async\" class=\"alignleft wp-image-767 size-full\" src=\"https:\/\/semmelweis.hu\/baratikor\/files\/2022\/06\/052_11.jpg\" alt=\"\" width=\"295\" height=\"369\" \/><\/a>(Budapest, 1909. december 12. &#8211; Budapest, 2002. m\u00e1rcius 21.)<\/strong><\/p>\n<p style=\"text-align: justify\">D\u00e9k\u00e1n: 1963\/64 \u2013 1966\/67<\/p>\n<p style=\"text-align: justify\">Budapesten sz\u00fcletett, \u00e9desapja v\u00e1rosi tisztvisel\u0151 volt. Tanulm\u00e1nyait a P\u00e1zm\u00e1ny P\u00e9ter Tudom\u00e1nyegyetemen v\u00e9gezte, 1933. szeptember 30-\u00e1n avatt\u00e1k orvoss\u00e1. Egyetemi \u00e9vei alatt a Farkas G\u00e9za vezette \u00c9lettani Int\u00e9zetben gyakornokoskodott, majd az oklev\u00e9l megszerz\u00e9se ut\u00e1n a Frigyesi J\u00f3zsef vezette I. sz. Sz\u00fcl\u00e9szeti \u00e9s N\u0151gy\u00f3gy\u00e1szati Klinik\u00e1n kapott tan\u00e1rseg\u00e9di \u00e1ll\u00e1st. 1945 \u00e1prilis\u00e1t\u00f3l els\u0151k\u00e9nt t\u00f6lt\u00f6tte be az MKP egyetemi szervezet\u00e9nek titk\u00e1ri tiszt\u00e9t. 1946. febru\u00e1r 11-t\u0151l a p\u00e1rhuzamos n\u0151i klinika adjunktusa, majd 1947 \u00e1prilis\u00e1t\u00f3l megb\u00edzott vezet\u0151je lett. Egyetemi tan\u00e1ri \u00e9s egyben igazgat\u00f3i kinevez\u00e9s\u00e9t 1950. szeptember 23-\u00e1n kapta meg. 1952-ben az orvostudom\u00e1nyok kandid\u00e1tusa, 1961-ben az orvostudom\u00e1nyok doktora fokozatot \u00e9rte el. 1970-t\u0151l m\u00e1sod\u00e1ll\u00e1sban ell\u00e1tta az Orsz\u00e1gos Sz\u00fcl\u00e9szeti \u00e9s N\u0151gy\u00f3gy\u00e1szati Int\u00e9zet igazgat\u00f3i tiszt\u00e9t is. Szerepet v\u00e1llalt a szakmai k\u00f6z\u00e9letben. 1957-1975 k\u00f6z\u00f6tt eln\u00f6ke, majd 1975-t\u0151l \u00f6r\u00f6k\u00f6s tiszteletbeli eln\u00f6ke volt a Magyar N\u0151orvosok T\u00e1rsas\u00e1g\u00e1nak, a MOTESZ-nek 1966-1972 k\u00f6z\u00f6tt els\u0151 f\u0151titk\u00e1ra, k\u00e9s\u0151bb (1983-1985) eln\u00f6ke volt. 1970-1973 k\u00f6z\u00f6tt a Nemzetk\u00f6zi N\u0151orvos Sz\u00f6vets\u00e9g eln\u00f6ki tiszt\u00e9t t\u00f6lt\u00f6tte be. Orvost\u00f6rt\u00e9nelemmel is foglalkozott, Semmelweisr\u0151l monogr\u00e1fi\u00e1t is \u00edrt. Sz\u00e1mos kit\u00fcntet\u00e9s tulajdonosa (pl. Magyar N\u00e9pk\u00f6zt\u00e1rsas\u00e1g \u00c9rdem\u00e9rem arany fokozata &#8211; 1951, Munka\u00e9rdemrend arany fokozata &#8211; 1966, 1969, 1977, Szocialista Magyarorsz\u00e1g\u00e9rt \u00c9rdemrend &#8211; 1979, Magyar K\u00f6zt\u00e1rsas\u00e1gi \u00c9rdemrend tiszti keresztje &#8211; 1995 stb.), \u00e9s t\u00f6bb szakmai szervezet tiszts\u00e9gvisel\u0151je. 1981-ben vonult nyug\u00e1llom\u00e1nyba. 1963-1967 k\u00f6z\u00f6tt az \u00c1ltal\u00e1nos Orvostudom\u00e1nyi Kar d\u00e9k\u00e1nja, 1967-1973 k\u00f6z\u00f6tt k\u00e9t ciklusban az egyetem rektora volt. Az \u0151 javaslat\u00e1ra vette fel az egyetem Semmelweis nev\u00e9t 1969-ben.<\/p>\n<p style=\"text-align: justify\">(F\u0151bb munk\u00e1i: N\u0151gy\u00f3gy\u00e1szati m\u0171t\u00e9ttan. Bp., 1949., 2. \u00e1tdolg. kiad\u00e1s \/Ferk\u00f3 S\u00e1ndorral\/ 1967.; Sz\u00fcl\u00e9szet. Bp., 1951.; N\u0151gy\u00f3gy\u00e1szat. Bp., 1953.; A cs\u00e1sz\u00e1rmetsz\u00e9s a mai sz\u00fcl\u00e9szet keret\u00e9ben. Bp., 1962.; Semmelweis \u00e9lete \u00e9s munk\u00e1ss\u00e1ga. Bp., 1966., angolul 1966.; Sz\u00fcl\u00e9szet. Bp., 1978.; N\u0151gy\u00f3gy\u00e1szat \u2013 egyetemi tank\u00f6nyv. Bp., 1975.)<\/p>\n","protected":false},"excerpt":{"rendered":"<p><a href=\"https:\/\/semmelweis.hu\/baratikor\/files\/2022\/06\/052_11.jpg\"><\/a> (Budapest, 1909. december 12. &#8211; Budapest, 2002. m\u00e1rcius 21.) D\u00e9k\u00e1n: 1963\/64 \u2013 1966\/67 Budapesten sz\u00fcletett, \u00e9desapja v\u00e1rosi tisztvisel\u0151 volt. Tanulm\u00e1nyait a P\u00e1zm\u00e1ny P\u00e9ter Tudom\u00e1nyegyetemen v\u00e9gezte, 1933. szeptember 30-\u00e1n avatt\u00e1k orvoss\u00e1. Egyetemi \u00e9vei alatt a Farkas G\u00e9za vezette \u00c9lettani Int\u00e9zetben gyakornokoskodott, majd az oklev\u00e9l megszerz\u00e9se ut\u00e1n a Frigyesi J\u00f3zsef vezette I. sz. Sz\u00fcl\u00e9szeti \u00e9s N\u0151gy\u00f3gy\u00e1szati Klinik\u00e1n &hellip;<\/p>\n","protected":false},"author":282,"featured_media":767,"parent":347,"menu_order":0,"comment_status":"closed","ping_status":"closed","template":"template-fullwidth.php","meta":{"_acf_changed":false,"footnotes":""},"categories":[80,6,20,77,5,14],"tags":[],"class_list":["post-766","page","type-page","status-publish","has-post-thumbnail","hentry","category-aok-dekanjai","category-dekanok","category-dekanok-karok-szerint","category-kegyeleti-adattar","category-rektorok","category-teljes-nevlista"],"acf":[],"_links":{"self":[{"href":"https:\/\/semmelweis.hu\/baratikor\/wp-json\/wp\/v2\/pages\/766","targetHints":{"allow":["GET"]}}],"collection":[{"href":"https:\/\/semmelweis.hu\/baratikor\/wp-json\/wp\/v2\/pages"}],"about":[{"href":"https:\/\/semmelweis.hu\/baratikor\/wp-json\/wp\/v2\/types\/page"}],"author":[{"embeddable":true,"href":"https:\/\/semmelweis.hu\/baratikor\/wp-json\/wp\/v2\/users\/282"}],"replies":[{"embeddable":true,"href":"https:\/\/semmelweis.hu\/baratikor\/wp-json\/wp\/v2\/comments?post=766"}],"version-history":[{"count":2,"href":"https:\/\/semmelweis.hu\/baratikor\/wp-json\/wp\/v2\/pages\/766\/revisions"}],"predecessor-version":[{"id":783,"href":"https:\/\/semmelweis.hu\/baratikor\/wp-json\/wp\/v2\/pages\/766\/revisions\/783"}],"up":[{"embeddable":true,"href":"https:\/\/semmelweis.hu\/baratikor\/wp-json\/wp\/v2\/pages\/347"}],"wp:featuredmedia":[{"embeddable":true,"href":"https:\/\/semmelweis.hu\/baratikor\/wp-json\/wp\/v2\/media\/767"}],"wp:attachment":[{"href":"https:\/\/semmelweis.hu\/baratikor\/wp-json\/wp\/v2\/media?parent=766"}],"wp:term":[{"taxonomy":"category","embeddable":true,"href":"https:\/\/semmelweis.hu\/baratikor\/wp-json\/wp\/v2\/categories?post=766"},{"taxonomy":"post_tag","embeddable":true,"href":"https:\/\/semmelweis.hu\/baratikor\/wp-json\/wp\/v2\/tags?post=766"}],"curies":[{"name":"wp","href":"https:\/\/api.w.org\/{rel}","templated":true}]}}