{"id":763,"date":"2022-06-21T10:06:47","date_gmt":"2022-06-21T08:06:47","guid":{"rendered":"https:\/\/semmelweis.hu\/baratikor\/?page_id=763"},"modified":"2023-01-09T11:11:28","modified_gmt":"2023-01-09T10:11:28","slug":"berenyi-bela","status":"publish","type":"page","link":"https:\/\/semmelweis.hu\/baratikor\/galeria\/teljes-nevlista\/berenyi-bela\/","title":{"rendered":"Ber\u00e9nyi B\u00e9la"},"content":{"rendered":"<p style=\"text-align: justify\"><strong><a href=\"https:\/\/semmelweis.hu\/baratikor\/files\/2022\/06\/198_11.jpg\"><img loading=\"lazy\" decoding=\"async\" class=\"alignleft wp-image-764 size-full\" src=\"https:\/\/semmelweis.hu\/baratikor\/files\/2022\/06\/198_11.jpg\" alt=\"\" width=\"295\" height=\"370\" \/><\/a>(Debrecen, 1911 -)<\/strong><\/p>\n<p style=\"text-align: justify\">Debrecenben v\u00e9gezte k\u00f6z\u00e9piskolai tanulm\u00e1nyait, orvosi diplom\u00e1j\u00e1t is itt szerezte 1935-ben. Ezut\u00e1n k\u00e9t \u00e9s f\u00e9l \u00e9vet B\u00e9csben t\u00f6lt\u00f6tt, itt seb\u00e9szeten \u00e9s fog\u00e1szaton dolgozott. 1938-ban Budapestre t\u00e9rt vissza, ahol mag\u00e1npraxisba kezdett, majd 1949-t\u0151l a Honv\u00e9d K\u00f3rh\u00e1z sz\u00e1jseb\u00e9szet\u00e9n oszt\u00e1lyvezet\u0151k\u00e9nt dolgozott. 1957-t\u0151l a K\u00f6zponti Stomatol\u00f3giai Int\u00e9zet igazgat\u00f3ja lett, s k\u00f6zben a Sz\u00e1jseb\u00e9szeti Klinika fekv\u0151beteg oszt\u00e1ly\u00e1t is vezette. \u00c9let\u00e9nek \u00e9s munk\u00e1ss\u00e1g\u00e1nak meghat\u00e1roz\u00f3 r\u00e9sze volt az az egy \u00e9v, melyet Kore\u00e1ban t\u00f6lt\u00f6tt, mint a magyar orvoscsoport vezet\u0151je. Itt nagy seb\u00e9szi rutint szerzett, amit a k\u00e9s\u0151bbiekben b\u0151ven kamatoztatott. 1967-ben a Sz\u00e1jseb\u00e9szeti \u00e9s Fog\u00e1szati Klinika int\u00e9zetvezet\u0151 egyetemi tan\u00e1r\u00e1v\u00e1 nevezt\u00e9k ki. \u00c9lve a 60-as \u00e9vekben megny\u00edl\u00f3 \u00faj lehet\u0151s\u00e9gekkel a klinik\u00e1t bevezette a nemzetk\u00f6zi sz\u00e1jseb\u00e9szet v\u00e9rkering\u00e9s\u00e9be. A klinika minden orvosa sz\u00e1m\u00e1ra el\u00e9rhet\u0151v\u00e9 v\u00e1lt, hogy k\u00fclf\u00f6ldi tanulm\u00e1ny\u00faton vegyen r\u00e9szt. T\u00f6bb nemzetk\u00f6zi sz\u00e1jseb\u00e9sz t\u00e1rsas\u00e1g alap\u00edt\u00f3, illetve vezet\u0151s\u00e9gi tagja volt. Bevezette \u00e9s rutinszer\u0171v\u00e9 tette klinik\u00e1j\u00e1n a parotisseb\u00e9szetet \u00e9s a dysgnathiak korszer\u0171 seb\u00e9szeti ell\u00e1t\u00e1s\u00e1t, ami abban az id\u0151ben \u00fatt\u00f6r\u0151 jelleg\u0171 volt. Hat \u00e9ven kereszt\u00fcl l\u00e1tta el a Fogorvostudom\u00e1nyi Kar d\u00e9k\u00e1ni feladatait is. 1976-ban ment nyugd\u00edjba. Ber\u00e9nyi professzor nemzetk\u00f6zileg ismert \u00e9s elismert szakember volt. F\u00f6l\u00e9nyes angol, n\u00e9met, francia nyelvtud\u00e1s\u00e1nak k\u00f6sz\u00f6nhet\u0151en eg\u00e9sz Eur\u00f3p\u00e1ban ismert\u00e9k \u00e9s elismert\u00e9k. Tudom\u00e1nyos munk\u00e1i nagym\u00e9rt\u00e9kben el\u0151revitt\u00e9k a magyar sz\u00e1jseb\u00e9szet fejl\u0151d\u00e9s\u00e9t.<\/p>\n","protected":false},"excerpt":{"rendered":"<p><a href=\"https:\/\/semmelweis.hu\/baratikor\/files\/2022\/06\/198_11.jpg\"><\/a> (Debrecen, 1911 -) Debrecenben v\u00e9gezte k\u00f6z\u00e9piskolai tanulm\u00e1nyait, orvosi diplom\u00e1j\u00e1t is itt szerezte 1935-ben. Ezut\u00e1n k\u00e9t \u00e9s f\u00e9l \u00e9vet B\u00e9csben t\u00f6lt\u00f6tt, itt seb\u00e9szeten \u00e9s fog\u00e1szaton dolgozott. 1938-ban Budapestre t\u00e9rt vissza, ahol mag\u00e1npraxisba kezdett, majd 1949-t\u0151l a Honv\u00e9d K\u00f3rh\u00e1z sz\u00e1jseb\u00e9szet\u00e9n oszt\u00e1lyvezet\u0151k\u00e9nt dolgozott. 1957-t\u0151l a K\u00f6zponti Stomatol\u00f3giai Int\u00e9zet igazgat\u00f3ja lett, s k\u00f6zben a Sz\u00e1jseb\u00e9szeti Klinika fekv\u0151beteg oszt\u00e1ly\u00e1t is &hellip;<\/p>\n","protected":false},"author":282,"featured_media":764,"parent":347,"menu_order":0,"comment_status":"closed","ping_status":"closed","template":"template-fullwidth.php","meta":{"_acf_changed":false,"footnotes":""},"categories":[6,20,82,77,14],"tags":[],"class_list":["post-763","page","type-page","status-publish","has-post-thumbnail","hentry","category-dekanok","category-dekanok-karok-szerint","category-fok-dekanjai","category-kegyeleti-adattar","category-teljes-nevlista"],"acf":[],"_links":{"self":[{"href":"https:\/\/semmelweis.hu\/baratikor\/wp-json\/wp\/v2\/pages\/763","targetHints":{"allow":["GET"]}}],"collection":[{"href":"https:\/\/semmelweis.hu\/baratikor\/wp-json\/wp\/v2\/pages"}],"about":[{"href":"https:\/\/semmelweis.hu\/baratikor\/wp-json\/wp\/v2\/types\/page"}],"author":[{"embeddable":true,"href":"https:\/\/semmelweis.hu\/baratikor\/wp-json\/wp\/v2\/users\/282"}],"replies":[{"embeddable":true,"href":"https:\/\/semmelweis.hu\/baratikor\/wp-json\/wp\/v2\/comments?post=763"}],"version-history":[{"count":1,"href":"https:\/\/semmelweis.hu\/baratikor\/wp-json\/wp\/v2\/pages\/763\/revisions"}],"predecessor-version":[{"id":765,"href":"https:\/\/semmelweis.hu\/baratikor\/wp-json\/wp\/v2\/pages\/763\/revisions\/765"}],"up":[{"embeddable":true,"href":"https:\/\/semmelweis.hu\/baratikor\/wp-json\/wp\/v2\/pages\/347"}],"wp:featuredmedia":[{"embeddable":true,"href":"https:\/\/semmelweis.hu\/baratikor\/wp-json\/wp\/v2\/media\/764"}],"wp:attachment":[{"href":"https:\/\/semmelweis.hu\/baratikor\/wp-json\/wp\/v2\/media?parent=763"}],"wp:term":[{"taxonomy":"category","embeddable":true,"href":"https:\/\/semmelweis.hu\/baratikor\/wp-json\/wp\/v2\/categories?post=763"},{"taxonomy":"post_tag","embeddable":true,"href":"https:\/\/semmelweis.hu\/baratikor\/wp-json\/wp\/v2\/tags?post=763"}],"curies":[{"name":"wp","href":"https:\/\/api.w.org\/{rel}","templated":true}]}}