{"id":748,"date":"2022-06-21T08:25:09","date_gmt":"2022-06-21T06:25:09","guid":{"rendered":"https:\/\/semmelweis.hu\/baratikor\/?page_id=748"},"modified":"2023-01-09T11:18:30","modified_gmt":"2023-01-09T10:18:30","slug":"graf-ferenc","status":"publish","type":"page","link":"https:\/\/semmelweis.hu\/baratikor\/galeria\/teljes-nevlista\/graf-ferenc\/","title":{"rendered":"Gr\u00e1f Ferenc"},"content":{"rendered":"<p style=\"text-align: justify\"><strong><a href=\"https:\/\/semmelweis.hu\/baratikor\/files\/2022\/06\/193_11.jpg\"><img loading=\"lazy\" decoding=\"async\" class=\"wp-image-749 size-full alignleft\" src=\"https:\/\/semmelweis.hu\/baratikor\/files\/2022\/06\/193_11.jpg\" alt=\"\" width=\"295\" height=\"370\" \/><\/a>(Sopronb\u00e1nfalva, 1914 &#8211; Budapest, 1990)<\/strong><\/p>\n<p style=\"text-align: justify\">Iskol\u00e1it Sopronban v\u00e9gezte, majd a budapesti Orvoskarra iratkozott be, ahol 1939-ben avatt\u00e1k orvoss\u00e1. Hallgat\u00f3k\u00e9nt 3 \u00e9vig dolgozott a K\u00f3rbonctani \u00e9s K\u00eds\u00e9rleti R\u00e1kkutat\u00f3 Int\u00e9zetben, k\u00f6zben 3 h\u00f3napot Frankfurt am Mainban t\u00f6lt\u00f6tt tanulm\u00e1ny\u00faton. 1939 \u00e9s 1945 k\u00f6z\u00f6tt k\u00fcl\u00f6nb\u00f6z\u0151 t\u00e1bori \u00e9s hadi k\u00f3rh\u00e1zakban \u00f6sszesen 44 h\u00f3napot szolg\u00e1lt. 1944-ben belgy\u00f3gy\u00e1sz szakorvosi vizsg\u00e1t tett. M\u00e9g 1939-ben a II. sz. Belklinik\u00e1ra ker\u00fclt, ahol 1946-ig gyakornok, majd 1957-ig tan\u00e1rseg\u00e9d, 1965-ig adjunktus. 1965-ben docensi, 1969. j\u00falius 1-j\u00e9n egyetemi tan\u00e1ri kinevez\u00e9st kapott. Tov\u00e1bbra is a II. sz. Belklinik\u00e1n dolgozott igazgat\u00f3helyettesk\u00e9nt, majd 1973. \u00e1prilis 19-t\u0151l megb\u00edzott igazgat\u00f3k\u00e9nt. 1974. j\u00falius 1-j\u00e9n ker\u00fclt a III. sz. Belklinika \u00e9l\u00e9re tansz\u00e9kvezet\u0151 egyetemi tan\u00e1rk\u00e9nt, ahol 1985-ig, nyugalomba vonul\u00e1s\u00e1ig dolgozott. A szakmai k\u00f6z\u00e9letben igen akt\u00edv szerepet j\u00e1tszott. 1945 \u00f3ta tagja volt az Orvoseg\u00e9szs\u00e9g\u00fcgyi Szakszervezetnek, 1950 &#8211; 1965 k\u00f6z\u00f6tt a Belgy\u00f3gy\u00e1sz Szakcsoport f\u0151titk\u00e1ra. Aleln\u00f6ke volt a Magyar Belgy\u00f3gy\u00e1sz T\u00e1rsas\u00e1gnak \u00e9s a Magyar Haematol\u00f3gus T\u00e1rsas\u00e1gnak, vezet\u0151s\u00e9gi tagja a MOTESZ-nek, tov\u00e1bb\u00e1 tagja sz\u00e1mos szakmai szervezetnek. F\u0151bb kit\u00fcntet\u00e9sei: Magyar N\u00e9pk\u00f6zt\u00e1rsas\u00e1gi \u00c9rdem\u00e9rem ez\u00fcst fokozata (1950), SZOT Szakszervezeti Munk\u00e1\u00e9rt arany fokozata (1966), Kiv\u00e1l\u00f3 orvos (1967), Markusovszky-d\u00edj (1968), Fels\u0151oktat\u00e1s Kiv\u00e1l\u00f3 Dolgoz\u00f3ja (1970).<\/p>\n<p><a href=\"https:\/\/semmelweis.hu\/baratikor\/files\/2022\/06\/193_21.jpg\"><img loading=\"lazy\" decoding=\"async\" class=\"alignleft wp-image-750 size-full\" src=\"https:\/\/semmelweis.hu\/baratikor\/files\/2022\/06\/193_21.jpg\" alt=\"\" width=\"295\" height=\"370\" \/><\/a><\/p>\n","protected":false},"excerpt":{"rendered":"<p><a href=\"https:\/\/semmelweis.hu\/baratikor\/files\/2022\/06\/193_11.jpg\"><\/a> (Sopronb\u00e1nfalva, 1914 &#8211; Budapest, 1990) Iskol\u00e1it Sopronban v\u00e9gezte, majd a budapesti Orvoskarra iratkozott be, ahol 1939-ben avatt\u00e1k orvoss\u00e1. Hallgat\u00f3k\u00e9nt 3 \u00e9vig dolgozott a K\u00f3rbonctani \u00e9s K\u00eds\u00e9rleti R\u00e1kkutat\u00f3 Int\u00e9zetben, k\u00f6zben 3 h\u00f3napot Frankfurt am Mainban t\u00f6lt\u00f6tt tanulm\u00e1ny\u00faton. 1939 \u00e9s 1945 k\u00f6z\u00f6tt k\u00fcl\u00f6nb\u00f6z\u0151 t\u00e1bori \u00e9s hadi k\u00f3rh\u00e1zakban \u00f6sszesen 44 h\u00f3napot szolg\u00e1lt. 1944-ben belgy\u00f3gy\u00e1sz szakorvosi vizsg\u00e1t tett. M\u00e9g &hellip;<\/p>\n","protected":false},"author":282,"featured_media":749,"parent":347,"menu_order":0,"comment_status":"closed","ping_status":"closed","template":"template-fullwidth.php","meta":{"_acf_changed":false,"footnotes":""},"categories":[80,6,20,77,14],"tags":[],"class_list":["post-748","page","type-page","status-publish","has-post-thumbnail","hentry","category-aok-dekanjai","category-dekanok","category-dekanok-karok-szerint","category-kegyeleti-adattar","category-teljes-nevlista"],"acf":[],"_links":{"self":[{"href":"https:\/\/semmelweis.hu\/baratikor\/wp-json\/wp\/v2\/pages\/748","targetHints":{"allow":["GET"]}}],"collection":[{"href":"https:\/\/semmelweis.hu\/baratikor\/wp-json\/wp\/v2\/pages"}],"about":[{"href":"https:\/\/semmelweis.hu\/baratikor\/wp-json\/wp\/v2\/types\/page"}],"author":[{"embeddable":true,"href":"https:\/\/semmelweis.hu\/baratikor\/wp-json\/wp\/v2\/users\/282"}],"replies":[{"embeddable":true,"href":"https:\/\/semmelweis.hu\/baratikor\/wp-json\/wp\/v2\/comments?post=748"}],"version-history":[{"count":1,"href":"https:\/\/semmelweis.hu\/baratikor\/wp-json\/wp\/v2\/pages\/748\/revisions"}],"predecessor-version":[{"id":751,"href":"https:\/\/semmelweis.hu\/baratikor\/wp-json\/wp\/v2\/pages\/748\/revisions\/751"}],"up":[{"embeddable":true,"href":"https:\/\/semmelweis.hu\/baratikor\/wp-json\/wp\/v2\/pages\/347"}],"wp:featuredmedia":[{"embeddable":true,"href":"https:\/\/semmelweis.hu\/baratikor\/wp-json\/wp\/v2\/media\/749"}],"wp:attachment":[{"href":"https:\/\/semmelweis.hu\/baratikor\/wp-json\/wp\/v2\/media?parent=748"}],"wp:term":[{"taxonomy":"category","embeddable":true,"href":"https:\/\/semmelweis.hu\/baratikor\/wp-json\/wp\/v2\/categories?post=748"},{"taxonomy":"post_tag","embeddable":true,"href":"https:\/\/semmelweis.hu\/baratikor\/wp-json\/wp\/v2\/tags?post=748"}],"curies":[{"name":"wp","href":"https:\/\/api.w.org\/{rel}","templated":true}]}}