{"id":743,"date":"2022-06-21T08:18:36","date_gmt":"2022-06-21T06:18:36","guid":{"rendered":"https:\/\/semmelweis.hu\/baratikor\/?page_id=743"},"modified":"2023-01-09T11:34:33","modified_gmt":"2023-01-09T10:34:33","slug":"vamos-imre","status":"publish","type":"page","link":"https:\/\/semmelweis.hu\/baratikor\/galeria\/teljes-nevlista\/vamos-imre\/","title":{"rendered":"V\u00e1mos Imre"},"content":{"rendered":"<p><strong><a href=\"https:\/\/semmelweis.hu\/baratikor\/files\/2022\/06\/144_11.jpg\"><img loading=\"lazy\" decoding=\"async\" class=\"alignleft wp-image-744 size-full\" src=\"https:\/\/semmelweis.hu\/baratikor\/files\/2022\/06\/144_11.jpg\" alt=\"\" width=\"295\" height=\"370\" \/><\/a>(Harasztifalu, 1928 &#8211; Budapest, 1980)<\/strong><\/p>\n<p style=\"text-align: justify\">K\u00f6z\u00e9piskol\u00e1it Szombathelyen, a Faludi Ferenc Gimn\u00e1ziumban v\u00e9gezte, majd a Budapesti Orvostudom\u00e1nyi Egyetemen szerzett \u00e1ltal\u00e1nos orvosi diplom\u00e1t 1953-ban. Oktat\u00f3-kutat\u00f3 munk\u00e1j\u00e1t az egyetem Mikrobiol\u00f3giai Int\u00e9zet\u00e9ben kezdte, majd 1955 j\u00fanius 1-t\u0151l a Sz\u00e1jseb\u00e9szeti \u00e9s Fog\u00e1szati Klinik\u00e1n, mint egyetemi tan\u00e1rseg\u00e9d, 1967-t\u0151l egyetemi adjunktusk\u00e9nt, 1974-t\u0151l egyetemi docensk\u00e9nt dolgozott. 1976-ban egyetemi tan\u00e1rr\u00e1 \u00e9s a Sz\u00e1jseb\u00e9szeti \u00e9s Fog\u00e1szati Klinika igazgat\u00f3j\u00e1v\u00e1 nevezt\u00e9k ki. Tudom\u00e1nyos \u00e9rdekl\u0151d\u00e9se \u00e9s gy\u00f3gy\u00edt\u00f3 tev\u00e9kenys\u00e9ge k\u00f6z\u00e9ppontj\u00e1ban a maxillofaci\u00e1lis r\u00e9gi\u00f3 daganatos megbeteged\u00e9sei, fejl\u0151d\u00e9si rendelleness\u00e9gei \u00e1lltak, els\u0151sorban ezek m\u0171t\u00e9ti megold\u00e1sain dolgozott. K\u00f6zlem\u00e9nyei legnagyobb r\u00e9sze is az arct\u00e1j\u00e9k daganatainak gyakoris\u00e1g\u00e1val, gy\u00f3gy\u00edt\u00e1s\u00e1nak lehet\u0151s\u00e9geivel, a posztoperat\u00edv progn\u00f3zis kil\u00e1t\u00e1saival foglalkozott. Vizsg\u00e1lta tov\u00e1bb\u00e1 az arc malignus daganataib\u00f3l ered\u0151 t\u00e1voli metastasisok gyakoris\u00e1g\u00e1t, \u00e9s a besug\u00e1rzott neoplasm\u00e1kban bek\u00f6vetkez\u0151 sz\u00f6veti elv\u00e1ltoz\u00e1sokat. Tudom\u00e1nyos munk\u00e1ss\u00e1g\u00e1nak eredm\u00e9nyeir\u0151l mintegy 40 k\u00f6zlem\u00e9nyben sz\u00e1molt be, melynek egy r\u00e9sze k\u00fclf\u00f6ldi szaklapokban is megjelent. Kandid\u00e1tusi \u00e9rtekez\u00e9s\u00e9t 1972-ben v\u00e9dte meg \u201eAz odontog\u00e9n daganatok klinikopathol\u00f3gi\u00e1ja \u00e9s korszer\u0171 gy\u00f3gy\u00edt\u00e1sa&#8221; c\u00edmmel. T\u00e1rsszerz\u0151je volt a \u201eSz\u00e1jseb\u00e9szet\u201d c\u00edm\u0171 egyetemi jegyzetnek \u00e9s az \u201eOdontog\u00e9n daganatok\u201d c\u00edm\u0171 k\u00f6nyvnek, valamint az 1980-ban megjelen\u0151 &#8222;Sz\u00e1jseb\u00e9szet&#8221; tank\u00f6nyvnek, melynek megjelen\u00e9s\u00e9t m\u00e1r nem \u00e9rhette meg. 1975 szeptember 1-j\u00e9n, m\u00e9g egyetemi tan\u00e1rr\u00e1 t\u00f6rt\u00e9n\u0151 kinevez\u00e9se el\u0151tt b\u00edzt\u00e1k meg a Fogorvostudom\u00e1nyi Kar d\u00e9k\u00e1ni teend\u0151inek ell\u00e1t\u00e1s\u00e1val. D\u00e9k\u00e1ni aktivit\u00e1s\u00e1t a Fogorvostudom\u00e1nyi Kar oktat\u00e1s\u00e1nak megreform\u00e1l\u00e1s\u00e1ra \u00e9s a tudom\u00e1nyos munka aktivit\u00e1s\u00e1nak fokoz\u00e1s\u00e1ra tett t\u00f6rekv\u00e9sei, valamint a Kar rekonstrukci\u00f3s tervei f\u00e9mjelzik. Kiemelked\u0151 szerepe volt az Or\u00e1lbiol\u00f3giai Csoport l\u00e9trehoz\u00e1s\u00e1ban, melynek l\u00e9tes\u00edt\u00e9se \u00e9s vezet\u0151j\u00e9nek kinevez\u00e9se d\u00e9k\u00e1ns\u00e1ga alatt t\u00f6rt\u00e9nt. Ezzel megteremtette a Fogorvostudom\u00e1nyi Kar kutat\u00f3 b\u00e1zis\u00e1t. R\u00e9sztvett a Fogorvosi Szemle szerkeszt\u0151 bizotts\u00e1g\u00e1nak munk\u00e1j\u00e1ban. T\u00edz \u00e9vig a Magyar Fogorvosok Egyes\u00fclet\u00e9nek vezet\u0151s\u00e9gi tagja volt. Kit\u00fcntet\u00e9sei: Az Oktat\u00e1s\u00fcgy Kiv\u00e1l\u00f3 Dolgoz\u00f3ja (1970), a Munka \u00c9rdemrend ez\u00fcst fokozata (1978). D\u00e9k\u00e1ni peri\u00f3dus\u00e1t nem tudta kit\u00f6lteni, 1980 \u00e1prilis 13-\u00e1n sz\u00edvinfarktusban v\u00e1ratlanul elhunyt.<\/p>\n","protected":false},"excerpt":{"rendered":"<p><a href=\"https:\/\/semmelweis.hu\/baratikor\/files\/2022\/06\/144_11.jpg\"><\/a> (Harasztifalu, 1928 &#8211; Budapest, 1980) K\u00f6z\u00e9piskol\u00e1it Szombathelyen, a Faludi Ferenc Gimn\u00e1ziumban v\u00e9gezte, majd a Budapesti Orvostudom\u00e1nyi Egyetemen szerzett \u00e1ltal\u00e1nos orvosi diplom\u00e1t 1953-ban. Oktat\u00f3-kutat\u00f3 munk\u00e1j\u00e1t az egyetem Mikrobiol\u00f3giai Int\u00e9zet\u00e9ben kezdte, majd 1955 j\u00fanius 1-t\u0151l a Sz\u00e1jseb\u00e9szeti \u00e9s Fog\u00e1szati Klinik\u00e1n, mint egyetemi tan\u00e1rseg\u00e9d, 1967-t\u0151l egyetemi adjunktusk\u00e9nt, 1974-t\u0151l egyetemi docensk\u00e9nt dolgozott. 1976-ban egyetemi tan\u00e1rr\u00e1 \u00e9s a Sz\u00e1jseb\u00e9szeti \u00e9s &hellip;<\/p>\n","protected":false},"author":282,"featured_media":744,"parent":347,"menu_order":0,"comment_status":"closed","ping_status":"closed","template":"template-fullwidth.php","meta":{"_acf_changed":false,"footnotes":""},"categories":[6,20,82,77,14],"tags":[],"class_list":["post-743","page","type-page","status-publish","has-post-thumbnail","hentry","category-dekanok","category-dekanok-karok-szerint","category-fok-dekanjai","category-kegyeleti-adattar","category-teljes-nevlista"],"acf":[],"_links":{"self":[{"href":"https:\/\/semmelweis.hu\/baratikor\/wp-json\/wp\/v2\/pages\/743","targetHints":{"allow":["GET"]}}],"collection":[{"href":"https:\/\/semmelweis.hu\/baratikor\/wp-json\/wp\/v2\/pages"}],"about":[{"href":"https:\/\/semmelweis.hu\/baratikor\/wp-json\/wp\/v2\/types\/page"}],"author":[{"embeddable":true,"href":"https:\/\/semmelweis.hu\/baratikor\/wp-json\/wp\/v2\/users\/282"}],"replies":[{"embeddable":true,"href":"https:\/\/semmelweis.hu\/baratikor\/wp-json\/wp\/v2\/comments?post=743"}],"version-history":[{"count":1,"href":"https:\/\/semmelweis.hu\/baratikor\/wp-json\/wp\/v2\/pages\/743\/revisions"}],"predecessor-version":[{"id":745,"href":"https:\/\/semmelweis.hu\/baratikor\/wp-json\/wp\/v2\/pages\/743\/revisions\/745"}],"up":[{"embeddable":true,"href":"https:\/\/semmelweis.hu\/baratikor\/wp-json\/wp\/v2\/pages\/347"}],"wp:featuredmedia":[{"embeddable":true,"href":"https:\/\/semmelweis.hu\/baratikor\/wp-json\/wp\/v2\/media\/744"}],"wp:attachment":[{"href":"https:\/\/semmelweis.hu\/baratikor\/wp-json\/wp\/v2\/media?parent=743"}],"wp:term":[{"taxonomy":"category","embeddable":true,"href":"https:\/\/semmelweis.hu\/baratikor\/wp-json\/wp\/v2\/categories?post=743"},{"taxonomy":"post_tag","embeddable":true,"href":"https:\/\/semmelweis.hu\/baratikor\/wp-json\/wp\/v2\/tags?post=743"}],"curies":[{"name":"wp","href":"https:\/\/api.w.org\/{rel}","templated":true}]}}