{"id":734,"date":"2022-06-21T08:10:05","date_gmt":"2022-06-21T06:10:05","guid":{"rendered":"https:\/\/semmelweis.hu\/baratikor\/?page_id=734"},"modified":"2023-01-09T11:34:31","modified_gmt":"2023-01-09T10:34:31","slug":"szecseny-andor","status":"publish","type":"page","link":"https:\/\/semmelweis.hu\/baratikor\/galeria\/teljes-nevlista\/szecseny-andor\/","title":{"rendered":"Sz\u00e9cs\u00e9ny Andor"},"content":{"rendered":"<p style=\"text-align: justify\"><strong><a href=\"https:\/\/semmelweis.hu\/baratikor\/files\/2022\/06\/053_11.jpg\"><img loading=\"lazy\" decoding=\"async\" class=\"wp-image-735 size-full alignleft\" src=\"https:\/\/semmelweis.hu\/baratikor\/files\/2022\/06\/053_11.jpg\" alt=\"\" width=\"295\" height=\"370\" \/><\/a>(Fadd, 1920 &#8211; Budapest, 2002)<\/strong><\/p>\n<p style=\"text-align: justify\">Orvosi diplom\u00e1j\u00e1t Budapesten szerezte 1944-ben. El\u0151bb a Szt. Ferenc K\u00f3rh\u00e1z alorvosak\u00e9nt dolgozott, majd katonai szolg\u00e1lat\u00e1t a XI. Hely\u0151rs\u00e9gi K\u00f3rh\u00e1z k\u00f6tel\u00e9k\u00e9ben t\u00f6lt\u00f6tte. Hadifogs\u00e1gb\u00f3l hazat\u00e9rve1946 tavasz\u00e1n d\u00edjtalan gyakornoki kinevez\u00e9st kapott az \u00c1d\u00e1m Lajos, majd Sebesty\u00e9n Gyula vezette II. sz. Seb\u00e9szeti Klinik\u00e1ra. Itt 1948-ban seb\u00e9szi szakk\u00e9pes\u00edt\u00e9st szerzett. 1949-ben \u00e1thelyezt\u00e9k a Borisz V. Petrovszkij vezette III. sz. Seb\u00e9szeti Klinik\u00e1ra, ahol 1960-ig teljes\u00edtett szolg\u00e1latot, 1952-t\u0151l m\u00e1r mint adjunktus. 1959-ben t\u00fcd\u0151seb\u00e9szi szakvizsg\u00e1t tett. Kandid\u00e1tusi \u00e9rtekez\u00e9s\u00e9t a gyomorr\u00e1k seb\u00e9szi kezel\u00e9se t\u00e1rgyk\u00f6r\u00e9b\u0151l 1961-ben v\u00e9dte meg. Az 1960\/61. tan\u00e9vben a K\u00f6zponti \u00c1llami K\u00f3rh\u00e1zban m\u0171k\u00f6d\u00f6tt megb\u00edzott oszt\u00e1lyvezet\u0151 f\u0151orvosk\u00e9nt, majd visszat\u00e9rt a II. sz. Seb\u00e9szeti Klinik\u00e1ra. Innen ker\u00fclt 1963. december 1-j\u00e9n az I. sz. Seb\u00e9szeti Klinik\u00e1ra. 1965-ben docensi, 1970-ben egyetemi tan\u00e1ri kinevez\u00e9st kapott, majd 1975-t\u0151l \u00e1tvette a klinika igazgat\u00e1s\u00e1t. Ezzel p\u00e1rhuzamosan 1969-t\u0151l igazgat\u00f3helyettese, majd 1975-t\u0151l igazgat\u00f3ja az Orsz\u00e1gos Seb\u00e9szeti Int\u00e9zetnek is. 1990-ben vonult nyug\u00e1llom\u00e1nyba. Sz\u00e1mos szakfoly\u00f3irat szerkeszt\u0151bizotts\u00e1g\u00e1nak, illetve hazai \u00e9s nemzetk\u00f6zi szakmai t\u00e1rsas\u00e1gnak tagja, rangos kit\u00fcntet\u00e9sek (pl. Magyar N\u00e9pk\u00f6zt\u00e1rsas\u00e1g\u00e9rt \u00c9rdem\u00e9rem arany fokozata &#8211; 1951, \u00c1llami d\u00edj &#8211; 1983, Szocialista Magyarorsz\u00e1g\u00e9rt \u00c9rdemrend &#8211; 1985, Professor emeritus c\u00edm &#8211; 1998) tulajdonosa. 1979-1985 k\u00f6z\u00f6tt k\u00e9t cikluson \u00e1t viselte a rektori m\u00e9lt\u00f3s\u00e1got.<\/p>\n","protected":false},"excerpt":{"rendered":"<p><a href=\"https:\/\/semmelweis.hu\/baratikor\/files\/2022\/06\/053_11.jpg\"><\/a> (Fadd, 1920 &#8211; Budapest, 2002) Orvosi diplom\u00e1j\u00e1t Budapesten szerezte 1944-ben. El\u0151bb a Szt. Ferenc K\u00f3rh\u00e1z alorvosak\u00e9nt dolgozott, majd katonai szolg\u00e1lat\u00e1t a XI. Hely\u0151rs\u00e9gi K\u00f3rh\u00e1z k\u00f6tel\u00e9k\u00e9ben t\u00f6lt\u00f6tte. Hadifogs\u00e1gb\u00f3l hazat\u00e9rve1946 tavasz\u00e1n d\u00edjtalan gyakornoki kinevez\u00e9st kapott az \u00c1d\u00e1m Lajos, majd Sebesty\u00e9n Gyula vezette II. sz. Seb\u00e9szeti Klinik\u00e1ra. Itt 1948-ban seb\u00e9szi szakk\u00e9pes\u00edt\u00e9st szerzett. 1949-ben \u00e1thelyezt\u00e9k a Borisz V. Petrovszkij &hellip;<\/p>\n","protected":false},"author":282,"featured_media":735,"parent":347,"menu_order":0,"comment_status":"closed","ping_status":"closed","template":"template-fullwidth.php","meta":{"_acf_changed":false,"footnotes":""},"categories":[77,5,14],"tags":[],"class_list":["post-734","page","type-page","status-publish","has-post-thumbnail","hentry","category-kegyeleti-adattar","category-rektorok","category-teljes-nevlista"],"acf":[],"_links":{"self":[{"href":"https:\/\/semmelweis.hu\/baratikor\/wp-json\/wp\/v2\/pages\/734","targetHints":{"allow":["GET"]}}],"collection":[{"href":"https:\/\/semmelweis.hu\/baratikor\/wp-json\/wp\/v2\/pages"}],"about":[{"href":"https:\/\/semmelweis.hu\/baratikor\/wp-json\/wp\/v2\/types\/page"}],"author":[{"embeddable":true,"href":"https:\/\/semmelweis.hu\/baratikor\/wp-json\/wp\/v2\/users\/282"}],"replies":[{"embeddable":true,"href":"https:\/\/semmelweis.hu\/baratikor\/wp-json\/wp\/v2\/comments?post=734"}],"version-history":[{"count":1,"href":"https:\/\/semmelweis.hu\/baratikor\/wp-json\/wp\/v2\/pages\/734\/revisions"}],"predecessor-version":[{"id":736,"href":"https:\/\/semmelweis.hu\/baratikor\/wp-json\/wp\/v2\/pages\/734\/revisions\/736"}],"up":[{"embeddable":true,"href":"https:\/\/semmelweis.hu\/baratikor\/wp-json\/wp\/v2\/pages\/347"}],"wp:featuredmedia":[{"embeddable":true,"href":"https:\/\/semmelweis.hu\/baratikor\/wp-json\/wp\/v2\/media\/735"}],"wp:attachment":[{"href":"https:\/\/semmelweis.hu\/baratikor\/wp-json\/wp\/v2\/media?parent=734"}],"wp:term":[{"taxonomy":"category","embeddable":true,"href":"https:\/\/semmelweis.hu\/baratikor\/wp-json\/wp\/v2\/categories?post=734"},{"taxonomy":"post_tag","embeddable":true,"href":"https:\/\/semmelweis.hu\/baratikor\/wp-json\/wp\/v2\/tags?post=734"}],"curies":[{"name":"wp","href":"https:\/\/api.w.org\/{rel}","templated":true}]}}