{"id":731,"date":"2022-06-21T08:08:16","date_gmt":"2022-06-21T06:08:16","guid":{"rendered":"https:\/\/semmelweis.hu\/baratikor\/?page_id=731"},"modified":"2023-10-11T14:35:01","modified_gmt":"2023-10-11T12:35:01","slug":"banoczy-jolan","status":"publish","type":"page","link":"https:\/\/semmelweis.hu\/baratikor\/galeria\/teljes-nevlista\/banoczy-jolan\/","title":{"rendered":"B\u00e1n\u00f3czy Jol\u00e1n"},"content":{"rendered":"<p style=\"text-align: justify\"><strong><a href=\"https:\/\/semmelweis.hu\/baratikor\/galeria\/teljes-nevlista\/banoczy-jolan\/199_11\/\" rel=\"attachment wp-att-732\"><img loading=\"lazy\" decoding=\"async\" class=\"alignleft size-full wp-image-732\" src=\"https:\/\/semmelweis.hu\/baratikor\/files\/2022\/06\/199_11.jpg\" alt=\"\" width=\"283\" height=\"355\" \/><\/a>(<\/strong><strong>Budapest, 1929. m\u00e1rcius 2.<\/strong><strong> \u2013 Budapest, 2016. augusztus 31.)<\/strong><\/p>\n<p style=\"text-align: justify\"><strong>Tansz\u00e9k: <\/strong>Konzerv\u00e1l\u00f3 Fog\u00e1szati Klinika 1974-1993.<\/p>\n<p style=\"text-align: justify\"><strong>Viselt egyetemi m\u00e9lt\u00f3s\u00e1g: <\/strong>Fogorvostudom\u00e1nyi Kar, d\u00e9k\u00e1n 1980-1986.<\/p>\n<p style=\"text-align: justify\">Orvoscsal\u00e1db\u00f3l sz\u00e1rmazik, \u00e9desapja a MABI fog\u00e1szati oszt\u00e1ly\u00e1nak f\u0151orvosak\u00e9nt dolgozott. K\u00f6z\u00e9piskolai tanulm\u00e1nyait az Angolkisasszonyok Sancta Maria Le\u00e1nygimn\u00e1zium\u00e1ban v\u00e9gezte, ahol 1947-ben kit\u00fcntet\u00e9ssel \u00e9retts\u00e9gizett. Ezut\u00e1n beiratkozott a P\u00e1zm\u00e1ny P\u00e9ter Tudom\u00e1nyegyetem Orvostudom\u00e1nyi Kar\u00e1ra, de kit\u0171n\u0151 min\u0151s\u00edt\u00e9s\u0171 orvosi oklevel\u00e9t m\u00e1r a Budapesti Orvostudom\u00e1nyi Egyetemen vehette \u00e1t 1953. augusztus 15-\u00e9n. Egyetemi \u00e9vei alatt a k\u00f6telez\u0151 gyakorlatokon t\u00fal dolgozott a R\u00f3kus K\u00f3rh\u00e1zban (laborat\u00f3rium, prosectura), a pesthidegk\u00fati szanat\u00f3rium beloszt\u00e1ly\u00e1n, a Stomatol\u00f3giai Klinik\u00e1n \u00e9s az I. sz. N\u0151i Klinik\u00e1n. V\u00e9gz\u00e9se ut\u00e1n apai ind\u00edttat\u00e1sra \u00e9s Balogh K\u00e1roly professzor h\u00edv\u00e1s\u00e1ra a Stomatol\u00f3giai Klinik\u00e1t v\u00e1lasztotta, ahol k\u00f6zponti gyakornoki \u00e1ll\u00e1st k\u00edn\u00e1ltak neki, amit azonban csak k\u00f6telez\u0151 katonai szolg\u00e1lata let\u00f6lt\u00e9se ut\u00e1n, 1953 december\u00e9ben tudott elfoglalni. 1954 m\u00e1rcius\u00e1ban klinikai gyakornoki, 1956. szeptember 1-j\u00e9n tan\u00e1rseg\u00e9di kinevez\u00e9st kapott. 1956 j\u00fanius\u00e1ban fog- \u00e9s sz\u00e1jbetegs\u00e9gek szakorvosa szakk\u00e9pes\u00edt\u00e9st szerzett. 1968-ban elv\u00e9gezte a Marxizmus-Leninizmus Esti Egyetemet. 1970. m\u00e1rcius 25-\u00e9n kandid\u00e1tus fokozatot szerzett. 1970-ben adjunktuss\u00e1, 1974. j\u00falius 1-j\u00e9n egyetemi tan\u00e1rr\u00e1 l\u00e9ptett\u00e9k el\u0151, egyben kinevezt\u00e9k a Konzerv\u00e1l\u00f3 Fog\u00e1szati Klinika tansz\u00e9kvezet\u0151j\u00e9v\u00e9. 1977. okt\u00f3ber 5-\u00e9n v\u00e9dte meg a leukoplakia kliniko-pathologiai jelent\u0151s\u00e9ge t\u00e9m\u00e1ban \u00edrt disszert\u00e1ci\u00f3j\u00e1t, mellyel el\u00e9rte az orvostudom\u00e1nyok doktora fokozatot. 1993. j\u00fanius 30-\u00e1n v\u00e1lt meg a klinika igazgat\u00e1s\u00e1t\u00f3l, 1999-t\u0151l professor emeritak\u00e9nt m\u0171k\u00f6d\u00f6tt tov\u00e1bb a kar Or\u00e1lbiol\u00f3giai Tansz\u00e9k\u00e9n.<\/p>\n<p style=\"text-align: justify\">1954-1962 k\u00f6z\u00f6tt a Fogorvostudom\u00e1nyi Kar tanulm\u00e1nyi felel\u0151se volt. P\u00e1ly\u00e1ja kezdet\u00e9n Sug\u00e1r L\u00e1szl\u00f3 ir\u00e1ny\u00edt\u00e1s\u00e1val kutatta a sz\u00e1j praecancerosus elv\u00e1ltoz\u00e1sait, mely t\u00e9m\u00e1ban 1967-1977 k\u00f6z\u00f6tt egy, Koppenh\u00e1g\u00e1val egy\u00fcttm\u0171k\u00f6d\u0151, WHO kollabor\u00e1ci\u00f3s centrumot vezetett. T\u00f6bb k\u00fclf\u00f6ldi tanulm\u00e1ny\u00fatja sor\u00e1n D\u00e1ni\u00e1ban \u00e9s Sv\u00e9dorsz\u00e1gban t\u00f6lt\u00f6tt hosszabb id\u0151t. A doktori t\u00e9m\u00e1j\u00e1val kapcsolatos eredm\u00e9nyeit az Oral leukoplakia c. monogr\u00e1fi\u00e1ban \u00f6sszegezte, amelyet t\u00f6bb nyelvre is leford\u00edtottak, \u00e9s nagy nemzetk\u00f6zi visszhangot keltett. K\u00e9s\u0151bbi f\u0151 tudom\u00e1nyos \u00e9rdekl\u0151d\u00e9si k\u00f6re a cariesprevenci\u00f3, fluoridok \u00e9s cukorp\u00f3tl\u00f3kkal v\u00e9gzett klinikai vizsg\u00e1latok (szint\u00e9n WHO egy\u00fcttm\u0171k\u00f6d\u00e9sben) voltak. Mintegy 370 tudom\u00e1nyos k\u00f6zlem\u00e9nyt, 28 k\u00f6nyvet, illetve k\u00f6nyvr\u00e9szletet \u00edrt, 400-n\u00e1l t\u00f6bb el\u0151ad\u00e1st tartott t\u00f6bb vil\u00e1gr\u00e9szben.<\/p>\n<p style=\"text-align: justify\">Megalakul\u00e1sa (1950) \u00f3ta volt tagja a DISZ-nek, ahol kult\u00farpropaganda \u00e9s orosz szakford\u00edt\u00f3 feladatokat b\u00edztak r\u00e1. Politikai p\u00e1rthoz soha nem csatlakozott. Az Orvos-Eg\u00e9szs\u00e9g\u00fcgyi Szakszervezetnek 1954 janu\u00e1rja \u00f3ta volt tagja.<\/p>\n<p style=\"text-align: justify\">1990-1996 k\u00f6z\u00f6tt az MTA Orvosi Tudom\u00e1nyok Oszt\u00e1ly\u00e1nak tan\u00e1cskoz\u00f3, az\u00f3ta \u00e1lland\u00f3 megh\u00edvott tagja volt. 1991-1999 k\u00f6z\u00f6tt eln\u00f6k\u00f6lte a Magyar Fogorvosok Egyes\u00fclet\u00e9t, 1992-1994 k\u00f6z\u00f6tt az Association for Dental Education in Europe egyes\u00fcletet, 2000-t\u0151l eln\u00f6ke volt az angliai sz\u00e9khely\u0171 The Borrow Foundation j\u00f3l\u00e9ti alap\u00edtv\u00e1nynak. Eln\u00f6ks\u00e9gi tagja volt a MOTESZ-nek, vezet\u0151s\u00e9gi tagja az ORCA-nak. Tagja volt az International Academy of Cytology-nak, a Directory of the World Association of Societies of Pathology-nak, az ETT-nek, a T\u00e1pl\u00e1lkoz\u00e1studom\u00e1nyi T\u00e1rsas\u00e1gnak, az Orvosk\u00e9pz\u00e9si \u00e9s Eg\u00e9szs\u00e9g\u00fcgyi Szervez\u0151k T\u00e1rsas\u00e1g\u00e1nak, a Magyar Onkol\u00f3gus T\u00e1rsas\u00e1g Citodiagnosztikai szekci\u00f3j\u00e1nak \u00e9s az Eur\u00f3pai Citol\u00f3giai T\u00e1rsas\u00e1gnak. Tiszteletbeli tagja volt az American Dental Association \u00e9s a European Organisation for Caries Research egyes\u00fcleteknek.<\/p>\n<p style=\"text-align: justify\">Szerkeszt\u0151bizotts\u00e1gi tags\u00e1gai: Fogorvosi Szemle, Deutsche Zahn- Mund- und Kieferheilkunde, Community Dentistry and Oral Epidemiology.<\/p>\n<p style=\"text-align: justify\">F\u0151bb kit\u00fcntet\u00e9sei: \u00c1rk\u00f6vy-eml\u00e9k\u00e9rem (1979), Markusovszky-d\u00edj (1980), Munka \u00c9rdemrend arany fokozat (1987), MTA E\u00f6tv\u00f6s J\u00f3zsef-koszor\u00fa (2001), Batthy\u00e1ny-Strattmann L\u00e1szl\u00f3-d\u00edj (2002).<\/p>\n<p style=\"text-align: justify\"><strong>F\u0151bb munk\u00e1i:<\/strong> A fogorvosi asszisztensn\u0151k tank\u00f6nyve (t\u00f6bbekkel). Bp., 1959.; A sz\u00e1jny\u00e1lkah\u00e1rtya elszarusod\u00e1s\u00e1nak vizsg\u00e1lata \u00e9lettani \u00e9s k\u00f3ros k\u00f6r\u00fclm\u00e9nyek k\u00f6z\u00f6tt. Kandid\u00e1tusi \u00e9rtekez\u00e9s. MTA, TMB. Bp., 1968.; Sz\u00e1jbetegs\u00e9gek \u00e9s b\u0151rgy\u00f3gy\u00e1szati vonatkoz\u00e1saik (t\u00f6bbekkel). Bp., 1975.; A leukoplakia kliniko-pathol\u00f3giai jelent\u0151s\u00e9ge. Doktori \u00e9rtekez\u00e9s. MTA, TMB. Bp., 1976.; Oral leukoplakia. Bp., 1982.; Prevent\u00edv fog\u00e1szat. Egyetemi tank\u00f6nyv (szerk.). Bp., 1987, 1988, 1992.; Cariologia \u00e9s endodontia. Konzerv\u00e1l\u00f3 fog\u00e1szat (szerk.). Bp., 1990, 1993, 1996.; Fog\u00e1szati asszisztensek \u00e9s dental higi\u00e9nikusok k\u00f6nyve 1-2. (t\u00f6bbekkel). Bp. 1994.; Fogunk v\u00e9delm\u00e9ben. Bp., 1996.; Milk fluoridation for the prevention of dental caries (K. W. Stephennel \u00e9s G. N. Pakhomovval). Genf, 1996.; Prevent\u00edv fog\u00e1szat. Egyetemi tank\u00f6nyv (szerk. Ny\u00e1rasdy Id\u00e1val). Bp., 1999, 2009.; 50 \u00e9ves a Semmelweis Egyetem Fogorvostudom\u00e1nyi Kara 1955-2005 (szerk. Gera Istv\u00e1nnal \u00e9s K\u00f3bor Andr\u00e1ssal). Bp., 2005.<\/p>\n<p style=\"text-align: justify\"><strong>Nyughelye:<\/strong> Kelenf\u00f6ldi Szent Gell\u00e9rt pl\u00e9b\u00e1niatemplom urnatemet\u0151je (XI., Bart\u00f3k B\u00e9la \u00fat 149.), temet\u00e9s: 2016.09.22.<\/p>\n<p><strong><a href=\"https:\/\/semmelweis.hu\/baratikor\/galeria\/teljes-nevlista\/banoczy-jolan\/banoczi-jolan\/\" rel=\"attachment wp-att-1505\"><img loading=\"lazy\" decoding=\"async\" class=\"alignleft size-medium wp-image-1505\" src=\"https:\/\/semmelweis.hu\/baratikor\/files\/2023\/01\/Banoczi-Jolan-319x400.jpg\" alt=\"\" width=\"319\" height=\"400\" srcset=\"https:\/\/semmelweis.hu\/baratikor\/files\/2023\/01\/Banoczi-Jolan-319x400.jpg 319w, https:\/\/semmelweis.hu\/baratikor\/files\/2023\/01\/Banoczi-Jolan-768x962.jpg 768w, https:\/\/semmelweis.hu\/baratikor\/files\/2023\/01\/Banoczi-Jolan-753x944.jpg 753w, https:\/\/semmelweis.hu\/baratikor\/files\/2023\/01\/Banoczi-Jolan.jpg 798w\" sizes=\"auto, (max-width: 319px) 100vw, 319px\" \/><\/a><\/strong><strong><a href=\"https:\/\/semmelweis.hu\/baratikor\/galeria\/teljes-nevlista\/banoczy-jolan\/banoczy-jolan-1999-2004\/\" rel=\"attachment wp-att-1506\"><img loading=\"lazy\" decoding=\"async\" class=\"alignleft size-medium wp-image-1506\" src=\"https:\/\/semmelweis.hu\/baratikor\/files\/2023\/01\/Banoczy-Jolan-1999-2004-276x400.jpg\" alt=\"\" width=\"276\" height=\"400\" srcset=\"https:\/\/semmelweis.hu\/baratikor\/files\/2023\/01\/Banoczy-Jolan-1999-2004-276x400.jpg 276w, https:\/\/semmelweis.hu\/baratikor\/files\/2023\/01\/Banoczy-Jolan-1999-2004.jpg 690w\" sizes=\"auto, (max-width: 276px) 100vw, 276px\" \/><\/a><\/strong><\/p>\n","protected":false},"excerpt":{"rendered":"<p><a href=\"https:\/\/semmelweis.hu\/baratikor\/galeria\/teljes-nevlista\/banoczy-jolan\/199_11\/\" rel=\"attachment wp-att-732\"><\/a> (Budapest, 1929. m\u00e1rcius 2. \u2013 Budapest, 2016. augusztus 31.) Tansz\u00e9k: Konzerv\u00e1l\u00f3 Fog\u00e1szati Klinika 1974-1993. Viselt egyetemi m\u00e9lt\u00f3s\u00e1g: Fogorvostudom\u00e1nyi Kar, d\u00e9k\u00e1n 1980-1986. Orvoscsal\u00e1db\u00f3l sz\u00e1rmazik, \u00e9desapja a MABI fog\u00e1szati oszt\u00e1ly\u00e1nak f\u0151orvosak\u00e9nt dolgozott. K\u00f6z\u00e9piskolai tanulm\u00e1nyait az Angolkisasszonyok Sancta Maria Le\u00e1nygimn\u00e1zium\u00e1ban v\u00e9gezte, ahol 1947-ben kit\u00fcntet\u00e9ssel \u00e9retts\u00e9gizett. Ezut\u00e1n beiratkozott a P\u00e1zm\u00e1ny P\u00e9ter Tudom\u00e1nyegyetem Orvostudom\u00e1nyi Kar\u00e1ra, de kit\u0171n\u0151 min\u0151s\u00edt\u00e9s\u0171 orvosi oklevel\u00e9t &hellip;<\/p>\n","protected":false},"author":282,"featured_media":5356,"parent":347,"menu_order":0,"comment_status":"closed","ping_status":"closed","template":"template-fullwidth.php","meta":{"_acf_changed":false,"footnotes":""},"categories":[6,20,82,14],"tags":[],"class_list":["post-731","page","type-page","status-publish","has-post-thumbnail","hentry","category-dekanok","category-dekanok-karok-szerint","category-fok-dekanjai","category-teljes-nevlista"],"acf":[],"_links":{"self":[{"href":"https:\/\/semmelweis.hu\/baratikor\/wp-json\/wp\/v2\/pages\/731","targetHints":{"allow":["GET"]}}],"collection":[{"href":"https:\/\/semmelweis.hu\/baratikor\/wp-json\/wp\/v2\/pages"}],"about":[{"href":"https:\/\/semmelweis.hu\/baratikor\/wp-json\/wp\/v2\/types\/page"}],"author":[{"embeddable":true,"href":"https:\/\/semmelweis.hu\/baratikor\/wp-json\/wp\/v2\/users\/282"}],"replies":[{"embeddable":true,"href":"https:\/\/semmelweis.hu\/baratikor\/wp-json\/wp\/v2\/comments?post=731"}],"version-history":[{"count":5,"href":"https:\/\/semmelweis.hu\/baratikor\/wp-json\/wp\/v2\/pages\/731\/revisions"}],"predecessor-version":[{"id":1509,"href":"https:\/\/semmelweis.hu\/baratikor\/wp-json\/wp\/v2\/pages\/731\/revisions\/1509"}],"up":[{"embeddable":true,"href":"https:\/\/semmelweis.hu\/baratikor\/wp-json\/wp\/v2\/pages\/347"}],"wp:featuredmedia":[{"embeddable":true,"href":"https:\/\/semmelweis.hu\/baratikor\/wp-json\/wp\/v2\/media\/5356"}],"wp:attachment":[{"href":"https:\/\/semmelweis.hu\/baratikor\/wp-json\/wp\/v2\/media?parent=731"}],"wp:term":[{"taxonomy":"category","embeddable":true,"href":"https:\/\/semmelweis.hu\/baratikor\/wp-json\/wp\/v2\/categories?post=731"},{"taxonomy":"post_tag","embeddable":true,"href":"https:\/\/semmelweis.hu\/baratikor\/wp-json\/wp\/v2\/tags?post=731"}],"curies":[{"name":"wp","href":"https:\/\/api.w.org\/{rel}","templated":true}]}}