{"id":727,"date":"2022-06-21T08:06:13","date_gmt":"2022-06-21T06:06:13","guid":{"rendered":"https:\/\/semmelweis.hu\/baratikor\/?page_id=727"},"modified":"2022-06-21T08:06:35","modified_gmt":"2022-06-21T06:06:35","slug":"berentey-gyorgy","status":"publish","type":"page","link":"https:\/\/semmelweis.hu\/baratikor\/galeria\/teljes-nevlista\/berentey-gyorgy\/","title":{"rendered":"Berentey Gy\u00f6rgy"},"content":{"rendered":"<p><strong><a href=\"https:\/\/semmelweis.hu\/baratikor\/files\/2022\/06\/108_12.jpg\"><img loading=\"lazy\" decoding=\"async\" class=\"alignleft wp-image-728 size-full\" src=\"https:\/\/semmelweis.hu\/baratikor\/files\/2022\/06\/108_12.jpg\" alt=\"\" width=\"295\" height=\"370\" \/><\/a>(Szeged, 1925 &#8211; )<\/strong><\/p>\n<p style=\"text-align: justify\">Orvosi oklevel\u00e9t Budapesten szerezte 1949. m\u00e1jus 14-\u00e9n a P\u00e1zm\u00e1ny P\u00e9ter Tudom\u00e1nyegyetemen. Ezut\u00e1n az egyetem III. sz\u00e1m\u00fa, majd okt\u00f3bert\u0151l a II. sz\u00e1m\u00fa Seb\u00e9szeti klinik\u00e1j\u00e1n gyakornokoskodott. 1951. febru\u00e1rt\u00f3l a III. sz. Seb\u00e9szet aspir\u00e1nsa, majd 1954. febru\u00e1rt\u00f3l szeptemberig tan\u00e1rseg\u00e9dje. 1955-ben megszerezte az orvostudom\u00e1nyok kandid\u00e1tusa fokozatot. 1954. szeptembert\u0151l 1963-ig a II. sz. Seb\u00e9szet oszt\u00e1lyvezet\u0151 tan\u00e1rseg\u00e9dje, majd 1963. okt\u00f3bert\u0151l 1972. szeptember 15-ig az I. sz. Seb\u00e9szeti Klinika oszt\u00e1lyvezet\u0151je el\u0151bb adjunktusi, majd docensi c\u00edmmel. Innen a P\u00e9terfy S\u00e1ndor utcai k\u00f3rh\u00e1z Baleseti Seb\u00e9szeti oszt\u00e1ly\u00e1nak \u00e9l\u00e9re ker\u00fclt, ahol 1984-ig m\u0171k\u00f6d\u00f6tt. 1976 v\u00e9g\u00e9t\u0151l c\u00edmzetes egyetemi tan\u00e1r. 1984. j\u00falius 1-j\u00e9vel t\u00e9rt vissza az egyetem \u00e1llom\u00e1ny\u00e1ba, amikor oszt\u00e1ly\u00e1b\u00f3l megalakult az egyetem Traumatol\u00f3giai Tansz\u00e9ke. Ett\u0151l kezdve egyetemi tan\u00e1rk\u00e9nt vezette tansz\u00e9k\u00e9t eg\u00e9szen 1994-ben t\u00f6rt\u00e9nt nyugalomba vonul\u00e1s\u00e1ig. Sz\u00e1mos kit\u00fcntet\u00e9s birtokosa (pl. V\u00f6r\u00f6skeresztes Munk\u00e1\u00e9rt ez\u00fcst fokozat &#8211; 1971, Testnevel\u00e9s \u00e9s Sport Kiv\u00e1l\u00f3 Dolgoz\u00f3ja &#8211; 1972, Kiv\u00e1l\u00f3 Orvos &#8211; 1985, Purkynje \u00e9rem &#8211; 1985, Pro Sanitate eml\u00e9k\u00e9rem &#8211; 1994, Magyar K\u00f6zt\u00e1rsas\u00e1gi \u00c9rdemrend tiszti keresztje &#8211; 1996), a Magyar Traumatol\u00f3gus T\u00e1rsas\u00e1g aleln\u00f6ke, a Magyar Orthopaed T\u00e1rsas\u00e1g vezet\u0151s\u00e9gi tagja.<\/p>\n","protected":false},"excerpt":{"rendered":"<p><a href=\"https:\/\/semmelweis.hu\/baratikor\/files\/2022\/06\/108_12.jpg\"><\/a> (Szeged, 1925 &#8211; ) Orvosi oklevel\u00e9t Budapesten szerezte 1949. m\u00e1jus 14-\u00e9n a P\u00e1zm\u00e1ny P\u00e9ter Tudom\u00e1nyegyetemen. Ezut\u00e1n az egyetem III. sz\u00e1m\u00fa, majd okt\u00f3bert\u0151l a II. sz\u00e1m\u00fa Seb\u00e9szeti klinik\u00e1j\u00e1n gyakornokoskodott. 1951. febru\u00e1rt\u00f3l a III. sz. Seb\u00e9szet aspir\u00e1nsa, majd 1954. febru\u00e1rt\u00f3l szeptemberig tan\u00e1rseg\u00e9dje. 1955-ben megszerezte az orvostudom\u00e1nyok kandid\u00e1tusa fokozatot. 1954. szeptembert\u0151l 1963-ig a II. sz. Seb\u00e9szet oszt\u00e1lyvezet\u0151 tan\u00e1rseg\u00e9dje, &hellip;<\/p>\n","protected":false},"author":282,"featured_media":728,"parent":347,"menu_order":0,"comment_status":"closed","ping_status":"closed","template":"template-fullwidth.php","meta":{"_acf_changed":false,"footnotes":""},"categories":[16,14],"tags":[],"class_list":["post-727","page","type-page","status-publish","has-post-thumbnail","hentry","category-tanszekvezetok","category-teljes-nevlista"],"acf":[],"_links":{"self":[{"href":"https:\/\/semmelweis.hu\/baratikor\/wp-json\/wp\/v2\/pages\/727","targetHints":{"allow":["GET"]}}],"collection":[{"href":"https:\/\/semmelweis.hu\/baratikor\/wp-json\/wp\/v2\/pages"}],"about":[{"href":"https:\/\/semmelweis.hu\/baratikor\/wp-json\/wp\/v2\/types\/page"}],"author":[{"embeddable":true,"href":"https:\/\/semmelweis.hu\/baratikor\/wp-json\/wp\/v2\/users\/282"}],"replies":[{"embeddable":true,"href":"https:\/\/semmelweis.hu\/baratikor\/wp-json\/wp\/v2\/comments?post=727"}],"version-history":[{"count":2,"href":"https:\/\/semmelweis.hu\/baratikor\/wp-json\/wp\/v2\/pages\/727\/revisions"}],"predecessor-version":[{"id":730,"href":"https:\/\/semmelweis.hu\/baratikor\/wp-json\/wp\/v2\/pages\/727\/revisions\/730"}],"up":[{"embeddable":true,"href":"https:\/\/semmelweis.hu\/baratikor\/wp-json\/wp\/v2\/pages\/347"}],"wp:featuredmedia":[{"embeddable":true,"href":"https:\/\/semmelweis.hu\/baratikor\/wp-json\/wp\/v2\/media\/728"}],"wp:attachment":[{"href":"https:\/\/semmelweis.hu\/baratikor\/wp-json\/wp\/v2\/media?parent=727"}],"wp:term":[{"taxonomy":"category","embeddable":true,"href":"https:\/\/semmelweis.hu\/baratikor\/wp-json\/wp\/v2\/categories?post=727"},{"taxonomy":"post_tag","embeddable":true,"href":"https:\/\/semmelweis.hu\/baratikor\/wp-json\/wp\/v2\/tags?post=727"}],"curies":[{"name":"wp","href":"https:\/\/api.w.org\/{rel}","templated":true}]}}