{"id":723,"date":"2022-06-21T08:04:36","date_gmt":"2022-06-21T06:04:36","guid":{"rendered":"https:\/\/semmelweis.hu\/baratikor\/?page_id=723"},"modified":"2023-01-09T11:34:34","modified_gmt":"2023-01-09T10:34:34","slug":"zalai-karoly","status":"publish","type":"page","link":"https:\/\/semmelweis.hu\/baratikor\/galeria\/teljes-nevlista\/zalai-karoly\/","title":{"rendered":"Zalai K\u00e1roly"},"content":{"rendered":"<p style=\"text-align: justify\"><a href=\"https:\/\/semmelweis.hu\/baratikor\/files\/2022\/06\/205_12.jpg\"><img loading=\"lazy\" decoding=\"async\" class=\"alignleft wp-image-724 size-full\" src=\"https:\/\/semmelweis.hu\/baratikor\/files\/2022\/06\/205_12.jpg\" alt=\"\" width=\"295\" height=\"370\" \/><\/a><strong>(Budapest, 1921- )<\/strong><\/p>\n<p style=\"text-align: justify\">Gy\u00f3gyszer\u00e9szcsal\u00e1dban sz\u00fcletett, iskolai tanulm\u00e1nyait Cegl\u00e9den v\u00e9gezte. 1939-ben iratkozott be a m. kir. P\u00e1zm\u00e1ny P\u00e9ter Tudom\u00e1nyegyetem Orvostudom\u00e1nyi Kar\u00e1ra, ahol 1943-ban gy\u00f3gyszer\u00e9szi oklevelet szerzett. Ezut\u00e1n az egyetem Szerves \u00e9s Gy\u00f3gyszer\u00e9szi K\u00e9miai Int\u00e9zet\u00e9ben dolgozott. Disszert\u00e1ci\u00f3j\u00e1t is itt k\u00e9sz\u00edtette, 1947-ben gy\u00f3gyszer\u00e9szdoktori c\u00edmet nyert. 1948-1952 k\u00f6z\u00f6tt k\u00f6zforgalm\u00fa gy\u00f3gyszert\u00e1rban dolgozott gy\u00f3gyszer\u00e9szk\u00e9nt, majd gy\u00f3gyszert\u00e1rvezet\u0151k\u00e9nt. 1952-ben szakfel\u00fcgyel\u0151-gy\u00f3gyszer\u00e9sz a Pest megyei Gy\u00f3gyszert\u00e1ri K\u00f6zpontn\u00e1l, majd j\u00faniust\u00f3l a F\u0151v\u00e1rosi Tan\u00e1cs Gy\u00f3gyszert\u00e1ri K\u00f6zpontj\u00e1n\u00e1l. 1951 \u00f3ta folytat oktat\u00f3i tev\u00e9kenys\u00e9get, kezdetben \u00e1pol\u00f3n\u0151i tanfolyamon majd a budapesti gy\u00f3gyszer\u00e9sz-technikusk\u00e9pz\u0151 tanfolyamon, v\u00e9g\u00fcl 1962-t\u0151l a BOTE Gy\u00f3gyszer\u00e9szeti Kar\u00e1n. 1964-ben ker\u00fclt az Egyetemi Gy\u00f3gyszert\u00e1rba adjunktusi kinevez\u00e9ssel. 1967 janu\u00e1rj\u00e1ban lett az int\u00e9zet vezet\u0151je. Munk\u00e1ss\u00e1ga idej\u00e9n k\u00e9t \u00faj laborat\u00f3rium l\u00e9tes\u00fclt, a gy\u00f3gyszerell\u00e1t\u00e1si tev\u00e9kenys\u00e9g kiterjedt az \u00f6sszes klinik\u00e1ra. 1973-ban docensi, 1982-ben egyetemi tan\u00e1ri kinevez\u00e9st kapott. 1970-ben az orvostudom\u00e1ny kandid\u00e1tusa, 1993-ban doktora min\u0151s\u00edt\u00e9st nyert. 1996-t\u00f3l professor emeritus. Sz\u00e1mos szakmai szervezet (pl. Magyar Gy\u00f3gyszer\u00e9szeti T\u00e1rsas\u00e1g \u2013 1943, eln\u00f6ke 1975-1982; TIT \u2013 1960; Magyar Orvost\u00f6rt\u00e9nelmi T\u00e1rsas\u00e1g \u2013 1968; Magyar Farmakol\u00f3giai T\u00e1rsas\u00e1g \u2013 1970; F\u00e9d\u00e9ration Internationale Pharmaceutique \/H\u00e1ga\/ aleln\u00f6ke 1976-1984; Acad\u00e9mie Internationale d\u2019Histoire de la Pharmacie \u2013 1977; Internationale Gesellschaft f\u00fcr Geschichte der Pharmazie \/Br\u00e9ma\/ eln\u00f6ke 1982-t\u0151l; Institut Espana Real Academia de Farmacia \/lev.\/ &#8211; 1986; Soci\u00e9t\u00e9 Internationale d\u2019Histoire de la M\u00e9decine \/P\u00e1rizs\/ stb.), illetve test\u00fclet (pl. MTA-E\u00fc. Min. Gy\u00f3gyszer\u00e9sztudom\u00e1nyi T\u00e1rsas\u00e1g, OGYI Tudom\u00e1nyos Tan\u00e1cs, MTA Tudom\u00e1nyt\u00f6rt\u00e9neti Bizotts\u00e1g Orvostudom\u00e1nyi Albizotts\u00e1ga stb.) tagja vagy tiszteletbeli tagja. F\u0151bb kit\u00fcntet\u00e9sei: Weszpr\u00e9mi Istv\u00e1n eml\u00e9k\u00e9rem \u2013 1972, Genti Egyetem jutalom\u00e9rme \u2013 1973, Krakk\u00f3i Egyetem jutalom\u00e9rme \u2013 1975, Mozsonyi S\u00e1ndor eml\u00e9k\u00e9rem \u2013 1981, Gehring-\u00e9rem \u2013 1984, Havannai Egyetem eml\u00e9k\u00e9rme \u2013 1989, Magyar K\u00f6zt\u00e1rsas\u00e1g csillagrendje \u2013 1990, stb.).<\/p>\n","protected":false},"excerpt":{"rendered":"<p><a href=\"https:\/\/semmelweis.hu\/baratikor\/files\/2022\/06\/205_12.jpg\"><\/a> (Budapest, 1921- ) Gy\u00f3gyszer\u00e9szcsal\u00e1dban sz\u00fcletett, iskolai tanulm\u00e1nyait Cegl\u00e9den v\u00e9gezte. 1939-ben iratkozott be a m. kir. P\u00e1zm\u00e1ny P\u00e9ter Tudom\u00e1nyegyetem Orvostudom\u00e1nyi Kar\u00e1ra, ahol 1943-ban gy\u00f3gyszer\u00e9szi oklevelet szerzett. Ezut\u00e1n az egyetem Szerves \u00e9s Gy\u00f3gyszer\u00e9szi K\u00e9miai Int\u00e9zet\u00e9ben dolgozott. Disszert\u00e1ci\u00f3j\u00e1t is itt k\u00e9sz\u00edtette, 1947-ben gy\u00f3gyszer\u00e9szdoktori c\u00edmet nyert. 1948-1952 k\u00f6z\u00f6tt k\u00f6zforgalm\u00fa gy\u00f3gyszert\u00e1rban dolgozott gy\u00f3gyszer\u00e9szk\u00e9nt, majd gy\u00f3gyszert\u00e1rvezet\u0151k\u00e9nt. 1952-ben szakfel\u00fcgyel\u0151-gy\u00f3gyszer\u00e9sz a Pest megyei &hellip;<\/p>\n","protected":false},"author":282,"featured_media":724,"parent":347,"menu_order":0,"comment_status":"closed","ping_status":"closed","template":"template-fullwidth.php","meta":{"_acf_changed":false,"footnotes":""},"categories":[6,20,83,77,14],"tags":[],"class_list":["post-723","page","type-page","status-publish","has-post-thumbnail","hentry","category-dekanok","category-dekanok-karok-szerint","category-gytk-dekanjai","category-kegyeleti-adattar","category-teljes-nevlista"],"acf":[],"_links":{"self":[{"href":"https:\/\/semmelweis.hu\/baratikor\/wp-json\/wp\/v2\/pages\/723","targetHints":{"allow":["GET"]}}],"collection":[{"href":"https:\/\/semmelweis.hu\/baratikor\/wp-json\/wp\/v2\/pages"}],"about":[{"href":"https:\/\/semmelweis.hu\/baratikor\/wp-json\/wp\/v2\/types\/page"}],"author":[{"embeddable":true,"href":"https:\/\/semmelweis.hu\/baratikor\/wp-json\/wp\/v2\/users\/282"}],"replies":[{"embeddable":true,"href":"https:\/\/semmelweis.hu\/baratikor\/wp-json\/wp\/v2\/comments?post=723"}],"version-history":[{"count":1,"href":"https:\/\/semmelweis.hu\/baratikor\/wp-json\/wp\/v2\/pages\/723\/revisions"}],"predecessor-version":[{"id":726,"href":"https:\/\/semmelweis.hu\/baratikor\/wp-json\/wp\/v2\/pages\/723\/revisions\/726"}],"up":[{"embeddable":true,"href":"https:\/\/semmelweis.hu\/baratikor\/wp-json\/wp\/v2\/pages\/347"}],"wp:featuredmedia":[{"embeddable":true,"href":"https:\/\/semmelweis.hu\/baratikor\/wp-json\/wp\/v2\/media\/724"}],"wp:attachment":[{"href":"https:\/\/semmelweis.hu\/baratikor\/wp-json\/wp\/v2\/media?parent=723"}],"wp:term":[{"taxonomy":"category","embeddable":true,"href":"https:\/\/semmelweis.hu\/baratikor\/wp-json\/wp\/v2\/categories?post=723"},{"taxonomy":"post_tag","embeddable":true,"href":"https:\/\/semmelweis.hu\/baratikor\/wp-json\/wp\/v2\/tags?post=723"}],"curies":[{"name":"wp","href":"https:\/\/api.w.org\/{rel}","templated":true}]}}