{"id":719,"date":"2022-06-21T08:00:06","date_gmt":"2022-06-21T06:00:06","guid":{"rendered":"https:\/\/semmelweis.hu\/baratikor\/?page_id=719"},"modified":"2023-01-09T11:18:32","modified_gmt":"2023-01-09T10:18:32","slug":"ihasz-mihaly","status":"publish","type":"page","link":"https:\/\/semmelweis.hu\/baratikor\/galeria\/teljes-nevlista\/ihasz-mihaly\/","title":{"rendered":"Ih\u00e1sz Mih\u00e1ly"},"content":{"rendered":"<p><strong><a href=\"https:\/\/semmelweis.hu\/baratikor\/files\/2022\/06\/118_11.jpg\"><img loading=\"lazy\" decoding=\"async\" class=\"alignleft wp-image-720 size-full\" src=\"https:\/\/semmelweis.hu\/baratikor\/files\/2022\/06\/118_11.jpg\" alt=\"\" width=\"295\" height=\"370\" \/><\/a>(Vaszar, 1931 &#8211; Budapest, 2002)<\/strong><\/p>\n<p style=\"text-align: justify\">Orvosi tanulm\u00e1nyait a BOTE-n v\u00e9gezte, 1960-ban szerzett diplom\u00e1t. Ett\u0151l kezdve az egyetem III. sz. Seb\u00e9szeti Klinik\u00e1j\u00e1n m\u0171k\u00f6d\u00f6tt. 1969-ben kapta meg az orvostudom\u00e1nyok kandid\u00e1tusa fokozatot. Ugyanett\u0151l az \u00e9vt\u0151l adjunktus, majd 1973-t\u00f3l docens. 1976-ban nyerte el az orvostudom\u00e1nyok doktora fokozatot, 1977-ben egyetemi tan\u00e1rr\u00e1 nevezt\u00e9k ki. 1985-ben a J\u00e1nos K\u00f3rh\u00e1z ter\u00fclet\u00e9n az \u0151 vezet\u00e9s\u00e9vel alakult meg a Seb\u00e9szeti Tansz\u00e9k. F\u0151 kutat\u00e1si ter\u00fclete a gyomor funkcion\u00e1lis seb\u00e9szete \u00e9s a v\u00e9konyb\u00e9l pathofiziol\u00f3gi\u00e1ja volt. Kimutatta, hogy a v\u00e9konyb\u00e9l motilit\u00e1si v\u00e1ltoz\u00e1sait els\u0151sorban plasmakininek, a biogen aminok, valamint a reflectoros ideghat\u00e1s okozz\u00e1k. T\u00f6bb \u00e9vtizedes seb\u00e9szi tapasztalata alapj\u00e1n bizony\u00edtotta, hogy a duodenalis fek\u00e9lyek seb\u00e9szi kezel\u00e9s\u00e9re a legfiziol\u00f3gi\u00e1sabb m\u0171t\u00e9ti elj\u00e1r\u00e1s a proximalis selectiv vagotomia. 1988-t\u00f3l az Acta Chirurgica Hungarica f\u0151szerkeszt\u0151je. 1990-ben lett az Akad\u00e9mia levelez\u0151, 1995-ben rendes tagja. K\u00e9tszer kapott Akad\u00e9miai N\u00edv\u00f3d\u00edjat. 1997-t\u0151l a Doktori Tan\u00e1cs tagja, 1997-t\u0151l eln\u00f6ke. Tagja volt az ETT TUKEB Bizotts\u00e1g\u00e1nak, a MOTESZ-nek pedig eln\u00f6ke.<\/p>\n","protected":false},"excerpt":{"rendered":"<p><a href=\"https:\/\/semmelweis.hu\/baratikor\/files\/2022\/06\/118_11.jpg\"><\/a> (Vaszar, 1931 &#8211; Budapest, 2002) Orvosi tanulm\u00e1nyait a BOTE-n v\u00e9gezte, 1960-ban szerzett diplom\u00e1t. Ett\u0151l kezdve az egyetem III. sz. Seb\u00e9szeti Klinik\u00e1j\u00e1n m\u0171k\u00f6d\u00f6tt. 1969-ben kapta meg az orvostudom\u00e1nyok kandid\u00e1tusa fokozatot. Ugyanett\u0151l az \u00e9vt\u0151l adjunktus, majd 1973-t\u00f3l docens. 1976-ban nyerte el az orvostudom\u00e1nyok doktora fokozatot, 1977-ben egyetemi tan\u00e1rr\u00e1 nevezt\u00e9k ki. 1985-ben a J\u00e1nos K\u00f3rh\u00e1z ter\u00fclet\u00e9n az \u0151 &hellip;<\/p>\n","protected":false},"author":282,"featured_media":720,"parent":347,"menu_order":0,"comment_status":"closed","ping_status":"closed","template":"template-fullwidth.php","meta":{"_acf_changed":false,"footnotes":""},"categories":[77,16,14],"tags":[],"class_list":["post-719","page","type-page","status-publish","has-post-thumbnail","hentry","category-kegyeleti-adattar","category-tanszekvezetok","category-teljes-nevlista"],"acf":[],"_links":{"self":[{"href":"https:\/\/semmelweis.hu\/baratikor\/wp-json\/wp\/v2\/pages\/719","targetHints":{"allow":["GET"]}}],"collection":[{"href":"https:\/\/semmelweis.hu\/baratikor\/wp-json\/wp\/v2\/pages"}],"about":[{"href":"https:\/\/semmelweis.hu\/baratikor\/wp-json\/wp\/v2\/types\/page"}],"author":[{"embeddable":true,"href":"https:\/\/semmelweis.hu\/baratikor\/wp-json\/wp\/v2\/users\/282"}],"replies":[{"embeddable":true,"href":"https:\/\/semmelweis.hu\/baratikor\/wp-json\/wp\/v2\/comments?post=719"}],"version-history":[{"count":3,"href":"https:\/\/semmelweis.hu\/baratikor\/wp-json\/wp\/v2\/pages\/719\/revisions"}],"predecessor-version":[{"id":725,"href":"https:\/\/semmelweis.hu\/baratikor\/wp-json\/wp\/v2\/pages\/719\/revisions\/725"}],"up":[{"embeddable":true,"href":"https:\/\/semmelweis.hu\/baratikor\/wp-json\/wp\/v2\/pages\/347"}],"wp:featuredmedia":[{"embeddable":true,"href":"https:\/\/semmelweis.hu\/baratikor\/wp-json\/wp\/v2\/media\/720"}],"wp:attachment":[{"href":"https:\/\/semmelweis.hu\/baratikor\/wp-json\/wp\/v2\/media?parent=719"}],"wp:term":[{"taxonomy":"category","embeddable":true,"href":"https:\/\/semmelweis.hu\/baratikor\/wp-json\/wp\/v2\/categories?post=719"},{"taxonomy":"post_tag","embeddable":true,"href":"https:\/\/semmelweis.hu\/baratikor\/wp-json\/wp\/v2\/tags?post=719"}],"curies":[{"name":"wp","href":"https:\/\/api.w.org\/{rel}","templated":true}]}}