{"id":708,"date":"2022-06-20T15:41:09","date_gmt":"2022-06-20T13:41:09","guid":{"rendered":"https:\/\/semmelweis.hu\/baratikor\/?page_id=708"},"modified":"2023-01-06T14:22:22","modified_gmt":"2023-01-06T13:22:22","slug":"fonyo-attila","status":"publish","type":"page","link":"https:\/\/semmelweis.hu\/baratikor\/galeria\/teljes-nevlista\/fonyo-attila\/","title":{"rendered":"Fony\u00f3 Attila"},"content":{"rendered":"<p style=\"text-align: justify\"><strong><a href=\"https:\/\/semmelweis.hu\/baratikor\/files\/2022\/06\/195_11.jpg\"><img loading=\"lazy\" decoding=\"async\" class=\"alignleft wp-image-709 size-full\" src=\"https:\/\/semmelweis.hu\/baratikor\/files\/2022\/06\/195_11.jpg\" alt=\"\" width=\"295\" height=\"370\" \/><\/a>(Budapest, 1927. VII. 16. &#8211; )<\/strong><\/p>\n<p style=\"text-align: justify\">Csal\u00e1dj\u00e1ban az orvosok harmadik gener\u00e1ci\u00f3j\u00e1t k\u00e9pviseli. Orvosdoktori oklevel\u00e9t 1951. augusztus 28-\u00e1n kapta a Budapest Orvostudom\u00e1nyi Egyetemen. Harmad\u00e9ves orvostanhallgat\u00f3 kor\u00e1ban, 1947-ben csatlakozott a Mansfeld G\u00e9za professzor vezet\u00e9se alatt \u00e1ll\u00f3 egyetemi \u00c9lettani Int\u00e9zethez; els\u0151 kinevez\u00e9s\u00e9nek id\u0151pontja 1949. Az \u00c9lettani Int\u00e9zetnek 1960-ig volt tagja, ekkor t\u00f6bb, az int\u00e9zetben dolgoz\u00f3 oktat\u00f3val egy\u00fctt \u00e1thelyezt\u00e9k az akkor l\u00e9tes\u00fclt K\u00eds\u00e9rleti Kutat\u00f3 Laborat\u00f3riumba (ez a mai Klinikai K\u00eds\u00e9rleti Kutat\u00f3- \u00e9s Hum\u00e1n \u00c9lettani Int\u00e9zet). Itt dolgozva kapta meg 1975-ben egyetemi tan\u00e1ri kinevez\u00e9s\u00e9t. 1981-ben az \u00c9lettani Int\u00e9zetbe igazgat\u00f3k\u00e9nt t\u00e9rt vissza. 1983-ban megb\u00edz\u00e1st kapott az egyetemen indul\u00f3 n\u00e9met nyelv\u0171 orvosk\u00e9pz\u00e9s megszervez\u00e9s\u00e9re, majd d\u00e9k\u00e1nhelyettesk\u00e9nt annak ir\u00e1ny\u00edt\u00e1s\u00e1ra; 1985 \u00e9s 1991 k\u00f6z\u00f6tt az \u00c1ltal\u00e1nos Orvostudom\u00e1nyi Kar d\u00e9k\u00e1nja. 1989-ben a N\u00e9met Sz\u00f6vets\u00e9gi K\u00f6zt\u00e1rsas\u00e1g \u00c9rdemrendj\u00e9nek nagykeresztj\u00e9vel t\u00fcntett\u00e9k ki. 1997-t\u0151l az egyetem professor emeritusa. 75. sz\u00fclet\u00e9snapja alkalm\u00e1val 2002-ben az egyetem Semmelweis eml\u00e9k\u00e9rm\u00e9vel, a Magyar \u00c9lettani T\u00e1rsas\u00e1g R\u00e1cz S\u00e1muel eml\u00e9k\u00e9rm\u00e9vel \u00e9s az eg\u00e9szs\u00e9g\u00fcgyi miniszter d\u00edszoklevel\u00e9vel, a n\u00e9metnyelv\u0171 orvosk\u00e9pz\u00e9s megind\u00edt\u00e1s\u00e1nak 20. \u00e9vfordul\u00f3j\u00e1n 2003-ban Pro universitate \u00e9remmel t\u00fcntett\u00e9k ki.<\/p>\n<p style=\"text-align: justify\">Kutat\u00f3i p\u00e1ly\u00e1j\u00e1nak nagy r\u00e9sz\u00e9ben a sejtek energiatermel\u0151i mechanizmusaival, az energiatermel\u00e9sben kulcsfontoss\u00e1g\u00fa mitochondriumok membr\u00e1nm\u0171k\u00f6d\u00e9s\u00e9vel foglalkozott. Ez ut\u00f3bbival kapcsolatosan nev\u00e9hez f\u0171z\u0151dik a foszf\u00e1t\u00e1tviv\u0151 membr\u00e1n\u00f6sszetev\u0151 le\u00edr\u00e1sa 1967-ben. Ez a munk\u00e1ja hozta meg sz\u00e1m\u00e1ra az orvostudom\u00e1ny doktora c\u00edmet, 1974-ben az egyetem Jendrassik eml\u00e9k\u00e9rm\u00e9t \u00e9s 1982-ben az Akad\u00e9miai d\u00edjat.<\/p>\n<p style=\"text-align: justify\">Akt\u00edv kutat\u00f3i peri\u00f3dus\u00e1nak lez\u00e1r\u00f3d\u00e1s\u00e1val \u00e9rdekl\u0151d\u00e9se egyre nagyobb m\u00e9rt\u00e9kben a tank\u00f6nyv\u00edr\u00e1s fel\u00e9 fordult. \u201eAz Orvosi \u00c9lettan Tank\u00f6nyve\u201d c\u00edm\u0171 m\u0171v\u00e9nek els\u0151 kiad\u00e1sa 1997-ben jelent meg, amelyet k\u00e9t magyar \u00e9s egy angol nyelv\u0171 kiad\u00e1s k\u00f6vetett. \u201e\u00c9lettan gy\u00f3gyszer\u00e9szhallgat\u00f3k r\u00e9sz\u00e9re\u201d c\u00edm\u0171 tank\u00f6nyv\u00e9nek els\u0151 kiad\u00e1sa 1998-ban, m\u00e1sodik kiad\u00e1sa pedig 2005-ben jelent meg.<\/p>\n<p><a href=\"https:\/\/semmelweis.hu\/baratikor\/files\/2022\/06\/195_31.jpg\"><img loading=\"lazy\" decoding=\"async\" class=\"alignnone wp-image-710 size-full\" src=\"https:\/\/semmelweis.hu\/baratikor\/files\/2022\/06\/195_31.jpg\" alt=\"\" width=\"295\" height=\"370\" \/><\/a><a href=\"https:\/\/semmelweis.hu\/baratikor\/files\/2022\/06\/195_41.jpg\"><img loading=\"lazy\" decoding=\"async\" class=\"alignleft wp-image-711 size-full\" src=\"https:\/\/semmelweis.hu\/baratikor\/files\/2022\/06\/195_41.jpg\" alt=\"\" width=\"295\" height=\"370\" \/><\/a><a href=\"https:\/\/semmelweis.hu\/baratikor\/files\/2022\/06\/195_51.jpg\"><img loading=\"lazy\" decoding=\"async\" class=\"alignleft wp-image-712 size-full\" src=\"https:\/\/semmelweis.hu\/baratikor\/files\/2022\/06\/195_51.jpg\" alt=\"\" width=\"295\" height=\"370\" \/><\/a><\/p>\n","protected":false},"excerpt":{"rendered":"<p><a href=\"https:\/\/semmelweis.hu\/baratikor\/files\/2022\/06\/195_11.jpg\"><\/a> (Budapest, 1927. VII. 16. &#8211; ) Csal\u00e1dj\u00e1ban az orvosok harmadik gener\u00e1ci\u00f3j\u00e1t k\u00e9pviseli. Orvosdoktori oklevel\u00e9t 1951. augusztus 28-\u00e1n kapta a Budapest Orvostudom\u00e1nyi Egyetemen. Harmad\u00e9ves orvostanhallgat\u00f3 kor\u00e1ban, 1947-ben csatlakozott a Mansfeld G\u00e9za professzor vezet\u00e9se alatt \u00e1ll\u00f3 egyetemi \u00c9lettani Int\u00e9zethez; els\u0151 kinevez\u00e9s\u00e9nek id\u0151pontja 1949. Az \u00c9lettani Int\u00e9zetnek 1960-ig volt tagja, ekkor t\u00f6bb, az int\u00e9zetben dolgoz\u00f3 oktat\u00f3val egy\u00fctt \u00e1thelyezt\u00e9k &hellip;<\/p>\n","protected":false},"author":282,"featured_media":709,"parent":347,"menu_order":0,"comment_status":"closed","ping_status":"closed","template":"template-fullwidth.php","meta":{"_acf_changed":false,"footnotes":""},"categories":[80,6,20,14],"tags":[],"class_list":["post-708","page","type-page","status-publish","has-post-thumbnail","hentry","category-aok-dekanjai","category-dekanok","category-dekanok-karok-szerint","category-teljes-nevlista"],"acf":[],"_links":{"self":[{"href":"https:\/\/semmelweis.hu\/baratikor\/wp-json\/wp\/v2\/pages\/708","targetHints":{"allow":["GET"]}}],"collection":[{"href":"https:\/\/semmelweis.hu\/baratikor\/wp-json\/wp\/v2\/pages"}],"about":[{"href":"https:\/\/semmelweis.hu\/baratikor\/wp-json\/wp\/v2\/types\/page"}],"author":[{"embeddable":true,"href":"https:\/\/semmelweis.hu\/baratikor\/wp-json\/wp\/v2\/users\/282"}],"replies":[{"embeddable":true,"href":"https:\/\/semmelweis.hu\/baratikor\/wp-json\/wp\/v2\/comments?post=708"}],"version-history":[{"count":4,"href":"https:\/\/semmelweis.hu\/baratikor\/wp-json\/wp\/v2\/pages\/708\/revisions"}],"predecessor-version":[{"id":717,"href":"https:\/\/semmelweis.hu\/baratikor\/wp-json\/wp\/v2\/pages\/708\/revisions\/717"}],"up":[{"embeddable":true,"href":"https:\/\/semmelweis.hu\/baratikor\/wp-json\/wp\/v2\/pages\/347"}],"wp:featuredmedia":[{"embeddable":true,"href":"https:\/\/semmelweis.hu\/baratikor\/wp-json\/wp\/v2\/media\/709"}],"wp:attachment":[{"href":"https:\/\/semmelweis.hu\/baratikor\/wp-json\/wp\/v2\/media?parent=708"}],"wp:term":[{"taxonomy":"category","embeddable":true,"href":"https:\/\/semmelweis.hu\/baratikor\/wp-json\/wp\/v2\/categories?post=708"},{"taxonomy":"post_tag","embeddable":true,"href":"https:\/\/semmelweis.hu\/baratikor\/wp-json\/wp\/v2\/tags?post=708"}],"curies":[{"name":"wp","href":"https:\/\/api.w.org\/{rel}","templated":true}]}}