{"id":704,"date":"2022-06-20T15:37:17","date_gmt":"2022-06-20T13:37:17","guid":{"rendered":"https:\/\/semmelweis.hu\/baratikor\/?page_id=704"},"modified":"2023-10-12T16:08:07","modified_gmt":"2023-10-12T14:08:07","slug":"somogyi-endre","status":"publish","type":"page","link":"https:\/\/semmelweis.hu\/baratikor\/galeria\/teljes-nevlista\/somogyi-endre\/","title":{"rendered":"Somogyi Endre"},"content":{"rendered":"<p style=\"text-align: justify\"><strong><a href=\"https:\/\/semmelweis.hu\/baratikor\/files\/2023\/07\/Somogyi-Endre-80-as-evek_jav.jpg\"><img loading=\"lazy\" decoding=\"async\" class=\"alignleft size-medium wp-image-5076\" src=\"https:\/\/semmelweis.hu\/baratikor\/files\/2023\/07\/Somogyi-Endre-80-as-evek_jav-323x400.jpg\" alt=\"\" width=\"323\" height=\"400\" srcset=\"https:\/\/semmelweis.hu\/baratikor\/files\/2023\/07\/Somogyi-Endre-80-as-evek_jav-323x400.jpg 323w, https:\/\/semmelweis.hu\/baratikor\/files\/2023\/07\/Somogyi-Endre-80-as-evek_jav-768x952.jpg 768w, https:\/\/semmelweis.hu\/baratikor\/files\/2023\/07\/Somogyi-Endre-80-as-evek_jav-753x933.jpg 753w, https:\/\/semmelweis.hu\/baratikor\/files\/2023\/07\/Somogyi-Endre-80-as-evek_jav.jpg 807w\" sizes=\"auto, (max-width: 323px) 100vw, 323px\" \/><\/a>Somogyi Endre (Kisv\u00e1rda, 1922. febru\u00e1r 26. \u2013 Budapest, 2006. m\u00e1rcius 9.)<\/strong><\/p>\n<p><strong>Tansz\u00e9k: <\/strong>Igazs\u00e1g\u00fcgyi Orvostani Int\u00e9zet 1969\u20131992.<\/p>\n<p><strong>Viselt egyetemi m\u00e9lt\u00f3s\u00e1gok: <\/strong>\u00c1OK d\u00e9k\u00e1nhelyettes 1966-1970, tudom\u00e1nyos rektorhelyettes, 1979-1985, rektor 1985-1991.<\/p>\n<p>Vid\u00e9ki munk\u00e1scsal\u00e1db\u00f3l sz\u00e1rmazik, \u00e9desapja g\u00e9plakatosk\u00e9nt dolgozott. Iskol\u00e1it Kisv\u00e1rd\u00e1n v\u00e9gezte, 1940-ben \u00e9retts\u00e9gizett. \u00c9retts\u00e9gi ut\u00e1n vaseszterg\u00e1lyos szakm\u00e1t tanult, \u00e9s Budapesten seg\u00e9dk\u00e9nt dolgozott. 1945-ben iratkozott be a P\u00e1zm\u00e1ny P\u00e9ter Tudom\u00e1nyegyetem Orvostudom\u00e1nyi Kar\u00e1ra.<\/p>\n<p>1942 \u00f3ta tagja az Eg\u00e9szs\u00e9g\u00fcgyi Dolgoz\u00f3k Szakszervezet\u00e9nek, 1945 \u00f3ta volt p\u00e1rttag (MKP, MDP, MSZMP). 1957-1962 k\u00f6z\u00f6tt az egyetemi p\u00e1rtbizotts\u00e1g vezet\u0151je, 1962-t\u0151l tagja. 1962-1970 k\u00f6z\u00f6tt tagja volt a Budapesti P\u00e1rtbizotts\u00e1gnak. T\u00f6bb mint k\u00e9t \u00e9vtizeden kereszt\u00fcl a Munk\u00e1s\u0151rs\u00e9gben is szolg\u00e1lt.<\/p>\n<p>Orvosi oklevel\u00e9t 1952. j\u00falius 30-\u00e1n szerezte a Budapesti Orvostudom\u00e1nyi Egyetemen, de m\u00e1r 1950-t\u0151l d\u00edjas demonstr\u00e1tork\u00e9nt az Igazs\u00e1g\u00fcgyi Orvostani Int\u00e9zetben dolgozott. 1952. szeptember 1-t\u0151l gyakornok. 1955. j\u00fanius 17-\u00e9n k\u00f3rbonctan-k\u00f3rsz\u00f6vettanb\u00f3l, okt\u00f3ber 1-j\u00e9n igazs\u00e1g\u00fcgyi orvostanb\u00f3l tett szakvizsg\u00e1t. Ett\u0151l kezdve a F\u0151v\u00e1rosi B\u00edr\u00f3s\u00e1g \u00e9s a Pest Megyei B\u00edr\u00f3s\u00e1g mellett \u00e1lland\u00f3 orvosszak\u00e9rt\u0151k\u00e9nt is m\u0171k\u00f6d\u00f6tt. 1959. m\u00e1rcius 5-\u00e9n az orvostudom\u00e1nyok kandid\u00e1tusa, majd 1972. m\u00e1rcius 22-\u00e9n doktora c\u00edmet nyerte el. 1958. szeptember 1-j\u00e9t\u0151l adjunktus, 1959. szeptember 1-j\u00e9t\u0151l docens, 1969. j\u00falius 1-j\u00e9t\u0151l egyetemi tan\u00e1r, egyben az Igazs\u00e1g\u00fcgyi Orvostani Int\u00e9zet igazgat\u00f3ja eg\u00e9szen 1992-ben t\u00f6rt\u00e9nt nyugd\u00edjba vonul\u00e1s\u00e1ig. Ezzel p\u00e1rhuzamosan megalap\u00edt\u00e1s\u00e1t\u00f3l, 1975-t\u0151l kezdve ell\u00e1tta az Orsz\u00e1gos Igazs\u00e1g\u00fcgyi Orvostani Int\u00e9zet igazgat\u00f3i teend\u0151it is. 1966-1970 az \u00c1ltal\u00e1nos Orvostudom\u00e1nyi Kar d\u00e9k\u00e1nhelyettese, 1979-1985 k\u00f6z\u00f6tt tudom\u00e1nyos rektorhelyettes, majd 1985-t\u0151l 1991-ig az egyetem rektora volt. Rektori ciklusa idej\u00e9n, az \u0151 kezdem\u00e9nyez\u00e9s\u00e9re alakult meg az egyetem Bar\u00e1ti K\u00f6re. Szint\u00e9n \u0151 kezdem\u00e9nyezte az egyetem D\u00e9lib\u00e1b utcai vend\u00e9gh\u00e1z\u00e1nak kialak\u00edt\u00e1s\u00e1t. Jelent\u0151s munk\u00e1t v\u00e9gzett az idegen nyelv\u0171 oktat\u00e1s bevezet\u00e9s\u00e9ben mindh\u00e1rom karon.<\/p>\n<p>Tudom\u00e1nyos munk\u00e1ss\u00e1ga jelent\u0151s r\u00e9sz\u00e9ben az elektromos \u00e1ram emberi szervezetre gyakorolt hat\u00e1s\u00e1t vizsg\u00e1lta, de foglalkozott kromosz\u00f3mavizsg\u00e1latokkal sz\u00e1rmaz\u00e1s meg\u00e1llap\u00edt\u00e1si \u00fcgyekben, illetve kardio-patol\u00f3gi\u00e1val.<\/p>\n<p>T\u00f6bb hazai \u00e9s nemzetk\u00f6zi szakmai szervezet tagja, illetve vezet\u0151s\u00e9gi tagja: pl. Nemzetk\u00f6zi Igazs\u00e1g\u00fcgyi \u00e9s Szoci\u00e1lis Orvosi Akad\u00e9mia (1961-t\u0151l tag, 1967-1970 f\u0151titk\u00e1r, 1985-1988 eln\u00f6k), Francia Igazs\u00e1g\u00fcgyi \u00e9s Kriminol\u00f3giai T\u00e1rsas\u00e1g, N\u00e9met Igazs\u00e1g\u00fcgyi Orvosi T\u00e1rsas\u00e1g, Nemzetk\u00f6zi K\u00f6zleked\u00e9si Orvosi T\u00e1rsas\u00e1g (magyar nemzeti megb\u00edzott), csehszlov\u00e1k \u00e9s kubai igazs\u00e1g\u00fcgyi orvostani t\u00e1rsas\u00e1gok. A Magyar Igazs\u00e1g\u00fcgyi Orvostani T\u00e1rsas\u00e1g \u00f6r\u00f6k\u00f6s tiszteletbeli eln\u00f6ke volt.<\/p>\n<p>T\u00edz \u00e9vig vett r\u00e9szt az Acta Morphologica szerkeszt\u00e9s\u00e9ben, alap\u00edt\u00f3 f\u0151szerkeszt\u0151je volt a Morphol\u00f3giai \u00e9s Igazs\u00e1g\u00fcgyi Orvosi Szeml\u00e9nek, illetve tagja volt t\u00f6bb k\u00fclf\u00f6ldi szakfoly\u00f3irat szerkeszt\u0151bizotts\u00e1g\u00e1nak.<\/p>\n<p>Kit\u00fcntet\u00e9sei: Szocialista Munk\u00e1\u00e9rt \u00c9rdem\u00e9rem (1958, 1962), \u00c9rdemes Orvos (1963), K\u00f6zbiztons\u00e1g\u00e9rt \u00c9rem arany fokozata (1965), Jendrassik Ern\u0151 eml\u00e9k\u00e9rem (1965), Igazs\u00e1g\u00fcgy Kiv\u00e1l\u00f3 Dolgoz\u00f3ja (1968), Haza Szolg\u00e1lat\u00e1\u00e9rt \u00c9rdem\u00e9rem arany fokozata (1968, 1971), Felszabadul\u00e1si Jubileumi Eml\u00e9k\u00e9rem (1970), Munk\u00e1s\u0151rs\u00e9g 5 \u00e9ves Szolg\u00e1lati \u00c9rem (1970), Markusovszky Lajos eml\u00e9k\u00e9rem (1972), MTA kutat\u00e1si p\u00e1lyad\u00edj (1972), Akad\u00e9miai D\u00edj I. fokozat (1973), Kiv\u00e1l\u00f3 Munk\u00e1s\u0151r (1974), Incze Gyula eml\u00e9k\u00e9rem (1974), Szolg\u00e1lati \u00c9rdem\u00e9rem (1976), Semmelweis eml\u00e9k\u00e9rem (1976), Szocialista Kult\u00far\u00e1\u00e9rt (1981), Munka \u00c9rdemrend arany fokozata (1982), Marek J\u00f3zsef eml\u00e9k\u00e9rem (1987), Batthy\u00e1ny-Strattmann L\u00e1szl\u00f3 d\u00edj (1995), Professor emeritus c\u00edm (1998). Kit\u00fcntetettje tov\u00e1bb\u00e1 a Bal\u00f3 J\u00f3zsef \u00e9s a Bug\u00e1t P\u00e1l eml\u00e9k\u00e9rmeknek.<\/p>\n<p><strong>F\u0151bb munk\u00e1i:<\/strong> Igazs\u00e1g\u00fcgyi orvostan (szerk.). Bp. 1964.; Rendk\u00edv\u00fcli hal\u00e1loz\u00e1s Budapesten, 1945-1959, A budapesti Orvostudom\u00e1nyi Egyetem Igazs\u00e1g\u00fcgyi Orvostani Int\u00e9zete 33 000 hat\u00f3s\u00e1gi boncol\u00e1sra kiterjed\u0151 anyag\u00e1nak hal\u00e1loki-statisztikai elemz\u00e9se (Kenyeres Imr\u00e9vel \u00e9s Szuchovszky Gyul\u00e1val). Bp., 1965.; Az elektromos baleset \u00e9s a vill\u00e1mcsap\u00e1s klinikuma \u00e9s pathologi\u00e1ja (Ir\u00e1nyi Jen\u0151vel \u00e9s Ir\u00e1nyi Jen\u0151n\u00e9vel). Bp., 1967.; Az igazs\u00e1g\u00fcgyi orvostan alapjai. Bp. 1968., 1973., 1977., 1982., 1986., 1990.; Az elektromos \u00e1ram sz\u00f6vetk\u00e1ros\u00edt\u00f3 hat\u00e1s\u00e1nak vizsg\u00e1lata. Kandid\u00e1tusi \u00e9rtekez\u00e9s. Bp., 1971.; Hib\u00e1k \u00e9s t\u00e9ved\u00e9sek az orvosi gyakorlatban. Bp., 1979.; Sudden cardiac death (szerk. S\u00f3tonyi P\u00e9terrel). Bp., 1994.<\/p>\n<p><strong>Nyughelye:<\/strong> Budapest, Fiumei \u00fati temet\u0151 36\/0\/0\/2 sz\u00f3r\u00f3parcella, 10. k\u0151, jobb oldal, 1. oszlop, 23. sor.<\/p>\n<p><strong><a href=\"https:\/\/semmelweis.hu\/baratikor\/files\/2023\/07\/Somogyi-Endre_jav.jpg\"><img loading=\"lazy\" decoding=\"async\" class=\"alignleft size-medium wp-image-5077\" src=\"https:\/\/semmelweis.hu\/baratikor\/files\/2023\/07\/Somogyi-Endre_jav-286x400.jpg\" alt=\"\" width=\"286\" height=\"400\" srcset=\"https:\/\/semmelweis.hu\/baratikor\/files\/2023\/07\/Somogyi-Endre_jav-286x400.jpg 286w, https:\/\/semmelweis.hu\/baratikor\/files\/2023\/07\/Somogyi-Endre_jav.jpg 715w\" sizes=\"auto, (max-width: 286px) 100vw, 286px\" \/><\/a><a href=\"https:\/\/semmelweis.hu\/baratikor\/files\/2022\/06\/054_11.jpg\"><img loading=\"lazy\" decoding=\"async\" class=\"alignleft wp-image-705 size-full\" src=\"https:\/\/semmelweis.hu\/baratikor\/files\/2022\/06\/054_11.jpg\" alt=\"\" width=\"295\" height=\"370\" \/><\/a><\/strong><a href=\"https:\/\/semmelweis.hu\/baratikor\/files\/2023\/07\/Somogyi-Endre-2._jav.jpg\"><img loading=\"lazy\" decoding=\"async\" class=\"alignleft size-medium wp-image-5075\" src=\"https:\/\/semmelweis.hu\/baratikor\/files\/2023\/07\/Somogyi-Endre-2._jav-400x300.jpg\" alt=\"\" width=\"400\" height=\"300\" srcset=\"https:\/\/semmelweis.hu\/baratikor\/files\/2023\/07\/Somogyi-Endre-2._jav-400x300.jpg 400w, https:\/\/semmelweis.hu\/baratikor\/files\/2023\/07\/Somogyi-Endre-2._jav-768x576.jpg 768w, https:\/\/semmelweis.hu\/baratikor\/files\/2023\/07\/Somogyi-Endre-2._jav-753x565.jpg 753w, https:\/\/semmelweis.hu\/baratikor\/files\/2023\/07\/Somogyi-Endre-2._jav.jpg 1000w\" sizes=\"auto, (max-width: 400px) 100vw, 400px\" \/><\/a><\/p>\n","protected":false},"excerpt":{"rendered":"<p><a href=\"https:\/\/semmelweis.hu\/baratikor\/files\/2023\/07\/Somogyi-Endre-80-as-evek_jav.jpg\"><\/a> Somogyi Endre (Kisv\u00e1rda, 1922. febru\u00e1r 26. \u2013 Budapest, 2006. m\u00e1rcius 9.) Tansz\u00e9k: Igazs\u00e1g\u00fcgyi Orvostani Int\u00e9zet 1969\u20131992. Viselt egyetemi m\u00e9lt\u00f3s\u00e1gok: \u00c1OK d\u00e9k\u00e1nhelyettes 1966-1970, tudom\u00e1nyos rektorhelyettes, 1979-1985, rektor 1985-1991. Vid\u00e9ki munk\u00e1scsal\u00e1db\u00f3l sz\u00e1rmazik, \u00e9desapja g\u00e9plakatosk\u00e9nt dolgozott. Iskol\u00e1it Kisv\u00e1rd\u00e1n v\u00e9gezte, 1940-ben \u00e9retts\u00e9gizett. \u00c9retts\u00e9gi ut\u00e1n vaseszterg\u00e1lyos szakm\u00e1t tanult, \u00e9s Budapesten seg\u00e9dk\u00e9nt dolgozott. 1945-ben iratkozott be a P\u00e1zm\u00e1ny P\u00e9ter Tudom\u00e1nyegyetem Orvostudom\u00e1nyi &hellip;<\/p>\n","protected":false},"author":282,"featured_media":5445,"parent":347,"menu_order":0,"comment_status":"closed","ping_status":"closed","template":"template-fullwidth.php","meta":{"_acf_changed":false,"footnotes":""},"categories":[75,77,5,14],"tags":[],"class_list":["post-704","page","type-page","status-publish","has-post-thumbnail","hentry","category-barati-kor","category-kegyeleti-adattar","category-rektorok","category-teljes-nevlista"],"acf":[],"_links":{"self":[{"href":"https:\/\/semmelweis.hu\/baratikor\/wp-json\/wp\/v2\/pages\/704","targetHints":{"allow":["GET"]}}],"collection":[{"href":"https:\/\/semmelweis.hu\/baratikor\/wp-json\/wp\/v2\/pages"}],"about":[{"href":"https:\/\/semmelweis.hu\/baratikor\/wp-json\/wp\/v2\/types\/page"}],"author":[{"embeddable":true,"href":"https:\/\/semmelweis.hu\/baratikor\/wp-json\/wp\/v2\/users\/282"}],"replies":[{"embeddable":true,"href":"https:\/\/semmelweis.hu\/baratikor\/wp-json\/wp\/v2\/comments?post=704"}],"version-history":[{"count":3,"href":"https:\/\/semmelweis.hu\/baratikor\/wp-json\/wp\/v2\/pages\/704\/revisions"}],"predecessor-version":[{"id":5078,"href":"https:\/\/semmelweis.hu\/baratikor\/wp-json\/wp\/v2\/pages\/704\/revisions\/5078"}],"up":[{"embeddable":true,"href":"https:\/\/semmelweis.hu\/baratikor\/wp-json\/wp\/v2\/pages\/347"}],"wp:featuredmedia":[{"embeddable":true,"href":"https:\/\/semmelweis.hu\/baratikor\/wp-json\/wp\/v2\/media\/5445"}],"wp:attachment":[{"href":"https:\/\/semmelweis.hu\/baratikor\/wp-json\/wp\/v2\/media?parent=704"}],"wp:term":[{"taxonomy":"category","embeddable":true,"href":"https:\/\/semmelweis.hu\/baratikor\/wp-json\/wp\/v2\/categories?post=704"},{"taxonomy":"post_tag","embeddable":true,"href":"https:\/\/semmelweis.hu\/baratikor\/wp-json\/wp\/v2\/tags?post=704"}],"curies":[{"name":"wp","href":"https:\/\/api.w.org\/{rel}","templated":true}]}}