{"id":696,"date":"2022-06-20T15:33:09","date_gmt":"2022-06-20T13:33:09","guid":{"rendered":"https:\/\/semmelweis.hu\/baratikor\/?page_id=696"},"modified":"2023-01-09T11:14:10","modified_gmt":"2023-01-09T10:14:10","slug":"denes-jozsef","status":"publish","type":"page","link":"https:\/\/semmelweis.hu\/baratikor\/galeria\/teljes-nevlista\/denes-jozsef\/","title":{"rendered":"D\u00e9nes J\u00f3zsef"},"content":{"rendered":"<p style=\"text-align: justify\"><a href=\"https:\/\/semmelweis.hu\/baratikor\/files\/2022\/06\/200_21.jpg\"><img loading=\"lazy\" decoding=\"async\" class=\"alignleft wp-image-697 size-full\" src=\"https:\/\/semmelweis.hu\/baratikor\/files\/2022\/06\/200_21.jpg\" alt=\"\" width=\"283\" height=\"355\" \/><\/a><strong>(Szolnok, 1939 &#8211; Budapest, 1999)<\/strong><\/p>\n<p style=\"text-align: justify\">Fogorvosi tanulm\u00e1nyait a Budapesti Orvostudom\u00e1nyi Egyetemen v\u00e9gezte, ahol 1963-ban fogorvos doktorr\u00e1 avatt\u00e1k summa cum laude min\u0151s\u00edt\u00e9ssel. Hallgat\u00f3 kor\u00e1ban a Biok\u00e9miai Int\u00e9zetben demonstr\u00e1tork\u00e9nt dolgozott, \u00e9s r\u00e9szt vett a koleszterint vizsg\u00e1l\u00f3 munkacsoport vizsg\u00e1lataiban. 1963-ban a Gyermekfog\u00e1szati \u00e9s Fogszab\u00e1lyoz\u00e1si Klinik\u00e1n lett gyakornok, majd 1965-ben tan\u00e1rseg\u00e9d. Ugyanekkor szakorvosi vizsg\u00e1t tett fog- \u00e9s sz\u00e1jbetegs\u00e9gekb\u0151l. 1979-ben kapta meg k\u00e9t r\u00e1\u00e9p\u00edtett szakorvosi k\u00e9pes\u00edt\u00e9s\u00e9t gyermekfog\u00e1szatb\u00f3l \u00e9s fogszab\u00e1lyoz\u00e1sb\u00f3l. 1972-ben v\u00e9dte meg kandid\u00e1tusi disszert\u00e1ci\u00f3j\u00e1t \u201eA r\u00e1g\u00f3izomm\u0171k\u00f6d\u00e9s elektromyographi\u00e1s vizsg\u00e1lata a fogazati rendelleness\u00e9gekkel kapcsolatban\u201d t\u00e9mak\u00f6rben. El\u0151sz\u00f6r alkalmazta Magyarorsz\u00e1gon az electromyografi\u00e1s diagnosztik\u00e1t. \u00daj m\u00f3dszereket dolgozott ki \u00e9s alkalmazott a dysgnathi\u00e1k seb\u00e9szi-fogszab\u00e1lyoz\u00e1si kezel\u00e9s\u00e9re. Kidolgozta az amerikai eredet\u0171 multiband technik\u00e1k hazai alkalmaz\u00e1si m\u00f3dszereit. Bevezette a 70-es \u00e9vekben a \u201edirect bonding\u201d technik\u00e1t. H\u00e1rom egyetemi tank\u00f6nyve, 4 egyetemi jegyzete \u00e9s 3 k\u00f6nyvr\u00e9szlete jelent meg. 86 k\u00f6zlem\u00e9nyt publik\u00e1lt magyar \u00e9s idegen nyelven, ill. 105 el\u0151ad\u00e1st tartott hazai \u00e9s nemzetk\u00f6zi f\u00f3rumokon. T\u00f6bb mint 15 \u00e9ven \u00e1t rendszeresen tartott tantermi el\u0151ad\u00e1sokat n\u00e9met egyetemeken (Erfurt, Rostock, Jena, W\u00fcrzburg, M\u00fcnchen). Klinikai munk\u00e1ja mellett 1969-t\u0151l 1974-ig a K\u00f6zponti Stomatol\u00f3giai Int\u00e9zet oszt\u00e1lyvezet\u0151 f\u0151orvosak\u00e9nt is tev\u00e9kenykedett. 1970-ben egyetemi adjunktusi, majd 1974-t\u0151l docensi kinevez\u00e9st nyert. 1980 j\u00falius 1-t\u0151l egyetemi tan\u00e1r \u00e9s a klinika igazgat\u00f3ja lett hal\u00e1l\u00e1ig. 1983-t\u00f3l 1986-ig d\u00e9k\u00e1nhelyettes, majd 1986-t\u00f3l 1992-ig a Fogorvostudom\u00e1nyi Kar d\u00e9k\u00e1nja volt.<\/p>\n<p style=\"text-align: justify\">1982-1986 k\u00f6z\u00f6tt a Magyar Fogorvosok Egyes\u00fclet\u00e9nek f\u0151titk\u00e1ra. 1975 \u00f3ta tagja az Orsz\u00e1gos Stomatol\u00f3giai Szakmai Koll\u00e9giumnak. A Magyar Fogorvosok Egyes\u00fclet\u00e9ben eln\u00f6ks\u00e9gi tag, a Magyar Gyermekfog\u00e1szati \u00e9s Fogszab\u00e1lyoz\u00e1si T\u00e1rsas\u00e1g eln\u00f6ke volt. R\u00e9szt vett a Fogorvosi Szemle szerkeszt\u0151 bizotts\u00e1g\u00e1nak munk\u00e1j\u00e1ban. Az \u00e1llami z\u00e1r\u00f3vizsga rendszer bevezet\u00e9se \u00f3ta bet\u00f6lt\u00f6tte a bizotts\u00e1g eln\u00f6ki tiszt\u00e9t. 1994-t\u0151l a Kar Klinikai Bizotts\u00e1g\u00e1nak eln\u00f6ke. Mind a gyermekfog\u00e1szat, mind a fogszab\u00e1lyoz\u00e1s t\u00e1rgy szakvizsga bizotts\u00e1gi eln\u00f6ke volt.<\/p>\n<p style=\"text-align: justify\">Tagja volt a Fogorvosok Nemzetk\u00f6zi Sz\u00f6vets\u00e9g\u00e9nek (FDI), \u00e9s t\u00f6bb k\u00fclf\u00f6ldi szakmai t\u00e1rsas\u00e1gnak. Kit\u00fcntet\u00e9sei: Ifj\u00fas\u00e1g\u00e9rt \u00c9rdem\u00e9rem (1984), \u00c1rk\u00f6vy Eml\u00e9k\u00e9rem (1985), Kiv\u00e1l\u00f3 Orvos (1988), Magyar Fels\u0151oktat\u00e1s\u00e9rt Eml\u00e9kplakett (1992).<\/p>\n<p><a href=\"https:\/\/semmelweis.hu\/baratikor\/files\/2022\/06\/200_31.jpg\"><img loading=\"lazy\" decoding=\"async\" class=\"alignleft wp-image-698 size-full\" src=\"https:\/\/semmelweis.hu\/baratikor\/files\/2022\/06\/200_31.jpg\" alt=\"\" width=\"221\" height=\"337\" \/><\/a><\/p>\n","protected":false},"excerpt":{"rendered":"<p><a href=\"https:\/\/semmelweis.hu\/baratikor\/files\/2022\/06\/200_21.jpg\"><\/a> (Szolnok, 1939 &#8211; Budapest, 1999) Fogorvosi tanulm\u00e1nyait a Budapesti Orvostudom\u00e1nyi Egyetemen v\u00e9gezte, ahol 1963-ban fogorvos doktorr\u00e1 avatt\u00e1k summa cum laude min\u0151s\u00edt\u00e9ssel. Hallgat\u00f3 kor\u00e1ban a Biok\u00e9miai Int\u00e9zetben demonstr\u00e1tork\u00e9nt dolgozott, \u00e9s r\u00e9szt vett a koleszterint vizsg\u00e1l\u00f3 munkacsoport vizsg\u00e1lataiban. 1963-ban a Gyermekfog\u00e1szati \u00e9s Fogszab\u00e1lyoz\u00e1si Klinik\u00e1n lett gyakornok, majd 1965-ben tan\u00e1rseg\u00e9d. Ugyanekkor szakorvosi vizsg\u00e1t tett fog- \u00e9s sz\u00e1jbetegs\u00e9gekb\u0151l. 1979-ben &hellip;<\/p>\n","protected":false},"author":282,"featured_media":697,"parent":347,"menu_order":0,"comment_status":"closed","ping_status":"closed","template":"template-fullwidth.php","meta":{"_acf_changed":false,"footnotes":""},"categories":[6,20,82,77,14],"tags":[],"class_list":["post-696","page","type-page","status-publish","has-post-thumbnail","hentry","category-dekanok","category-dekanok-karok-szerint","category-fok-dekanjai","category-kegyeleti-adattar","category-teljes-nevlista"],"acf":[],"_links":{"self":[{"href":"https:\/\/semmelweis.hu\/baratikor\/wp-json\/wp\/v2\/pages\/696","targetHints":{"allow":["GET"]}}],"collection":[{"href":"https:\/\/semmelweis.hu\/baratikor\/wp-json\/wp\/v2\/pages"}],"about":[{"href":"https:\/\/semmelweis.hu\/baratikor\/wp-json\/wp\/v2\/types\/page"}],"author":[{"embeddable":true,"href":"https:\/\/semmelweis.hu\/baratikor\/wp-json\/wp\/v2\/users\/282"}],"replies":[{"embeddable":true,"href":"https:\/\/semmelweis.hu\/baratikor\/wp-json\/wp\/v2\/comments?post=696"}],"version-history":[{"count":2,"href":"https:\/\/semmelweis.hu\/baratikor\/wp-json\/wp\/v2\/pages\/696\/revisions"}],"predecessor-version":[{"id":700,"href":"https:\/\/semmelweis.hu\/baratikor\/wp-json\/wp\/v2\/pages\/696\/revisions\/700"}],"up":[{"embeddable":true,"href":"https:\/\/semmelweis.hu\/baratikor\/wp-json\/wp\/v2\/pages\/347"}],"wp:featuredmedia":[{"embeddable":true,"href":"https:\/\/semmelweis.hu\/baratikor\/wp-json\/wp\/v2\/media\/697"}],"wp:attachment":[{"href":"https:\/\/semmelweis.hu\/baratikor\/wp-json\/wp\/v2\/media?parent=696"}],"wp:term":[{"taxonomy":"category","embeddable":true,"href":"https:\/\/semmelweis.hu\/baratikor\/wp-json\/wp\/v2\/categories?post=696"},{"taxonomy":"post_tag","embeddable":true,"href":"https:\/\/semmelweis.hu\/baratikor\/wp-json\/wp\/v2\/tags?post=696"}],"curies":[{"name":"wp","href":"https:\/\/api.w.org\/{rel}","templated":true}]}}