{"id":687,"date":"2022-06-20T15:24:58","date_gmt":"2022-06-20T13:24:58","guid":{"rendered":"https:\/\/semmelweis.hu\/baratikor\/?page_id=687"},"modified":"2022-06-20T15:25:08","modified_gmt":"2022-06-20T13:25:08","slug":"penzes-istvan","status":"publish","type":"page","link":"https:\/\/semmelweis.hu\/baratikor\/galeria\/teljes-nevlista\/penzes-istvan\/","title":{"rendered":"P\u00e9nzes Istv\u00e1n"},"content":{"rendered":"<p>Els\u0151 Tansz\u00e9kvezet\u0151: Anaesthesiol\u00f3giai \u00e9s Intenz\u00edv Ther\u00e1pi\u00e1s Tansz\u00e9k (1991)<\/p>\n","protected":false},"excerpt":{"rendered":"<p>Els\u0151 Tansz\u00e9kvezet\u0151: Anaesthesiol\u00f3giai \u00e9s Intenz\u00edv Ther\u00e1pi\u00e1s Tansz\u00e9k (1991)<\/p>\n","protected":false},"author":282,"featured_media":0,"parent":347,"menu_order":0,"comment_status":"closed","ping_status":"closed","template":"template-fullwidth.php","meta":{"_acf_changed":false,"footnotes":""},"categories":[16,14],"tags":[],"class_list":["post-687","page","type-page","status-publish","hentry","category-tanszekvezetok","category-teljes-nevlista"],"acf":[],"_links":{"self":[{"href":"https:\/\/semmelweis.hu\/baratikor\/wp-json\/wp\/v2\/pages\/687","targetHints":{"allow":["GET"]}}],"collection":[{"href":"https:\/\/semmelweis.hu\/baratikor\/wp-json\/wp\/v2\/pages"}],"about":[{"href":"https:\/\/semmelweis.hu\/baratikor\/wp-json\/wp\/v2\/types\/page"}],"author":[{"embeddable":true,"href":"https:\/\/semmelweis.hu\/baratikor\/wp-json\/wp\/v2\/users\/282"}],"replies":[{"embeddable":true,"href":"https:\/\/semmelweis.hu\/baratikor\/wp-json\/wp\/v2\/comments?post=687"}],"version-history":[{"count":1,"href":"https:\/\/semmelweis.hu\/baratikor\/wp-json\/wp\/v2\/pages\/687\/revisions"}],"predecessor-version":[{"id":688,"href":"https:\/\/semmelweis.hu\/baratikor\/wp-json\/wp\/v2\/pages\/687\/revisions\/688"}],"up":[{"embeddable":true,"href":"https:\/\/semmelweis.hu\/baratikor\/wp-json\/wp\/v2\/pages\/347"}],"wp:attachment":[{"href":"https:\/\/semmelweis.hu\/baratikor\/wp-json\/wp\/v2\/media?parent=687"}],"wp:term":[{"taxonomy":"category","embeddable":true,"href":"https:\/\/semmelweis.hu\/baratikor\/wp-json\/wp\/v2\/categories?post=687"},{"taxonomy":"post_tag","embeddable":true,"href":"https:\/\/semmelweis.hu\/baratikor\/wp-json\/wp\/v2\/tags?post=687"}],"curies":[{"name":"wp","href":"https:\/\/api.w.org\/{rel}","templated":true}]}}