{"id":681,"date":"2022-06-20T15:07:00","date_gmt":"2022-06-20T13:07:00","guid":{"rendered":"https:\/\/semmelweis.hu\/baratikor\/?page_id=681"},"modified":"2022-06-20T15:07:00","modified_gmt":"2022-06-20T13:07:00","slug":"rethelyi-miklos","status":"publish","type":"page","link":"https:\/\/semmelweis.hu\/baratikor\/galeria\/teljes-nevlista\/rethelyi-miklos\/","title":{"rendered":"R\u00e9thelyi Mikl\u00f3s"},"content":{"rendered":"<p style=\"text-align: justify\"><img loading=\"lazy\" decoding=\"async\" class=\"alignleft wp-image-682 size-full\" src=\"https:\/\/semmelweis.hu\/baratikor\/files\/2022\/06\/055_11.jpg\" alt=\"\" width=\"295\" height=\"370\" \/><strong>(Zalaegerszeg, 1939 &#8211; )<\/strong><\/p>\n<p style=\"text-align: justify\">Orvosi oklevel\u00e9t a P\u00e9csi Orvostudom\u00e1nyi Egyetemen szerezte 1963-ban, de m\u00e1r 1959-t\u0151l r\u00e9szt vett az Anat\u00f3miai Int\u00e9zet munk\u00e1j\u00e1ban mint tudom\u00e1nyos di\u00e1kk\u00f6r\u00f6s. 1963-t\u00f3l a Budapesti Orvostudom\u00e1nyi Egyetem Szent\u00e1gothai professzor vezette Anat\u00f3miai Int\u00e9zet\u00e9ben dolgozott el\u0151bb gyakornokk\u00e9nt, majd mint tan\u00e1rseg\u00e9d 1973-ig. Ekkor adjunktusk\u00e9nt \u00e1tker\u00fclt a Hal\u00e1sz B\u00e9la professzor vezette II. sz. Anat\u00f3miai, Sz\u00f6vet- \u00e9s Fejl\u0151d\u00e9stani Int\u00e9zetbe, ahol 1981-ben docens lett, majd 1986-t\u00f3l egyetemi tan\u00e1rk\u00e9nt igazgat\u00f3helyettesi feladatokat is ell\u00e1tott. Id\u0151k\u00f6zben, 1990-1991 k\u00f6z\u00f6tt r\u00e9sz\u00e1ll\u00e1sban vezette a N\u00e9pj\u00f3l\u00e9ti Miniszt\u00e9rium II. Oktat\u00e1si F\u0151oszt\u00e1ly\u00e1t. 1994-ben kinevez\u00e9st kapott az I. sz. Anat\u00f3miai, Sz\u00f6vet- \u00e9s Fejl\u0151d\u00e9stani Int\u00e9zet \u00e9l\u00e9re. Emellett 1995-2000 k\u00f6z\u00f6tt szint\u00e9n igazgat\u00f3k\u00e9nt vezette az egyetem Eg\u00e9szs\u00e9g\u00fcgyi Menedzserk\u00e9pz\u0151 K\u00f6zpontj\u00e1t, illetve 1998-1999 k\u00f6z\u00f6tt az Oktat\u00e1si Miniszt\u00e9rium Tudom\u00e1nyos \u00fcgyek F\u0151oszt\u00e1ly\u00e1nak \u00e9l\u00e9n m\u0171k\u00f6d\u00f6tt. 2000-t\u0151l a Semmelweis Egyetem Idegtudom\u00e1nyok Doktori iskol\u00e1j\u00e1nak vezet\u0151je. 1972-ben szerezte meg a biol\u00f3giai tudom\u00e1ny kandid\u00e1tusa fokozatot &#8222;A gerincvel\u0151 neuron\u00e1lis szerkezete&#8221; t\u00e1rgyk\u00f6rben. 1982-ben kapta meg az orvostudom\u00e1ny doktora min\u0151s\u00edt\u00e9st &#8222;A f\u00e1jdalomkelt\u0151 impulzusok gerincvel\u0151i feldolgoz\u00e1s\u00e1nak szerkezeti alapjai&#8221; t\u00e1rgyk\u00f6rben. P\u00e1lyafut\u00e1sa sor\u00e1n t\u00f6bbsz\u00f6r tett hosszabb k\u00fclf\u00f6ldi tanulm\u00e1nyutakat. \u00cdgy 1968-ban a kijevi Bogomoletz \u00c9lettani Int\u00e9zetben (2 h\u00f3nap), 1970-71-ben a p\u00e1rizsi Nemzeti Tudom\u00e1nyos Kutat\u00f3k\u00f6zponthoz (CNRS) tartoz\u00f3 Laboratoire de Neurophysiologie Sensorielle Compar\u00e9e-ban (12 h\u00f3nap), illetve t\u00f6bb alkalommal (1974-75, 1979-80, 1985-87) a University of North Carolina \u00c9lettani Int\u00e9zet\u00e9ben. T\u00f6bb hazai \u00e9s nemzetk\u00f6zi tudom\u00e1nyos t\u00e1rsas\u00e1g tagja, illetve vezet\u0151s\u00e9gi tagja, t\u00f6bb rangos kit\u00fcntet\u00e9s (MTA Akad\u00e9miai d\u00edj &#8211; 1991, I. oszt\u00e1ly\u00fa honv\u00e9delmi kit\u00fcntet\u0151 c\u00edm &#8211; 1995, Magyar K\u00f6zt\u00e1rsas\u00e1g k\u00f6z\u00e9pkeresztje &#8211; 1996) tulajdonosa, a Kingston University honoris causa doktora. 1991-t\u0151l 1995-ig t\u00f6lt\u00f6tte be a Semmelweis Orvostudom\u00e1nyi Egyetem rektori tiszt\u00e9t. Nev\u00e9hez f\u0171z\u0151dik t\u00f6bbek k\u00f6z\u00f6tt a Semmelweis Symposium, a Semmelweis Tudom\u00e1nyos F\u00f3rum, a Doktori Iskola megind\u00edt\u00e1sa, a habilit\u00e1ci\u00f3s rendszer vissza\u00e1ll\u00edt\u00e1sa, oktat\u00e1si \u00e9s tudom\u00e1nyos egy\u00fcttm\u0171k\u00f6d\u00e9s kialak\u00edt\u00e1sa, illetve er\u0151s\u00edt\u00e9se angol (Kingston), n\u00e9met \u00e9s olasz egyetemekkel, valamint az egyetemi lev\u00e9lt\u00e1r megalap\u00edt\u00e1sa.<\/p>\n","protected":false},"excerpt":{"rendered":"<p>(Zalaegerszeg, 1939 &#8211; ) Orvosi oklevel\u00e9t a P\u00e9csi Orvostudom\u00e1nyi Egyetemen szerezte 1963-ban, de m\u00e1r 1959-t\u0151l r\u00e9szt vett az Anat\u00f3miai Int\u00e9zet munk\u00e1j\u00e1ban mint tudom\u00e1nyos di\u00e1kk\u00f6r\u00f6s. 1963-t\u00f3l a Budapesti Orvostudom\u00e1nyi Egyetem Szent\u00e1gothai professzor vezette Anat\u00f3miai Int\u00e9zet\u00e9ben dolgozott el\u0151bb gyakornokk\u00e9nt, majd mint tan\u00e1rseg\u00e9d 1973-ig. Ekkor adjunktusk\u00e9nt \u00e1tker\u00fclt a Hal\u00e1sz B\u00e9la professzor vezette II. sz. Anat\u00f3miai, Sz\u00f6vet- \u00e9s Fejl\u0151d\u00e9stani &hellip;<\/p>\n","protected":false},"author":282,"featured_media":682,"parent":347,"menu_order":0,"comment_status":"closed","ping_status":"closed","template":"template-fullwidth.php","meta":{"_acf_changed":false,"footnotes":""},"categories":[5,14],"tags":[],"class_list":["post-681","page","type-page","status-publish","has-post-thumbnail","hentry","category-rektorok","category-teljes-nevlista"],"acf":[],"_links":{"self":[{"href":"https:\/\/semmelweis.hu\/baratikor\/wp-json\/wp\/v2\/pages\/681","targetHints":{"allow":["GET"]}}],"collection":[{"href":"https:\/\/semmelweis.hu\/baratikor\/wp-json\/wp\/v2\/pages"}],"about":[{"href":"https:\/\/semmelweis.hu\/baratikor\/wp-json\/wp\/v2\/types\/page"}],"author":[{"embeddable":true,"href":"https:\/\/semmelweis.hu\/baratikor\/wp-json\/wp\/v2\/users\/282"}],"replies":[{"embeddable":true,"href":"https:\/\/semmelweis.hu\/baratikor\/wp-json\/wp\/v2\/comments?post=681"}],"version-history":[{"count":1,"href":"https:\/\/semmelweis.hu\/baratikor\/wp-json\/wp\/v2\/pages\/681\/revisions"}],"predecessor-version":[{"id":683,"href":"https:\/\/semmelweis.hu\/baratikor\/wp-json\/wp\/v2\/pages\/681\/revisions\/683"}],"up":[{"embeddable":true,"href":"https:\/\/semmelweis.hu\/baratikor\/wp-json\/wp\/v2\/pages\/347"}],"wp:featuredmedia":[{"embeddable":true,"href":"https:\/\/semmelweis.hu\/baratikor\/wp-json\/wp\/v2\/media\/682"}],"wp:attachment":[{"href":"https:\/\/semmelweis.hu\/baratikor\/wp-json\/wp\/v2\/media?parent=681"}],"wp:term":[{"taxonomy":"category","embeddable":true,"href":"https:\/\/semmelweis.hu\/baratikor\/wp-json\/wp\/v2\/categories?post=681"},{"taxonomy":"post_tag","embeddable":true,"href":"https:\/\/semmelweis.hu\/baratikor\/wp-json\/wp\/v2\/tags?post=681"}],"curies":[{"name":"wp","href":"https:\/\/api.w.org\/{rel}","templated":true}]}}