{"id":663,"date":"2022-06-09T13:47:11","date_gmt":"2022-06-09T11:47:11","guid":{"rendered":"https:\/\/semmelweis.hu\/baratikor\/?page_id=663"},"modified":"2023-01-09T11:22:59","modified_gmt":"2023-01-09T10:22:59","slug":"kopp-maria","status":"publish","type":"page","link":"https:\/\/semmelweis.hu\/baratikor\/galeria\/teljes-nevlista\/kopp-maria\/","title":{"rendered":"Kopp M\u00e1ria"},"content":{"rendered":"<p style=\"text-align: justify\"><a href=\"https:\/\/semmelweis.hu\/baratikor\/files\/2022\/06\/096_11.jpg\"><img loading=\"lazy\" decoding=\"async\" class=\"alignleft wp-image-664 size-full\" src=\"https:\/\/semmelweis.hu\/baratikor\/files\/2022\/06\/096_11.jpg\" alt=\"\" width=\"200\" height=\"221\" \/><\/a><strong>(Budapest, 1942 &#8211; )<\/strong><\/p>\n<p style=\"text-align: justify\">Orvosi tanulm\u00e1nyait a Budapesti Orvostudom\u00e1nyi Egyetemen v\u00e9gezte, 1968-ban kapott \u00e1ltal\u00e1nos orvosi diplom\u00e1t. 1965-t\u0151l di\u00e1kk\u00f6r\u00f6sk\u00e9nt a K\u00fcls\u0151 Telepi M\u0171t\u00e9ti Klinik\u00e1k K\u00eds\u00e9rleti Kutat\u00f3 Laborat\u00f3rium\u00e1ban dolgozott, dr. Monos Emil vezet\u00e9s\u00e9vel. V\u00e9gz\u00e9s ut\u00e1n Klinikai epidemiol\u00f3giai munkacsoport megszervez\u00e9s\u00e9re kapott megb\u00edz\u00e1st az Orsz\u00e1gos Munkaeg\u00e9szs\u00e9g\u00fcgyi Int\u00e9zetben, ahol az Epidemiol\u00f3giai csoport vezet\u0151jek\u00e9nt 1973-ig dolgozott. Ekkor ker\u00fclt a Semmelweis Orvostudom\u00e1nyi Egyetemre, ahol Juh\u00e1sz P\u00e1l professzor munkat\u00e1rsak\u00e9nt bekapcsol\u00f3dott a Pszichi\u00e1triai Klinik\u00e1n foly\u00f3 szoci\u00e1lpszichi\u00e1triai kutat\u00e1sba, \u00e9s klinikai epidemiol\u00f3giai munkacsoportot szervezett. 1975-1978-ig \u00f6szt\u00f6nd\u00edjas aspir\u00e1nsk\u00e9nt hum\u00e1n pszichofiziol\u00f3giai laborat\u00f3riumot hozott l\u00e9tre a klinik\u00e1n, kandid\u00e1tusi disszert\u00e1ci\u00f3j\u00e1t &#8222;A vegetat\u00edv t\u00fcnetk\u00e9pz\u0151d\u00e9s mechanizmusa a magas v\u00e9rnyom\u00e1s betegs\u00e9g \u00e9s a fiatalkori nyomb\u00e9lfek\u00e9ly korai szakasz\u00e1ban&#8221; c\u00edmmel v\u00e9dte meg. 1977-ben pszichol\u00f3gus diplom\u00e1t, 1982-ben klinikus pszichol\u00f3gusi szakk\u00e9pes\u00edt\u00e9st szerzett.<\/p>\n<p style=\"text-align: justify\">Kutat\u00e1si eredm\u00e9nyeire is t\u00e1maszkodva, az Oxfordi Pszichi\u00e1triai Klinik\u00e1val egy\u00fcttm\u0171k\u00f6d\u00e9sben a vil\u00e1gon m\u00e1sodikk\u00e9nt vezette be 1985-ben a p\u00e1nik betegs\u00e9g kognit\u00edv-viselked\u00e9ster\u00e1pi\u00e1s kezel\u00e9s\u00e9t. A Pszichi\u00e1triai Klinik\u00e1n Pszichoszomatikus ambulanci\u00e1t hozott l\u00e9tre. 1973 \u00f3ta vesz r\u00e9szt az egyetemi oktat\u00e1sban, valamint 1994 \u00f3ta az ELTE-n az eg\u00e9szs\u00e9gpszichol\u00f3giai k\u00e9pz\u00e9sben. 1990-ben alap\u00edt\u00f3ja volt a Katolikus Egyetemi alap\u00edtv\u00e1nynak, amelynek keret\u00e9ben magatart\u00e1studom\u00e1nyi k\u00e9pz\u00e9si programot dolgozott ki a P\u00e1zm\u00e1ny P\u00e9ter Katolikus Egyetem r\u00e9sz\u00e9re.<\/p>\n<p style=\"text-align: justify\">1993. j\u00falius 1. \u00f3ta a Semmelweis Orvostudom\u00e1nyi Egyetem Magatart\u00e1studom\u00e1nyi Int\u00e9zet\u00e9nek alap\u00edt\u00f3 igazgat\u00f3ja. Az int\u00e9zetnek igen sz\u00e9lesk\u00f6r\u0171 nemzetk\u00f6zi kapcsolatrendszere alakult ki, sz\u00e1mos nemzetk\u00f6zi p\u00e1ly\u00e1zat keret\u00e9ben m\u0171k\u00f6dik egy\u00fctt t\u00f6bbek k\u00f6z\u00f6tt a Karolinska Egyetemmel, az Ulmi Egyetemmel, a London Universityvel, a Maastrichti Egyetemmel, a Stanford Egyetem Behavioral Sciences Int\u00e9zet\u00e9vel, a California Egyetem t\u00f6bb int\u00e9zet\u00e9vel \u00e9s a Harvard Egyetem Society and Health int\u00e9zet\u00e9vel.<\/p>\n<p style=\"text-align: justify\">1999-ben szerezte meg az MTA doktori fokozatot \u201eA szorong\u00e1sos \u00e9s depresszi\u00f3s t\u00fcnetegy\u00fcttes epidemiol\u00f3giai, pszichofiziol\u00f3giai \u00e9s klinikai \u00f6sszef\u00fcgg\u00e9sei\u201d c\u00edm\u0171 \u00e9rtekez\u00e9ssel. T\u00f6bb k\u00fclf\u00f6ldi szakfoly\u00f3irat szerkeszt\u0151bizotts\u00e1gi tagja, szakmai t\u00e1rsas\u00e1gok vezet\u0151s\u00e9gi tagja.<\/p>\n<p style=\"text-align: justify\">Eddigi p\u00e1ly\u00e1ja sor\u00e1n t\u00f6bb szakmai elismer\u00e9s \u00e9rte, melyek k\u00f6z\u00fcl megeml\u00edtend\u0151 a Magyar Pszichi\u00e1triai T\u00e1rsas\u00e1g Ny\u00edr\u0151 Gyula n\u00edv\u00f3d\u00edja (1988, 2002), a Sz\u00e9chenyi \u00f6szt\u00f6nd\u00edj (1997), a Lege Artis Medicinae d\u00edj (1997), \u00e9s a Szent-Gy\u00f6rgyi Albert d\u00edj (2004).<\/p>\n","protected":false},"excerpt":{"rendered":"<p><a href=\"https:\/\/semmelweis.hu\/baratikor\/files\/2022\/06\/096_11.jpg\"><\/a> (Budapest, 1942 &#8211; ) Orvosi tanulm\u00e1nyait a Budapesti Orvostudom\u00e1nyi Egyetemen v\u00e9gezte, 1968-ban kapott \u00e1ltal\u00e1nos orvosi diplom\u00e1t. 1965-t\u0151l di\u00e1kk\u00f6r\u00f6sk\u00e9nt a K\u00fcls\u0151 Telepi M\u0171t\u00e9ti Klinik\u00e1k K\u00eds\u00e9rleti Kutat\u00f3 Laborat\u00f3rium\u00e1ban dolgozott, dr. Monos Emil vezet\u00e9s\u00e9vel. V\u00e9gz\u00e9s ut\u00e1n Klinikai epidemiol\u00f3giai munkacsoport megszervez\u00e9s\u00e9re kapott megb\u00edz\u00e1st az Orsz\u00e1gos Munkaeg\u00e9szs\u00e9g\u00fcgyi Int\u00e9zetben, ahol az Epidemiol\u00f3giai csoport vezet\u0151jek\u00e9nt 1973-ig dolgozott. Ekkor ker\u00fclt a Semmelweis Orvostudom\u00e1nyi &hellip;<\/p>\n","protected":false},"author":282,"featured_media":664,"parent":347,"menu_order":0,"comment_status":"closed","ping_status":"closed","template":"template-fullwidth.php","meta":{"_acf_changed":false,"footnotes":""},"categories":[77,16,14],"tags":[],"class_list":["post-663","page","type-page","status-publish","has-post-thumbnail","hentry","category-kegyeleti-adattar","category-tanszekvezetok","category-teljes-nevlista"],"acf":[],"_links":{"self":[{"href":"https:\/\/semmelweis.hu\/baratikor\/wp-json\/wp\/v2\/pages\/663","targetHints":{"allow":["GET"]}}],"collection":[{"href":"https:\/\/semmelweis.hu\/baratikor\/wp-json\/wp\/v2\/pages"}],"about":[{"href":"https:\/\/semmelweis.hu\/baratikor\/wp-json\/wp\/v2\/types\/page"}],"author":[{"embeddable":true,"href":"https:\/\/semmelweis.hu\/baratikor\/wp-json\/wp\/v2\/users\/282"}],"replies":[{"embeddable":true,"href":"https:\/\/semmelweis.hu\/baratikor\/wp-json\/wp\/v2\/comments?post=663"}],"version-history":[{"count":1,"href":"https:\/\/semmelweis.hu\/baratikor\/wp-json\/wp\/v2\/pages\/663\/revisions"}],"predecessor-version":[{"id":665,"href":"https:\/\/semmelweis.hu\/baratikor\/wp-json\/wp\/v2\/pages\/663\/revisions\/665"}],"up":[{"embeddable":true,"href":"https:\/\/semmelweis.hu\/baratikor\/wp-json\/wp\/v2\/pages\/347"}],"wp:featuredmedia":[{"embeddable":true,"href":"https:\/\/semmelweis.hu\/baratikor\/wp-json\/wp\/v2\/media\/664"}],"wp:attachment":[{"href":"https:\/\/semmelweis.hu\/baratikor\/wp-json\/wp\/v2\/media?parent=663"}],"wp:term":[{"taxonomy":"category","embeddable":true,"href":"https:\/\/semmelweis.hu\/baratikor\/wp-json\/wp\/v2\/categories?post=663"},{"taxonomy":"post_tag","embeddable":true,"href":"https:\/\/semmelweis.hu\/baratikor\/wp-json\/wp\/v2\/tags?post=663"}],"curies":[{"name":"wp","href":"https:\/\/api.w.org\/{rel}","templated":true}]}}