{"id":659,"date":"2022-06-09T13:41:37","date_gmt":"2022-06-09T11:41:37","guid":{"rendered":"https:\/\/semmelweis.hu\/baratikor\/?page_id=659"},"modified":"2022-06-09T13:41:37","modified_gmt":"2022-06-09T11:41:37","slug":"tringer-laszlo","status":"publish","type":"page","link":"https:\/\/semmelweis.hu\/baratikor\/galeria\/teljes-nevlista\/tringer-laszlo\/","title":{"rendered":"Tringer L\u00e1szl\u00f3"},"content":{"rendered":"<p style=\"text-align: justify\"><a href=\"https:\/\/semmelweis.hu\/baratikor\/files\/2022\/06\/221_11.jpg\"><img loading=\"lazy\" decoding=\"async\" class=\"alignleft wp-image-660 size-medium\" src=\"https:\/\/semmelweis.hu\/baratikor\/files\/2022\/06\/221_11-287x400.jpg\" alt=\"\" width=\"287\" height=\"400\" srcset=\"https:\/\/semmelweis.hu\/baratikor\/files\/2022\/06\/221_11-287x400.jpg 287w, https:\/\/semmelweis.hu\/baratikor\/files\/2022\/06\/221_11.jpg 295w\" sizes=\"auto, (max-width: 287px) 100vw, 287px\" \/><\/a><strong>(Gy\u0151rszentm\u00e1rton \/1965-t\u0151l Pannonhalma\/, 1939 -)<\/strong><\/p>\n<p style=\"text-align: justify\">A helyb\u00e9li benc\u00e9s gimn\u00e1ziumban \u00e9retts\u00e9gizett, majd a Budapesti Orvostudom\u00e1nyi Egyetemen szerzett diplom\u00e1t. Egyetemi \u00e9vei alatt a II. sz. \u00c9lettani Int\u00e9zetben dolgozott Monos Emil mellett. A Pszichi\u00e1triai Klinik\u00e1n kezdte meg orvosi munk\u00e1j\u00e1t, ahol jelenleg is dolgozik. Pszichi\u00e1triai \u00e9s neurol\u00f3giai szakvizsg\u00e1lt k\u00f6vet\u0151en az ELTE B\u00f6lcs\u00e9szettudom\u00e1nyi Kar\u00e1n pszichol\u00f3giai diplom\u00e1t szerzett. 1987-90 k\u00f6z\u00f6tt a P\u00e1zm\u00e1ny P\u00e9ter R\u00f3mai Katolikus Hittudom\u00e1nyi Akad\u00e9mi\u00e1n v\u00e9gzett tanulm\u00e1nyokat. 1965-t\u0151l a Klinikai Farmakol\u00f3giai H\u00e1l\u00f3zat tagja. 1989-t\u0151l egyetemi tan\u00e1r, 1992-94 k\u00f6z\u00f6tt a K\u00fatv\u00f6lgyi K\u00f3rh\u00e1z f\u0151igazgat\u00f3ja, \u00e9s az int\u00e9zm\u00e9nynek az egyetemhez val\u00f3 \u00e1tszervez\u00e9s\u00e9t ir\u00e1ny\u00edtja. 1994-2004 k\u00f6z\u00f6tt a Pszichi\u00e1triai Klinika igazgat\u00f3ja. Az 1974\/75-\u00f6s tan\u00e9vet P\u00e1rizsban, a Ren\u00e9e Descartes Egyetem klinik\u00e1j\u00e1n t\u00f6lti, Pierre Pichot professzor mellett. A pszichi\u00e1tri\u00e1n bel\u00fcl els\u0151sorban az orvosi l\u00e9lektan, a pszichoter\u00e1pia, klinikai farmakol\u00f3gia, pszichometria ter\u00fclet\u00e9n tev\u00e9kenykedik. Angol, n\u00e9met \u00e9s francia nyelven besz\u00e9l \u00e9s el\u0151ad. A Magyar Pszichi\u00e1triai T\u00e1rsas\u00e1g alap\u00edt\u00f3 titk\u00e1ra, f\u0151titk\u00e1ra, majd 2001-2003 k\u00f6z\u00f6tt eln\u00f6ke. Az Eur\u00f3pai Viselked\u00e9s- \u00e9s Kognit\u00edv Ter\u00e1pi\u00e1s Sz\u00f6vets\u00e9g eln\u00f6ke (1995-96). Sz\u00e1mos hazai \u00e9s k\u00fclf\u00f6ldi szaklap szerkeszt\u0151s\u00e9g\u00e9nek tagja. 1990-t\u0151l az \u00c1OK Oktat\u00e1si Bizotts\u00e1g eln\u00f6ke, k\u00e9t cikluson \u00e1t a szen\u00e1tus tagja, sz\u00e1mos egyetemi \u00e9s orsz\u00e1gos bizotts\u00e1g eln\u00f6ke vagy tagja. A K\u00f6zt\u00e1rsas\u00e1gi \u00c9rdem\u00e9rem Kiskeresztje, a Batthy\u00e1nyi-Strattman D\u00edj tulajdonosa. A hazai viselked\u00e9s-\u00e9s kognit\u00edv ter\u00e1pi\u00e1s, valamint a szem\u00e9lyk\u00f6zpont\u00fa ter\u00e1pi\u00e1s iskola megalap\u00edt\u00f3ja. 1979-ben kandid\u00e1tusi \u00e9rtekez\u00e9s\u00e9t a neur\u00f3zisok motiv\u00e1ci\u00f3s zavarainak k\u00e9rd\u00e9s\u00e9ben v\u00e9dte meg. A hallgat\u00f3s\u00e1g jelenleg az \u00e1ltala \u00edrt tank\u00f6nyvet haszn\u00e1lja, amelynek 3. kiad\u00e1sa van forgalomban. Sz\u00e1mos monogr\u00e1fia, t\u00f6bb mint 150 tanulm\u00e1ny szerz\u0151je.<\/p>\n<p style=\"text-align: justify\">(F\u0151bb munk\u00e1i: The Depressive Neurosis. in: A. Seva (ed): The European Handbook of Psychiatry and Mental Health. Antropos, Barcelona-Zaragoza (667-678) 1991.; Focus on Psychiatry in Hungary. British Journal of Psychiatry. 174, 81-85. 1999.; S\u00fcrg\u0151ss\u00e9gi ell\u00e1t\u00e1s a pszichi\u00e1tri\u00e1ban. Medicina, Budapest, 2003.; A pszichi\u00e1tria tank\u00f6nyve III. (jav.) kiad. Semmelweis Kiad\u00f3, Budapest, 2004.; A gy\u00f3gy\u00edt\u00f3 besz\u00e9lget\u00e9s (\u00e1tdolgozott kiad\u00e1s). Budapest, Medicina. 2005.)<\/p>\n","protected":false},"excerpt":{"rendered":"<p><a href=\"https:\/\/semmelweis.hu\/baratikor\/files\/2022\/06\/221_11.jpg\"><\/a> (Gy\u0151rszentm\u00e1rton \/1965-t\u0151l Pannonhalma\/, 1939 -) A helyb\u00e9li benc\u00e9s gimn\u00e1ziumban \u00e9retts\u00e9gizett, majd a Budapesti Orvostudom\u00e1nyi Egyetemen szerzett diplom\u00e1t. Egyetemi \u00e9vei alatt a II. sz. \u00c9lettani Int\u00e9zetben dolgozott Monos Emil mellett. A Pszichi\u00e1triai Klinik\u00e1n kezdte meg orvosi munk\u00e1j\u00e1t, ahol jelenleg is dolgozik. Pszichi\u00e1triai \u00e9s neurol\u00f3giai szakvizsg\u00e1lt k\u00f6vet\u0151en az ELTE B\u00f6lcs\u00e9szettudom\u00e1nyi Kar\u00e1n pszichol\u00f3giai diplom\u00e1t szerzett. 1987-90 k\u00f6z\u00f6tt a &hellip;<\/p>\n","protected":false},"author":282,"featured_media":660,"parent":347,"menu_order":0,"comment_status":"closed","ping_status":"closed","template":"template-fullwidth.php","meta":{"_acf_changed":false,"footnotes":""},"categories":[16,14],"tags":[],"class_list":["post-659","page","type-page","status-publish","has-post-thumbnail","hentry","category-tanszekvezetok","category-teljes-nevlista"],"acf":[],"_links":{"self":[{"href":"https:\/\/semmelweis.hu\/baratikor\/wp-json\/wp\/v2\/pages\/659","targetHints":{"allow":["GET"]}}],"collection":[{"href":"https:\/\/semmelweis.hu\/baratikor\/wp-json\/wp\/v2\/pages"}],"about":[{"href":"https:\/\/semmelweis.hu\/baratikor\/wp-json\/wp\/v2\/types\/page"}],"author":[{"embeddable":true,"href":"https:\/\/semmelweis.hu\/baratikor\/wp-json\/wp\/v2\/users\/282"}],"replies":[{"embeddable":true,"href":"https:\/\/semmelweis.hu\/baratikor\/wp-json\/wp\/v2\/comments?post=659"}],"version-history":[{"count":2,"href":"https:\/\/semmelweis.hu\/baratikor\/wp-json\/wp\/v2\/pages\/659\/revisions"}],"predecessor-version":[{"id":662,"href":"https:\/\/semmelweis.hu\/baratikor\/wp-json\/wp\/v2\/pages\/659\/revisions\/662"}],"up":[{"embeddable":true,"href":"https:\/\/semmelweis.hu\/baratikor\/wp-json\/wp\/v2\/pages\/347"}],"wp:featuredmedia":[{"embeddable":true,"href":"https:\/\/semmelweis.hu\/baratikor\/wp-json\/wp\/v2\/media\/660"}],"wp:attachment":[{"href":"https:\/\/semmelweis.hu\/baratikor\/wp-json\/wp\/v2\/media?parent=659"}],"wp:term":[{"taxonomy":"category","embeddable":true,"href":"https:\/\/semmelweis.hu\/baratikor\/wp-json\/wp\/v2\/categories?post=659"},{"taxonomy":"post_tag","embeddable":true,"href":"https:\/\/semmelweis.hu\/baratikor\/wp-json\/wp\/v2\/tags?post=659"}],"curies":[{"name":"wp","href":"https:\/\/api.w.org\/{rel}","templated":true}]}}