{"id":654,"date":"2022-06-09T10:54:01","date_gmt":"2022-06-09T08:54:01","guid":{"rendered":"https:\/\/semmelweis.hu\/baratikor\/?page_id=654"},"modified":"2023-06-28T11:15:33","modified_gmt":"2023-06-28T09:15:33","slug":"rosivall-laszlo","status":"publish","type":"page","link":"https:\/\/semmelweis.hu\/baratikor\/galeria\/teljes-nevlista\/rosivall-laszlo\/","title":{"rendered":"Rosivall L\u00e1szl\u00f3"},"content":{"rendered":"<p><img loading=\"lazy\" decoding=\"async\" class=\"alignleft size-full wp-image-4214\" src=\"https:\/\/semmelweis.hu\/baratikor\/files\/2023\/06\/056_11.jpg\" alt=\"\" width=\"295\" height=\"370\" \/><strong>(Budapest, 1949 &#8211; )<\/strong><\/p>\n<p style=\"text-align: justify\">Orvosi oklevelet a SOTE-n szerzett 1973-ban, summa cum laude min\u0151s\u00edt\u00e9ssel. Kutat\u00f3i p\u00e1lyafut\u00e1s\u00e1t m\u00e1r medikus kor\u00e1ban (1971-1973) az \u00c9lettani Int\u00e9zetben H\u00e1rsing L\u00e1szl\u00f3 professzor mellett d\u00edjas demonstr\u00e1tork\u00e9nt, majd n\u00e9pk\u00f6zt\u00e1rsas\u00e1gi \u00f6szt\u00f6nd\u00edjask\u00e9nt kezdte. Orvoss\u00e1 avat\u00e1sa ut\u00e1n az int\u00e9zeten bel\u00fcl dolgozott, mint tudom\u00e1nyos \u00f6szt\u00f6nd\u00edjas. 1974-ben H\u00e1rsing professzort kinevezt\u00e9k az egyetem K\u00f3r\u00e9lettani Int\u00e9zete \u00e9l\u00e9re, ahov\u00e1 fiatal munkat\u00e1rs\u00e1t is mag\u00e1val vitte. 1975-ben tan\u00e1rseg\u00e9d, 1981-ben adjunktus, v\u00e9g\u00fcl 1991-ben egyetemi tan\u00e1r \u00e9s egyben az int\u00e9zet igazgat\u00f3helyettese lett. 1980-ban megszerezte az orvostudom\u00e1nyok kandid\u00e1tusa, majd 1987-ben az orvostudom\u00e1nyok doktora min\u0151s\u00edt\u00e9st. Id\u0151k\u00f6zben mintegy 6 \u00e9ven \u00e1t m\u0171k\u00f6d\u00f6tt vend\u00e9gkutat\u00f3k\u00e9nt \u00e9s professzork\u00e9nt a Bergeni, az Alabamai, a Harvard, a Montpellier-i, a Heidelbergi, a Tulane Egyetemeken. 2000-t\u0151l vezeti az MTA-Semmelweis Egyetem Nephrol\u00f3gia Kutat\u00f3 csoportj\u00e1t. Tudom\u00e1nyos \u00e9rdekl\u0151d\u00e9si ter\u00fclete a vesem\u0171k\u00f6d\u00e9s \u00e9s hemodinamika, a renin-angiotensin rendszer, sz\u00f6veti k\u00e1rosod\u00e1s \u00e9s fibr\u00f3zis. A hazai nephrol\u00f3gia \u00fajj\u00e1\u00e9leszt\u00e9s\u00e9re 1987-ben l\u00e9trehozta a Magyar Vese Alap\u00edtv\u00e1nyt, majd az Egyetemi Nephrologiai H\u00e1l\u00f3zatot. 1993-ban els\u0151k k\u00f6z\u00f6tt akkredit\u00e1ltatta nephrol\u00f3giai PhD-programj\u00e1t. 1994-ben megalap\u00edtotta az az\u00f3ta is sikeresen m\u0171k\u00f6d\u0151 Nemzetk\u00f6zi Nephrol\u00f3giai Iskol\u00e1t. Sz\u00e1mos nemzetk\u00f6zi tudom\u00e1nyos szervezet eln\u00f6ke, illetve aleln\u00f6ke \u00e9s nemzetk\u00f6zi foly\u00f3irat szerkeszt\u0151bizotts\u00e1gi tagja. 1995\/96-ban volt az egyetem rektora. Sok reformelk\u00e9pzel\u00e9st pr\u00f3b\u00e1lt megval\u00f3s\u00edtani, \u00edgy a min\u0151s\u00e9gbiztos\u00edt\u00e1s bevezet\u00e9s\u00e9t, az egyetemi kutat\u00f3h\u00e1l\u00f3zatok l\u00e9trehoz\u00e1s\u00e1t, az oktat\u00e1s, az informatikai rendszer \u00e9s az \u00e9p\u00fclet\u00e1llom\u00e1ny meg\u00faj\u00edt\u00e1s\u00e1t, valamint a budapesti egyetemv\u00e1ros, illetve nyitott campus koncepci\u00f3j\u00e1t.<\/p>\n","protected":false},"excerpt":{"rendered":"<p>(Budapest, 1949 &#8211; ) Orvosi oklevelet a SOTE-n szerzett 1973-ban, summa cum laude min\u0151s\u00edt\u00e9ssel. Kutat\u00f3i p\u00e1lyafut\u00e1s\u00e1t m\u00e1r medikus kor\u00e1ban (1971-1973) az \u00c9lettani Int\u00e9zetben H\u00e1rsing L\u00e1szl\u00f3 professzor mellett d\u00edjas demonstr\u00e1tork\u00e9nt, majd n\u00e9pk\u00f6zt\u00e1rsas\u00e1gi \u00f6szt\u00f6nd\u00edjask\u00e9nt kezdte. Orvoss\u00e1 avat\u00e1sa ut\u00e1n az int\u00e9zeten bel\u00fcl dolgozott, mint tudom\u00e1nyos \u00f6szt\u00f6nd\u00edjas. 1974-ben H\u00e1rsing professzort kinevezt\u00e9k az egyetem K\u00f3r\u00e9lettani Int\u00e9zete \u00e9l\u00e9re, ahov\u00e1 fiatal munkat\u00e1rs\u00e1t &hellip;<\/p>\n","protected":false},"author":282,"featured_media":655,"parent":347,"menu_order":0,"comment_status":"closed","ping_status":"closed","template":"template-fullwidth.php","meta":{"_acf_changed":false,"footnotes":""},"categories":[5,14],"tags":[],"class_list":["post-654","page","type-page","status-publish","has-post-thumbnail","hentry","category-rektorok","category-teljes-nevlista"],"acf":[],"_links":{"self":[{"href":"https:\/\/semmelweis.hu\/baratikor\/wp-json\/wp\/v2\/pages\/654","targetHints":{"allow":["GET"]}}],"collection":[{"href":"https:\/\/semmelweis.hu\/baratikor\/wp-json\/wp\/v2\/pages"}],"about":[{"href":"https:\/\/semmelweis.hu\/baratikor\/wp-json\/wp\/v2\/types\/page"}],"author":[{"embeddable":true,"href":"https:\/\/semmelweis.hu\/baratikor\/wp-json\/wp\/v2\/users\/282"}],"replies":[{"embeddable":true,"href":"https:\/\/semmelweis.hu\/baratikor\/wp-json\/wp\/v2\/comments?post=654"}],"version-history":[{"count":2,"href":"https:\/\/semmelweis.hu\/baratikor\/wp-json\/wp\/v2\/pages\/654\/revisions"}],"predecessor-version":[{"id":4215,"href":"https:\/\/semmelweis.hu\/baratikor\/wp-json\/wp\/v2\/pages\/654\/revisions\/4215"}],"up":[{"embeddable":true,"href":"https:\/\/semmelweis.hu\/baratikor\/wp-json\/wp\/v2\/pages\/347"}],"wp:featuredmedia":[{"embeddable":true,"href":"https:\/\/semmelweis.hu\/baratikor\/wp-json\/wp\/v2\/media\/655"}],"wp:attachment":[{"href":"https:\/\/semmelweis.hu\/baratikor\/wp-json\/wp\/v2\/media?parent=654"}],"wp:term":[{"taxonomy":"category","embeddable":true,"href":"https:\/\/semmelweis.hu\/baratikor\/wp-json\/wp\/v2\/categories?post=654"},{"taxonomy":"post_tag","embeddable":true,"href":"https:\/\/semmelweis.hu\/baratikor\/wp-json\/wp\/v2\/tags?post=654"}],"curies":[{"name":"wp","href":"https:\/\/api.w.org\/{rel}","templated":true}]}}