{"id":651,"date":"2022-06-09T10:50:28","date_gmt":"2022-06-09T08:50:28","guid":{"rendered":"https:\/\/semmelweis.hu\/baratikor\/?page_id=651"},"modified":"2023-01-06T14:24:13","modified_gmt":"2023-01-06T13:24:13","slug":"vincze-zoltan","status":"publish","type":"page","link":"https:\/\/semmelweis.hu\/baratikor\/galeria\/teljes-nevlista\/vincze-zoltan\/","title":{"rendered":"Vincze Zolt\u00e1n"},"content":{"rendered":"<p style=\"text-align: justify\"><a href=\"https:\/\/semmelweis.hu\/baratikor\/files\/2022\/06\/207_11.jpg\"><img loading=\"lazy\" decoding=\"async\" class=\"alignleft wp-image-652 size-full\" src=\"https:\/\/semmelweis.hu\/baratikor\/files\/2022\/06\/207_11.jpg\" alt=\"\" width=\"283\" height=\"355\" \/><\/a><strong>(G\u00f6d\u00f6ll\u0151, 1940-)<\/strong><\/p>\n<p style=\"text-align: justify\">1966-ban szerzett gy\u00f3gyszer\u00e9sz oklevelet a Budapesti Orvostudom\u00e1nyi Egyetem Gy\u00f3gyszer\u00e9sztudom\u00e1nyi Kar\u00e1n. Ett\u0151l kezdve az Egyetemi Gy\u00f3gyszert\u00e1r Gy\u00f3gyszer\u00fcgyi Szervez\u00e9si Int\u00e9zet munkat\u00e1rsa k\u00fcl\u00f6nb\u00f6z\u0151 beoszt\u00e1sokban. Gy\u00f3gyszer\u00e9szdoktori fokozat\u00e1t 1969-ben, kandid\u00e1tusi fokozat\u00e1t 1985-ben szerezte meg. 1992-ben egyetemi tan\u00e1ri kinevez\u00e9st \u00e9s int\u00e9zetigazgat\u00f3i megb\u00edz\u00e1st kapott. Szakgy\u00f3gyszer\u00e9szi k\u00e9pes\u00edt\u00e9seket szerzett gy\u00f3gyszertechnol\u00f3gia (1973), eg\u00e9szs\u00e9g\u00fcgyi \u00e9s gy\u00f3gyszer\u00fcgyi szervez\u00e9s \u00e9s igazgat\u00e1s (1980), klinikai gy\u00f3gyszer\u00e9szet (2003) ter\u00fcleteken. Az egyetem sz\u00e1mos bizotts\u00e1g\u00e1nak \u00e9s test\u00fclet\u00e9nek tagja. 1995-2000 k\u00f6z\u00f6tt az MTA K\u00e9miai Tudom\u00e1ny II. Szakbizotts\u00e1g\u00e1nak, 1998-t\u00f3l az Orvosi \u00e9s K\u00e9miai Tudom\u00e1nyok Oszt\u00e1lya k\u00f6z\u00f6s Gy\u00f3gyszer\u00e9sztudom\u00e1nyi Bizotts\u00e1g\u00e1nak tagja. 1998-t\u00f3l tagja az Eg\u00e9szs\u00e9g\u00fcgyi Tudom\u00e1nyos Tan\u00e1csnak, 2000-t\u0151l a K\u00f3rh\u00e1zi-Klinikai Gy\u00f3gyszer\u00e9szeti Szakmai Koll\u00e9gium eln\u00f6ke. F\u0151 kutat\u00e1si ter\u00fclete a klinikai gy\u00f3gyszer\u00e9szet, gy\u00f3gyszer\u00fcgyi szervez\u00e9s \u00e9s farmako\u00f6kon\u00f3mia tudom\u00e1ny\u00e1gakkal kapcsolatos. Els\u0151sorban gy\u00f3gyszerfelhaszn\u00e1l\u00e1s-elemz\u00e9sekkel, k\u00f6lts\u00e9g-hat\u00e9konys\u00e1gi \u00e9s \u00e9letmin\u0151s\u00e9g vizsg\u00e1latokkal foglalkozik. 1986-1996 k\u00f6z\u00f6tt a Magyar Gy\u00f3gyszer\u00e9szeti T\u00e1rsas\u00e1g f\u0151titk\u00e1ra, 1996-t\u00f3l eln\u00f6ke. 1992-2000 k\u00f6z\u00f6tt a Nemzetk\u00f6zi Gy\u00f3gyszer\u00e9sz Sz\u00f6vets\u00e9g (FIP), 1992-1994 k\u00f6z\u00f6tt az Europharm Forum aleln\u00f6ke. Sz\u00e1mos hazai (Magyar Eg\u00e9szs\u00e9g-gazdas\u00e1gtani T\u00e1rsas\u00e1g, Magyar Gy\u00f3gyszer\u00e9sztudom\u00e1nyi T\u00e1rsas\u00e1g, stb.) \u00e9s k\u00fclf\u00f6ldi (European Society of Clinical Pharmacy, European Association of Hospital Pharmacists, stb) t\u00e1rsas\u00e1g tagja. T\u00f6bb hazai \u00e9s k\u00fclf\u00f6ldi lap szerkeszt\u0151bizotts\u00e1g\u00e1nak tagja, t\u00f6bb jelent\u0151s d\u00edj (Than K\u00e1roly eml\u00e9k\u00e9rem, Kazay Endre eml\u00e9k\u00e9rem, Kiv\u00e1l\u00f3 gy\u00f3gyszer\u00e9sz kit\u00fcntet\u00e9s, Ap\u00e1czai Csere J\u00e1nos kit\u00fcntet\u00e9s, Pro Universitate) kit\u00fcntetettje, a Lengyel \u00e9s a Szlov\u00e1k Gy\u00f3gyszer\u00e9szeti T\u00e1rsas\u00e1g tiszteletbeli tagja.<\/p>\n","protected":false},"excerpt":{"rendered":"<p><a href=\"https:\/\/semmelweis.hu\/baratikor\/files\/2022\/06\/207_11.jpg\"><\/a> (G\u00f6d\u00f6ll\u0151, 1940-) 1966-ban szerzett gy\u00f3gyszer\u00e9sz oklevelet a Budapesti Orvostudom\u00e1nyi Egyetem Gy\u00f3gyszer\u00e9sztudom\u00e1nyi Kar\u00e1n. Ett\u0151l kezdve az Egyetemi Gy\u00f3gyszert\u00e1r Gy\u00f3gyszer\u00fcgyi Szervez\u00e9si Int\u00e9zet munkat\u00e1rsa k\u00fcl\u00f6nb\u00f6z\u0151 beoszt\u00e1sokban. Gy\u00f3gyszer\u00e9szdoktori fokozat\u00e1t 1969-ben, kandid\u00e1tusi fokozat\u00e1t 1985-ben szerezte meg. 1992-ben egyetemi tan\u00e1ri kinevez\u00e9st \u00e9s int\u00e9zetigazgat\u00f3i megb\u00edz\u00e1st kapott. Szakgy\u00f3gyszer\u00e9szi k\u00e9pes\u00edt\u00e9seket szerzett gy\u00f3gyszertechnol\u00f3gia (1973), eg\u00e9szs\u00e9g\u00fcgyi \u00e9s gy\u00f3gyszer\u00fcgyi szervez\u00e9s \u00e9s igazgat\u00e1s (1980), klinikai gy\u00f3gyszer\u00e9szet (2003) ter\u00fcleteken. &hellip;<\/p>\n","protected":false},"author":282,"featured_media":652,"parent":347,"menu_order":0,"comment_status":"closed","ping_status":"closed","template":"template-fullwidth.php","meta":{"_acf_changed":false,"footnotes":""},"categories":[6,20,83,14],"tags":[],"class_list":["post-651","page","type-page","status-publish","has-post-thumbnail","hentry","category-dekanok","category-dekanok-karok-szerint","category-gytk-dekanjai","category-teljes-nevlista"],"acf":[],"_links":{"self":[{"href":"https:\/\/semmelweis.hu\/baratikor\/wp-json\/wp\/v2\/pages\/651","targetHints":{"allow":["GET"]}}],"collection":[{"href":"https:\/\/semmelweis.hu\/baratikor\/wp-json\/wp\/v2\/pages"}],"about":[{"href":"https:\/\/semmelweis.hu\/baratikor\/wp-json\/wp\/v2\/types\/page"}],"author":[{"embeddable":true,"href":"https:\/\/semmelweis.hu\/baratikor\/wp-json\/wp\/v2\/users\/282"}],"replies":[{"embeddable":true,"href":"https:\/\/semmelweis.hu\/baratikor\/wp-json\/wp\/v2\/comments?post=651"}],"version-history":[{"count":3,"href":"https:\/\/semmelweis.hu\/baratikor\/wp-json\/wp\/v2\/pages\/651\/revisions"}],"predecessor-version":[{"id":2140,"href":"https:\/\/semmelweis.hu\/baratikor\/wp-json\/wp\/v2\/pages\/651\/revisions\/2140"}],"up":[{"embeddable":true,"href":"https:\/\/semmelweis.hu\/baratikor\/wp-json\/wp\/v2\/pages\/347"}],"wp:featuredmedia":[{"embeddable":true,"href":"https:\/\/semmelweis.hu\/baratikor\/wp-json\/wp\/v2\/media\/652"}],"wp:attachment":[{"href":"https:\/\/semmelweis.hu\/baratikor\/wp-json\/wp\/v2\/media?parent=651"}],"wp:term":[{"taxonomy":"category","embeddable":true,"href":"https:\/\/semmelweis.hu\/baratikor\/wp-json\/wp\/v2\/categories?post=651"},{"taxonomy":"post_tag","embeddable":true,"href":"https:\/\/semmelweis.hu\/baratikor\/wp-json\/wp\/v2\/tags?post=651"}],"curies":[{"name":"wp","href":"https:\/\/api.w.org\/{rel}","templated":true}]}}