{"id":646,"date":"2022-06-09T10:45:00","date_gmt":"2022-06-09T08:45:00","guid":{"rendered":"https:\/\/semmelweis.hu\/baratikor\/?page_id=646"},"modified":"2023-01-09T11:29:47","modified_gmt":"2023-01-09T10:29:47","slug":"romics-laszlo","status":"publish","type":"page","link":"https:\/\/semmelweis.hu\/baratikor\/galeria\/teljes-nevlista\/romics-laszlo\/","title":{"rendered":"Romics L\u00e1szl\u00f3"},"content":{"rendered":"<p style=\"text-align: justify\"><a href=\"https:\/\/semmelweis.hu\/baratikor\/files\/2022\/06\/057_11.jpg\"><img loading=\"lazy\" decoding=\"async\" class=\"alignleft wp-image-647 size-full\" src=\"https:\/\/semmelweis.hu\/baratikor\/files\/2022\/06\/057_11.jpg\" alt=\"\" width=\"295\" height=\"370\" \/><\/a><strong>(\u00c9rd, 1936 &#8211; )<\/strong><\/p>\n<p style=\"text-align: justify\">1962-ben szerzett oklevelet a Budapesti Orvostudom\u00e1nyi Egyetemen summa cum laude eredm\u00e9nnyel. M\u00e1r harmad\u00e9ves kor\u00e1t\u00f3l a K\u00f3r\u00e9lettani Int\u00e9zetben dolgozott tudom\u00e1nyos di\u00e1kk\u00f6r\u00f6sk\u00e9nt, illetve demonstr\u00e1tork\u00e9nt. 1962-t\u0151l az egyetem III. sz. Belgy\u00f3gy\u00e1szati Klinik\u00e1j\u00e1n dolgozott, 1969-1972 k\u00f6z\u00f6tt mint az MTA aspir\u00e1nsa. 1965-t\u0151l tan\u00e1rseg\u00e9d, 1974. j\u00fal. 1-t\u0151l adjunktus, 1976-ban elnyerte az orvostudom\u00e1nyok kandid\u00e1tusa fokozatot. 1974-t\u0151l m\u00e1sod\u00e1ll\u00e1sban ell\u00e1tta az MTA Orvosi Oszt\u00e1ly\u00e1nak tudom\u00e1nyos titk\u00e1ri teend\u0151it. 1982 &#8211; 1985 k\u00f6z\u00f6tt az ORFI oszt\u00e1lyvezet\u0151 f\u0151orvosa, illetve igazgat\u00f3helyettese. 1985-t\u0151l a SOTE III. sz. Belgy\u00f3gy\u00e1szati Klinik\u00e1j\u00e1nak tansz\u00e9kvezet\u0151 egyetemi tan\u00e1ra, 1996 &#8211; 1999 k\u00f6z\u00f6tt az egyetem rektora. 1994-ben szerezte meg az orvostudom\u00e1nyok doktora fokozatot. 1995-t\u0151l az MTA levelez\u0151, 2001-t\u0151l rendes tagja, 2002-t\u0151l az V. (Orvosi Tudom\u00e1nyok) Oszt\u00e1ly\u00e1nak eln\u00f6khelyettese. F\u0151 kutat\u00e1si ter\u00fclete a zs\u00edr- \u00e9s sz\u00e9nhidr\u00e1tanyagcsere-zavarok. T\u00f6bb jelent\u0151s nemzetk\u00f6zi (Eur\u00f3pai Atherosclerosis T\u00e1rsas\u00e1g, Eur\u00f3pai Diabeteskutat\u00f3 Sz\u00f6vets\u00e9g) \u00e9s hazai (Belgy\u00f3gy\u00e1sz Koll\u00e9gium, Magyar Belgy\u00f3gy\u00e1sz T\u00e1rsas\u00e1g, Magyar Diabetes T\u00e1rsas\u00e1g, Magyar Arteriosclerosis T\u00e1rsas\u00e1g, Magyar K\u00f6rnyezetv\u00e9delmi Egyes\u00fclet) tagja, illetve vezet\u0151s\u00e9gi tagja, eln\u00f6ke.<\/p>\n","protected":false},"excerpt":{"rendered":"<p><a href=\"https:\/\/semmelweis.hu\/baratikor\/files\/2022\/06\/057_11.jpg\"><\/a> (\u00c9rd, 1936 &#8211; ) 1962-ben szerzett oklevelet a Budapesti Orvostudom\u00e1nyi Egyetemen summa cum laude eredm\u00e9nnyel. M\u00e1r harmad\u00e9ves kor\u00e1t\u00f3l a K\u00f3r\u00e9lettani Int\u00e9zetben dolgozott tudom\u00e1nyos di\u00e1kk\u00f6r\u00f6sk\u00e9nt, illetve demonstr\u00e1tork\u00e9nt. 1962-t\u0151l az egyetem III. sz. Belgy\u00f3gy\u00e1szati Klinik\u00e1j\u00e1n dolgozott, 1969-1972 k\u00f6z\u00f6tt mint az MTA aspir\u00e1nsa. 1965-t\u0151l tan\u00e1rseg\u00e9d, 1974. j\u00fal. 1-t\u0151l adjunktus, 1976-ban elnyerte az orvostudom\u00e1nyok kandid\u00e1tusa fokozatot. 1974-t\u0151l m\u00e1sod\u00e1ll\u00e1sban ell\u00e1tta &hellip;<\/p>\n","protected":false},"author":282,"featured_media":647,"parent":347,"menu_order":0,"comment_status":"closed","ping_status":"closed","template":"template-fullwidth.php","meta":{"_acf_changed":false,"footnotes":""},"categories":[77,5,14],"tags":[],"class_list":["post-646","page","type-page","status-publish","has-post-thumbnail","hentry","category-kegyeleti-adattar","category-rektorok","category-teljes-nevlista"],"acf":[],"_links":{"self":[{"href":"https:\/\/semmelweis.hu\/baratikor\/wp-json\/wp\/v2\/pages\/646","targetHints":{"allow":["GET"]}}],"collection":[{"href":"https:\/\/semmelweis.hu\/baratikor\/wp-json\/wp\/v2\/pages"}],"about":[{"href":"https:\/\/semmelweis.hu\/baratikor\/wp-json\/wp\/v2\/types\/page"}],"author":[{"embeddable":true,"href":"https:\/\/semmelweis.hu\/baratikor\/wp-json\/wp\/v2\/users\/282"}],"replies":[{"embeddable":true,"href":"https:\/\/semmelweis.hu\/baratikor\/wp-json\/wp\/v2\/comments?post=646"}],"version-history":[{"count":3,"href":"https:\/\/semmelweis.hu\/baratikor\/wp-json\/wp\/v2\/pages\/646\/revisions"}],"predecessor-version":[{"id":2124,"href":"https:\/\/semmelweis.hu\/baratikor\/wp-json\/wp\/v2\/pages\/646\/revisions\/2124"}],"up":[{"embeddable":true,"href":"https:\/\/semmelweis.hu\/baratikor\/wp-json\/wp\/v2\/pages\/347"}],"wp:featuredmedia":[{"embeddable":true,"href":"https:\/\/semmelweis.hu\/baratikor\/wp-json\/wp\/v2\/media\/647"}],"wp:attachment":[{"href":"https:\/\/semmelweis.hu\/baratikor\/wp-json\/wp\/v2\/media?parent=646"}],"wp:term":[{"taxonomy":"category","embeddable":true,"href":"https:\/\/semmelweis.hu\/baratikor\/wp-json\/wp\/v2\/categories?post=646"},{"taxonomy":"post_tag","embeddable":true,"href":"https:\/\/semmelweis.hu\/baratikor\/wp-json\/wp\/v2\/tags?post=646"}],"curies":[{"name":"wp","href":"https:\/\/api.w.org\/{rel}","templated":true}]}}