{"id":638,"date":"2022-06-09T09:51:38","date_gmt":"2022-06-09T07:51:38","guid":{"rendered":"https:\/\/semmelweis.hu\/baratikor\/?page_id=638"},"modified":"2023-01-06T14:23:27","modified_gmt":"2023-01-06T13:23:27","slug":"zelles-tivadar","status":"publish","type":"page","link":"https:\/\/semmelweis.hu\/baratikor\/galeria\/teljes-nevlista\/zelles-tivadar\/","title":{"rendered":"Zelles Tivadar"},"content":{"rendered":"<p><a href=\"https:\/\/semmelweis.hu\/baratikor\/files\/2022\/06\/202_11.jpg\"><img loading=\"lazy\" decoding=\"async\" class=\"alignleft wp-image-639 size-full\" src=\"https:\/\/semmelweis.hu\/baratikor\/files\/2022\/06\/202_11.jpg\" alt=\"\" width=\"295\" height=\"370\" \/><\/a><strong>(Szombathely, 1937- )<\/strong><\/p>\n<p style=\"text-align: justify\">K\u00f6z\u00e9piskol\u00e1it Szombathelyen v\u00e9gezte, majd egy \u00e9vet seg\u00e9dmunk\u00e1sk\u00e9nt dolgozott, m\u00edg 1956-ban felvett\u00e9k a Budapesti Orvostudom\u00e1nyi Egyetem \u00fajonnan alakult Fogorvostudom\u00e1nyi Kar\u00e1ra. Hamarosan a K\u00f3r\u00e9lettani Int\u00e9zet di\u00e1kk\u00f6r\u00f6se, illetve N\u00e9pk\u00f6zt\u00e1rsas\u00e1gi \u00f6szt\u00f6nd\u00edjas lett. 1961-ben \u201esumma cum laude\u201d min\u0151s\u00edt\u00e9ssel v\u00e9gzett. Ezut\u00e1n a K\u00f3r\u00e9lettani Int\u00e9zetbe ker\u00fclt k\u00f6zponti gyakornokk\u00e9nt. 1964-t\u0151l tan\u00e1rseg\u00e9d, 1971-t\u0151l adjunktus. 1972-ben l\u00e9trehozta az Or\u00e1lbiol\u00f3giai Tansz\u00e9ki Csoportot a K\u00f3r\u00e9lettani Int\u00e9zetben. 1974-t\u0151l a Fogorvostudom\u00e1nyi Karon a k\u00f3r\u00e9lettan el\u0151ad\u00f3ja. 1978-ban az Eg\u00e9szs\u00e9g\u00fcgyi Miniszt\u00e9rium l\u00e9trehozta a Fogorvostudom\u00e1nyi Kar Or\u00e1lbiol\u00f3giai Csoportj\u00e1t, egyidej\u0171leg munkat\u00e1rsaival egy\u00fctt a Fogorvostudom\u00e1nyi Kar \u00e1llom\u00e1ny\u00e1ba ker\u00fcltek. Adjunktusi kinevez\u00e9sekor, \u00f6n\u00e1ll\u00f3sodva, a k\u00eds\u00e9rletes sztomatol\u00f3gia fel\u00e9 fordult \u00e9s a ny\u00e1lmirigyek enzimtermel\u00e9s\u00e9vel, a feh\u00e9rj\u00e9k szekr\u00e9ci\u00f3j\u00e1val, k\u00e9s\u0151bb pedig a parotis hypertrophia \u00e9s a sejtprolifer\u00e1ci\u00f3 t\u00e9m\u00e1j\u00e1val kezdett foglalkozni. Laborat\u00f3rium\u00e1ban nagysz\u00e1m\u00fa fogorvoshallgat\u00f3-di\u00e1kk\u00f6r\u00f6s dolgozott, akik k\u00f6z\u00fcl k\u00f6zel h\u00faszan a kar oktat\u00f3i lettek. Ekkor alakult ki k\u00f6r\u00fcl\u00f6tte a k\u00e9s\u0151bbi Or\u00e1lbiol\u00f3giai Tansz\u00e9k oktat\u00f3g\u00e1rd\u00e1j\u00e1nak a magja is. Ebben az id\u0151szakban ker\u00fclt be a szakmai k\u00f6z\u00e9letbe is. Nyolc \u00e9ven kereszt\u00fcl az Egyetem Tudom\u00e1nyos Di\u00e1kk\u00f6ri Tan\u00e1cs\u00e1nak eln\u00f6ke volt. A tudom\u00e1nyos di\u00e1kk\u00f6r\u00f6k ir\u00e1ny\u00edt\u00e1s\u00e1ban v\u00e9gzett munk\u00e1j\u00e1\u00e9rt 1972-ben az \u201cOktat\u00e1s\u00fcgy Kiv\u00e1l\u00f3 Dolgoz\u00f3ja\u201d kit\u00fcntet\u00e9st kapta. 1974-t\u0151l docens, majd 1980-ban egyetemi tan\u00e1ri kinevez\u00e9st kapott. 1989-ben megb\u00edzt\u00e1k az akkor l\u00e9trehozott Or\u00e1lbiol\u00f3giai Tansz\u00e9k vezet\u00e9s\u00e9vel. Az Amerikai Egyes\u00fclt \u00c1llamokban a Connecticut-, az Alabama- \u00e9s a Florida Egyetemen \u00f6sszesen t\u00f6bb mint k\u00e9t \u00e9vet, a koppenh\u00e1gai Royal Dental College-ban h\u00e1rom h\u00f3napot t\u00f6lt\u00f6tt kutat\u00e1ssal. A ny\u00e1lmirigykutat\u00e1s t\u00e9mak\u00f6r\u00e9ben t\u00f6bb k\u00fclf\u00f6ldi egyetemen \u00e9s kutat\u00f3int\u00e9zetben tartott szemin\u00e1riumot, k\u00f6zt\u00fck Bethesd\u00e1ban a National Institute of Dental Research-ben (NIDR). Eddig k\u00e9t nemzetk\u00f6zi szimp\u00f3ziumot szervezett. T\u00f6bb magyar \u00e9s h\u00e1rom nemzetk\u00f6zi t\u00e1rsas\u00e1gnak a tagja. Tagja az Archives of Oral Biology Advisory Board-nak, valamint a Fogorvosi Szemle Szerkeszt\u0151bizotts\u00e1g\u00e1nak. Tagja illetve tagja volt az MTA, az ETT, az MKM egy-egy szakbizotts\u00e1g\u00e1nak \u00e9s az OTKA egyik szakzs\u0171rij\u00e9nek, valamint a Semmelweis Egyetem Habilit\u00e1ci\u00f3s Bizotts\u00e1g\u00e1nak \u00e9s a Magyar Akkredit\u00e1ci\u00f3s Bizotts\u00e1gnak. Az MTA doktora. 1977\u20131983 k\u00f6z\u00f6tt, k\u00e9t ciklusban a FOK d\u00e9k\u00e1nhelyettes\u00e9v\u00e9 v\u00e1lasztott\u00e1k. 1998 \u00e9s 2004 k\u00f6z\u00f6tt k\u00e9t ciklusban a Semmelweis Egyetem Fogorvostudom\u00e1nyi Kar\u00e1nak d\u00e9k\u00e1nja volt. 1987-ben a fogorvosi szakma legmagasabb kit\u00fcntet\u00e9s\u00e9t az \u00c1rk\u00f6vy Eml\u00e9k\u00e9rmet, 2003-ban a Pro Universitate kit\u00fcntet\u00e9st kapta meg a Semmelweis Egyetemen. 2004-ben a k\u00f6zt\u00e1rsas\u00e1gi eln\u00f6k Magyar K\u00f6zt\u00e1rsas\u00e1gi Arany \u00c9rdemkereszttel t\u00fcntette ki.<\/p>\n<p style=\"text-align: justify\"><a href=\"https:\/\/semmelweis.hu\/baratikor\/files\/2022\/06\/202_21.jpg\"><img loading=\"lazy\" decoding=\"async\" class=\"alignleft wp-image-640 size-full\" src=\"https:\/\/semmelweis.hu\/baratikor\/files\/2022\/06\/202_21.jpg\" alt=\"\" width=\"295\" height=\"370\" \/><\/a><\/p>\n","protected":false},"excerpt":{"rendered":"<p><a href=\"https:\/\/semmelweis.hu\/baratikor\/files\/2022\/06\/202_11.jpg\"><\/a> (Szombathely, 1937- ) K\u00f6z\u00e9piskol\u00e1it Szombathelyen v\u00e9gezte, majd egy \u00e9vet seg\u00e9dmunk\u00e1sk\u00e9nt dolgozott, m\u00edg 1956-ban felvett\u00e9k a Budapesti Orvostudom\u00e1nyi Egyetem \u00fajonnan alakult Fogorvostudom\u00e1nyi Kar\u00e1ra. Hamarosan a K\u00f3r\u00e9lettani Int\u00e9zet di\u00e1kk\u00f6r\u00f6se, illetve N\u00e9pk\u00f6zt\u00e1rsas\u00e1gi \u00f6szt\u00f6nd\u00edjas lett. 1961-ben \u201esumma cum laude\u201d min\u0151s\u00edt\u00e9ssel v\u00e9gzett. Ezut\u00e1n a K\u00f3r\u00e9lettani Int\u00e9zetbe ker\u00fclt k\u00f6zponti gyakornokk\u00e9nt. 1964-t\u0151l tan\u00e1rseg\u00e9d, 1971-t\u0151l adjunktus. 1972-ben l\u00e9trehozta az Or\u00e1lbiol\u00f3giai Tansz\u00e9ki Csoportot a &hellip;<\/p>\n","protected":false},"author":282,"featured_media":639,"parent":347,"menu_order":0,"comment_status":"closed","ping_status":"closed","template":"template-fullwidth.php","meta":{"_acf_changed":false,"footnotes":""},"categories":[6,20,82,16,14],"tags":[],"class_list":["post-638","page","type-page","status-publish","has-post-thumbnail","hentry","category-dekanok","category-dekanok-karok-szerint","category-fok-dekanjai","category-tanszekvezetok","category-teljes-nevlista"],"acf":[],"_links":{"self":[{"href":"https:\/\/semmelweis.hu\/baratikor\/wp-json\/wp\/v2\/pages\/638","targetHints":{"allow":["GET"]}}],"collection":[{"href":"https:\/\/semmelweis.hu\/baratikor\/wp-json\/wp\/v2\/pages"}],"about":[{"href":"https:\/\/semmelweis.hu\/baratikor\/wp-json\/wp\/v2\/types\/page"}],"author":[{"embeddable":true,"href":"https:\/\/semmelweis.hu\/baratikor\/wp-json\/wp\/v2\/users\/282"}],"replies":[{"embeddable":true,"href":"https:\/\/semmelweis.hu\/baratikor\/wp-json\/wp\/v2\/comments?post=638"}],"version-history":[{"count":1,"href":"https:\/\/semmelweis.hu\/baratikor\/wp-json\/wp\/v2\/pages\/638\/revisions"}],"predecessor-version":[{"id":641,"href":"https:\/\/semmelweis.hu\/baratikor\/wp-json\/wp\/v2\/pages\/638\/revisions\/641"}],"up":[{"embeddable":true,"href":"https:\/\/semmelweis.hu\/baratikor\/wp-json\/wp\/v2\/pages\/347"}],"wp:featuredmedia":[{"embeddable":true,"href":"https:\/\/semmelweis.hu\/baratikor\/wp-json\/wp\/v2\/media\/639"}],"wp:attachment":[{"href":"https:\/\/semmelweis.hu\/baratikor\/wp-json\/wp\/v2\/media?parent=638"}],"wp:term":[{"taxonomy":"category","embeddable":true,"href":"https:\/\/semmelweis.hu\/baratikor\/wp-json\/wp\/v2\/categories?post=638"},{"taxonomy":"post_tag","embeddable":true,"href":"https:\/\/semmelweis.hu\/baratikor\/wp-json\/wp\/v2\/tags?post=638"}],"curies":[{"name":"wp","href":"https:\/\/api.w.org\/{rel}","templated":true}]}}