{"id":629,"date":"2022-06-09T09:52:30","date_gmt":"2022-06-09T07:52:30","guid":{"rendered":"https:\/\/semmelweis.hu\/baratikor\/?page_id=629"},"modified":"2023-07-17T09:24:43","modified_gmt":"2023-07-17T07:24:43","slug":"sotonyi-peter","status":"publish","type":"page","link":"https:\/\/semmelweis.hu\/baratikor\/galeria\/teljes-nevlista\/sotonyi-peter\/","title":{"rendered":"S\u00f3tonyi P\u00e9ter"},"content":{"rendered":"<p><a href=\"https:\/\/semmelweis.hu\/baratikor\/files\/2022\/06\/152_11.jpg\"><img loading=\"lazy\" decoding=\"async\" class=\"alignleft wp-image-630 size-full\" src=\"https:\/\/semmelweis.hu\/baratikor\/files\/2022\/06\/152_11.jpg\" alt=\"\" width=\"283\" height=\"355\" \/><\/a><strong>(Budapest, 1938 &#8211; )<\/strong><\/p>\n<p style=\"text-align: justify\">1963-ban szerzett oklevelet a Budapesti Orvostudom\u00e1nyi Egyetemen. Ett\u0151l kezdve az egyetem Igazs\u00e1g\u00fcgyi Orvostani Int\u00e9zet\u00e9nek munkat\u00e1rsa 1963-t\u00f3l mint gyakornok, 1965-t\u0151l mint tan\u00e1rseg\u00e9d, 1973. j\u00fal. 1-t\u0151l mint adjunktus, 1978-t\u00f3l mint docens, majd 1990-t\u0151l mint egyetemi tan\u00e1r. Az int\u00e9zet vezet\u00e9s\u00e9t 1992-ben vette \u00e1t, de m\u00e1r 1991-t\u0151l vezette az Orsz\u00e1gos Igazs\u00e1g\u00fcgyi Orvostani Int\u00e9zetet. Kandid\u00e1tusi fokozat\u00e1t 1977-ben szerezte meg, 1990-t\u0151l az orvostudom\u00e1nyok doktora. 1990-1993-ban a TMB Klinikai II. Orvostudom\u00e1nyi Szakbizotts\u00e1g tagja, 1993-1997-ben az orsz\u00e1gos Doktori \u00e9s Habilit\u00e1ci\u00f3s Tan\u00e1cs eln\u00f6ke, 1994-2000-ben az MTA k\u00f6zgy\u0171l\u00e9si doktork\u00e9pvisel\u0151je. 1996-2001-ben az Eg\u00e9szs\u00e9g\u00fcgyi Tudom\u00e1nyos Tan\u00e1cs Igazs\u00e1g\u00fcgyi Bizotts\u00e1g\u00e1nak aleln\u00f6ke, majd az ETT aleln\u00f6ke, 1997-2000-ben a MAB aleln\u00f6ke. 2001-t\u0151l az MTA levelez\u0151 tagja. F\u0151 kutat\u00e1si ter\u00fclete a sz\u00edvizom ATP-\u00e1zok, sz\u00edvglikozidok \u00e9s Ca++ hiszto- \u00e9s citok\u00e9miai kimutathat\u00f3s\u00e1ga, morfol\u00f3giai lokaliz\u00e1l\u00e1sa, illetve \u00faj morfol\u00f3giai vizsg\u00e1l\u00f3m\u00f3dszerek bevezet\u00e9se. Hazai (Magyar Igazs\u00e1g\u00fcgyi Orvosok T\u00e1rsas\u00e1ga, Magyar Orvostudom\u00e1nyi T\u00e1rsas\u00e1gok \u00e9s Egyes\u00fcletek Sz\u00f6vets\u00e9ge) \u00e9s nemzetk\u00f6zi (International Academy of Legal Medicine) szakmai t\u00e1rsas\u00e1gok vezet\u0151s\u00e9gi tagja, t\u00f6bb jelent\u0151s d\u00edj (Jendrassik-d\u00edj 1986, Batthy\u00e1ny-Strattmann-d\u00edj 1997, Ipolyi Arnold-d\u00edj 1998, Akad\u00e9miai d\u00edj 2000, 2001) kit\u00fcntetettje. 1998-t\u00f3l 2000-ig a SOTE \u00c1ltal\u00e1nos Orvostudom\u00e1nyi Kar\u00e1nak d\u00e9k\u00e1nja, majd 2000-t\u0151l 2003-ig az integr\u00e1lt Semmelweis Egyetem els\u0151 rektora.<\/p>\n","protected":false},"excerpt":{"rendered":"<p><a href=\"https:\/\/semmelweis.hu\/baratikor\/files\/2022\/06\/152_11.jpg\"><\/a> (Budapest, 1938 &#8211; ) 1963-ban szerzett oklevelet a Budapesti Orvostudom\u00e1nyi Egyetemen. Ett\u0151l kezdve az egyetem Igazs\u00e1g\u00fcgyi Orvostani Int\u00e9zet\u00e9nek munkat\u00e1rsa 1963-t\u00f3l mint gyakornok, 1965-t\u0151l mint tan\u00e1rseg\u00e9d, 1973. j\u00fal. 1-t\u0151l mint adjunktus, 1978-t\u00f3l mint docens, majd 1990-t\u0151l mint egyetemi tan\u00e1r. Az int\u00e9zet vezet\u00e9s\u00e9t 1992-ben vette \u00e1t, de m\u00e1r 1991-t\u0151l vezette az Orsz\u00e1gos Igazs\u00e1g\u00fcgyi Orvostani Int\u00e9zetet. Kandid\u00e1tusi fokozat\u00e1t &hellip;<\/p>\n","protected":false},"author":282,"featured_media":5079,"parent":347,"menu_order":0,"comment_status":"closed","ping_status":"closed","template":"template-fullwidth.php","meta":{"_acf_changed":false,"footnotes":""},"categories":[80,6,20,5,14],"tags":[],"class_list":["post-629","page","type-page","status-publish","has-post-thumbnail","hentry","category-aok-dekanjai","category-dekanok","category-dekanok-karok-szerint","category-rektorok","category-teljes-nevlista"],"acf":[],"_links":{"self":[{"href":"https:\/\/semmelweis.hu\/baratikor\/wp-json\/wp\/v2\/pages\/629","targetHints":{"allow":["GET"]}}],"collection":[{"href":"https:\/\/semmelweis.hu\/baratikor\/wp-json\/wp\/v2\/pages"}],"about":[{"href":"https:\/\/semmelweis.hu\/baratikor\/wp-json\/wp\/v2\/types\/page"}],"author":[{"embeddable":true,"href":"https:\/\/semmelweis.hu\/baratikor\/wp-json\/wp\/v2\/users\/282"}],"replies":[{"embeddable":true,"href":"https:\/\/semmelweis.hu\/baratikor\/wp-json\/wp\/v2\/comments?post=629"}],"version-history":[{"count":5,"href":"https:\/\/semmelweis.hu\/baratikor\/wp-json\/wp\/v2\/pages\/629\/revisions"}],"predecessor-version":[{"id":2129,"href":"https:\/\/semmelweis.hu\/baratikor\/wp-json\/wp\/v2\/pages\/629\/revisions\/2129"}],"up":[{"embeddable":true,"href":"https:\/\/semmelweis.hu\/baratikor\/wp-json\/wp\/v2\/pages\/347"}],"wp:featuredmedia":[{"embeddable":true,"href":"https:\/\/semmelweis.hu\/baratikor\/wp-json\/wp\/v2\/media\/5079"}],"wp:attachment":[{"href":"https:\/\/semmelweis.hu\/baratikor\/wp-json\/wp\/v2\/media?parent=629"}],"wp:term":[{"taxonomy":"category","embeddable":true,"href":"https:\/\/semmelweis.hu\/baratikor\/wp-json\/wp\/v2\/categories?post=629"},{"taxonomy":"post_tag","embeddable":true,"href":"https:\/\/semmelweis.hu\/baratikor\/wp-json\/wp\/v2\/tags?post=629"}],"curies":[{"name":"wp","href":"https:\/\/api.w.org\/{rel}","templated":true}]}}