{"id":623,"date":"2022-06-08T13:13:43","date_gmt":"2022-06-08T11:13:43","guid":{"rendered":"https:\/\/semmelweis.hu\/baratikor\/?page_id=623"},"modified":"2023-07-07T10:20:45","modified_gmt":"2023-07-07T08:20:45","slug":"nyerges-mihaly","status":"publish","type":"page","link":"https:\/\/semmelweis.hu\/baratikor\/galeria\/teljes-nevlista\/nyerges-mihaly\/","title":{"rendered":"Nyerges Mih\u00e1ly"},"content":{"rendered":"<p style=\"text-align: justify\"><a href=\"https:\/\/semmelweis.hu\/baratikor\/files\/2022\/06\/230_11.jpg\"><img loading=\"lazy\" decoding=\"async\" class=\"alignleft wp-image-624 size-medium\" src=\"https:\/\/semmelweis.hu\/baratikor\/files\/2022\/06\/230_11-286x400.jpg\" alt=\"\" width=\"286\" height=\"400\" \/><\/a><strong>(\u00c1t\u00e1ny, 1946. janu\u00e1r 25 \u2013 Budapest, 2010. december 31.)<\/strong><\/p>\n<p style=\"text-align: justify\">D\u00e9k\u00e1n: 2001 &#8211; 2007<\/p>\n<p style=\"text-align: justify\">K\u00f6z\u00e9pfok\u00fa tanulm\u00e1nyait a szeksz\u00e1rdi Garay J\u00e1nos Gimn\u00e1ziumban v\u00e9gezte, majd 1964-ben a Testnevel\u00e9si F\u0151iskol\u00e1ra iratkozott be. Itt 1968-ban szerzett k\u00f6z\u00e9piskolai testnevel\u0151 tan\u00e1ri diplom\u00e1t, majd az ELTE Testnevel\u00e9si Tansz\u00e9k\u00e9n kezdett dolgozni. Ek\u00f6zben vezet\u0151edz\u0151k\u00e9nt a BEAC atl\u00e9tikai szakoszt\u00e1ly\u00e1t ir\u00e1ny\u00edtotta. 1971 \u00e9s 1974 k\u00f6z\u00f6tt az ELTE B\u00f6lcs\u00e9szettudom\u00e1nyi Kar\u00e1n elv\u00e9gezte a szociol\u00f3gia szakot. Ugyanitt 1983-ban egyetemi doktori c\u00edmet szerzett, amit 1997-ben PhD fokozatt\u00e1 fejlesztett tov\u00e1bb. 1975-ben visszat\u00e9rt eredeti alma mater\u00e9hez, ahol a Testnevel\u00e9selm\u00e9let Tansz\u00e9ken lett tan\u00e1rseg\u00e9d. 1977-t\u0151l ugyanitt adjunktus, majd 1980-t\u00f3l \u00f3raad\u00f3 tan\u00e1r. Ugyanekkor v\u00e1lasztott\u00e1k a Magyar Atl\u00e9tikai Sz\u00f6vets\u00e9g f\u0151titk\u00e1r\u00e1v\u00e1, amely tisztet 1989-ig l\u00e1tta el. 1989-ben a TF docense lett, egyben a Sportmenedzsment Tansz\u00e9k szakcsoportvezet\u0151je. 1990 \u00e9s 1993 k\u00f6z\u00f6tt az egyetemi tan\u00e1cs eln\u00f6ki tiszt\u00e9t l\u00e1tta el. 1993\/94-ben a pennsylvaniai Slippery Rock University-n m\u0171k\u00f6d\u00f6tt vend\u00e9gtan\u00e1rk\u00e9nt. 1995-t\u0151l az Eur\u00f3pai Sportmenedzsment T\u00e1rsas\u00e1g mesterkurzus\u00e1n \u00f3raad\u00f3. 1999-ben ker\u00fclt a TF Sportmenedzsment \u00e9s Rekre\u00e1ci\u00f3 Tansz\u00e9ke \u00e9l\u00e9re. 2001-ben az integr\u00e1lt Semmelweis Egyetem Testnevel\u00e9si \u00e9s Sporttudom\u00e1nyi Kar d\u00e9k\u00e1nj\u00e1v\u00e1 v\u00e1lasztott\u00e1k, amely tiszts\u00e9get 2007-ig t\u00f6lt\u00f6tt be. 2001-ben a Semmelweis Egyetem doktorr\u00e1 habilit\u00e1lta. 1971-ben a Magyar Testnevel\u00e9s \u00e9s Sport \u00e9rdemes dolgoz\u00f3ja, majd 1979-ben Kiv\u00e1l\u00f3 munk\u00e1\u00e9rt elismer\u00e9st kapott. 1997-ben a Magyar Atl\u00e9tik\u00e1\u00e9rt \u00e9rdem\u00e9rem arany fokozat\u00e1t, 1998-ban a Magyar K\u00f6zt\u00e1rsas\u00e1g Arany \u00c9rdemrendj\u00e9t, 1999-ben az eur\u00f3pai atl\u00e9tik\u00e1\u00e9rt Plaque of Merit kit\u00fcntet\u00e9s\u00e9t nyerte el.<\/p>\n<p style=\"text-align: justify\">(F\u0151bb munk\u00e1i: Kieg\u00e9sz\u00edt\u0151 ismeretek a szervez\u00e9s- \u00e9s vezet\u00e9selm\u00e9let tanulm\u00e1nyoz\u00e1s\u00e1hoz. Tank\u00f6nyvkiad\u00f3. Bp. 1978.; A szervez\u00e9s- \u00e9s vezet\u00e9selm\u00e9let alapjai. Tank\u00f6nyvkiad\u00f3. Bp. 1979.; \u00c9lsport \u00e9s t\u00e1rsadalom. \/Laki L\u00e1szl\u00f3val\/. In: Tan\u00e1rk\u00e9pz\u00e9s \u2013 testnevel\u00e9s \u2013 sport, 1980.; \u00c1tl\u00f6v\u00e9s. (Esettanulm\u00e1nyok a k\u00e9zilabda-bajnoks\u00e1g els\u0151 oszt\u00e1ly\u00e1r\u00f3l- 1981.) \/Laki L\u00e1szl\u00f3val\/ Ifj\u00fas\u00e1gi Lap- \u00e9s K\u00f6nyvkiad\u00f3. Bp. 1984.; A sportmenedzsment alapjai. \/Petr\u00f3czi Andre\u00e1val\/ Magyar Testnevel\u00e9si Egyetem. Bp. 1995.; Szabadid\u0151sport menedzsment &#8211; TF jegyzet \/Laki L\u00e1szl\u00f3val \u00e9s Szuh\u00e1r Gabriell\u00e1val\/, Bp.; Kisv\u00e1llalkoz\u00e1sok a szabadid\u0151sportban \/Laki L\u00e1szl\u00f3val \u00e9s Szuh\u00e1r Gabriell\u00e1val\/. In: Kalokagathia, 1998. 1.; Esem\u00e9nyszervez\u00e9s a sportban. In: Testnevel\u00e9s, 1998. 4.; \u00dczleti elemek a sportban: professzion\u00e1lis labdar\u00fag\u00f3-t\u00e1rsas\u00e1gok szponzor\u00e1ci\u00f3s strat\u00e9gi\u00e1ja \/Berkes P\u00e9terrel\/. In: Magyar Sporttudom\u00e1nyi Szemle 2005. 1.)<\/p>\n<p><a href=\"https:\/\/semmelweis.hu\/baratikor\/files\/2022\/06\/230_21.jpg\"><img loading=\"lazy\" decoding=\"async\" class=\"alignleft wp-image-625 size-full\" src=\"https:\/\/semmelweis.hu\/baratikor\/files\/2022\/06\/230_21.jpg\" alt=\"\" width=\"292\" height=\"334\" \/><\/a><\/p>\n","protected":false},"excerpt":{"rendered":"<p><a href=\"https:\/\/semmelweis.hu\/baratikor\/files\/2022\/06\/230_11.jpg\"><\/a> (\u00c1t\u00e1ny, 1946. janu\u00e1r 25 \u2013 Budapest, 2010. december 31.) D\u00e9k\u00e1n: 2001 &#8211; 2007 K\u00f6z\u00e9pfok\u00fa tanulm\u00e1nyait a szeksz\u00e1rdi Garay J\u00e1nos Gimn\u00e1ziumban v\u00e9gezte, majd 1964-ben a Testnevel\u00e9si F\u0151iskol\u00e1ra iratkozott be. Itt 1968-ban szerzett k\u00f6z\u00e9piskolai testnevel\u0151 tan\u00e1ri diplom\u00e1t, majd az ELTE Testnevel\u00e9si Tansz\u00e9k\u00e9n kezdett dolgozni. Ek\u00f6zben vezet\u0151edz\u0151k\u00e9nt a BEAC atl\u00e9tikai szakoszt\u00e1ly\u00e1t ir\u00e1ny\u00edtotta. 1971 \u00e9s 1974 k\u00f6z\u00f6tt az ELTE &hellip;<\/p>\n","protected":false},"author":282,"featured_media":4867,"parent":347,"menu_order":0,"comment_status":"closed","ping_status":"closed","template":"template-fullwidth.php","meta":{"_acf_changed":false,"footnotes":""},"categories":[6,14,87],"tags":[],"class_list":["post-623","page","type-page","status-publish","has-post-thumbnail","hentry","category-dekanok","category-teljes-nevlista","category-tsk-dekanjai"],"acf":[],"_links":{"self":[{"href":"https:\/\/semmelweis.hu\/baratikor\/wp-json\/wp\/v2\/pages\/623","targetHints":{"allow":["GET"]}}],"collection":[{"href":"https:\/\/semmelweis.hu\/baratikor\/wp-json\/wp\/v2\/pages"}],"about":[{"href":"https:\/\/semmelweis.hu\/baratikor\/wp-json\/wp\/v2\/types\/page"}],"author":[{"embeddable":true,"href":"https:\/\/semmelweis.hu\/baratikor\/wp-json\/wp\/v2\/users\/282"}],"replies":[{"embeddable":true,"href":"https:\/\/semmelweis.hu\/baratikor\/wp-json\/wp\/v2\/comments?post=623"}],"version-history":[{"count":1,"href":"https:\/\/semmelweis.hu\/baratikor\/wp-json\/wp\/v2\/pages\/623\/revisions"}],"predecessor-version":[{"id":626,"href":"https:\/\/semmelweis.hu\/baratikor\/wp-json\/wp\/v2\/pages\/623\/revisions\/626"}],"up":[{"embeddable":true,"href":"https:\/\/semmelweis.hu\/baratikor\/wp-json\/wp\/v2\/pages\/347"}],"wp:featuredmedia":[{"embeddable":true,"href":"https:\/\/semmelweis.hu\/baratikor\/wp-json\/wp\/v2\/media\/4867"}],"wp:attachment":[{"href":"https:\/\/semmelweis.hu\/baratikor\/wp-json\/wp\/v2\/media?parent=623"}],"wp:term":[{"taxonomy":"category","embeddable":true,"href":"https:\/\/semmelweis.hu\/baratikor\/wp-json\/wp\/v2\/categories?post=623"},{"taxonomy":"post_tag","embeddable":true,"href":"https:\/\/semmelweis.hu\/baratikor\/wp-json\/wp\/v2\/tags?post=623"}],"curies":[{"name":"wp","href":"https:\/\/api.w.org\/{rel}","templated":true}]}}