{"id":619,"date":"2022-06-08T10:42:53","date_gmt":"2022-06-08T08:42:53","guid":{"rendered":"https:\/\/semmelweis.hu\/baratikor\/?page_id=619"},"modified":"2023-01-06T14:24:13","modified_gmt":"2023-01-06T13:24:13","slug":"noszal-bela","status":"publish","type":"page","link":"https:\/\/semmelweis.hu\/baratikor\/galeria\/teljes-nevlista\/noszal-bela\/","title":{"rendered":"Nosz\u00e1l B\u00e9la"},"content":{"rendered":"<p style=\"text-align: justify\"><a href=\"https:\/\/semmelweis.hu\/baratikor\/files\/2022\/06\/208_11.jpg\"><img loading=\"lazy\" decoding=\"async\" class=\"wp-image-620 size-full alignleft\" src=\"https:\/\/semmelweis.hu\/baratikor\/files\/2022\/06\/208_11.jpg\" alt=\"\" width=\"295\" height=\"393\" \/><\/a><strong>(Budapest, 1947. augusztus 5. &#8211; )<\/strong><\/p>\n<p style=\"text-align: justify\">1972-ben szerzett diplom\u00e1t a Semmelweis Orvostudom\u00e1nyi Egyetem Gy\u00f3gyszer\u00e9sztudom\u00e1nyi Kar\u00e1n. 1972 \u00e9s 1994 k\u00f6z\u00f6tt az E\u00f6tv\u00f6s Lor\u00e1nd Tudom\u00e1nyegyetem Szervetlen \u00e9s Analitikai K\u00e9miai Tansz\u00e9k\u00e9n dolgozott, ahol mindv\u00e9gig r\u00e9szt vett a gy\u00f3gyszer\u00e9szk\u00e9pz\u00e9sben, t\u00f6bb \u00e9ven kereszt\u00fcl az \u00e1ltal\u00e1nos k\u00e9mia t\u00e1rgy el\u0151ad\u00f3jak\u00e9nt. Emellett 12 \u00e9ven \u00e1t volt az analitikai k\u00e9mia t\u00e1rgy\u00e1nak el\u0151ad\u00f3ja biol\u00f3gushallgat\u00f3k r\u00e9sz\u00e9re. Egyetemi doktori, kandid\u00e1tusi, ill. akad\u00e9miai doktori \u00e9rtekez\u00e9s\u00e9t 1975-ben, 1981-ben ill. 1993-ban v\u00e9dte meg, ut\u00f3bbit Biomolekul\u00e1k mikrospeci\u00e1ci\u00f3ja c\u00edmmel. 1979\/80-ban a Virginiai Egyetemen, 1989\/90-ben, 1991-ben \u00e9s 1995-ben a Kaliforniai Egyetemen t\u00f6lt\u00f6tt hosszabb tanulm\u00e1nyutat, \u00f6sszesen mintegy 3 \u00e9v id\u0151tartamban.<\/p>\n<p style=\"text-align: justify\">1994 \u00f3ta a Semmelweis Egyetem Gy\u00f3gyszer\u00e9szi K\u00e9miai Int\u00e9zet\u00e9nek igazgat\u00f3ja, 2002 \u00f3ta a Gy\u00f3gyszer\u00e9sztudom\u00e1nyi Kar d\u00e9k\u00e1nja. Habilit\u00e1ci\u00f3t gy\u00f3gyszer\u00e9szi k\u00e9mia t\u00e1rgyk\u00f6rben a Semmelweis Egyetemen \u00e9s \u00e1ltal\u00e1nos k\u00e9mia tudom\u00e1nyter\u00fcleten az E\u00f6tv\u00f6s Lor\u00e1nd Tudom\u00e1nyegyetemen szerzett.<\/p>\n<p style=\"text-align: justify\">Kutat\u00e1si ter\u00fclete a bio- \u00e9s gy\u00f3gyszermolekul\u00e1k szervezetbeni sors\u00e1t befoly\u00e1sol\u00f3 fizikai-k\u00e9miai \u00e9s szerkezeti param\u00e9terek maghat\u00e1roz\u00e1sa, \u00faj param\u00e9terek bevezet\u00e9se, valamint e molekul\u00e1k anal\u00edzise. E t\u00e1rgyk\u00f6r\u00f6kben megjelent eddigi mintegy 110 eredeti k\u00f6zlem\u00e9ny\u00e9nek java a k\u00e9miai \u00e9s gy\u00f3gyszer\u00e9szeti tudom\u00e1nyok legrangosabb foly\u00f3irataiban l\u00e1tott napvil\u00e1got (J. Am. Chem. Soc., J. Phys Chem., J. Org. Chem., Anal. Chem., J. Med. Chem., Pharm. Res., J. Pharm. Sci., stb.)<\/p>\n<p style=\"text-align: justify\">Eln\u00f6ke a Magyar Tudom\u00e1nyos Akad\u00e9mia Szerves \u00e9s Gy\u00f3gyszeranalitikai Munkabizotts\u00e1g\u00e1nak, f\u0151szerkeszt\u0151je az Acta Pharmaceutica Hungarica c\u00edm\u0171 foly\u00f3iratnak. Tan\u00e1cskoz\u00e1si jog\u00fa tag a Magyar Tudom\u00e1nyos Akad\u00e9mia Orvostudom\u00e1nyi Oszt\u00e1ly\u00e1n, kor\u00e1bban 2 cikluson kereszt\u00fcl volt k\u00f6zgy\u0171l\u00e9si doktor k\u00e9pvisel\u0151 a Magyar Tudom\u00e1nyos Akad\u00e9mia K\u00e9miai Oszt\u00e1ly\u00e1n.<\/p>\n","protected":false},"excerpt":{"rendered":"<p><a href=\"https:\/\/semmelweis.hu\/baratikor\/files\/2022\/06\/208_11.jpg\"><\/a> (Budapest, 1947. augusztus 5. &#8211; ) 1972-ben szerzett diplom\u00e1t a Semmelweis Orvostudom\u00e1nyi Egyetem Gy\u00f3gyszer\u00e9sztudom\u00e1nyi Kar\u00e1n. 1972 \u00e9s 1994 k\u00f6z\u00f6tt az E\u00f6tv\u00f6s Lor\u00e1nd Tudom\u00e1nyegyetem Szervetlen \u00e9s Analitikai K\u00e9miai Tansz\u00e9k\u00e9n dolgozott, ahol mindv\u00e9gig r\u00e9szt vett a gy\u00f3gyszer\u00e9szk\u00e9pz\u00e9sben, t\u00f6bb \u00e9ven kereszt\u00fcl az \u00e1ltal\u00e1nos k\u00e9mia t\u00e1rgy el\u0151ad\u00f3jak\u00e9nt. Emellett 12 \u00e9ven \u00e1t volt az analitikai k\u00e9mia t\u00e1rgy\u00e1nak el\u0151ad\u00f3ja biol\u00f3gushallgat\u00f3k r\u00e9sz\u00e9re. &hellip;<\/p>\n","protected":false},"author":282,"featured_media":620,"parent":347,"menu_order":0,"comment_status":"closed","ping_status":"closed","template":"template-fullwidth.php","meta":{"_acf_changed":false,"footnotes":""},"categories":[6,83,14],"tags":[],"class_list":["post-619","page","type-page","status-publish","has-post-thumbnail","hentry","category-dekanok","category-gytk-dekanjai","category-teljes-nevlista"],"acf":[],"_links":{"self":[{"href":"https:\/\/semmelweis.hu\/baratikor\/wp-json\/wp\/v2\/pages\/619","targetHints":{"allow":["GET"]}}],"collection":[{"href":"https:\/\/semmelweis.hu\/baratikor\/wp-json\/wp\/v2\/pages"}],"about":[{"href":"https:\/\/semmelweis.hu\/baratikor\/wp-json\/wp\/v2\/types\/page"}],"author":[{"embeddable":true,"href":"https:\/\/semmelweis.hu\/baratikor\/wp-json\/wp\/v2\/users\/282"}],"replies":[{"embeddable":true,"href":"https:\/\/semmelweis.hu\/baratikor\/wp-json\/wp\/v2\/comments?post=619"}],"version-history":[{"count":1,"href":"https:\/\/semmelweis.hu\/baratikor\/wp-json\/wp\/v2\/pages\/619\/revisions"}],"predecessor-version":[{"id":621,"href":"https:\/\/semmelweis.hu\/baratikor\/wp-json\/wp\/v2\/pages\/619\/revisions\/621"}],"up":[{"embeddable":true,"href":"https:\/\/semmelweis.hu\/baratikor\/wp-json\/wp\/v2\/pages\/347"}],"wp:featuredmedia":[{"embeddable":true,"href":"https:\/\/semmelweis.hu\/baratikor\/wp-json\/wp\/v2\/media\/620"}],"wp:attachment":[{"href":"https:\/\/semmelweis.hu\/baratikor\/wp-json\/wp\/v2\/media?parent=619"}],"wp:term":[{"taxonomy":"category","embeddable":true,"href":"https:\/\/semmelweis.hu\/baratikor\/wp-json\/wp\/v2\/categories?post=619"},{"taxonomy":"post_tag","embeddable":true,"href":"https:\/\/semmelweis.hu\/baratikor\/wp-json\/wp\/v2\/tags?post=619"}],"curies":[{"name":"wp","href":"https:\/\/api.w.org\/{rel}","templated":true}]}}