{"id":614,"date":"2022-06-08T10:37:24","date_gmt":"2022-06-08T08:37:24","guid":{"rendered":"https:\/\/semmelweis.hu\/baratikor\/?page_id=614"},"modified":"2022-06-08T10:44:23","modified_gmt":"2022-06-08T08:44:23","slug":"tulassay-tivadar","status":"publish","type":"page","link":"https:\/\/semmelweis.hu\/baratikor\/galeria\/teljes-nevlista\/tulassay-tivadar\/","title":{"rendered":"Tulassay Tivadar"},"content":{"rendered":"<p><a href=\"https:\/\/semmelweis.hu\/baratikor\/files\/2022\/06\/210_11.jpg\"><img loading=\"lazy\" decoding=\"async\" class=\"wp-image-615 size-full alignleft\" src=\"https:\/\/semmelweis.hu\/baratikor\/files\/2022\/06\/210_11.jpg\" alt=\"\" width=\"397\" height=\"289\" \/><\/a><strong>(Gal\u00e1nta \/Csehszlov\u00e1kia\/, 1949 &#8211; )<\/strong><\/p>\n<p style=\"text-align: justify\">Orvosi oklevel\u00e9t 1974-ben szerezte a Semmelweis Orvostudom\u00e1nyi Egyetemen. Ezut\u00e1n a Csepel Vas- \u00e9s F\u00e9mm\u0171vekben dolgozott \u00fczemorvosk\u00e9nt 1975-ig, majd visszat\u00e9rt az egyetemre \u00e9s a II. sz. Gyermekklinik\u00e1n v\u00e1llalt gyakornoki \u00e1ll\u00e1st. 1978-ban csecsem\u0151- \u00e9s gyermekgy\u00f3gy\u00e1sz szakvizsg\u00e1t tett. 1979. janu\u00e1r 15-t\u0151l az I. sz. N\u0151i Klinika \u00dajsz\u00fcl\u00f6tt Intenz\u00edv Oszt\u00e1ly\u00e1n m\u0171k\u00f6d\u00f6tt tov\u00e1bb tan\u00e1rseg\u00e9dk\u00e9nt. 1983-ban ker\u00fclt \u00e1t az I. sz. Gyermekklinik\u00e1ra, ahol tan\u00e1rseg\u00e9dk\u00e9nt vezette a nephrol\u00f3giai oszt\u00e1lyt \u00e9s a gyermeknephrol\u00f3giai ambulanci\u00e1t. 1985-t\u0151l adjunktus, 1989-t\u0151l docens, v\u00e9g\u00fcl 1993. j\u00falius 1-j\u00e9t\u0151l tansz\u00e9kvezet\u0151 egyetemi tan\u00e1r. K\u00f6zben 1985-86-ban Humboldt \u00f6szt\u00f6nd\u00edj seg\u00edts\u00e9g\u00e9vel Heidelbergben tett hosszabb tanulm\u00e1nyutat. 1983-ban megszerezte az orvostudom\u00e1nyok kandid\u00e1tusa fokozatot, 1990-ben megv\u00e9dte doktori \u00e9rtekez\u00e9s\u00e9t, 1992-ben neonatol\u00f3giai szakvizsg\u00e1t tett. 1990-t\u0151l vesz r\u00e9szt az akad\u00e9mia k\u00fcl\u00f6nb\u00f6z\u0151 bizotts\u00e1gainak munk\u00e1j\u00e1ban. 2001. m\u00e1jus 7-\u00e9n az MTA levelez\u0151 tagjai sor\u00e1ba v\u00e1lasztotta. F\u0151 kutat\u00e1si ter\u00fcletei: folyad\u00e9k- \u00e9s elektrolith\u00e1ztart\u00e1s szab\u00e1lyoz\u00e1sa, illetve az abban szerepet j\u00e1tsz\u00f3 hormonok, a korasz\u00fcl\u00f6ttek vesem\u0171k\u00f6d\u00e9se, a vaszkul\u00e1ris pathol\u00f3gia rizik\u00f3 t\u00e9nyez\u0151i, k\u00fcl\u00f6n\u00f6s tekintettel a membr\u00e1n transzporterek szerep\u00e9re \u00e9s a sz\u00e9nhidr\u00e1t anyagcser\u00e9re, valamint nephrol\u00f3giai \u00e9s neonatol\u00f3giai kutat\u00e1sok. 1990-1995 k\u00f6z\u00f6tt az \u00c1ltal\u00e1nos Orvostudom\u00e1nyi Kar d\u00e9k\u00e1nhelyettese, majd 1995-2000 k\u00f6z\u00f6tt az egyetem \u00e1ltal\u00e1nos \u00e9s klinikai rektorhelyettese volt, 1997-t\u0151l az MTA \u00e9s az OTKA k\u00f6z\u00f6s deleg\u00e1ltjak\u00e9nt a European Science Foundation European Medical Research Council Standing Comittee tagja. 2000-2002 k\u00f6z\u00f6tt a Nemzeti Eg\u00e9szs\u00e9g\u00fcgyi Tan\u00e1cs, valamint a Csecsem\u0151- \u00e9s Gyermekgy\u00f3gy\u00e1szati Szakmai Koll\u00e9gium eln\u00f6ke. 2000-2003 k\u00f6z\u00f6tt az egyetem Doktori Tan\u00e1cs\u00e1nak tagja, 2003-t\u00f3l az egyetem rektora. Sz\u00e1mos hazai \u00e9s k\u00fclf\u00f6ldi tudom\u00e1nyos t\u00e1rsas\u00e1g (pl. Magyar Gyermekorvosok T\u00e1rsas\u00e1ga, Magyar Chron T\u00e1rsas\u00e1g, European Society for Pediatric Research, Arbeitsgemeinschaft f\u00fcr P\u00e4diatrische Nephrologie stb.), illetve szakfoly\u00f3irat szerkeszt\u0151bizotts\u00e1g\u00e1nak (Child Urology and Nephrology, Gyermekgy\u00f3gy\u00e1szat, Pediatric Nephrology stb.) tagja. Kit\u00fcntet\u00e9sei k\u00f6z\u00fcl megeml\u00edtend\u0151 az Orvosi Hetilap Markusovszky d\u00edja (1988), a Pet\u00e9nyi G\u00e9za d\u00edj (1988, I. fokozat), a Batthy\u00e1ny-Strattmann d\u00edj (1999), a Ko\u00f3s Aur\u00e9l d\u00edj (2001), a Belga Kir\u00e1lys\u00e1g Koronarendj\u00e9nek parancsnoki fokozata (2002) \u00e9s a K\u00f6zt\u00e1rsas\u00e1g Eln\u00f6k\u00e9nek \u00c9rdem\u00e9rme (2003). \/r\u00e9szletesebb adatok a rektori honlapon\/<\/p>\n<p><a href=\"https:\/\/semmelweis.hu\/baratikor\/files\/2022\/06\/210_21.jpg\"><img loading=\"lazy\" decoding=\"async\" class=\"alignleft wp-image-616 size-full\" src=\"https:\/\/semmelweis.hu\/baratikor\/files\/2022\/06\/210_21.jpg\" alt=\"\" width=\"316\" height=\"400\" \/><\/a><\/p>\n","protected":false},"excerpt":{"rendered":"<p><a href=\"https:\/\/semmelweis.hu\/baratikor\/files\/2022\/06\/210_11.jpg\"><\/a> (Gal\u00e1nta \/Csehszlov\u00e1kia\/, 1949 &#8211; ) Orvosi oklevel\u00e9t 1974-ben szerezte a Semmelweis Orvostudom\u00e1nyi Egyetemen. Ezut\u00e1n a Csepel Vas- \u00e9s F\u00e9mm\u0171vekben dolgozott \u00fczemorvosk\u00e9nt 1975-ig, majd visszat\u00e9rt az egyetemre \u00e9s a II. sz. Gyermekklinik\u00e1n v\u00e1llalt gyakornoki \u00e1ll\u00e1st. 1978-ban csecsem\u0151- \u00e9s gyermekgy\u00f3gy\u00e1sz szakvizsg\u00e1t tett. 1979. janu\u00e1r 15-t\u0151l az I. sz. N\u0151i Klinika \u00dajsz\u00fcl\u00f6tt Intenz\u00edv Oszt\u00e1ly\u00e1n m\u0171k\u00f6d\u00f6tt tov\u00e1bb tan\u00e1rseg\u00e9dk\u00e9nt. 1983-ban &hellip;<\/p>\n","protected":false},"author":282,"featured_media":615,"parent":347,"menu_order":0,"comment_status":"closed","ping_status":"closed","template":"template-fullwidth.php","meta":{"_acf_changed":false,"footnotes":""},"categories":[5,14],"tags":[],"class_list":["post-614","page","type-page","status-publish","has-post-thumbnail","hentry","category-rektorok","category-teljes-nevlista"],"acf":[],"_links":{"self":[{"href":"https:\/\/semmelweis.hu\/baratikor\/wp-json\/wp\/v2\/pages\/614","targetHints":{"allow":["GET"]}}],"collection":[{"href":"https:\/\/semmelweis.hu\/baratikor\/wp-json\/wp\/v2\/pages"}],"about":[{"href":"https:\/\/semmelweis.hu\/baratikor\/wp-json\/wp\/v2\/types\/page"}],"author":[{"embeddable":true,"href":"https:\/\/semmelweis.hu\/baratikor\/wp-json\/wp\/v2\/users\/282"}],"replies":[{"embeddable":true,"href":"https:\/\/semmelweis.hu\/baratikor\/wp-json\/wp\/v2\/comments?post=614"}],"version-history":[{"count":2,"href":"https:\/\/semmelweis.hu\/baratikor\/wp-json\/wp\/v2\/pages\/614\/revisions"}],"predecessor-version":[{"id":618,"href":"https:\/\/semmelweis.hu\/baratikor\/wp-json\/wp\/v2\/pages\/614\/revisions\/618"}],"up":[{"embeddable":true,"href":"https:\/\/semmelweis.hu\/baratikor\/wp-json\/wp\/v2\/pages\/347"}],"wp:featuredmedia":[{"embeddable":true,"href":"https:\/\/semmelweis.hu\/baratikor\/wp-json\/wp\/v2\/media\/615"}],"wp:attachment":[{"href":"https:\/\/semmelweis.hu\/baratikor\/wp-json\/wp\/v2\/media?parent=614"}],"wp:term":[{"taxonomy":"category","embeddable":true,"href":"https:\/\/semmelweis.hu\/baratikor\/wp-json\/wp\/v2\/categories?post=614"},{"taxonomy":"post_tag","embeddable":true,"href":"https:\/\/semmelweis.hu\/baratikor\/wp-json\/wp\/v2\/tags?post=614"}],"curies":[{"name":"wp","href":"https:\/\/api.w.org\/{rel}","templated":true}]}}