{"id":546,"date":"2022-06-02T10:40:12","date_gmt":"2022-06-02T08:40:12","guid":{"rendered":"https:\/\/semmelweis.hu\/baratikor\/?page_id=546"},"modified":"2024-04-04T09:10:54","modified_gmt":"2024-04-04T07:10:54","slug":"barati-kor-elnokei","status":"publish","type":"page","link":"https:\/\/semmelweis.hu\/baratikor\/galeria\/barati-kor-elnokei\/","title":{"rendered":"Bar\u00e1ti K\u00f6r eln\u00f6kei"},"content":{"rendered":"<h5>Bar\u00e1ti K\u00f6r Eln\u00f6kei id\u0151rendben:<\/h5>\n<ul style=\"list-style-type: square;\">\n<li>B\u00e1lint P\u00e9ter (1989-1991)<\/li>\n<li>Somogyi Endre (1989, alap\u00edt\u00f3, tiszteletbeli eln\u00f6k)<\/li>\n<li>Kiszely Gy\u00f6rgy (1991-1996)<\/li>\n<li>Jellinek Harry (1992-2005, \u00fcgyvezet\u0151 eln\u00f6k)<\/li>\n<li>Fekete Gy\u00f6rgy (1996-2002)<\/li>\n<li>Monos Emil (2002-2018)<\/li>\n<li>Rosivall L\u00e1szl\u00f3 (2018- )<\/li>\n<\/ul>\n<script type=\"text\/javascript\" src=\"https:\/\/semmelweis.hu\/baratikor\/wp-content\/themes\/se18\/dist\/scripts\/carousel.js\"><\/script>    <section class=\"post-cards shortcode-wrapper\">\r\n        <div id=\"news-container\" class=\" d-none d-sm-flex flex-column  full-width-post-cards-shortcode-card news-container-for-card-code\" style=\"\">\r\n            \r\n            <div class=\"row card-row my-2 pt-3 pb-0 mx-0 w-100 \">\r\n               \r\n                \ufeff\r\n    <div class=\"card-format col col-12 col-md-4 col-lg-3 pl-1 pl-md-0 pr-1 pr-md-2 mb-2\">\r\n        <a class=\"d-block w-100\"  href=\"https:\/\/semmelweis.hu\/baratikor\/galeria\/teljes-nevlista\/balint-peter\/\">\r\n      <!--  <a class=\"d-block w-100\" target=\"_blank\" href=\" \"> -->\r\n            <div class=\"card\">\r\n                                    <div class=\"card-image img-fluid \">\r\n                         \r\n                        <img loading=\"lazy\" decoding=\"async\" width=\"276\" height=\"416\" src=\"https:\/\/semmelweis.hu\/baratikor\/files\/2023\/01\/211_11.jpg\" class=\"landscape wp-post-image\" alt=\"\" srcset=\"https:\/\/semmelweis.hu\/baratikor\/files\/2023\/01\/211_11.jpg 276w, https:\/\/semmelweis.hu\/baratikor\/files\/2023\/01\/211_11-265x400.jpg 265w\" sizes=\"auto, (max-width: 276px) 100vw, 276px\" \/>                    <\/div>\r\n                \r\n                <div class=\"card-body\">\r\n                    <div class=\"card-date text-uppercase  d-none  \">\r\n                                                    <h5><span class=\"font-weight-normal\">2023. <\/span>janu\u00e1r 5.<\/h5>\r\n                                            <\/div>\r\n                    <div class=\"card-title\">\r\n                        <h3 class=\"mt-2 entry-title\">B\u00e1lint P\u00e9ter<\/h3>\r\n                    <\/div>\r\n                    <style>\r\n                        .card-text-inside{\r\n                                                 display: -webkit-box;\r\n                    -webkit-line-clamp: 4;\r\n                    -webkit-box-orient: vertical;\r\n                     overflow:hidden;\r\n                     text-overflow: ellipsis;\r\n                        }\r\n                        <\/style>\r\n                                    <\/div>\r\n            <\/div>\r\n        <\/a>\r\n    <\/div>\r\n\r\n\r\n\ufeff\r\n    <div class=\"card-format col col-12 col-md-4 col-lg-3 pl-1 pl-md-0 pr-1 pr-md-2 mb-2\">\r\n        <a class=\"d-block w-100\"  href=\"https:\/\/semmelweis.hu\/baratikor\/galeria\/teljes-nevlista\/fekete-gyorgy\/\">\r\n      <!--  <a class=\"d-block w-100\" target=\"_blank\" href=\" \"> -->\r\n            <div class=\"card\">\r\n                                    <div class=\"card-image img-fluid \">\r\n                         \r\n                        <img loading=\"lazy\" decoding=\"async\" width=\"295\" height=\"395\" src=\"https:\/\/semmelweis.hu\/baratikor\/files\/2023\/01\/214_11.jpg\" class=\"landscape wp-post-image\" alt=\"\" \/>                    <\/div>\r\n                \r\n                <div class=\"card-body\">\r\n                    <div class=\"card-date text-uppercase  d-none  \">\r\n                                                    <h5><span class=\"font-weight-normal\">2023. <\/span>janu\u00e1r 5.<\/h5>\r\n                                            <\/div>\r\n                    <div class=\"card-title\">\r\n                        <h3 class=\"mt-2 entry-title\">Fekete Gy\u00f6rgy<\/h3>\r\n                    <\/div>\r\n                    <style>\r\n                        .card-text-inside{\r\n                                                 display: -webkit-box;\r\n                    -webkit-line-clamp: 4;\r\n                    -webkit-box-orient: vertical;\r\n                     overflow:hidden;\r\n                     text-overflow: ellipsis;\r\n                        }\r\n                        <\/style>\r\n                                    <\/div>\r\n            <\/div>\r\n        <\/a>\r\n    <\/div>\r\n\r\n\r\n\ufeff\r\n    <div class=\"card-format col col-12 col-md-4 col-lg-3 pl-1 pl-md-0 pr-1 pr-md-2 mb-2\">\r\n        <a class=\"d-block w-100\"  href=\"https:\/\/semmelweis.hu\/baratikor\/galeria\/teljes-nevlista\/jellinek-harry\/\">\r\n      <!--  <a class=\"d-block w-100\" target=\"_blank\" href=\" \"> -->\r\n            <div class=\"card\">\r\n                                    <div class=\"card-image img-fluid \">\r\n                         \r\n                        <img loading=\"lazy\" decoding=\"async\" width=\"295\" height=\"390\" src=\"https:\/\/semmelweis.hu\/baratikor\/files\/2023\/01\/219_11.jpg\" class=\"landscape wp-post-image\" alt=\"\" \/>                    <\/div>\r\n                \r\n                <div class=\"card-body\">\r\n                    <div class=\"card-date text-uppercase  d-none  \">\r\n                                                    <h5><span class=\"font-weight-normal\">2023. <\/span>janu\u00e1r 5.<\/h5>\r\n                                            <\/div>\r\n                    <div class=\"card-title\">\r\n                        <h3 class=\"mt-2 entry-title\">Jellinek Harry<\/h3>\r\n                    <\/div>\r\n                    <style>\r\n                        .card-text-inside{\r\n                                                 display: -webkit-box;\r\n                    -webkit-line-clamp: 4;\r\n                    -webkit-box-orient: vertical;\r\n                     overflow:hidden;\r\n                     text-overflow: ellipsis;\r\n                        }\r\n                        <\/style>\r\n                                    <\/div>\r\n            <\/div>\r\n        <\/a>\r\n    <\/div>\r\n\r\n\r\n\ufeff\r\n    <div class=\"card-format col col-12 col-md-4 col-lg-3 pl-1 pl-md-0 pr-1 pr-md-2 mb-2\">\r\n        <a class=\"d-block w-100\"  href=\"https:\/\/semmelweis.hu\/baratikor\/galeria\/teljes-nevlista\/kiszely-gyorgy\/\">\r\n      <!--  <a class=\"d-block w-100\" target=\"_blank\" href=\" \"> -->\r\n            <div class=\"card\">\r\n                                    <div class=\"card-image img-fluid \">\r\n                         \r\n                        <img loading=\"lazy\" decoding=\"async\" width=\"295\" height=\"370\" src=\"https:\/\/semmelweis.hu\/baratikor\/files\/2023\/01\/212_11.jpg\" class=\"landscape wp-post-image\" alt=\"\" \/>                    <\/div>\r\n                \r\n                <div class=\"card-body\">\r\n                    <div class=\"card-date text-uppercase  d-none  \">\r\n                                                    <h5><span class=\"font-weight-normal\">2023. <\/span>janu\u00e1r 4.<\/h5>\r\n                                            <\/div>\r\n                    <div class=\"card-title\">\r\n                        <h3 class=\"mt-2 entry-title\">Kiszely Gy\u00f6rgy<\/h3>\r\n                    <\/div>\r\n                    <style>\r\n                        .card-text-inside{\r\n                                                 display: -webkit-box;\r\n                    -webkit-line-clamp: 4;\r\n                    -webkit-box-orient: vertical;\r\n                     overflow:hidden;\r\n                     text-overflow: ellipsis;\r\n                        }\r\n                        <\/style>\r\n                                    <\/div>\r\n            <\/div>\r\n        <\/a>\r\n    <\/div>\r\n\r\n\r\n\ufeff\r\n    <div class=\"card-format col col-12 col-md-4 col-lg-3 pl-1 pl-md-0 pr-1 pr-md-2 mb-2\">\r\n        <a class=\"d-block w-100\"  href=\"https:\/\/semmelweis.hu\/baratikor\/galeria\/teljes-nevlista\/monos-emil\/\">\r\n      <!--  <a class=\"d-block w-100\" target=\"_blank\" href=\" \"> -->\r\n            <div class=\"card\">\r\n                                    <div class=\"card-image img-fluid \">\r\n                         \r\n                        <img loading=\"lazy\" decoding=\"async\" width=\"295\" height=\"390\" src=\"https:\/\/semmelweis.hu\/baratikor\/files\/2022\/06\/217_11.jpg\" class=\"landscape wp-post-image\" alt=\"\" \/>                    <\/div>\r\n                \r\n                <div class=\"card-body\">\r\n                    <div class=\"card-date text-uppercase  d-none  \">\r\n                                                    <h5><span class=\"font-weight-normal\">2022. <\/span>j\u00fanius 21.<\/h5>\r\n                                            <\/div>\r\n                    <div class=\"card-title\">\r\n                        <h3 class=\"mt-2 entry-title\">Monos Emil<\/h3>\r\n                    <\/div>\r\n                    <style>\r\n                        .card-text-inside{\r\n                                                 display: -webkit-box;\r\n                    -webkit-line-clamp: 4;\r\n                    -webkit-box-orient: vertical;\r\n                     overflow:hidden;\r\n                     text-overflow: ellipsis;\r\n                        }\r\n                        <\/style>\r\n                                    <\/div>\r\n            <\/div>\r\n        <\/a>\r\n    <\/div>\r\n\r\n\r\n\ufeff\r\n    <div class=\"card-format col col-12 col-md-4 col-lg-3 pl-1 pl-md-0 pr-1 pr-md-2 mb-2\">\r\n        <a class=\"d-block w-100\"  href=\"https:\/\/semmelweis.hu\/baratikor\/galeria\/teljes-nevlista\/somogyi-endre\/\">\r\n      <!--  <a class=\"d-block w-100\" target=\"_blank\" href=\" \"> -->\r\n            <div class=\"card\">\r\n                                    <div class=\"card-image img-fluid \">\r\n                         \r\n                        <img loading=\"lazy\" decoding=\"async\" width=\"753\" height=\"641\" src=\"https:\/\/semmelweis.hu\/baratikor\/files\/2023\/10\/Somogyi-Endre-768x654.jpg\" class=\"landscape wp-post-image\" alt=\"\" srcset=\"https:\/\/semmelweis.hu\/baratikor\/files\/2023\/10\/Somogyi-Endre-768x654.jpg 768w, https:\/\/semmelweis.hu\/baratikor\/files\/2023\/10\/Somogyi-Endre-400x340.jpg 400w, https:\/\/semmelweis.hu\/baratikor\/files\/2023\/10\/Somogyi-Endre-1024x872.jpg 1024w, https:\/\/semmelweis.hu\/baratikor\/files\/2023\/10\/Somogyi-Endre-1536x1307.jpg 1536w, https:\/\/semmelweis.hu\/baratikor\/files\/2023\/10\/Somogyi-Endre-2048x1743.jpg 2048w, https:\/\/semmelweis.hu\/baratikor\/files\/2023\/10\/Somogyi-Endre-753x641.jpg 753w\" sizes=\"auto, (max-width: 753px) 100vw, 753px\" \/>                    <\/div>\r\n                \r\n                <div class=\"card-body\">\r\n                    <div class=\"card-date text-uppercase  d-none  \">\r\n                                                    <h5><span class=\"font-weight-normal\">2022. <\/span>j\u00fanius 20.<\/h5>\r\n                                            <\/div>\r\n                    <div class=\"card-title\">\r\n                        <h3 class=\"mt-2 entry-title\">Somogyi Endre<\/h3>\r\n                    <\/div>\r\n                    <style>\r\n                        .card-text-inside{\r\n                                                 display: -webkit-box;\r\n                    -webkit-line-clamp: 4;\r\n                    -webkit-box-orient: vertical;\r\n                     overflow:hidden;\r\n                     text-overflow: ellipsis;\r\n                        }\r\n                        <\/style>\r\n                                    <\/div>\r\n            <\/div>\r\n        <\/a>\r\n    <\/div>\r\n\r\n\r\n                \r\n            <\/div>\r\n        <\/div>\r\n\r\n                        <div class=\"post-slide-hirek row px-0\">\r\n            <style>\r\n                .post-slide-hirek .owl-nav button {\r\n                    margin: 0px !important;\r\n                    height: 100% !important;\r\n                }\r\n\r\n                .card-custom-title {\r\n                    font-size: 17px;\r\n                    line-height: 23px;\r\n                    overflow: hidden;\r\n                    text-overflow: ellipsis;\r\n                    display: -webkit-box;\r\n                    -webkit-line-clamp: 3;\r\n                    -webkit-box-orient: vertical;\r\n                    min-height: 72px;\r\n                }\r\n\r\n                .card-custom-max-h {\r\n                    max-height: 235px !important;\r\n                    object-fit: cover;\r\n                }\r\n\r\n                .post-slide-hirek .owl-item .card-img img {\r\n                    opacity: 1 !important;\r\n                    aspect-ratio: 3\/ 2;\r\n\r\n                }\r\n                .card:has(.card-date:not(.d-none)):not(:has(img)) {\r\n                    margin-top: 20px;\r\n                }\r\n            <\/style>\r\n                            <div class=\"owl-carousel col-12 px-0 mt-2 mb-4 md-md-0 d-sm-none\">\r\n                                            <a class=\"item-1\" href=\"https:\/\/semmelweis.hu\/baratikor\/galeria\/teljes-nevlista\/balint-peter\/\">\r\n\r\n                            <div class=\"card-img \">\r\n                                <img loading=\"lazy\" decoding=\"async\" width=\"276\" height=\"416\" src=\"https:\/\/semmelweis.hu\/baratikor\/files\/2023\/01\/211_11.jpg\" class=\"d-block card-custom-max-h  img-fluid n-1 wp-post-image\" alt=\"\" srcset=\"https:\/\/semmelweis.hu\/baratikor\/files\/2023\/01\/211_11.jpg 276w, https:\/\/semmelweis.hu\/baratikor\/files\/2023\/01\/211_11-265x400.jpg 265w\" sizes=\"auto, (max-width: 276px) 100vw, 276px\" \/>                            <\/div>\r\n                            <div class=\"card-title mb-1\">\r\n                                <h3 class=\"mt-0 pt-1 mb-0 px-2 card-custom-title d-flex align-items-center d-md-block\">\r\n                                    <span class=\"entry-title pt-0 pt-md-1\">B\u00e1lint P\u00e9ter                                <\/h3>\r\n                            <\/div>\r\n                            \r\n\r\n                        <\/a>\r\n                                            <a class=\"item-2\" href=\"https:\/\/semmelweis.hu\/baratikor\/galeria\/teljes-nevlista\/fekete-gyorgy\/\">\r\n\r\n                            <div class=\"card-img \">\r\n                                <img loading=\"lazy\" decoding=\"async\" width=\"295\" height=\"395\" src=\"https:\/\/semmelweis.hu\/baratikor\/files\/2023\/01\/214_11.jpg\" class=\"d-block card-custom-max-h  img-fluid n-2 wp-post-image\" alt=\"\" \/>                            <\/div>\r\n                            <div class=\"card-title mb-1\">\r\n                                <h3 class=\"mt-0 pt-1 mb-0 px-2 card-custom-title d-flex align-items-center d-md-block\">\r\n                                    <span class=\"entry-title pt-0 pt-md-1\">Fekete Gy\u00f6rgy                                <\/h3>\r\n                            <\/div>\r\n                            \r\n\r\n                        <\/a>\r\n                                            <a class=\"item-3\" href=\"https:\/\/semmelweis.hu\/baratikor\/galeria\/teljes-nevlista\/jellinek-harry\/\">\r\n\r\n                            <div class=\"card-img \">\r\n                                <img loading=\"lazy\" decoding=\"async\" width=\"295\" height=\"390\" src=\"https:\/\/semmelweis.hu\/baratikor\/files\/2023\/01\/219_11.jpg\" class=\"d-block card-custom-max-h  img-fluid n-3 wp-post-image\" alt=\"\" \/>                            <\/div>\r\n                            <div class=\"card-title mb-1\">\r\n                                <h3 class=\"mt-0 pt-1 mb-0 px-2 card-custom-title d-flex align-items-center d-md-block\">\r\n                                    <span class=\"entry-title pt-0 pt-md-1\">Jellinek Harry                                <\/h3>\r\n                            <\/div>\r\n                            \r\n\r\n                        <\/a>\r\n                                            <a class=\"item-4\" href=\"https:\/\/semmelweis.hu\/baratikor\/galeria\/teljes-nevlista\/kiszely-gyorgy\/\">\r\n\r\n                            <div class=\"card-img \">\r\n                                <img loading=\"lazy\" decoding=\"async\" width=\"295\" height=\"370\" src=\"https:\/\/semmelweis.hu\/baratikor\/files\/2023\/01\/212_11.jpg\" class=\"d-block card-custom-max-h  img-fluid n-4 wp-post-image\" alt=\"\" \/>                            <\/div>\r\n                            <div class=\"card-title mb-1\">\r\n                                <h3 class=\"mt-0 pt-1 mb-0 px-2 card-custom-title d-flex align-items-center d-md-block\">\r\n                                    <span class=\"entry-title pt-0 pt-md-1\">Kiszely Gy\u00f6rgy                                <\/h3>\r\n                            <\/div>\r\n                            \r\n\r\n                        <\/a>\r\n                                            <a class=\"item-5\" href=\"https:\/\/semmelweis.hu\/baratikor\/galeria\/teljes-nevlista\/monos-emil\/\">\r\n\r\n                            <div class=\"card-img \">\r\n                                <img loading=\"lazy\" decoding=\"async\" width=\"295\" height=\"390\" src=\"https:\/\/semmelweis.hu\/baratikor\/files\/2022\/06\/217_11.jpg\" class=\"d-block card-custom-max-h  img-fluid n-5 wp-post-image\" alt=\"\" \/>                            <\/div>\r\n                            <div class=\"card-title mb-1\">\r\n                                <h3 class=\"mt-0 pt-1 mb-0 px-2 card-custom-title d-flex align-items-center d-md-block\">\r\n                                    <span class=\"entry-title pt-0 pt-md-1\">Monos Emil                                <\/h3>\r\n                            <\/div>\r\n                            \r\n\r\n                        <\/a>\r\n                                            <a class=\"item-6\" href=\"https:\/\/semmelweis.hu\/baratikor\/galeria\/teljes-nevlista\/somogyi-endre\/\">\r\n\r\n                            <div class=\"card-img \">\r\n                                <img loading=\"lazy\" decoding=\"async\" width=\"560\" height=\"477\" src=\"https:\/\/semmelweis.hu\/baratikor\/files\/2023\/10\/Somogyi-Endre-scaled.jpg\" class=\"d-block card-custom-max-h  img-fluid n-6 wp-post-image\" alt=\"\" srcset=\"https:\/\/semmelweis.hu\/baratikor\/files\/2023\/10\/Somogyi-Endre-scaled.jpg 2560w, https:\/\/semmelweis.hu\/baratikor\/files\/2023\/10\/Somogyi-Endre-400x340.jpg 400w, https:\/\/semmelweis.hu\/baratikor\/files\/2023\/10\/Somogyi-Endre-1024x872.jpg 1024w, https:\/\/semmelweis.hu\/baratikor\/files\/2023\/10\/Somogyi-Endre-768x654.jpg 768w, https:\/\/semmelweis.hu\/baratikor\/files\/2023\/10\/Somogyi-Endre-1536x1307.jpg 1536w, https:\/\/semmelweis.hu\/baratikor\/files\/2023\/10\/Somogyi-Endre-2048x1743.jpg 2048w, https:\/\/semmelweis.hu\/baratikor\/files\/2023\/10\/Somogyi-Endre-753x641.jpg 753w\" sizes=\"auto, (max-width: 560px) 100vw, 560px\" \/>                            <\/div>\r\n                            <div class=\"card-title mb-1\">\r\n                                <h3 class=\"mt-0 pt-1 mb-0 px-2 card-custom-title d-flex align-items-center d-md-block\">\r\n                                    <span class=\"entry-title pt-0 pt-md-1\">Somogyi Endre                                <\/h3>\r\n                            <\/div>\r\n                            \r\n\r\n                        <\/a>\r\n                                    <\/div>\r\n\r\n                    \r\n        <\/div><!-- owl-carousel -->\r\n    <\/section>\r\n\r\n\n","protected":false},"excerpt":{"rendered":"<p><a href=\"https:\/\/semmelweis.hu\/baratikor\/files\/2023\/07\/Somogyi-Endre-80-as-evek_jav.jpg\"><\/a> Somogyi Endre (Kisv\u00e1rda, 1922. febru\u00e1r 26. \u2013 Budapest, 2006. m\u00e1rcius 9.) Tansz\u00e9k: Igazs\u00e1g\u00fcgyi Orvostani Int\u00e9zet 1969\u20131992. Viselt egyetemi m\u00e9lt\u00f3s\u00e1gok: \u00c1OK d\u00e9k\u00e1nhelyettes 1966-1970, tudom\u00e1nyos rektorhelyettes, 1979-1985, rektor 1985-1991. Vid\u00e9ki munk\u00e1scsal\u00e1db\u00f3l sz\u00e1rmazik, \u00e9desapja g\u00e9plakatosk\u00e9nt dolgozott. Iskol\u00e1it Kisv\u00e1rd\u00e1n v\u00e9gezte, 1940-ben \u00e9retts\u00e9gizett. \u00c9retts\u00e9gi ut\u00e1n vaseszterg\u00e1lyos szakm\u00e1t tanult, \u00e9s Budapesten seg\u00e9dk\u00e9nt dolgozott. 1945-ben iratkozott be a P\u00e1zm\u00e1ny P\u00e9ter Tudom\u00e1nyegyetem Orvostudom\u00e1nyi &hellip;<\/p>\n","protected":false},"author":282,"featured_media":4307,"parent":162,"menu_order":9,"comment_status":"closed","ping_status":"closed","template":"template-fullwidth.php","meta":{"_acf_changed":false,"footnotes":""},"categories":[],"tags":[91],"class_list":["post-546","page","type-page","status-publish","has-post-thumbnail","hentry","tag-galeria"],"acf":[],"_links":{"self":[{"href":"https:\/\/semmelweis.hu\/baratikor\/wp-json\/wp\/v2\/pages\/546","targetHints":{"allow":["GET"]}}],"collection":[{"href":"https:\/\/semmelweis.hu\/baratikor\/wp-json\/wp\/v2\/pages"}],"about":[{"href":"https:\/\/semmelweis.hu\/baratikor\/wp-json\/wp\/v2\/types\/page"}],"author":[{"embeddable":true,"href":"https:\/\/semmelweis.hu\/baratikor\/wp-json\/wp\/v2\/users\/282"}],"replies":[{"embeddable":true,"href":"https:\/\/semmelweis.hu\/baratikor\/wp-json\/wp\/v2\/comments?post=546"}],"version-history":[{"count":10,"href":"https:\/\/semmelweis.hu\/baratikor\/wp-json\/wp\/v2\/pages\/546\/revisions"}],"predecessor-version":[{"id":5720,"href":"https:\/\/semmelweis.hu\/baratikor\/wp-json\/wp\/v2\/pages\/546\/revisions\/5720"}],"up":[{"embeddable":true,"href":"https:\/\/semmelweis.hu\/baratikor\/wp-json\/wp\/v2\/pages\/162"}],"wp:featuredmedia":[{"embeddable":true,"href":"https:\/\/semmelweis.hu\/baratikor\/wp-json\/wp\/v2\/media\/4307"}],"wp:attachment":[{"href":"https:\/\/semmelweis.hu\/baratikor\/wp-json\/wp\/v2\/media?parent=546"}],"wp:term":[{"taxonomy":"category","embeddable":true,"href":"https:\/\/semmelweis.hu\/baratikor\/wp-json\/wp\/v2\/categories?post=546"},{"taxonomy":"post_tag","embeddable":true,"href":"https:\/\/semmelweis.hu\/baratikor\/wp-json\/wp\/v2\/tags?post=546"}],"curies":[{"name":"wp","href":"https:\/\/api.w.org\/{rel}","templated":true}]}}