{"id":530,"date":"2022-06-08T10:28:04","date_gmt":"2022-06-08T08:28:04","guid":{"rendered":"https:\/\/semmelweis.hu\/baratikor\/?page_id=530"},"modified":"2023-07-03T14:35:18","modified_gmt":"2023-07-03T12:35:18","slug":"gera-istvan","status":"publish","type":"page","link":"https:\/\/semmelweis.hu\/baratikor\/galeria\/teljes-nevlista\/gera-istvan\/","title":{"rendered":"Gera Istv\u00e1n"},"content":{"rendered":"<p style=\"text-align: justify\"><img loading=\"lazy\" decoding=\"async\" class=\"alignleft size-full wp-image-4212\" src=\"https:\/\/semmelweis.hu\/baratikor\/files\/2023\/06\/213_11.jpg\" alt=\"\" width=\"295\" height=\"370\" \/>A Semmelweis Orvostudom\u00e1nyi Egyetem Fogorvostudom\u00e1nyi Kar\u00e1n 1972-ben v\u00e9gezett summa cum laude men\u0151s\u00edt\u00e9ssel. 1972-t\u0151l-1997 ig a SOTE Sz\u00e1jseb\u00e9szeti Klinik\u00e1j\u00e1nak Parodontol\u00f3giai Oszt\u00e1ly\u00e1n dolgozott. 1975-ben nyert fogszakorvosi k\u00e9pes\u00edt\u00e9st. 1975-t\u0151l 1983-ig tan\u00e1rseg\u00e9d, 1983. \u00e9s 1991. k\u00f6z\u00f6tt adjunktus, 1991-t\u0151l pedig docens volt. 1997 janu\u00e1r 1. j\u00falius 1. k\u00f6z\u00f6tt az \u00fajonnan alakult Parodontologiai Klinika megb\u00edzott igazgat\u00f3i teend\u0151it l\u00e1tta el. 1997. j\u00falius 1-t\u0151l a Parodontol\u00f3giai Klinika igazgat\u00f3ja . 1997. szeptember 1-ei hat\u00e1llyal nevezt\u00e9k ki egyetemi tan\u00e1rnak.<\/p>\n<p style=\"text-align: justify\">F\u0151 kutat\u00e1si \u00e9s oktat\u00e1si ter\u00fclete a parodontol\u00f3gia. Eddig t\u00f6bb mint 60 tudom\u00e1nyos k\u00f6zlem\u00e9nye jelent meg. Ennek k\u00f6zel egyharmada angol nyelven<\/p>\n<p style=\"text-align: justify\">1993-ben \u00e9s 2003-ban elnyerte a SOTE Kiv\u00e1l\u00f3 Oktat\u00f3ja I. fokozat\u00e1t. 1999 -2003 k\u00f6z\u00f6tt Sz\u00e9chenyi \u00f6szt\u00f6nd\u00edjas volt. H\u00e1rom alkalommal volt hosszabb ideig k\u00fclf\u00f6ld\u00f6n tanulm\u00e1ny\u00faton . Az els\u0151 amerikai tanulm\u00e1ny\u00fat sor\u00e1n 1983-85 k\u00f6z\u00f6tt az USA b\u00e9li University of Connecticut Fogorvosi Fakult\u00e1s\u00e1n residentk\u00e9nt k\u00e9t \u00e9vet t\u00f6lt\u00f6tt el. Itt fog\u00e1szati \u00e9s parodontol\u00f3giai szakk\u00e9pz\u00e9sben r\u00e9szes\u00fclt \u00e9s megszerezte az amerikai \u00e1ltal\u00e1nos fogorvosdoktori szakk\u00e9pes\u00edt\u00e9st (certificate). Tov\u00e1bbi k\u00e9t alkalommal mint vend\u00e9g professzor dolgozott ugyanennek az egyetemnek a kutat\u00f3 laborat\u00f3riumaiban. Az itt v\u00e9gzett munk\u00e1ja alapj\u00e1n 1990-ban v\u00e9dte meg kandid\u00e1tusi disszert\u00e1ci\u00f3j\u00e1t \u00e9s 1996-ban habilit\u00e1lt .<\/p>\n<p style=\"text-align: justify\">1990 j\u00falius 1-t\u0151l az angol nyelv\u0171 oktat\u00e1s\u00e9rt felel\u0151s egyetemi Operat\u00edv Bizotts\u00e1g fogorvoskari k\u00e9pvisel\u0151je. 1992-1998 k\u00f6z\u00f6tt a Fogorvostudom\u00e1nyi Kar d\u00e9k\u00e1nhelyettese volt. 1996 okt\u00f3ber\u00e9t\u0151l az MFE f\u0151titk\u00e1ra \u00e9s 2001-t\u0151l a Magyar Parodontologiai T\u00e1rsas\u00e1g eln\u00f6ke. T\u00f6bb nemzetk\u00f6zi tudom\u00e1nyos szervezetnek tagja ill. a magyar fogorvos t\u00e1rsas\u00e1gok hivatalos k\u00e9pvisel\u0151je. 2004. szeptember 1-t\u0151l a Fogorvostudom\u00e1nyi Kar d\u00e9k\u00e1nja.<\/p>\n","protected":false},"excerpt":{"rendered":"<p>A Semmelweis Orvostudom\u00e1nyi Egyetem Fogorvostudom\u00e1nyi Kar\u00e1n 1972-ben v\u00e9gezett summa cum laude men\u0151s\u00edt\u00e9ssel. 1972-t\u0151l-1997 ig a SOTE Sz\u00e1jseb\u00e9szeti Klinik\u00e1j\u00e1nak Parodontol\u00f3giai Oszt\u00e1ly\u00e1n dolgozott. 1975-ben nyert fogszakorvosi k\u00e9pes\u00edt\u00e9st. 1975-t\u0151l 1983-ig tan\u00e1rseg\u00e9d, 1983. \u00e9s 1991. k\u00f6z\u00f6tt adjunktus, 1991-t\u0151l pedig docens volt. 1997 janu\u00e1r 1. j\u00falius 1. k\u00f6z\u00f6tt az \u00fajonnan alakult Parodontologiai Klinika megb\u00edzott igazgat\u00f3i teend\u0151it l\u00e1tta el. 1997. j\u00falius &hellip;<\/p>\n","protected":false},"author":282,"featured_media":4839,"parent":347,"menu_order":0,"comment_status":"closed","ping_status":"closed","template":"template-fullwidth.php","meta":{"_acf_changed":false,"footnotes":""},"categories":[6,82,14],"tags":[],"class_list":["post-530","page","type-page","status-publish","has-post-thumbnail","hentry","category-dekanok","category-fok-dekanjai","category-teljes-nevlista"],"acf":[],"_links":{"self":[{"href":"https:\/\/semmelweis.hu\/baratikor\/wp-json\/wp\/v2\/pages\/530","targetHints":{"allow":["GET"]}}],"collection":[{"href":"https:\/\/semmelweis.hu\/baratikor\/wp-json\/wp\/v2\/pages"}],"about":[{"href":"https:\/\/semmelweis.hu\/baratikor\/wp-json\/wp\/v2\/types\/page"}],"author":[{"embeddable":true,"href":"https:\/\/semmelweis.hu\/baratikor\/wp-json\/wp\/v2\/users\/282"}],"replies":[{"embeddable":true,"href":"https:\/\/semmelweis.hu\/baratikor\/wp-json\/wp\/v2\/comments?post=530"}],"version-history":[{"count":2,"href":"https:\/\/semmelweis.hu\/baratikor\/wp-json\/wp\/v2\/pages\/530\/revisions"}],"predecessor-version":[{"id":4213,"href":"https:\/\/semmelweis.hu\/baratikor\/wp-json\/wp\/v2\/pages\/530\/revisions\/4213"}],"up":[{"embeddable":true,"href":"https:\/\/semmelweis.hu\/baratikor\/wp-json\/wp\/v2\/pages\/347"}],"wp:featuredmedia":[{"embeddable":true,"href":"https:\/\/semmelweis.hu\/baratikor\/wp-json\/wp\/v2\/media\/4839"}],"wp:attachment":[{"href":"https:\/\/semmelweis.hu\/baratikor\/wp-json\/wp\/v2\/media?parent=530"}],"wp:term":[{"taxonomy":"category","embeddable":true,"href":"https:\/\/semmelweis.hu\/baratikor\/wp-json\/wp\/v2\/categories?post=530"},{"taxonomy":"post_tag","embeddable":true,"href":"https:\/\/semmelweis.hu\/baratikor\/wp-json\/wp\/v2\/tags?post=530"}],"curies":[{"name":"wp","href":"https:\/\/api.w.org\/{rel}","templated":true}]}}