{"id":527,"date":"2022-06-08T10:20:54","date_gmt":"2022-06-08T08:20:54","guid":{"rendered":"https:\/\/semmelweis.hu\/baratikor\/?page_id=527"},"modified":"2023-01-06T14:22:22","modified_gmt":"2023-01-06T13:22:22","slug":"szollar-lajos","status":"publish","type":"page","link":"https:\/\/semmelweis.hu\/baratikor\/galeria\/teljes-nevlista\/szollar-lajos\/","title":{"rendered":"Szoll\u00e1r Lajos"},"content":{"rendered":"<p><a href=\"https:\/\/semmelweis.hu\/baratikor\/files\/2022\/06\/197_11.jpg\"><img loading=\"lazy\" decoding=\"async\" class=\"alignleft wp-image-609 size-full\" src=\"https:\/\/semmelweis.hu\/baratikor\/files\/2022\/06\/197_11.jpg\" alt=\"\" width=\"283\" height=\"385\" \/><\/a><strong>(Budapest, 1945-)<\/strong><\/p>\n<p>D\u00e9k\u00e1n<\/p>\n<p>2000-2006 \u2013 Semmelweis Egyetem \u00c1ltal\u00e1nos Orvostudom\u00e1nyi Kar<\/p>\n<p style=\"text-align: justify\">1969-ben avatt\u00e1k orvosdoktorr\u00e1 a Budapesti Orvostudom\u00e1nyi Egyetemen. Els\u0151 \u00e9s egyetlen munkahelye az egyetem K\u00f3r\u00e9lettani Int\u00e9zete, melynek gyakornoka (1969\u2013 1971), egy. tan\u00e1rseg\u00e9de (1971\u2013 1978), adjunktusa (1978\u2013 1981), docense (1981\u2013 1990), int\u00e9zetigazgat\u00f3 egyetemi tan\u00e1ra (1990-t\u0151l). Magyar, n\u00e9met \u00e9s angol nyelven oktat, t\u00f6bb kiad\u00e1sban megjelent az \u00e1ltala szerkesztett K\u00f3r\u00e9lettan egyetemi tank\u00f6nyv, a gyakorlati anyagot fel\u00f6lel\u0151 K\u00f3r\u00e9lettani Vademecum, valamit a fakult\u00e1ci\u00f3 el\u0151ad\u00e1sait \u00f6sszefoglal\u00f3 Klinikai K\u00f3r\u00e9lettan c.k\u00f6nyv. Els\u0151sorban a zs\u00edranyagcsere-zavarok kialakul\u00e1s\u00e1nak vizsg\u00e1lat\u00e1val, az elh\u00edz\u00e1s k\u00fcl\u00f6nb\u00f6z\u0151 kock\u00e1zati t\u00e9nyez\u0151inek \u00e9s az \u00e9relmeszesed\u00e9s \u00f6sszef\u00fcgg\u00e9seinek felt\u00e1r\u00e1s\u00e1val foglalkozik. Az orvostudom\u00e1nyok kandid\u00e1tusa (1979), \u00e9s doktora (1989) fokozattal rendelkezik. Sz\u00e9chenyi professzori \u00f6szt\u00f6nd\u00edjban r\u00e9szes\u00fclt 1997-2001 k\u00f6z\u00f6tt. A Kardiol\u00f3gia-Atherosclerosis c. PhD-program vezet\u0151je, huszonegy k\u00f6nyvet (k\u00f6zte t\u00f6bb tank\u00f6nyvet), 90 k\u00f6nyvfejezetet, sz\u00e1z k\u00f6r\u00fcli k\u00f6zlem\u00e9nyt jegyez.\u2013 Az MTA K\u00f6zgy\u0171l\u00e9s doktori k\u00e9pvisel\u0151je (1997\u2013 2004); az MTA Orvosi Tudom\u00e1nyok Oszt\u00e1ly\u00e1nak tudom\u00e1nyos titk\u00e1ra (1981\u2013 1990). Az MTA Lipidk\u00e9miai Munkabizotts\u00e1g eln\u00f6ke (1994-t\u0151l). A Magyar \u00c9lettani T\u00e1rsas\u00e1g eln\u00f6ke (2006-), valamint a Magyar Atherosclerosis T\u00e1rsas\u00e1g eln\u00f6ke (2002-), A Nemzetk\u00f6zi K\u00f3r\u00e9lettani T\u00e1rsas\u00e1g f\u0151titk\u00e1ra (1998-2006). Az Eur\u00f3pai Bizotts\u00e1g MEDINE (Medical Education in Europe &#8211; Orvosk\u00e9pz\u00e9s Eur\u00f3p\u00e1ban) c. szervezet aleln\u00f6ke (2004-2007). A Magyar Kardiovaszkul\u00e1ris Konszenzus Konferenci\u00e1k (2003, 2005, 2007) kezdem\u00e9nyez\u0151je \u00e9s t\u00e1rseln\u00f6ke. \u2013 A Markusovszky-d\u00edj (1985), a Semmelweis OTE Kiv\u00e1l\u00f3 Oktat\u00f3ja (1990), a Magyar T\u00e1pl\u00e1lkoz\u00e1studom\u00e1nyi T\u00e1rsas\u00e1g \u201eS\u00f3s J\u00f3zsef\u201d Eml\u00e9k\u00e9rem (1996), az MTA Szent\u00e1gothai J\u00e1nos-d\u00edj (1998), a Magyar Elh\u00edz\u00e1studom\u00e1nyi T\u00e1rsas\u00e1g \u201eKib\u00e9di M\u00e1tyus Istv\u00e1n\u201d Eml\u00e9k\u00e9rem (2000), a Magyar \u00c9lettani T\u00e1rsas\u00e1g &#8222;R\u00e1cz S\u00e1muel&#8221; Eml\u00e9k\u00e9rem (2003), a Szent-Gy\u00f6rgyi Albert-d\u00edj (2006) \u00e9s a MOTESZ-d\u00edj (2007) birtokosa.<\/p>\n<p>1997\u20132000 k\u00f6z\u00f6tt az \u00c1ltal\u00e1nos Orvostudom\u00e1nyi Kar\u00e1nak d\u00e9k\u00e1nhelyettese, majd 2000-2006 k\u00f6z\u00f6tt d\u00e9k\u00e1nja.<\/p>\n<p><a href=\"https:\/\/semmelweis.hu\/baratikor\/files\/2022\/06\/197_21.jpg\"><img loading=\"lazy\" decoding=\"async\" class=\"alignleft wp-image-610 size-full\" src=\"https:\/\/semmelweis.hu\/baratikor\/files\/2022\/06\/197_21.jpg\" alt=\"\" width=\"283\" height=\"385\" \/><\/a><\/p>\n","protected":false},"excerpt":{"rendered":"<p><a href=\"https:\/\/semmelweis.hu\/baratikor\/files\/2022\/06\/197_11.jpg\"><\/a> (Budapest, 1945-) D\u00e9k\u00e1n 2000-2006 \u2013 Semmelweis Egyetem \u00c1ltal\u00e1nos Orvostudom\u00e1nyi Kar 1969-ben avatt\u00e1k orvosdoktorr\u00e1 a Budapesti Orvostudom\u00e1nyi Egyetemen. Els\u0151 \u00e9s egyetlen munkahelye az egyetem K\u00f3r\u00e9lettani Int\u00e9zete, melynek gyakornoka (1969\u2013 1971), egy. tan\u00e1rseg\u00e9de (1971\u2013 1978), adjunktusa (1978\u2013 1981), docense (1981\u2013 1990), int\u00e9zetigazgat\u00f3 egyetemi tan\u00e1ra (1990-t\u0151l). Magyar, n\u00e9met \u00e9s angol nyelven oktat, t\u00f6bb kiad\u00e1sban megjelent az \u00e1ltala szerkesztett &hellip;<\/p>\n","protected":false},"author":282,"featured_media":610,"parent":347,"menu_order":0,"comment_status":"closed","ping_status":"closed","template":"template-fullwidth.php","meta":{"_acf_changed":false,"footnotes":""},"categories":[80,6,14],"tags":[],"class_list":["post-527","page","type-page","status-publish","has-post-thumbnail","hentry","category-aok-dekanjai","category-dekanok","category-teljes-nevlista"],"acf":[],"_links":{"self":[{"href":"https:\/\/semmelweis.hu\/baratikor\/wp-json\/wp\/v2\/pages\/527","targetHints":{"allow":["GET"]}}],"collection":[{"href":"https:\/\/semmelweis.hu\/baratikor\/wp-json\/wp\/v2\/pages"}],"about":[{"href":"https:\/\/semmelweis.hu\/baratikor\/wp-json\/wp\/v2\/types\/page"}],"author":[{"embeddable":true,"href":"https:\/\/semmelweis.hu\/baratikor\/wp-json\/wp\/v2\/users\/282"}],"replies":[{"embeddable":true,"href":"https:\/\/semmelweis.hu\/baratikor\/wp-json\/wp\/v2\/comments?post=527"}],"version-history":[{"count":4,"href":"https:\/\/semmelweis.hu\/baratikor\/wp-json\/wp\/v2\/pages\/527\/revisions"}],"predecessor-version":[{"id":611,"href":"https:\/\/semmelweis.hu\/baratikor\/wp-json\/wp\/v2\/pages\/527\/revisions\/611"}],"up":[{"embeddable":true,"href":"https:\/\/semmelweis.hu\/baratikor\/wp-json\/wp\/v2\/pages\/347"}],"wp:featuredmedia":[{"embeddable":true,"href":"https:\/\/semmelweis.hu\/baratikor\/wp-json\/wp\/v2\/media\/610"}],"wp:attachment":[{"href":"https:\/\/semmelweis.hu\/baratikor\/wp-json\/wp\/v2\/media?parent=527"}],"wp:term":[{"taxonomy":"category","embeddable":true,"href":"https:\/\/semmelweis.hu\/baratikor\/wp-json\/wp\/v2\/categories?post=527"},{"taxonomy":"post_tag","embeddable":true,"href":"https:\/\/semmelweis.hu\/baratikor\/wp-json\/wp\/v2\/tags?post=527"}],"curies":[{"name":"wp","href":"https:\/\/api.w.org\/{rel}","templated":true}]}}