{"id":522,"date":"2022-06-08T09:38:56","date_gmt":"2022-06-08T07:38:56","guid":{"rendered":"https:\/\/semmelweis.hu\/baratikor\/?page_id=522"},"modified":"2023-01-06T14:22:22","modified_gmt":"2023-01-06T13:22:22","slug":"karadi-istvan","status":"publish","type":"page","link":"https:\/\/semmelweis.hu\/baratikor\/galeria\/teljes-nevlista\/karadi-istvan\/","title":{"rendered":"Kar\u00e1di Istv\u00e1n"},"content":{"rendered":"<p><a href=\"https:\/\/semmelweis.hu\/baratikor\/files\/2022\/06\/223_11.jpg\"><img loading=\"lazy\" decoding=\"async\" class=\"alignleft wp-image-602 size-full\" src=\"https:\/\/semmelweis.hu\/baratikor\/files\/2022\/06\/223_11.jpg\" alt=\"\" width=\"295\" height=\"304\" \/><\/a><strong>(Budapest, 1951. VI. 2. -)<\/strong><\/p>\n<p style=\"text-align: justify\">Orvosi tanulm\u00e1nyait a Semmelweis Orvostudom\u00e1nyi Egyetemen v\u00e9gezte, diplom\u00e1t 1975-ben kapott. Az egyetem III. sz. Belgy\u00f3gy\u00e1szati Klinik\u00e1j\u00e1n lett d\u00edjas demonstr\u00e1tor. 1980-ban Drezd\u00e1ban, a Carl Gustav Carus Egyetem II. sz. Belgy\u00f3gy\u00e1szati Klinik\u00e1j\u00e1n k\u00e9pezte tov\u00e1bb mag\u00e1t, majd itthon belgy\u00f3gy\u00e1sz szakvizsg\u00e1t tett. K\u00e9t \u00e9vvel k\u00e9s\u0151bb tanulm\u00e1nyutat tett az SZBK Enzimol\u00f3giai Int\u00e9zet\u00e9ben, majd hazat\u00e9rve \u00e1tvette a klinika lipidol\u00f3giai laborat\u00f3rium\u00e1nak vezet\u00e9s\u00e9t. 1985-t\u0151l 1991-ig a III. sz. Belklinika oszt\u00e1lyvezet\u0151jek\u00e9nt dolgozott. 1986\/87-ben osztr\u00e1k \u00e1llami \u00f6szt\u00f6nd\u00edjjal hosszabb tanulm\u00e1nyokat folytatott a Grazi Karl Franzens Egyetem Orvosi Biok\u00e9miai Int\u00e9zet\u00e9ben. 1990-ben kandid\u00e1tusi fokozatot szerzett \u0084Az Lp(a) lipoprotein immunk\u00e9miai vizsg\u00e1lata \u00e9s sz\u00e9rum koncentr\u00e1ci\u00f3ja secunder hyperlipoproteinaemi\u00e1hoz vezet\u0151 k\u00f3rk\u00e9pekben\u0094 c. t\u00e1rgyk\u00f6rben. 1991-t\u0151l egyetemi adjunktus, 1996-t\u00f3l docens, majd 2000-t\u0151l egyetemi tan\u00e1r. 1997-t\u0151l l\u00e1tta el a III. sz. Belklinik\u00e1nak is otthont ad\u00f3 K\u00fatv\u00f6lgyi Klinikai T\u00f6mb igazgat\u00f3i feladatait, el\u0151bb megb\u00edzottk\u00e9nt, majd 1998-t\u00f3l kinevezett igazgat\u00f3k\u00e9nt eg\u00e9szen 2001-ig, a III. sz. Belgy\u00f3gy\u00e1szati Klinika igazgat\u00f3j\u00e1v\u00e1 t\u00f6rt\u00e9nt kinevez\u00e9s\u00e9ig. K\u00f6zben 1998-ban a \u0084Thrombog\u00e9n \u00e9s endothelk\u00e1ros\u00edt\u00f3 t\u00e9nyez\u0151k szerepe atherosclerosisban\u0094 c\u00edm\u0171 \u00e9rtekez\u00e9s\u00e9vel elnyerte az MTA doktora fokozatot. Kutat\u00e1si ter\u00fcleteit az anyagcserebetegs\u00e9gek, a diabetol\u00f3gia, a lipidol\u00f3dia alkotj\u00e1k, k\u00fcl\u00f6n\u00f6s tekintettel a zs\u00edr- \u00e9s cukoranyagcsere betegs\u00e9gekre. Kiterjedt szakmai-k\u00f6z\u00e9leti tev\u00e9kenys\u00e9get folytat. A Magyar Atherosclerosis T\u00e1rsas\u00e1gnak 1995-t\u0151l eln\u00f6ks\u00e9gi tagja, 2002-t\u0151l aleln\u00f6ke, a Magyar Belgy\u00f3gy\u00e1sz T\u00e1rsas\u00e1gnak 1998-t\u00f3l f\u0151titk\u00e1ra. 1985-2000 k\u00f6z\u00f6tt az MTA Orvosi Oszt\u00e1ly\u00e1nak tudom\u00e1nyos munkat\u00e1rsa volt, majd 2005-t\u0151l annak tan\u00e1cskoz\u00f3 tagja. 2004-t\u0151l az MTA k\u00f6zgy\u0171l\u00e9si k\u00e9pvisel\u0151je. 1990-1996 k\u00f6z\u00f6tt az MTA Atherosclerosis, Thromboemboli\u00e1s \u00e9s Kering\u00e9si Betegs\u00e9gekkel Foglalkoz\u00f3 Bizotts\u00e1g\u00e1nak tagja. 1990-2000 k\u00f6z\u00f6tt bet\u00f6lt\u00f6tte a Zsigmond Diabetes Alap\u00edtv\u00e1ny Kurat\u00f3rium\u00e1nak titk\u00e1r\u00e1nak tiszt\u00e9t. 2001 \u00e9s 2003 k\u00f6z\u00f6tt egyar\u00e1nt tagja volt az OTKA Orvostudom\u00e1nyi Szakbizotts\u00e1g\u00e1nak \u00e9s a Magyar Akkredit\u00e1ci\u00f3s Bizotts\u00e1g Orvostudom\u00e1nyi Albizotts\u00e1g\u00e1nak. A Lege Artis Medicinae szerkeszt\u0151bizotts\u00e1gi tagja (1993-t\u00f3l), a Magyar Belorvosi Archivum szerkeszt\u0151bizotts\u00e1gi tagja (1998-t\u00f3l) \u00e9s a Csal\u00e1dorvosi F\u00f3rum f\u0151szerkeszt\u0151je (2001-t\u0151l). Kit\u00fcntet\u00e9sei: Fels\u0151oktat\u00e1si Tanulm\u00e1nyi Eml\u00e9k\u00e9rem (1975), Oktat\u00e1si Miniszteri Dics\u00e9ret (1985), Batthy\u00e1ny-Strattmann L\u00e1szl\u00f3 D\u00edj (1999), MTA Pro Scientia Hungarica D\u00edj (2001).<\/p>\n","protected":false},"excerpt":{"rendered":"<p><a href=\"https:\/\/semmelweis.hu\/baratikor\/files\/2022\/06\/223_11.jpg\"><\/a> (Budapest, 1951. VI. 2. -) Orvosi tanulm\u00e1nyait a Semmelweis Orvostudom\u00e1nyi Egyetemen v\u00e9gezte, diplom\u00e1t 1975-ben kapott. Az egyetem III. sz. Belgy\u00f3gy\u00e1szati Klinik\u00e1j\u00e1n lett d\u00edjas demonstr\u00e1tor. 1980-ban Drezd\u00e1ban, a Carl Gustav Carus Egyetem II. sz. Belgy\u00f3gy\u00e1szati Klinik\u00e1j\u00e1n k\u00e9pezte tov\u00e1bb mag\u00e1t, majd itthon belgy\u00f3gy\u00e1sz szakvizsg\u00e1t tett. K\u00e9t \u00e9vvel k\u00e9s\u0151bb tanulm\u00e1nyutat tett az SZBK Enzimol\u00f3giai Int\u00e9zet\u00e9ben, majd hazat\u00e9rve \u00e1tvette &hellip;<\/p>\n","protected":false},"author":282,"featured_media":602,"parent":347,"menu_order":0,"comment_status":"closed","ping_status":"closed","template":"template-fullwidth.php","meta":{"_acf_changed":false,"footnotes":""},"categories":[80,6,14],"tags":[],"class_list":["post-522","page","type-page","status-publish","has-post-thumbnail","hentry","category-aok-dekanjai","category-dekanok","category-teljes-nevlista"],"acf":[],"_links":{"self":[{"href":"https:\/\/semmelweis.hu\/baratikor\/wp-json\/wp\/v2\/pages\/522","targetHints":{"allow":["GET"]}}],"collection":[{"href":"https:\/\/semmelweis.hu\/baratikor\/wp-json\/wp\/v2\/pages"}],"about":[{"href":"https:\/\/semmelweis.hu\/baratikor\/wp-json\/wp\/v2\/types\/page"}],"author":[{"embeddable":true,"href":"https:\/\/semmelweis.hu\/baratikor\/wp-json\/wp\/v2\/users\/282"}],"replies":[{"embeddable":true,"href":"https:\/\/semmelweis.hu\/baratikor\/wp-json\/wp\/v2\/comments?post=522"}],"version-history":[{"count":3,"href":"https:\/\/semmelweis.hu\/baratikor\/wp-json\/wp\/v2\/pages\/522\/revisions"}],"predecessor-version":[{"id":603,"href":"https:\/\/semmelweis.hu\/baratikor\/wp-json\/wp\/v2\/pages\/522\/revisions\/603"}],"up":[{"embeddable":true,"href":"https:\/\/semmelweis.hu\/baratikor\/wp-json\/wp\/v2\/pages\/347"}],"wp:featuredmedia":[{"embeddable":true,"href":"https:\/\/semmelweis.hu\/baratikor\/wp-json\/wp\/v2\/media\/602"}],"wp:attachment":[{"href":"https:\/\/semmelweis.hu\/baratikor\/wp-json\/wp\/v2\/media?parent=522"}],"wp:term":[{"taxonomy":"category","embeddable":true,"href":"https:\/\/semmelweis.hu\/baratikor\/wp-json\/wp\/v2\/categories?post=522"},{"taxonomy":"post_tag","embeddable":true,"href":"https:\/\/semmelweis.hu\/baratikor\/wp-json\/wp\/v2\/tags?post=522"}],"curies":[{"name":"wp","href":"https:\/\/api.w.org\/{rel}","templated":true}]}}