{"id":518,"date":"2022-05-25T12:35:27","date_gmt":"2022-05-25T10:35:27","guid":{"rendered":"https:\/\/semmelweis.hu\/baratikor\/?page_id=518"},"modified":"2023-01-06T14:29:19","modified_gmt":"2023-01-06T13:29:19","slug":"gaal-peter","status":"publish","type":"page","link":"https:\/\/semmelweis.hu\/baratikor\/galeria\/teljes-nevlista\/gaal-peter\/","title":{"rendered":"Ga\u00e1l P\u00e9ter"},"content":{"rendered":"<p style=\"text-align: justify\"><a href=\"https:\/\/semmelweis.hu\/baratikor\/files\/2022\/06\/226_11.jpg\"><img loading=\"lazy\" decoding=\"async\" class=\"wp-image-597 size-full alignleft\" src=\"https:\/\/semmelweis.hu\/baratikor\/files\/2022\/06\/226_11.jpg\" alt=\"\" width=\"257\" height=\"386\" \/><\/a><strong>(Budapest, 1969. 07. 26. &#8211; )<\/strong><\/p>\n<p style=\"text-align: justify\">\u00c1ltal\u00e1nos orvosi diplom\u00e1j\u00e1t 1993-ban szerezte a Semmelweis Orvostudom\u00e1nyi Egyetemen. Az eg\u00e9szs\u00e9gpolitikai \u00e9s menedzsment probl\u00e9m\u00e1k ir\u00e1nti \u00e9rdekl\u0151d\u00e9se az 1980-as \u00e9vek v\u00e9g\u00e9r\u0151l ered, amikor di\u00e1k-\u00f6nkorm\u00e1nyzati vezet\u0151v\u00e9 v\u00e1lasztott\u00e1k, \u00e9s r\u00e9szt vett az egyetemi d\u00f6nt\u00e9shoz\u00f3 test\u00fcletek munk\u00e1j\u00e1ban.<\/p>\n<p style=\"text-align: justify\">1995-ben szerzett Master of Science fokozatot eg\u00e9szs\u00e9g\u00fcgyi menedzsmentb\u0151l a Londoni Egyetemen, 2004-ben pedig ugyanott sikerrel v\u00e9dte meg PhD \u00e9rtekez\u00e9s\u00e9t a magyarorsz\u00e1gi h\u00e1lap\u00e9nz jelens\u00e9g\u00e9nek t\u00e9mak\u00f6r\u00e9ben. A PhD dolgozat anyag\u00e1b\u00f3l k\u00e9sz\u00edtett, egyik angol nyelv\u0171 cikk\u00e9vel 2005-ben elnyerte az Eur\u00f3pai Eg\u00e9szs\u00e9g\u00fcgyi Menedzsment T\u00e1rsas\u00e1g (EHMA) \u00e9s a Karolinska Egyetem (Karolinska Medical Management Centre) k\u00f6z\u00f6s kutat\u00e1si d\u00edj\u00e1t, amelyet PhD \u00e9rtekez\u00e9sb\u0151l k\u00e9sz\u00edtett legjobb publik\u00e1ci\u00f3\u00e9rt \u00edt\u00e9lnek oda.<\/p>\n<p style=\"text-align: justify\">Az Eg\u00e9szs\u00e9g\u00fcgyi Menedzserk\u00e9pz\u0151 K\u00f6zpont Eg\u00e9szs\u00e9g\u00fcgyi szakmenedzser (2010-t\u0151l Executive eg\u00e9szs\u00e9g\u00fcgyi szakmenedzser) szakir\u00e1ny\u00fa tov\u00e1bbk\u00e9pz\u00e9si programj\u00e1ban, amelynek 1996-os beind\u00edt\u00e1s\u00e1t\u00f3l kezdve, 2001-ig vezet\u0151je is volt, majd 2010-t\u0151l az Eg\u00e9szs\u00e9g\u00fcgyi menedzser mesterk\u00e9pz\u00e9si programban az \u0093Eg\u00e9szs\u00e9gpolitika\u0094 tant\u00e1rgyat oktatja. Emellett r\u00e9szt vesz egy\u00e9b magyar \u00e9s nemzetk\u00f6zi posztgradu\u00e1lis oktat\u00e1si programban, kutat\u00e1si \u00e9s szak\u00e9rt\u0151i projektben, az eg\u00e9szs\u00e9g\u00fcgyi rendszer menedzsmentj\u00e9hez, eg\u00e9szs\u00e9gpolitik\u00e1hoz, k\u00fcl\u00f6n\u00f6sk\u00e9ppen pedig az eg\u00e9szs\u00e9g\u00fcgy finansz\u00edroz\u00e1shoz kapcsol\u00f3d\u00f3 t\u00e9mak\u00f6r\u00f6kben. Oktat\u00e1s-, \u00e9s szervezetfejleszt\u00e9si tev\u00e9kenys\u00e9g\u00e9nek keret\u00e9ben r\u00e9szt vett t\u00f6bbek k\u00f6z\u00f6tt a Semmelweis Egyetem Magatart\u00e1studom\u00e1nyi Int\u00e9zet\u00e9nek, Eg\u00e9szs\u00e9g\u00fcgyi Menedzserk\u00e9pz\u0151 K\u00f6zpontj\u00e1nak \u00e9s Eg\u00e9szs\u00e9g\u00fcgyi K\u00f6zszolg\u00e1lati Kar\u00e1nak l\u00e9trehoz\u00e1s\u00e1ban, a szlov\u00e1k Eg\u00e9szs\u00e9g\u00fcgyi Miniszt\u00e9rium megb\u00edz\u00e1s\u00e1b\u00f3l a szlov\u00e1k eg\u00e9szs\u00e9g\u00fcgyi menedzserk\u00e9pz\u00e9s tanterv-, \u00e9s tananyagfejleszt\u00e9s\u00e9ben, valamint a World Bank Institute Flagship (D\u00f6nt\u00e9shoz\u00f3) programja region\u00e1lis \u00e9s magyar adapt\u00e1ci\u00f3j\u00e1ban.<\/p>\n<p style=\"text-align: justify\">A Magyar Eg\u00e9szs\u00e9g\u00fcgyi Menedzsment T\u00e1rsas\u00e1g (MEMT) alap\u00edt\u00f3 tagja, a Magyar Eg\u00e9szs\u00e9g-gazdas\u00e1gtani T\u00e1rsas\u00e1g (META) tagja, 2011-t\u0151l az Eg\u00e9szs\u00e9g\u00fcgyi Szakmai Koll\u00e9gium Menedzsment \u00e9s Eg\u00e9szs\u00e9ggazdas\u00e1gtan Tan\u00e1cs\u00e1nak tagja. 2010-t\u0151l a Nemzeti Er\u0151forr\u00e1s Miniszt\u00e9rium eg\u00e9szs\u00e9g\u00fcgy\u00e9rt felel\u0151s \u00e1llamtitk\u00e1r kabinetj\u00e9nek k\u00fcls\u0151s tagja, a Semmelweis-terv egyik szerz\u0151je, illetve szerkeszt\u0151je.<\/p>\n<p style=\"text-align: justify\">2010. j\u00fanius 1-t\u0151l az az Eg\u00e9szs\u00e9g\u00fcgyi Menedzserk\u00e9pz\u0151 K\u00f6zpont megb\u00edzott igazgat\u00f3ja \u00e9s az Eg\u00e9szs\u00e9g\u00fcgyi K\u00f6zszolg\u00e1lati Kar megb\u00edzott d\u00e9k\u00e1nja.<\/p>\n","protected":false},"excerpt":{"rendered":"<p><a href=\"https:\/\/semmelweis.hu\/baratikor\/files\/2022\/06\/226_11.jpg\"><\/a> (Budapest, 1969. 07. 26. &#8211; ) \u00c1ltal\u00e1nos orvosi diplom\u00e1j\u00e1t 1993-ban szerezte a Semmelweis Orvostudom\u00e1nyi Egyetemen. Az eg\u00e9szs\u00e9gpolitikai \u00e9s menedzsment probl\u00e9m\u00e1k ir\u00e1nti \u00e9rdekl\u0151d\u00e9se az 1980-as \u00e9vek v\u00e9g\u00e9r\u0151l ered, amikor di\u00e1k-\u00f6nkorm\u00e1nyzati vezet\u0151v\u00e9 v\u00e1lasztott\u00e1k, \u00e9s r\u00e9szt vett az egyetemi d\u00f6nt\u00e9shoz\u00f3 test\u00fcletek munk\u00e1j\u00e1ban. 1995-ben szerzett Master of Science fokozatot eg\u00e9szs\u00e9g\u00fcgyi menedzsmentb\u0151l a Londoni Egyetemen, 2004-ben pedig ugyanott sikerrel v\u00e9dte &hellip;<\/p>\n","protected":false},"author":282,"featured_media":597,"parent":347,"menu_order":0,"comment_status":"closed","ping_status":"closed","template":"template-fullwidth.php","meta":{"_acf_changed":false,"footnotes":""},"categories":[6,86,14],"tags":[],"class_list":["post-518","page","type-page","status-publish","has-post-thumbnail","hentry","category-dekanok","category-ekk-dekanjai","category-teljes-nevlista"],"acf":[],"_links":{"self":[{"href":"https:\/\/semmelweis.hu\/baratikor\/wp-json\/wp\/v2\/pages\/518","targetHints":{"allow":["GET"]}}],"collection":[{"href":"https:\/\/semmelweis.hu\/baratikor\/wp-json\/wp\/v2\/pages"}],"about":[{"href":"https:\/\/semmelweis.hu\/baratikor\/wp-json\/wp\/v2\/types\/page"}],"author":[{"embeddable":true,"href":"https:\/\/semmelweis.hu\/baratikor\/wp-json\/wp\/v2\/users\/282"}],"replies":[{"embeddable":true,"href":"https:\/\/semmelweis.hu\/baratikor\/wp-json\/wp\/v2\/comments?post=518"}],"version-history":[{"count":4,"href":"https:\/\/semmelweis.hu\/baratikor\/wp-json\/wp\/v2\/pages\/518\/revisions"}],"predecessor-version":[{"id":596,"href":"https:\/\/semmelweis.hu\/baratikor\/wp-json\/wp\/v2\/pages\/518\/revisions\/596"}],"up":[{"embeddable":true,"href":"https:\/\/semmelweis.hu\/baratikor\/wp-json\/wp\/v2\/pages\/347"}],"wp:featuredmedia":[{"embeddable":true,"href":"https:\/\/semmelweis.hu\/baratikor\/wp-json\/wp\/v2\/media\/597"}],"wp:attachment":[{"href":"https:\/\/semmelweis.hu\/baratikor\/wp-json\/wp\/v2\/media?parent=518"}],"wp:term":[{"taxonomy":"category","embeddable":true,"href":"https:\/\/semmelweis.hu\/baratikor\/wp-json\/wp\/v2\/categories?post=518"},{"taxonomy":"post_tag","embeddable":true,"href":"https:\/\/semmelweis.hu\/baratikor\/wp-json\/wp\/v2\/tags?post=518"}],"curies":[{"name":"wp","href":"https:\/\/api.w.org\/{rel}","templated":true}]}}