{"id":516,"date":"2022-05-25T12:32:30","date_gmt":"2022-05-25T10:32:30","guid":{"rendered":"https:\/\/semmelweis.hu\/baratikor\/?page_id=516"},"modified":"2023-07-17T10:04:10","modified_gmt":"2023-07-17T08:04:10","slug":"toth-miklos","status":"publish","type":"page","link":"https:\/\/semmelweis.hu\/baratikor\/galeria\/teljes-nevlista\/toth-miklos\/","title":{"rendered":"T\u00f3th Mikl\u00f3s"},"content":{"rendered":"<p style=\"text-align: justify\"><a href=\"https:\/\/semmelweis.hu\/baratikor\/files\/2022\/06\/229_11.jpg\"><img loading=\"lazy\" decoding=\"async\" class=\"alignleft wp-image-579 size-medium\" src=\"https:\/\/semmelweis.hu\/baratikor\/files\/2022\/06\/229_11-240x400.jpg\" alt=\"\" width=\"240\" height=\"400\" srcset=\"https:\/\/semmelweis.hu\/baratikor\/files\/2022\/06\/229_11-240x400.jpg 240w, https:\/\/semmelweis.hu\/baratikor\/files\/2022\/06\/229_11.jpg 300w\" sizes=\"auto, (max-width: 240px) 100vw, 240px\" \/><\/a><strong>(Budapest, 1961. m\u00e1jus 24. -)<\/strong><\/p>\n<p style=\"text-align: justify\">D\u00e9k\u00e1n: 2011-2012<\/p>\n<p style=\"text-align: justify\">Orvosi tanulm\u00e1nyait a Semmelweis Orvostudom\u00e1nyi Egyetemen v\u00e9gezte, diplom\u00e1t 1986-ban kapott. 1985-1986 k\u00f6z\u00f6tt vend\u00e9gkutat\u00f3 volt a heilderbergi Ruprecht-Karls Egyetem Gy\u00f3gyszertani Int\u00e9zet\u00e9ben. 1987-1993 k\u00f6z\u00f6tt kutat\u00f3orvos a Semmelweis Orvostudom\u00e1nyi Egyetem \u00c9r- \u00e9s Sz\u00edvseb\u00e9szeti Klinik\u00e1j\u00e1n, majd 1988-1990 k\u00f6z\u00f6tt ism\u00e9t vend\u00e9gkutat\u00f3 Heidelbergben, a Ruprecht-Karls Egyetem Gy\u00f3gyszertani Int\u00e9zet\u00e9ben. 1989-ben Magna cum Laude min\u0151s\u00edt\u00e9ssel n\u00e9met orvosdoktori c\u00edmet szerzett a Ruprecht-Karls Egyetemen. 1991- 2009 k\u00f6z\u00f6tt tudom\u00e1nyos titk\u00e1r a Magyar Tudom\u00e1nyos Akad\u00e9mia Orvosi Tudom\u00e1nyok Oszt\u00e1ly\u00e1n. 1992-1993 k\u00f6z\u00f6tt vend\u00e9gkutat\u00f3 az Oulu-i Egyetem Gy\u00f3gyszertani Int\u00e9zet\u00e9ben a Sigrid Juselius, illetve a Finn Tudom\u00e1nyos Akad\u00e9mia \u00f6szt\u00f6nd\u00edjaival. 1994-2005 k\u00f6z\u00f6tt a Semmelweis Orvostudom\u00e1nyi Egyetem I. sz. Belgy\u00f3gy\u00e1szati Klinik\u00e1j\u00e1n klinikai orvos, tudom\u00e1nyos f\u0151munkat\u00e1rs. 1995-ben szerzett kandid\u00e1tusi fokozatot a Magyar Tudom\u00e1nyos Akad\u00e9mi\u00e1n. 1997-ben m\u00e1sodik alkalommal is vend\u00e9gkutat\u00f3 az Oulu-i Egyetem Gy\u00f3gyszertani Int\u00e9zet\u00e9ben, ez\u00fattal a Magyar \u00c1llami E\u00f6tv\u00f6s \u00d6szt\u00f6nd\u00edj seg\u00edts\u00e9g\u00e9vel. 1997-ben belgy\u00f3gy\u00e1sz, 2001-ben pedig k\u00f6zigazgat\u00e1si szakvizsg\u00e1t tett. 2000-2002 Sz\u00e9chenyi Professzori \u00d6szt\u00f6nd\u00edjat nyert. 2002-ben megszerezte az MTA doktora c\u00edmet. 2002-2007 k\u00f6z\u00f6tt oszt\u00e1lyvezet\u0151 volt a Gottsegen Gy\u00f6rgy Orsz\u00e1gos Kardiol\u00f3giai Int\u00e9zet Kutat\u00e1si Oszt\u00e1ly\u00e1n. 2003-ban habilit\u00e1lt a Semmelweis Egyetemen. 2003-2007 k\u00f6z\u00f6tt eln\u00f6ks\u00e9gi tag, Magyarorsz\u00e1g \u00e9s a kelet-eur\u00f3pai orsz\u00e1gok k\u00e9pvisel\u0151je a European Medical Research Councils, European Science Foundation keret\u00e9n bel\u00fcl. 2004-2009 k\u00f6z\u00f6tt rektori tan\u00e1csad\u00f3. 2005 \u00f3ta a Szent\u00e1gothai J\u00e1nos Tud\u00e1sk\u00f6zpont igazgat\u00f3helyettese. 2005-2007 k\u00f6z\u00f6tt tudom\u00e1nyos f\u0151munkat\u00e1rs a Semmelweis Egyetem Kardiol\u00f3giai Tansz\u00e9k\u00e9n. 2006-ban a Technol\u00f3giai Transzfer Iroda igazgat\u00f3ja a Semmelweis Egyetemen. 2007-ben egyetemi tan\u00e1ri kinevez\u00e9st nyert, ett\u0151l kezdve tansz\u00e9kvezet\u0151 a Semmelweis Egyetem Testnevel\u00e9s \u00e9s Sporttudom\u00e1nyi Kar Eg\u00e9szs\u00e9gtudom\u00e1nyi \u00e9s Sportorvosi Tansz\u00e9k\u00e9n. 2009-2011 k\u00f6z\u00f6tt a Semmelweis Egyetem tudom\u00e1nyos \u00e9s innov\u00e1ci\u00f3s rektorhelyettese. 2009 \u00f3ta a Magyar Sporttudom\u00e1nyi T\u00e1rsas\u00e1g eln\u00f6ke. 2009-2011 k\u00f6z\u00f6tt a Semmelweis Egyetem Tudom\u00e1nyos Tan\u00e1cs\u00e1nak eln\u00f6ke. 2010 \u00f3ta a Magyar Olimpiai Bizotts\u00e1g Orvosbizotts\u00e1g\u00e1nak tagja. 2010-ben tudom\u00e1nyos igazgat\u00f3 a Semmelweis Egyetem Kutat\u00f3egyetemi P\u00e1ly\u00e1zat\u00e1n. 2010 \u00f3ta a Magyar \u00c9lettani T\u00e1rsas\u00e1g eln\u00f6ks\u00e9gi tagja. 2010 \u00f3ta V\u00e9grehajt\u00f3 Bizotts\u00e1gi tag az International College of Sport Sciences and Physical Education szervezet\u00e9ben. 2010 \u00f3ta az Orvosegyetemi Sport Club eln\u00f6ke. 2010 \u00f3ta Excercise is Medicine (USA) Ir\u00e1ny\u00edt\u00f3 Test\u00fcleti tagja. 2010 \u00f3ta eln\u00f6ks\u00e9gi tagja a TF Sportegyes\u00fclet\u00e9nek. 2010 \u00f3ta a Magyar Sportorvos T\u00e1rsas\u00e1g eln\u00f6ks\u00e9gi tagja. 2011 \u00f3ta az Orvosi Szakmai Koll\u00e9gium Sporteg\u00e9szs\u00e9g\u00fcgyi Tagozat\u00e1nak eln\u00f6ke. 2011-2012 k\u00f6z\u00f6tt a Semmelweis Egyetem Testnevel\u00e9si \u00e9s Sporttudom\u00e1nyi Kar\u00e1nak d\u00e9k\u00e1nja. 2011-2012 k\u00f6z\u00f6tt a Fels\u0151oktat\u00e1si Tudom\u00e1nyos Tan\u00e1cs Fel\u00fcgyel\u0151 Bizotts\u00e1gi tagja. 2011 \u00f3ta a Testnevel\u00e9si \u00e9s Sporttudom\u00e1nyi Szakmai Koll\u00e9gium eln\u00f6ke. 2012-t\u0151l a Magyar Olimpiai Bizotts\u00e1g aleln\u00f6ke.<\/p>\n<p style=\"text-align: justify\">(F\u0151bb munk\u00e1i: Szokodi I, Kinnunen P, Tavi P, Weckstr\u00f6m M, T\u00f3th M, Ruskoaho H: Evidence for c-AMP independent mechanisms mediating the effect of adrenomedullin, a new inotropic peptide. Circ 97(11):1062-70, 1998 IF:9,173;<\/p>\n<p style=\"text-align: justify\">Romppanen H, Puhakka J, F\u00f6ldes G, Szokodi I, Vuolteenaho, Tokola H, T\u00f3th M, Ruskoaho H: Endothelin-1- and angiotensin II-independent induction of adrenomedullin gene expression Hypertension. 2001 Jan;37(1):84-90. IF: 5.364;<\/p>\n<p style=\"text-align: justify\">Szokodi I, Tavi P, Foldes G, Voutilainen-Myllyla S, Ilves M, Tokola H, Pikkarainen S, Piuhola J, Rysa J, T\u00f3th M, Ruskoaho H: Apelin, the novel endogenous ligand of the orphan receptor APJ, regulates cardiac contractility Circ Res. 2002 Sep 6;91(5):434-40. IF: 9.694;<\/p>\n<p style=\"text-align: justify\">Lak\u00f3-Fut\u00f3 Z, Szokodi I, S\u00e1rm\u00e1n B, F\u00f6ldes G, Tokola H, Ilves M, Leskinen H, Vuolteenaho O, Skoumal R, deChatel R, Ruskoaho H, T\u00f3th M: Evidence for a Functional Role of angiotensin II type 2 receptor in the cardiac hypertrophic process in vivo int he rat heart. Circulation 2003, 108(19):2414-22 IF: 11,164;<\/p>\n<p style=\"text-align: justify\">Tenhunen O, S\u00e1rm\u00e1n B, Kerkela R, Szokodi I, Papp L, T\u00f3th M, Ruskoaho H: Left ventricular wall stress-induced activation of GATA4 binding is mediated by p38 kinase and ERK \u00bd in intact rat heart J Biol Chem 2004. 4.(279)23, 24852-60 IF.: 6,355;<\/p>\n<p style=\"text-align: justify\">Ala-Kopsala M, Ruskoaho H, Leppaluoto J, Seres L, Skoumal R, T\u00f3th M, Horkay F, Vuolteenaho O: Single assay for amino-terminal fragments of cardiac A- and B-type natriuretic peptides Clin Chem 2005,51(4), 708-18 IF: 7.717;<\/p>\n<p style=\"text-align: justify\">Szokodi I, Kerkela R, Kubin AM, S\u00e1rm\u00e1n B, Pikkarainen S, K\u00f3nyi A, Horv\u00e1th IG, Papp L, T\u00f3th M, Skloumal R, Ruskoaho H: Functionalla opposing roles of extracellular signal-regulated kinase \u00bd and p38 mitogen activated protein kinase in the regulation of cardiac contractility Circulation. 2008 Oct 14;118(16):1651- 8 IF.: 14.595;<\/p>\n<p style=\"text-align: justify\">Sch\u00e4fer KC, D\u00e9nes J, Albrecht K, Szaniszl\u00f3 T, Balog J, Skoumal R, Katona M, T\u00f3th M, Balogh L, Tak\u00e1ts Z.: In Vivo, In Situ Tissue Analysis Using Rapid Evaporative Ionization Mass Spectrometry. Angew Chem Int Ed Engl. 2009:48(44): 8240-2 IF.: 11.829;<\/p>\n<p style=\"text-align: justify\">V\u00e1g\u00f3 H, T\u00f3th A, Apor A, Maurovich-Horvat P, T\u00f3th M, Merkely B.: Images in cardiovascular medicine. Cardiac contusion in a professional soccer player: visualization of acute and late pathological changes in the myocardium with magnetic resonance imaging. Circulation. 2010 Jun 8;121(22):2456-61 IF.: 14.595;<\/p>\n<p style=\"text-align: justify\">Merkel OM, Urbanics R, Bed\u0151cs P, Rozsnyai Z, Rosivall L, T\u00f3th M, Kissel T, Szebeni J.: In vitro and in vivo complement activation and related anaphylactic effects associated with polyethylenimine and polyethylenimine-graft-poly(ethylene glycol) block copolymers Biomaterials 2011 Apr 1 (Epub) IF.: 7.882.)<\/p>\n","protected":false},"excerpt":{"rendered":"<p><a href=\"https:\/\/semmelweis.hu\/baratikor\/files\/2022\/06\/229_11.jpg\"><\/a> (Budapest, 1961. m\u00e1jus 24. -) D\u00e9k\u00e1n: 2011-2012 Orvosi tanulm\u00e1nyait a Semmelweis Orvostudom\u00e1nyi Egyetemen v\u00e9gezte, diplom\u00e1t 1986-ban kapott. 1985-1986 k\u00f6z\u00f6tt vend\u00e9gkutat\u00f3 volt a heilderbergi Ruprecht-Karls Egyetem Gy\u00f3gyszertani Int\u00e9zet\u00e9ben. 1987-1993 k\u00f6z\u00f6tt kutat\u00f3orvos a Semmelweis Orvostudom\u00e1nyi Egyetem \u00c9r- \u00e9s Sz\u00edvseb\u00e9szeti Klinik\u00e1j\u00e1n, majd 1988-1990 k\u00f6z\u00f6tt ism\u00e9t vend\u00e9gkutat\u00f3 Heidelbergben, a Ruprecht-Karls Egyetem Gy\u00f3gyszertani Int\u00e9zet\u00e9ben. 1989-ben Magna cum Laude min\u0151s\u00edt\u00e9ssel n\u00e9met &hellip;<\/p>\n","protected":false},"author":282,"featured_media":5144,"parent":347,"menu_order":0,"comment_status":"closed","ping_status":"closed","template":"template-fullwidth.php","meta":{"_acf_changed":false,"footnotes":""},"categories":[6,14,87],"tags":[],"class_list":["post-516","page","type-page","status-publish","has-post-thumbnail","hentry","category-dekanok","category-teljes-nevlista","category-tsk-dekanjai"],"acf":[],"_links":{"self":[{"href":"https:\/\/semmelweis.hu\/baratikor\/wp-json\/wp\/v2\/pages\/516","targetHints":{"allow":["GET"]}}],"collection":[{"href":"https:\/\/semmelweis.hu\/baratikor\/wp-json\/wp\/v2\/pages"}],"about":[{"href":"https:\/\/semmelweis.hu\/baratikor\/wp-json\/wp\/v2\/types\/page"}],"author":[{"embeddable":true,"href":"https:\/\/semmelweis.hu\/baratikor\/wp-json\/wp\/v2\/users\/282"}],"replies":[{"embeddable":true,"href":"https:\/\/semmelweis.hu\/baratikor\/wp-json\/wp\/v2\/comments?post=516"}],"version-history":[{"count":2,"href":"https:\/\/semmelweis.hu\/baratikor\/wp-json\/wp\/v2\/pages\/516\/revisions"}],"predecessor-version":[{"id":581,"href":"https:\/\/semmelweis.hu\/baratikor\/wp-json\/wp\/v2\/pages\/516\/revisions\/581"}],"up":[{"embeddable":true,"href":"https:\/\/semmelweis.hu\/baratikor\/wp-json\/wp\/v2\/pages\/347"}],"wp:featuredmedia":[{"embeddable":true,"href":"https:\/\/semmelweis.hu\/baratikor\/wp-json\/wp\/v2\/media\/5144"}],"wp:attachment":[{"href":"https:\/\/semmelweis.hu\/baratikor\/wp-json\/wp\/v2\/media?parent=516"}],"wp:term":[{"taxonomy":"category","embeddable":true,"href":"https:\/\/semmelweis.hu\/baratikor\/wp-json\/wp\/v2\/categories?post=516"},{"taxonomy":"post_tag","embeddable":true,"href":"https:\/\/semmelweis.hu\/baratikor\/wp-json\/wp\/v2\/tags?post=516"}],"curies":[{"name":"wp","href":"https:\/\/api.w.org\/{rel}","templated":true}]}}