{"id":505,"date":"2022-05-25T12:00:49","date_gmt":"2022-05-25T10:00:49","guid":{"rendered":"https:\/\/semmelweis.hu\/baratikor\/?page_id=505"},"modified":"2023-07-11T08:38:45","modified_gmt":"2023-07-11T06:38:45","slug":"hunyady-laszlo","status":"publish","type":"page","link":"https:\/\/semmelweis.hu\/baratikor\/galeria\/teljes-nevlista\/hunyady-laszlo\/","title":{"rendered":"Hunyady L\u00e1szl\u00f3"},"content":{"rendered":"<p><a href=\"https:\/\/semmelweis.hu\/baratikor\/files\/2022\/06\/232_11.jpg\"><img loading=\"lazy\" decoding=\"async\" class=\"wp-image-563 size-medium alignleft\" src=\"https:\/\/semmelweis.hu\/baratikor\/files\/2022\/06\/232_11-266x400.jpg\" alt=\"\" width=\"266\" height=\"400\" \/><\/a><strong>(Szombathely, 1959. m\u00e1rcius 23. &#8211; )<\/strong><\/p>\n<p>D\u00e9k\u00e1n: 2013\/14 &#8211;<\/p>\n<p style=\"text-align: justify\">1983-ban szerzett \u00e1ltal\u00e1nos orvosi diplom\u00e1t a Semmelweis Orvostudom\u00e1nyi Egyetemen. Oktat\u00f3 \u00e9s kutat\u00f3 munk\u00e1j\u00e1t az egyetem \u00c9lettani Int\u00e9zet\u00e9ben v\u00e9gezte, ahol 2004-ben lett egyetemi tan\u00e1r. 2005 \u00f3ta az \u00c9lettani Int\u00e9zet igazgat\u00f3ja, 2006 \u00e9s 2012 k\u00f6z\u00f6tt \u00c1OK d\u00e9k\u00e1nhelyettes, a 2012\/13. tan\u00e9vben a Semmelweis Egyetem \u00e1ltal\u00e1nos rektorhelyettese volt. Akt\u00edvan r\u00e9szt vett az \u00c1ltal\u00e1nos Orvostudom\u00e1nyi Karon 2008-ban bevezetett curriculum kialak\u00edt\u00e1s\u00e1ban. 2013-ban v\u00e1lasztott\u00e1k meg az \u00c1OK d\u00e9k\u00e1nj\u00e1nak. H\u00e1rom alkalommal (1987-1989, 1992-1995 \u00e9s 2000-2001) vett r\u00e9szt hosszabb tanulm\u00e1ny\u00faton a National Insitutes of Health-ben (Bethesda, MD, USA). Tudom\u00e1nyos munk\u00e1ss\u00e1g\u00e1nak f\u0151 ter\u00fclete a hormonreceptorok m\u0171k\u00f6d\u00e9si mechanizmus\u00e1nak vizsg\u00e1lata. 1979-ben tudom\u00e1nyos di\u00e1kk\u00f6r\u00f6sk\u00e9nt csatlakozott Sp\u00e4t Andr\u00e1s munkacsoportj\u00e1hoz, ahol az aldoszteron elv\u00e1laszt\u00e1s szab\u00e1lyoz\u00e1s\u00e1nak mechanizmusait vizsg\u00e1lta. Tanulm\u00e1ny\u00fatjai sor\u00e1n Kevin J. Catt munkacsoportj\u00e1ban molekul\u00e1ris biol\u00f3giai m\u00f3dszereket saj\u00e1t\u00edtott el, melyek seg\u00edts\u00e9g\u00e9vel molekul\u00e1ris szinten vizsg\u00e1lta az angiotenzin-receptor aktiv\u00e1l\u00f3d\u00e1s\u00e1nak mechanizmus\u00e1t. A Howard Hughes Medical Institute 1995-ben elnyert kutat\u00e1si t\u00e1mogat\u00e1s\u00e1nak seg\u00edts\u00e9g\u00e9vel hazat\u00e9r\u00e9s\u00e9t k\u00f6vet\u0151en az \u00c9lettani Int\u00e9zetben kutat\u00f3csoportot hozott l\u00e9tre, melyben meghonos\u00edtotta a k\u00fclf\u00f6ld\u00f6n elsaj\u00e1t\u00edtott m\u00f3dszereket. E munka sor\u00e1n a receptorok, illetve a jel\u00e1tviteli folyamatokban szerepl\u0151 feh\u00e9rj\u00e9k c\u00e9lzott mut\u00e1ci\u00f3it hozt\u00e1k l\u00e9tre, \u00e9s e feh\u00e9rj\u00e9k m\u0171k\u00f6d\u00e9s\u00e9t biok\u00e9miai m\u00f3dszerekkel, illetve \u00e9l\u0151 sejteken biofizikai m\u00f3dszerekkel (pl. F\u00f6rster t\u00edpus\u00fa rezonancia energiatranszfer, konfok\u00e1lis mikroszk\u00f3pia) vizsg\u00e1lva sz\u00e1mos alapvet\u0151 felismer\u00e9st tett az angiotenzin II \u00e9s m\u00e1s hormonok \u00e1ltal l\u00e9trehozott biol\u00f3giai folyamatok mechanizmus\u00e1ra vonatkoz\u00f3an. T\u00f6bb mint 100 k\u00f6zlem\u00e9nyt publik\u00e1lt nemzetk\u00f6zi tudom\u00e1nyos foly\u00f3iratokban. Az orvostudom\u00e1ny kandid\u00e1tusa min\u0151s\u00edt\u00e9st 1992-ben, az MTA doktora c\u00edmet 2000-ben nyerte el. 2010-ban az MTA levelez\u0151 tagj\u00e1nak, 2012-ben az Academia Europaea tagj\u00e1nak v\u00e1lasztott\u00e1k. 1997-2000-ig Sz\u00e9chenyi professzori \u00f6szt\u00f6nd\u00edjban, 2001-t\u0151l 2004-ig Sz\u00e9chenyi Istv\u00e1n \u00f6szt\u00f6nd\u00edjban, 2007-ben Akad\u00e9miai d\u00edjban r\u00e9szes\u00fclt. 2000-ben elnyerte a Semmelweis Egyetem Huzella Tivadar jutalomd\u00edj \u00e9s eml\u00e9k\u00e9rm\u00e9t. Tudom\u00e1nyos nevel\u0151i munk\u00e1ss\u00e1g\u00e1t 2005-ben OTDT Mestertan\u00e1r kit\u00fcntet\u00e9ssel ismert\u00e9k el.<\/p>\n<p>F\u0151bb munk\u00e1i:<\/p>\n<p><u>Hunyady L<\/u>, Balla T, Nagy K, Sp\u00e4t A. Control of phosphatidylinositol turnover in adrenal glomerulosa cells. BIOCHIM. BIOPHYS. ACTA 713:352 357, (1982).<\/p>\n<p><u>Hunyady L<\/u>, Bor M, Balla T, Catt KJ. Identification of a cytoplasmic ser-thr-leu motif that determines agonist-induced internalization of the AT1 angiotensin receptor. J BIOL CHEM 269: (50) 31378-31382 (1994)<\/p>\n<p><u>Hunyady L<\/u>, Baukal A.J,Balla T,Catt K.J. Independence of type 1 angiotensin II receptor endocytosis from G protein coupling and signal transduction. J. BIOL. CHEM. 269:24798 24804, (1994).<\/p>\n<p><u>Hunyady L<\/u>, Baukal AJ, Gaborik Z, Olivares-Reyes JA, Bor M, Szaszak M, Lodge R, Catt KJ, Balla T. Differential PI 3-kinase dependence of early and late phases of recycling of the internalized AT(1) angiotensin receptor. J CELL BIOL 157: (7) 1211-1222 (2002)<\/p>\n<p>Wei H, Ahn S, Shenoy S. K, Karnik S. S, <u>Hunyady L<\/u>, Luttrell L. M, Lefkowitz R. J. Independent \u00df-arrestin2 and G protein mediated pathways for angiotensin activation of ERK1\/2. Proc. Natl. Acad. Sci. USA 100:10782-7, (2003).<\/p>\n<p>Gaborik Z, Jagadeesh G, Zhang M, Spat A, Catt K J, <u>Hunyady L<\/u>. The role of a conserved region of the second intracellular loop in AT(1) angiotensin receptor activation and signaling. ENDOCRINOLOGY 144: (6) 2220-2228 (2003)<\/p>\n<p>Spat A, <u>Hunyady L<\/u>. Control of aldosterone secretion: A model for convergence in cellular signaling pathways. PHYSIOL REV 84: (2) 489-539 (2004)<\/p>\n<p><u>Hunyady L<\/u>, Catt KJ. Pleiotropic AT(1) receptor signaling pathways mediating physiological and pathogenic actions of angiotensin II. MOL ENDOCRINOL 20: (5) 953-970 (2006)<\/p>\n<p>Turu G, Varnai P, Gyombolai P, Szidonya L, Offertaler L, Bagdy G, Kunos G, <u>Hunyady L<\/u>. Paracrine transactivation of the CB1 cannabinoid receptor by AT1 angiotensin and other Gq\/11 protein-coupled receptors. J BIOL CHEM 284: (25) 16914-16921 (2009)<\/p>\n<p>Szekeres M, Nadasy GL, Turu G, Soltesz-Katona E, Toth ZE, Balla A, Catt KJ, <u>Hunyady L<\/u>. Angiotensin II induces vascular endocannabinoid release, which attenuates its vasoconstrictor effect via CB1 cannabinoid receptors. J BIOL CHEM 287: (37) 31540-31550 (2012)<\/p>\n<p><a href=\"https:\/\/semmelweis.hu\/baratikor\/files\/2022\/06\/232_21.jpg\"><img loading=\"lazy\" decoding=\"async\" class=\"alignleft wp-image-565 size-medium\" src=\"https:\/\/semmelweis.hu\/baratikor\/files\/2022\/06\/232_21-266x400.jpg\" alt=\"\" width=\"266\" height=\"400\" srcset=\"https:\/\/semmelweis.hu\/baratikor\/files\/2022\/06\/232_21-266x400.jpg 266w, https:\/\/semmelweis.hu\/baratikor\/files\/2022\/06\/232_21.jpg 295w\" sizes=\"auto, (max-width: 266px) 100vw, 266px\" \/><\/a><\/p>\n","protected":false},"excerpt":{"rendered":"<p><a href=\"https:\/\/semmelweis.hu\/baratikor\/files\/2022\/06\/232_11.jpg\"><\/a> (Szombathely, 1959. m\u00e1rcius 23. &#8211; ) D\u00e9k\u00e1n: 2013\/14 &#8211; 1983-ban szerzett \u00e1ltal\u00e1nos orvosi diplom\u00e1t a Semmelweis Orvostudom\u00e1nyi Egyetemen. Oktat\u00f3 \u00e9s kutat\u00f3 munk\u00e1j\u00e1t az egyetem \u00c9lettani Int\u00e9zet\u00e9ben v\u00e9gezte, ahol 2004-ben lett egyetemi tan\u00e1r. 2005 \u00f3ta az \u00c9lettani Int\u00e9zet igazgat\u00f3ja, 2006 \u00e9s 2012 k\u00f6z\u00f6tt \u00c1OK d\u00e9k\u00e1nhelyettes, a 2012\/13. tan\u00e9vben a Semmelweis Egyetem \u00e1ltal\u00e1nos rektorhelyettese volt. Akt\u00edvan r\u00e9szt &hellip;<\/p>\n","protected":false},"author":282,"featured_media":4943,"parent":347,"menu_order":0,"comment_status":"closed","ping_status":"closed","template":"template-fullwidth.php","meta":{"_acf_changed":false,"footnotes":""},"categories":[80,6,14],"tags":[],"class_list":["post-505","page","type-page","status-publish","has-post-thumbnail","hentry","category-aok-dekanjai","category-dekanok","category-teljes-nevlista"],"acf":[],"_links":{"self":[{"href":"https:\/\/semmelweis.hu\/baratikor\/wp-json\/wp\/v2\/pages\/505","targetHints":{"allow":["GET"]}}],"collection":[{"href":"https:\/\/semmelweis.hu\/baratikor\/wp-json\/wp\/v2\/pages"}],"about":[{"href":"https:\/\/semmelweis.hu\/baratikor\/wp-json\/wp\/v2\/types\/page"}],"author":[{"embeddable":true,"href":"https:\/\/semmelweis.hu\/baratikor\/wp-json\/wp\/v2\/users\/282"}],"replies":[{"embeddable":true,"href":"https:\/\/semmelweis.hu\/baratikor\/wp-json\/wp\/v2\/comments?post=505"}],"version-history":[{"count":3,"href":"https:\/\/semmelweis.hu\/baratikor\/wp-json\/wp\/v2\/pages\/505\/revisions"}],"predecessor-version":[{"id":566,"href":"https:\/\/semmelweis.hu\/baratikor\/wp-json\/wp\/v2\/pages\/505\/revisions\/566"}],"up":[{"embeddable":true,"href":"https:\/\/semmelweis.hu\/baratikor\/wp-json\/wp\/v2\/pages\/347"}],"wp:featuredmedia":[{"embeddable":true,"href":"https:\/\/semmelweis.hu\/baratikor\/wp-json\/wp\/v2\/media\/4943"}],"wp:attachment":[{"href":"https:\/\/semmelweis.hu\/baratikor\/wp-json\/wp\/v2\/media?parent=505"}],"wp:term":[{"taxonomy":"category","embeddable":true,"href":"https:\/\/semmelweis.hu\/baratikor\/wp-json\/wp\/v2\/categories?post=505"},{"taxonomy":"post_tag","embeddable":true,"href":"https:\/\/semmelweis.hu\/baratikor\/wp-json\/wp\/v2\/tags?post=505"}],"curies":[{"name":"wp","href":"https:\/\/api.w.org\/{rel}","templated":true}]}}