{"id":484,"date":"2022-07-13T08:55:35","date_gmt":"2022-07-13T06:55:35","guid":{"rendered":"https:\/\/semmelweis.hu\/baratikor\/?page_id=484"},"modified":"2023-01-09T11:11:26","modified_gmt":"2023-01-09T10:11:26","slug":"babics-antal","status":"publish","type":"page","link":"https:\/\/semmelweis.hu\/baratikor\/galeria\/teljes-nevlista\/babics-antal\/","title":{"rendered":"Babics Antal"},"content":{"rendered":"<p style=\"text-align: justify\"><a href=\"https:\/\/semmelweis.hu\/baratikor\/files\/2022\/07\/147_11.jpg\"><img loading=\"lazy\" decoding=\"async\" class=\"alignleft wp-image-876 size-full\" src=\"https:\/\/semmelweis.hu\/baratikor\/files\/2022\/07\/147_11.jpg\" alt=\"\" width=\"295\" height=\"370\" \/><\/a><strong>(Lov\u00e1szpatona, 1902. augusztus 4. &#8211; Budapest, 1992. janu\u00e1r 17.)<\/strong><\/p>\n<p style=\"text-align: justify\">D\u00e9k\u00e1n: 1948\/49 &#8211; 1949\/50, 1955\/56 &#8211; 1958\/59<\/p>\n<p style=\"text-align: justify\">\u00c9desapja p\u00e9kmester volt, Antal a csal\u00e1d nyolcadik fi\u00fagyermekek\u00e9nt sz\u00fcletett. K\u00f6z\u00e9piskolai tanulm\u00e1nyait Gy\u0151rben \u00e9s a p\u00e1pai Szent Benedek-rendi F\u0151gimn\u00e1ziumban v\u00e9gezte. Anyagi neh\u00e9zs\u00e9gek miatt \u00e9retts\u00e9gi el\u0151tt egy \u00e9vig keresked\u0151inask\u00e9nt \u00e9s arat\u00f3munk\u00e1sk\u00e9nt dolgozott. Jeles \u00e9retts\u00e9gi ut\u00e1n 1922-ben iratkozott be a budapesti egyetem Orvostudom\u00e1nyi Kar\u00e1ra. 1927-ben abszolv\u00e1lt, majd a kaposv\u00e1ri \u00e9s gy\u0151ri k\u00f6zk\u00f3rh\u00e1zak seb\u00e9szeti oszt\u00e1lyain dolgozott. 1929. janu\u00e1r 19-\u00e9n avatt\u00e1k orvoss\u00e1. Ez \u00e9v szeptember\u00e9ben ker\u00fclt az akkor m\u00e9g a budapesti Szent R\u00f3kus k\u00f3rh\u00e1zban m\u0171k\u00f6d\u0151 Urol\u00f3giai Klinik\u00e1ra, ahol 1932-ig gyakornok, majd 1938-ig tan\u00e1rseg\u00e9d. K\u00f6zben 1936\/37-ben \u00e1llami \u00f6szt\u00f6nd\u00edjjal ker\u00fclt a berlini Collegium Hungaricumba, majd Olaszorsz\u00e1gban \u00e9s Vars\u00f3ban tanult vese\u00e9lettant. 1938-ban adjunktusi kinevez\u00e9st kapott, majd 1940. febru\u00e1r 22-\u00e9n mag\u00e1ntan\u00e1ri habilit\u00e1ci\u00f3t szerzett a \u201eMindennapi urol\u00f3gia gyakorlatokkal\u201d t\u00e1rgyk\u00f6rben. 1940\/41-ben a professzor helyettese, majd Illy\u00e9s G\u00e9za nyugalomba vonul\u00e1sa ut\u00e1n, 1941-ben megb\u00edzt\u00e1k a klinika vezet\u00e9s\u00e9vel, amit 1943-ig l\u00e1tott el. 1943-t\u00f3l 1945-ig a III. sz. Seb\u00e9szeti Klinika d\u00edjtalan adjunktusa \u00e9s orvos-sz\u00e1zadosi rangban a budapesti X. sz. hely\u0151rs\u00e9gi k\u00f3rh\u00e1z, a k\u00e9s\u0151bbi Honv\u00e9dk\u00f3rh\u00e1z seb\u00e9sz-urol\u00f3gus oszt\u00e1lyvezet\u0151 f\u0151orvosa. 1945. november 2-\u00e1n egyetemi tan\u00e1rr\u00e1, egyben az Urol\u00f3giai Klinika igazgat\u00f3j\u00e1v\u00e1 nevezt\u00e9k ki. A klinika vezet\u00e9s\u00e9t 1946. febru\u00e1r 1-j\u00e9n vette \u00e1t. Bel\u00e9pett a Nemzeti Parasztp\u00e1rtba, majd 1948 elej\u00e9n a Magyar Kommunista P\u00e1rtba, k\u00e9s\u0151bb az ebb\u0151l alakult Magyar Dolgoz\u00f3k P\u00e1rtja tagja volt. 1948-t\u00f3l k\u00e9t tan\u00e9ven \u00e1t a tudom\u00e1nyegyetemi Orvoskar, majd 1955-t\u0151l n\u00e9gy tan\u00e9ven kereszt\u00fcl az imm\u00e1r \u00f6n\u00e1ll\u00f3 orvosegyetem \u00c1ltal\u00e1nos Orvostudom\u00e1nyi Kar\u00e1nak d\u00e9k\u00e1nja. 1949. okt\u00f3ber 31-t\u0151l az MTA levelez\u0151, majd 1950. december 2-t\u0151l rendes tagja, 1959-1967 k\u00f6z\u00f6tt az Orvosi Tudom\u00e1nyok Oszt\u00e1ly\u00e1nak titk\u00e1ra. 1950 \u00e9s 1953 k\u00f6z\u00f6tt ell\u00e1tta a K\u00fatv\u00f6lgyi \u00fati K\u00f6zponti \u00c1llami K\u00f3rh\u00e1z-Rendel\u0151int\u00e9zet igazgat\u00f3i feladatait is, melynek megszervez\u00e9s\u00e9ben f\u0151szerepet j\u00e1tszott. 1956. okt\u00f3ber 26 &#8211; 31. k\u00f6z\u00f6tt Nagy Imre els\u0151 korm\u00e1ny\u00e1nak eg\u00e9szs\u00e9g\u00fcgyi minisztere. 1963. febru\u00e1r 24. \u00e9s 1971. febru\u00e1r 10. k\u00f6z\u00f6tt, k\u00e9t cikluson kereszt\u00fcl orsz\u00e1ggy\u0171l\u00e9si k\u00e9pvisel\u0151 volt, el\u0151bb a Hazafias N\u00e9pfront budapesti list\u00e1j\u00e1n, majd Budapest 23. sz\u00e1m\u00fa egy\u00e9ni v\u00e1laszt\u00f3ker\u00fcletben jutott mand\u00e1tumhoz. 1963 &#8211; 1975 k\u00f6z\u00f6tt az Orvos &#8211; Eg\u00e9szs\u00e9g\u00fcgyi Szakszervezet orsz\u00e1gos eln\u00f6ke, majd 1985-t\u0151l hal\u00e1l\u00e1ig tiszteletbeli eln\u00f6ke. 1974-ben vonult nyugalomba. Gyakorlati \u00e9s tudom\u00e1nyos munk\u00e1ss\u00e1ga k\u00f6z\u00e9ppontj\u00e1ban a vese\u00fcregrendszer, a vesemedence \u00e9s a h\u00fagyvezet\u00e9k traumatol\u00f3giai, fert\u0151z\u0151, daganatos stb. betegs\u00e9geinek k\u00f3r\u00e9lettana, belgy\u00f3gy\u00e1szati \u00e9s m\u0171t\u00e9ti kezel\u00e9s\u00e9nek k\u00e9rd\u00e9sk\u00f6re \u00e1llt. Nemzetk\u00f6zi szinten is jelent\u0151s eredm\u00e9nyeket \u00e9rt el a veseel\u00e9gtelens\u00e9g, a veseelz\u00e1r\u00f3d\u00e1s, a veset\u00e1gulat, a vesegennyed\u00e9s, a vesever\u0151\u00e9r-elv\u00e1ltoz\u00e1s, a h\u00fagyv\u00e9r\u0171s\u00e9g k\u00f3rtani \u00e9s \u00e9lettani kutat\u00e1sa ter\u00fclet\u00e9n, tov\u00e1bb\u00e1 a vesek\u0151 kialakul\u00e1s\u00e1nak \u00e9lettani folyamat\u00e1ra \u00e9s m\u0171t\u00e9ti elt\u00e1vol\u00edt\u00e1s\u00e1nak lehet\u0151s\u00e9geire ir\u00e1nyul\u00f3 vizsg\u00e1latai sor\u00e1n. A vese fert\u0151z\u0151 betegs\u00e9geinek kialakul\u00e1s\u00e1ban kimutatta a nyirokkering\u00e9s meghat\u00e1roz\u00f3 szerep\u00e9t; akad\u00e9miai sz\u00e9kfoglal\u00f3j\u00e1t is e t\u00e9mak\u00f6rben tartotta meg 1950. m\u00e1rcius 20-\u00e1n. Behat\u00f3an foglalkozott a h\u00fagycs\u0151kank\u00f3 k\u00f3r\u00e9lettan\u00e1val \u00e9s cibazolos gy\u00f3gy\u00edt\u00e1s\u00e1val, tov\u00e1bb\u00e1 klinikai vizsg\u00e1latokat v\u00e9gzett a prosztatat\u00falteng\u00e9s \u00e9s a prosztatar\u00e1k hormonos kezel\u00e9se ter\u00e9n. Mindemellett munk\u00e1j\u00e1ban \u00e9s publik\u00e1ci\u00f3iban figyelmet \u00e9s teret szentelt az \u00f6regkori urol\u00f3giai elv\u00e1ltoz\u00e1sok, a f\u00e9rfi term\u00e9ketlens\u00e9g \u00e9s a mesters\u00e9ges megterm\u00e9keny\u00edt\u00e9s k\u00e9rd\u00e9sk\u00f6reinek is. Hossz\u00fa p\u00e1ly\u00e1ja sor\u00e1n sz\u00e1mos kit\u00fcntet\u00e9sben r\u00e9szes\u00fclt: Magyar N\u00e9pk\u00f6zt\u00e1rsas\u00e1gi \u00c9rdemrend V. fokozata (1950), Kossuth-d\u00edj ez\u00fcst fokozata (1951), Magyar-Szovjet Bar\u00e1ti T\u00e1rsas\u00e1g aranykoszor\u00fas jelv\u00e9nye (1952, 1970), Munka \u00c9rdemrend (1954, 1958, 1970 arany fokozat), Kiv\u00e1l\u00f3 orvos (1960), Magyarorsz\u00e1gon Ideiglenesen \u00c1llom\u00e1soz\u00f3 Szovjet Katonai Parancsnoks\u00e1g Elismer\u0151 D\u00edszoklevelei (1964, 1966, 1970), Felszabadul\u00e1si Eml\u00e9k\u00e9rem (1970), B\u00e9k\u00e9\u00e9rt \u00c9rdem\u00e9rem (1970), Szakszervezeti Arany Eml\u00e9k\u00e9rem (1970, 1972), Magyar N\u00e9pk\u00f6zt\u00e1rsas\u00e1g Z\u00e1szl\u00f3rendj\u00e9nek 2. fokozata (1974), Magyar N\u00e9pk\u00f6zt\u00e1rsas\u00e1g rubinokkal \u00e9kes\u00edtett Z\u00e1szl\u00f3rendje (1982). Tudom\u00e1nyos kit\u00fcntet\u00e9sei: 1969-ben Kor\u00e1nyi S\u00e1ndor-, 1970-ben Illy\u00e9s G\u00e9za-, 1972-ben Bug\u00e1t P\u00e1l-eml\u00e9k\u00e9rmet, illetve H\u0151gyes Endre-d\u00edjat, 1978-ban pedig Markusovszky-d\u00edjat kapott.<\/p>\n<p style=\"text-align: justify\">F\u0151szerkeszt\u0151je volt az 1947 \u00e9s 1949 k\u00f6z\u00f6tt a budapesti egyetemen megjelent Acta Urologica szaklapnak, majd ugyancsak f\u0151szerkeszt\u0151k\u00e9nt ir\u00e1ny\u00edtotta az 1962-t\u0151l megjelen\u0151 Acta Chirurgica \u2013 1983 ut\u00e1n Acta Chirurgica Hungarica \u2013 szerkeszt\u00e9si munk\u00e1latait is. Emellett szerkeszt\u0151bizotts\u00e1gi eln\u00f6ke volt a szint\u00e9n Magyarorsz\u00e1gon kiadott International Urology and Nephrology c\u00edm\u0171 szaklapnak is. A Magyar Urol\u00f3gusok \u00e9s Nephrol\u00f3gusok T\u00e1rsas\u00e1g\u00e1nak \u00f6r\u00f6k\u00f6s eln\u00f6ke, tiszteleti tagj\u00e1v\u00e1 v\u00e1lasztotta a Jan Evangelista Purkyn\u011b Csehszlov\u00e1k Orvostudom\u00e1nyi T\u00e1rsas\u00e1g, a Szovjet Seb\u00e9szeti T\u00e1rsas\u00e1g, az Osztr\u00e1k Urol\u00f3giai T\u00e1rsas\u00e1g, a Lengyel Urol\u00f3giai Egyes\u00fclet \u00e9s a Rom\u00e1n Urol\u00f3giai Egyes\u00fclet is. 1965-ben a Szovjetuni\u00f3 Orvostudom\u00e1nyi Akad\u00e9mi\u00e1ja tiszteleti tagj\u00e1v\u00e1 v\u00e1lasztotta. Az olasz urol\u00f3giai T\u00e1rsas\u00e1g levelez\u0151 tagja, a Nemzetk\u00f6zi Urol\u00f3giai T\u00e1rsas\u00e1g magyar k\u00fcld\u00f6ttje. Alap\u00edt\u00f3 tagja a Kor\u00e1nyi T\u00e1rsas\u00e1gnak \u00e9s a Coll\u00e9ge International des Chirurgiens-nek. Sz\u00e9lesk\u00f6r\u0171 t\u00e1rsadalmi tev\u00e9kenys\u00e9ge nem korl\u00e1toz\u00f3dott hivat\u00e1s\u00e1nak sz\u0171ken vett ter\u00fcleteire. \u00cdgy 1967-t\u0151l t\u00e1rseln\u00f6ke volt az Aut\u00f3klubnak, a Magyar Horg\u00e1szsz\u00f6vets\u00e9gnek pedig vezet\u0151s\u00e9gi tagja. A Semmelweis Egyetem r\u00f3la elnevezett Babics Antal-d\u00edj\u00e1t k\u00e9t\u00e9vente \u00edt\u00e9lik oda a jelent\u0151s tudom\u00e1nyos eredm\u00e9nyeket el\u00e9r\u0151 fiatal orvosoknak.<\/p>\n<p style=\"text-align: justify\">(F\u0151bb munk\u00e1i: A seb\u00e9szeti vesebetegs\u00e9gek k\u00f6vetkezt\u00e9ben fell\u00e9p\u0151 uraemia kezel\u00e9se. In: Magyar Urol\u00f3gia, 1938.; A f\u00e1jdalom jelent\u0151s\u00e9ge a ves\u00e9k megbeteged\u00e9seiben. In: Magyar Urol\u00f3gia, 1940.; A v\u00edzforgalom \u00e9s uraemia k\u00e9rd\u00e9se a seb\u00e9szeti vesebetegs\u00e9gekben. Bp. Eggenberger. 1942.; K\u00f3ros ves\u00e9k ver\u0151\u00e9relv\u00e1ltoz\u00e1sai. In: Orvosok Lapja, 1945.; A ves\u00e9k nyirokkering\u00e9se. Az MTA Orvosi Tudom\u00e1nyok Oszt\u00e1ly\u00e1nak K\u00f6zlem\u00e9nyei, 1950.; Urol\u00f3gia. Bp. Orvoskari Tanulm\u00e1nyi Oszt\u00e1ly. 1950; A vese \u00fcregrendszer\u00e9nek patofiziol\u00f3gi\u00e1ja \u00e9s m\u0171t\u00e9tei. \/R\u00e9nyi-V\u00e1mos Ferenccel\/ Bp. Akad\u00e9miai. 1950.; Urol\u00f3gia: Egyetemi tank\u00f6nyv. Bp. Tank\u00f6nyvkiad\u00f3. 1950.; A vesepusztul\u00e1s elm\u00e9lete \u00e9s klinikuma. \/R\u00e9nyi-V\u00e1mos Ferenccel\/ Bp. Akad\u00e9miai. 1952..; A vesek\u00f6vek klinikum\u00e1r\u00f3l \u00e9s m\u0171t\u00e9ti megold\u00e1s\u00e1nak elveir\u0151l. Bp., 1954.; A ves\u00e9k nyirokkering\u00e9se. Bp. 1956.; V\u00e9rvizel\u00e9s. Bp. Medicina. 1959. In: A Gyakorl\u00f3 Orvos K\u00f6nyvt\u00e1ra.; A korszer\u0171 veseseb\u00e9szet egyes k\u00e9rd\u00e9sei. Bp., 1962.; Clinical and theoretical pictures of some renal diseases. \/R\u00e9nyi-V\u00e1mos Ferenccel\/ Bp. Akad\u00e9miai. 1964.; Urol\u00f3gia: Egyetemi tank\u00f6nyv. Bp. Medicina. 1965.; Illy\u00e9s G\u00e9za. Bp. Akad\u00e9miai. 1972. In: A M\u00falt Magyar Tud\u00f3sai.; Anuria: Therapeutic experiences. \/R\u00e9nyi-V\u00e1mos Ferenccel\/ Bp. Akad\u00e9miai. 1972.; Megt\u00e9veszt\u0151 k\u00f3resetek intraoperat\u00edv diagn\u00f3zisa az urol\u00f3gi\u00e1ban. Bp. Akad\u00e9miai. 1977. (oroszul 1984.); Limfogr\u00e1fia urogenitalis betegs\u00e9gekben. \/Frang Dezs\u0151vel\/ Bp. Akad\u00e9miai. 1987. (angolul 1990.);<\/p>\n","protected":false},"excerpt":{"rendered":"<p><a href=\"https:\/\/semmelweis.hu\/baratikor\/files\/2022\/07\/147_11.jpg\"><\/a> (Lov\u00e1szpatona, 1902. augusztus 4. &#8211; Budapest, 1992. janu\u00e1r 17.) D\u00e9k\u00e1n: 1948\/49 &#8211; 1949\/50, 1955\/56 &#8211; 1958\/59 \u00c9desapja p\u00e9kmester volt, Antal a csal\u00e1d nyolcadik fi\u00fagyermekek\u00e9nt sz\u00fcletett. K\u00f6z\u00e9piskolai tanulm\u00e1nyait Gy\u0151rben \u00e9s a p\u00e1pai Szent Benedek-rendi F\u0151gimn\u00e1ziumban v\u00e9gezte. Anyagi neh\u00e9zs\u00e9gek miatt \u00e9retts\u00e9gi el\u0151tt egy \u00e9vig keresked\u0151inask\u00e9nt \u00e9s arat\u00f3munk\u00e1sk\u00e9nt dolgozott. Jeles \u00e9retts\u00e9gi ut\u00e1n 1922-ben iratkozott be a budapesti egyetem &hellip;<\/p>\n","protected":false},"author":282,"featured_media":876,"parent":347,"menu_order":0,"comment_status":"closed","ping_status":"closed","template":"template-fullwidth.php","meta":{"_acf_changed":false,"footnotes":""},"categories":[80,6,77,81,14],"tags":[],"class_list":["post-484","page","type-page","status-publish","has-post-thumbnail","hentry","category-aok-dekanjai","category-dekanok","category-kegyeleti-adattar","category-orvosi-kar-dekanjai","category-teljes-nevlista"],"acf":[],"_links":{"self":[{"href":"https:\/\/semmelweis.hu\/baratikor\/wp-json\/wp\/v2\/pages\/484","targetHints":{"allow":["GET"]}}],"collection":[{"href":"https:\/\/semmelweis.hu\/baratikor\/wp-json\/wp\/v2\/pages"}],"about":[{"href":"https:\/\/semmelweis.hu\/baratikor\/wp-json\/wp\/v2\/types\/page"}],"author":[{"embeddable":true,"href":"https:\/\/semmelweis.hu\/baratikor\/wp-json\/wp\/v2\/users\/282"}],"replies":[{"embeddable":true,"href":"https:\/\/semmelweis.hu\/baratikor\/wp-json\/wp\/v2\/comments?post=484"}],"version-history":[{"count":4,"href":"https:\/\/semmelweis.hu\/baratikor\/wp-json\/wp\/v2\/pages\/484\/revisions"}],"predecessor-version":[{"id":879,"href":"https:\/\/semmelweis.hu\/baratikor\/wp-json\/wp\/v2\/pages\/484\/revisions\/879"}],"up":[{"embeddable":true,"href":"https:\/\/semmelweis.hu\/baratikor\/wp-json\/wp\/v2\/pages\/347"}],"wp:featuredmedia":[{"embeddable":true,"href":"https:\/\/semmelweis.hu\/baratikor\/wp-json\/wp\/v2\/media\/876"}],"wp:attachment":[{"href":"https:\/\/semmelweis.hu\/baratikor\/wp-json\/wp\/v2\/media?parent=484"}],"wp:term":[{"taxonomy":"category","embeddable":true,"href":"https:\/\/semmelweis.hu\/baratikor\/wp-json\/wp\/v2\/categories?post=484"},{"taxonomy":"post_tag","embeddable":true,"href":"https:\/\/semmelweis.hu\/baratikor\/wp-json\/wp\/v2\/tags?post=484"}],"curies":[{"name":"wp","href":"https:\/\/api.w.org\/{rel}","templated":true}]}}