{"id":40,"date":"2022-05-09T15:46:22","date_gmt":"2022-05-09T13:46:22","guid":{"rendered":"https:\/\/semmelweis.hu\/baratikor\/?page_id=40"},"modified":"2026-01-22T14:30:53","modified_gmt":"2026-01-22T13:30:53","slug":"szamviteli-beszamolok","status":"publish","type":"page","link":"https:\/\/semmelweis.hu\/baratikor\/dokumentumtar\/szamviteli-beszamolok\/","title":{"rendered":"Sz\u00e1mviteli besz\u00e1mol\u00f3k"},"content":{"rendered":"<ul>\n<li><a href=\"https:\/\/semmelweis.hu\/baratikor\/files\/2026\/01\/szamviteli-beszamolo_2024.pdf\">Sz\u00e1mviteli besz\u00e1mol\u00f3 2024 (pdf)<\/a><\/li>\n<li><a href=\"https:\/\/semmelweis.hu\/baratikor\/files\/2026\/01\/szamviteli-beszamolo_2023.pdf\">Sz\u00e1mviteli besz\u00e1mol\u00f3 2023 (pdf)<\/a><\/li>\n<li><a href=\"https:\/\/semmelweis.hu\/baratikor\/files\/2026\/01\/szamviteli-beszamolo_2022.pdf\">Sz\u00e1mviteli besz\u00e1mol\u00f3 2022 (pdf)<\/a><\/li>\n<li><a href=\"https:\/\/semmelweis.hu\/baratikor\/files\/2023\/01\/szamvitelibeszamolo_20211.pdf\">Sz\u00e1mviteli besz\u00e1mol\u00f3 2021 (pdf)<\/a><\/li>\n<li><a href=\"https:\/\/semmelweis.hu\/baratikor\/files\/2022\/05\/szamvitelibeszamolo_2020.pdf\">Sz\u00e1mviteli besz\u00e1mol\u00f3 2020 (pdf)<\/a><\/li>\n<li><a href=\"https:\/\/semmelweis.hu\/baratikor\/files\/2022\/05\/szamvitelibeszamolo_2019.pdf\">Sz\u00e1mviteli besz\u00e1mol\u00f3 2019 (pdf)<\/a><\/li>\n<li><a href=\"https:\/\/semmelweis.hu\/baratikor\/files\/2022\/05\/szamvitelibeszamolo_2018.pdf\">Sz\u00e1mviteli besz\u00e1mol\u00f3 2018 (pdf)<\/a><\/li>\n<li><a href=\"https:\/\/semmelweis.hu\/baratikor\/files\/2022\/05\/szamvitelibeszamolo_2017.pdf\">Sz\u00e1mviteli besz\u00e1mol\u00f3 2017 (pdf)<\/a><\/li>\n<li><a href=\"https:\/\/semmelweis.hu\/baratikor\/files\/2022\/05\/szamvitelibeszamolo_2016.pdf\">Sz\u00e1mviteli besz\u00e1mol\u00f3 2016 (pdf)<\/a><\/li>\n<li><a href=\"https:\/\/semmelweis.hu\/baratikor\/files\/2022\/05\/szamvitelibeszamolo_2015.pdf\">Sz\u00e1mviteli besz\u00e1mol\u00f3 2015 (pdf)<\/a><\/li>\n<li><a href=\"https:\/\/semmelweis.hu\/baratikor\/files\/2022\/05\/szamvitelibeszamolo_2014.pdf\">Sz\u00e1mviteli besz\u00e1mol\u00f3 2014 (pdf)<\/a><\/li>\n<li><a href=\"https:\/\/semmelweis.hu\/baratikor\/files\/2022\/05\/szamvitelibeszamolo_2013.pdf\">Sz\u00e1mviteli besz\u00e1mol\u00f3 2013 (pdf)<\/a><\/li>\n<li><a href=\"https:\/\/semmelweis.hu\/baratikor\/files\/2022\/05\/szamvitelibeszamolo_2012.pdf\">Sz\u00e1mviteli besz\u00e1mol\u00f3 2012 (pdf)<\/a><\/li>\n<\/ul>\n","protected":false},"excerpt":{"rendered":"<p><a href=\"https:\/\/semmelweis.hu\/baratikor\/files\/2026\/01\/szamviteli-beszamolo_2024.pdf\">Sz\u00e1mviteli besz\u00e1mol\u00f3 2024 (pdf)<\/a><br \/>\n<a href=\"https:\/\/semmelweis.hu\/baratikor\/files\/2026\/01\/szamviteli-beszamolo_2023.pdf\">Sz\u00e1mviteli besz\u00e1mol\u00f3 2023 (pdf)<\/a><br \/>\n<a href=\"https:\/\/semmelweis.hu\/baratikor\/files\/2026\/01\/szamviteli-beszamolo_2022.pdf\">Sz\u00e1mviteli besz\u00e1mol\u00f3 2022 (pdf)<\/a><br \/>\n<a href=\"https:\/\/semmelweis.hu\/baratikor\/files\/2023\/01\/szamvitelibeszamolo_20211.pdf\">Sz\u00e1mviteli besz\u00e1mol\u00f3 2021 (pdf)<\/a><br \/>\n<a href=\"https:\/\/semmelweis.hu\/baratikor\/files\/2022\/05\/szamvitelibeszamolo_2020.pdf\">Sz\u00e1mviteli besz\u00e1mol\u00f3 2020 (pdf)<\/a><br \/>\n<a href=\"https:\/\/semmelweis.hu\/baratikor\/files\/2022\/05\/szamvitelibeszamolo_2019.pdf\">Sz\u00e1mviteli besz\u00e1mol\u00f3 2019 (pdf)<\/a><br \/>\n<a href=\"https:\/\/semmelweis.hu\/baratikor\/files\/2022\/05\/szamvitelibeszamolo_2018.pdf\">Sz\u00e1mviteli besz\u00e1mol\u00f3 2018 (pdf)<\/a><br \/>\n<a href=\"https:\/\/semmelweis.hu\/baratikor\/files\/2022\/05\/szamvitelibeszamolo_2017.pdf\">Sz\u00e1mviteli besz\u00e1mol\u00f3 2017 (pdf)<\/a><br \/>\n<a href=\"https:\/\/semmelweis.hu\/baratikor\/files\/2022\/05\/szamvitelibeszamolo_2016.pdf\">Sz\u00e1mviteli besz\u00e1mol\u00f3 2016 (pdf)<\/a><br \/>\n<a href=\"https:\/\/semmelweis.hu\/baratikor\/files\/2022\/05\/szamvitelibeszamolo_2015.pdf\">Sz\u00e1mviteli besz\u00e1mol\u00f3 2015 (pdf)<\/a><br \/>\n<a href=\"https:\/\/semmelweis.hu\/baratikor\/files\/2022\/05\/szamvitelibeszamolo_2014.pdf\">Sz\u00e1mviteli besz\u00e1mol\u00f3 2014 (pdf)<\/a><br \/>\n<a href=\"https:\/\/semmelweis.hu\/baratikor\/files\/2022\/05\/szamvitelibeszamolo_2013.pdf\">Sz\u00e1mviteli besz\u00e1mol\u00f3 2013 (pdf)<\/a><br \/>\n<a href=\"https:\/\/semmelweis.hu\/baratikor\/files\/2022\/05\/szamvitelibeszamolo_2012.pdf\">Sz\u00e1mviteli besz\u00e1mol\u00f3 2012 (pdf)<\/a><\/p>\n","protected":false},"author":282,"featured_media":0,"parent":101,"menu_order":4,"comment_status":"closed","ping_status":"closed","template":"","meta":{"_acf_changed":false,"footnotes":""},"categories":[],"tags":[],"class_list":["post-40","page","type-page","status-publish","hentry"],"acf":[],"_links":{"self":[{"href":"https:\/\/semmelweis.hu\/baratikor\/wp-json\/wp\/v2\/pages\/40","targetHints":{"allow":["GET"]}}],"collection":[{"href":"https:\/\/semmelweis.hu\/baratikor\/wp-json\/wp\/v2\/pages"}],"about":[{"href":"https:\/\/semmelweis.hu\/baratikor\/wp-json\/wp\/v2\/types\/page"}],"author":[{"embeddable":true,"href":"https:\/\/semmelweis.hu\/baratikor\/wp-json\/wp\/v2\/users\/282"}],"replies":[{"embeddable":true,"href":"https:\/\/semmelweis.hu\/baratikor\/wp-json\/wp\/v2\/comments?post=40"}],"version-history":[{"count":9,"href":"https:\/\/semmelweis.hu\/baratikor\/wp-json\/wp\/v2\/pages\/40\/revisions"}],"predecessor-version":[{"id":6145,"href":"https:\/\/semmelweis.hu\/baratikor\/wp-json\/wp\/v2\/pages\/40\/revisions\/6145"}],"up":[{"embeddable":true,"href":"https:\/\/semmelweis.hu\/baratikor\/wp-json\/wp\/v2\/pages\/101"}],"wp:attachment":[{"href":"https:\/\/semmelweis.hu\/baratikor\/wp-json\/wp\/v2\/media?parent=40"}],"wp:term":[{"taxonomy":"category","embeddable":true,"href":"https:\/\/semmelweis.hu\/baratikor\/wp-json\/wp\/v2\/categories?post=40"},{"taxonomy":"post_tag","embeddable":true,"href":"https:\/\/semmelweis.hu\/baratikor\/wp-json\/wp\/v2\/tags?post=40"}],"curies":[{"name":"wp","href":"https:\/\/api.w.org\/{rel}","templated":true}]}}