{"id":382,"date":"2022-05-25T12:08:56","date_gmt":"2022-05-25T10:08:56","guid":{"rendered":"https:\/\/semmelweis.hu\/baratikor\/?page_id=382"},"modified":"2023-07-03T14:26:34","modified_gmt":"2023-07-03T12:26:34","slug":"zelko-romana","status":"publish","type":"page","link":"https:\/\/semmelweis.hu\/baratikor\/galeria\/teljes-nevlista\/zelko-romana\/","title":{"rendered":"Zelk\u00f3 Rom\u00e1na"},"content":{"rendered":"<p style=\"text-align: justify\"><a href=\"https:\/\/semmelweis.hu\/baratikor\/files\/2022\/06\/235_11.jpg\"><img loading=\"lazy\" decoding=\"async\" class=\"wp-image-572 size-medium alignleft\" src=\"https:\/\/semmelweis.hu\/baratikor\/files\/2022\/06\/235_11-265x400.jpg\" alt=\"\" width=\"265\" height=\"400\" srcset=\"https:\/\/semmelweis.hu\/baratikor\/files\/2022\/06\/235_11-265x400.jpg 265w, https:\/\/semmelweis.hu\/baratikor\/files\/2022\/06\/235_11.jpg 500w\" sizes=\"auto, (max-width: 265px) 100vw, 265px\" \/><\/a><strong>(Budapest, 1968. m\u00e1jus 16. -)<\/strong><\/p>\n<p style=\"text-align: justify\">Egyetemi tanulm\u00e1nyait a Semmelweis Orvostudom\u00e1nyi Egyetem Gy\u00f3gyszer\u00e9sztudom\u00e1nyi Kar\u00e1n v\u00e9gezte. 1991-ben gy\u00f3gyszer\u00e9szi diplom\u00e1t, 1993-ban egyetemi doktori fokozatot szerzett, 1995-ben gy\u00f3gyszertechnol\u00f3gia, 2004-ben min\u0151s\u00e9gbiztos\u00edt\u00e1s szakvizsg\u00e1t tett. Ph.D. fokozat\u00e1t 1996-ban v\u00e9dte meg, 2003-ban gy\u00f3gyszertechnol\u00f3gi\u00e1b\u00f3l habilit\u00e1lt a Semmelweis Egyetemen. 2008-ban v\u00e9dte meg az <i>&#8222;Amorf polimer seg\u00e9danyagok fizikai \u00f6reged\u00e9s\u00e9nek hat\u00e1sa a gy\u00f3gyszerforma fizikai stabilit\u00e1s\u00e1ra&#8221;<\/i> c\u00edm\u0171 akad\u00e9miai doktori \u00e9rtekez\u00e9s\u00e9t, \u00e9s szerezte meg az MTA doktora tudom\u00e1nyos c\u00edmet. 1996-1999 k\u00f6z\u00f6tt t\u00f6bb \u00f6szt\u00f6nd\u00edjas tanulm\u00e1nyutat tett a Genti Egyetem Gy\u00f3gyszertechnol\u00f3giai Laborat\u00f3rium\u00e1ban,1999-ben elnyerte az MTA Bolyai J\u00e1nos Kutat\u00e1si \u00f6szt\u00f6nd\u00edj\u00e1t. T\u00f6bb mint 140 foly\u00f3irat-k\u00f6zlem\u00e9nye jelent meg, 6 k\u00f6nyvfejezet \u00e9s 5 k\u00f6nyv t\u00e1rsszerz\u0151je, az <i>Acta Pharmaceutica Hungarica<\/i> c\u00edm\u0171 foly\u00f3irat felel\u0151s szerkeszt\u0151je, a FoNo VII. gy\u00f3gyszer\u00e9szi szerkeszt\u0151bizotts\u00e1g\u00e1nak, \u00e9s a VIII. Magyar Gy\u00f3gyszerk\u00f6nyv Szerkeszt\u0151bizotts\u00e1ga K\u00e9miai Albizotts\u00e1g\u00e1nak tagja. A <i>Journal of Pharmaceutical Investigation, a Research and Reports in Transdermal Drug Delivery<\/i> \u00e9s az <i>ISRN Pharmaceutics <\/i>szerkeszt\u0151 bizotts\u00e1g\u00e1nak tagja. Rendszeresen b\u00edr\u00e1l kutat\u00e1si ter\u00fclet\u00e9hez kapcsol\u00f3d\u00f3 k\u00f6zlem\u00e9nyeket k\u00fcl\u00f6nb\u00f6z\u0151 gy\u00f3gyszer\u00e9szeti \u00e9s anyagtudom\u00e1nyi foly\u00f3iratokban (Int. J. Pharm., Drug Dev. Ind. Pharm., AAPS PharmSciTech, J. Therm. Anal. Calorim., J. Pharm. Biomed. Anal., Colloids and Surfaces B: Biointerfaces, Carbohyd. Polym., J. Polym. Res., Polym. Int., Int. J. Biol. Macromol., Molecules), valamint vesz r\u00e9szt k\u00fcl\u00f6nb\u00f6z\u0151 p\u00e1ly\u00e1zatok (OTKA, Nemzeti Technol\u00f3gia Program) \u00e9rt\u00e9kel\u00e9s\u00e9ben. Kutat\u00e1si ter\u00fclete a gy\u00f3gyszerk\u00e9sz\u00edt\u00e9s sor\u00e1n alkalmazott seg\u00e9danyagok fizikai \u00f6reged\u00e9si folyamatainak vizsg\u00e1lata a relax\u00e1ci\u00f3s jelens\u00e9gek (entalpia, t\u00e9rfogati relax\u00e1ci\u00f3) k\u00f6vet\u00e9s\u00e9vel, azaz a seg\u00e9danyag-\u00f6reged\u00e9s molekulaszerkezeti h\u00e1tter\u00e9nek tanulm\u00e1nyoz\u00e1sa \u00f6sszef\u00fcgg\u00e9sben a seg\u00e9danyagot tartalmaz\u00f3 gy\u00f3gyszerforma stabilit\u00e1s\u00e1val. A pozitron \u00e9lettartam spektroszk\u00f3pi\u00e1t el\u0151sz\u00f6r alkalmazta makromolekul\u00e1ris gy\u00f3gyszerhordoz\u00f3k \u00e9s k\u00fcl\u00f6nb\u00f6z\u0151 gy\u00f3gyszerform\u00e1k mikroszerkezet\u00e9nek vizsg\u00e1lat\u00e1ra a rendszer makroszerkezeti stabilit\u00e1s\u00e1nak el\u0151rejelz\u00e9s\u00e9re.<\/p>\n<p style=\"text-align: justify\">A gy\u00f3gyszer\u00e9sz gradu\u00e1lis k\u00e9pz\u00e9sben a <i>Gy\u00f3gyszertechnol\u00f3gia<\/i>, <i>Ipari gy\u00f3gyszertechnol\u00f3gia<\/i>, <i>Gy\u00f3gyszer\u00fcgyi szervez\u00e9stan<\/i> tant\u00e1rgyak keret\u00e9ben tart k\u00fcl\u00f6nb\u00f6z\u0151 t\u00e9mak\u00f6r\u00f6kben el\u0151ad\u00e1sokat. Rendszeresen el\u0151ad\u00f3ja a szakgy\u00f3gyszer\u00e9sz-k\u00e9pz\u00e9s \u00e9s tov\u00e1bbk\u00e9pz\u00e9s tanfolyamainak. <i>&#8222;Min\u0151s\u00e9gbiztos\u00edt\u00e1s gy\u00f3gyszer\u00e9szeti szempontjai&#8221; <\/i>c\u00edmmel Ph.D. kurzust vezet, valamint 2008-t\u00f3l el\u0151ad\u00e1st tart a &#8222;<i>Nanorendszerek az \u00e9lettudom\u00e1nyokban<\/i>&#8221; c\u00edm\u0171 k\u00f6telez\u0151en v\u00e1laszthat\u00f3 kurzuson &#8222;<i>Makromolekul\u00e1ris gy\u00f3gyszerhordoz\u00f3k<\/i>&#8221; c\u00edmmel. Ir\u00e1ny\u00edt\u00e1sa mellett 6 megv\u00e9dett Ph.D. \u00e9rtekez\u00e9s sz\u00fcletett, 2 hallgat\u00f3ja v\u00e9d\u00e9s el\u0151tt \u00e1ll \u00e9s jelenleg 5 hallgat\u00f3 munk\u00e1j\u00e1t ir\u00e1ny\u00edtja. T\u00f6bb Ph.D. \u00e9rtekez\u00e9s b\u00edr\u00e1l\u00f3ja, b\u00edr\u00e1l\u00f3 bizotts\u00e1gi tagja, valamint habilit\u00e1ci\u00f3s elj\u00e1r\u00e1sok v\u00e9lem\u00e9nyez\u0151je.<\/p>\n<p style=\"text-align: justify\">2003 \u00e9s 2009 k\u00f6z\u00f6tt a Semmelweis Egyetem Gy\u00f3gyszer\u00e9sztudom\u00e1nyi Kar\u00e1nak d\u00e9k\u00e1nhelyettese, 2003-t\u00f3l az Egyetem Szen\u00e1tus\u00e1nak v\u00e1lasztott tagja, 2005-t\u0151l az Egyetemi Gy\u00f3gyszert\u00e1r Gy\u00f3gyszer\u00fcgyi Szervez\u00e9si Int\u00e9zet igazgat\u00f3ja, 2007-t\u0151l az Egyetem Gy\u00f3gyszerter\u00e1pi\u00e1s Bizotts\u00e1g\u00e1nak t\u00e1rseln\u00f6ke, 2010-ben az Egyetem Habilit\u00e1ci\u00f3s Bizotts\u00e1g\u00e1nak tagj\u00e1v\u00e1 v\u00e1lasztott\u00e1k, 2013. j\u00falius 1-t\u0151l a Gy\u00f3gyszer\u00e9sztudom\u00e1nyi Kar d\u00e9k\u00e1nja.<\/p>\n<p style=\"text-align: justify\">Tagja az MTA Szerves \u00e9s Gy\u00f3gyszeranalitikai Munkabizotts\u00e1g\u00e1nak, a Gy\u00f3gyszerk\u00e9miai \u00e9s Gy\u00f3gyszertechnol\u00f3giai Munkabizotts\u00e1g\u00e1nak, 2007-t\u0151l a Gy\u00f3gyszer\u00e9sztudom\u00e1nyi Oszt\u00e1lyk\u00f6zi Komplex Bizotts\u00e1gnak, 2012-t\u0151l pedig a K\u00e9miai Doktori Bizotts\u00e1g tagja.<\/p>\n<p style=\"text-align: justify\">1996-t\u00f3l 2000-ig az MGYT Gy\u00f3gyszertechnol\u00f3giai Szakoszt\u00e1ly titk\u00e1ra, 2000-t\u0151l pedig a Szakoszt\u00e1ly vezet\u0151s\u00e9gi tagja. 2009-ben a K\u00f3rh\u00e1zi-Klinikai Gy\u00f3gyszer\u00e9szeti Szakmai Koll\u00e9gium, 2011-ben pedig a K\u00f3rh\u00e1zi klinikai gy\u00f3gyszer\u00e9szet szakmai koll\u00e9gium tagozat tagj\u00e1v\u00e1 v\u00e1lasztott\u00e1k. 2007 \u00f3ta a <i>European Pharmacopoeia Commission FRC Working Group<\/i> magyarorsz\u00e1gi k\u00e9pvisel\u0151je. Az Alap\u00edtv\u00e1ny a Magyarorsz\u00e1gi Gy\u00f3gyszerkutat\u00e1s\u00e9rt k\u00f6zhaszn\u00fa szervezet titk\u00e1ri feladat\u00e1t 1999 \u00f3ta l\u00e1tja el.<\/p>\n<p style=\"text-align: justify\">1998-ban Rektori dics\u00e9retben, 2003-ban a Semmelweis Egyetem Kiv\u00e1l\u00f3 Oktat\u00f3ja, 2011-ben Hugonnai Vilma Eml\u00e9k\u00e9rem \u00e9s Jutalomd\u00edj kit\u00fcntet\u00e9sben r\u00e9szes\u00fclt. Kutat\u00f3 munk\u00e1j\u00e1t 2006-ban Sanofi-Aventis Magyar Kutat\u00e1si D\u00edjjal, 2007-ben az Aesculap Alap\u00edtv\u00e1ny kiv\u00e1l\u00f3 kutat\u00f3i d\u00edj\u00e1val ismert\u00e9k el.<\/p>\n<p style=\"text-align: justify\">F\u0151bb munk\u00e1i:<\/p>\n<p style=\"text-align: justify\">Szakonyi G, <u>Zelk\u00f3 R<\/u><\/p>\n<p style=\"text-align: justify\">Prediction of oral disintegration time of fast disintegrating tablets using texture analyzer and computational optimization<\/p>\n<p style=\"text-align: justify\"><b><i>INTERNATIONAL JOURNAL OF PHARMACEUTICS<\/i><\/b> 448:(2) pp. 346-353. (2013)<\/p>\n<p style=\"text-align: justify\">Szab\u00f3 B, Sebe I, K\u00e1llai N, S\u00fcvegh K, <u>Zelk\u00f3 R<\/u><\/p>\n<p style=\"text-align: justify\">Comparison of the micro- and macrostructural characteristics of biopolymer cast films<\/p>\n<p style=\"text-align: justify\"><b><i>EUROPEAN POLYMER JOURNAL<\/i><\/b> 49:(9) pp. 2422-2425. (2013)<\/p>\n<p style=\"text-align: justify\">I Sebe, B Szab\u00f3, ZsK Nagy, D Szab\u00f3, L Zsidai, B Kocsis, <u>R Zelk\u00f3<\/u><\/p>\n<p style=\"text-align: justify\">Polymer structure and antimicrobial activity of polyvinylpyrrolidone-based iodine nanofibers prepared with high-speed rotary spinning technique<\/p>\n<p style=\"text-align: justify\"><b><i>INTERNATIONAL JOURNAL OF PHARMACEUTICS<\/i><\/b> 458:(1)pp. 99-103. (2013)<\/p>\n<p style=\"text-align: justify\">Kiss D, S\u00fcvegh K, <u>Zelk\u00f3 R<\/u><\/p>\n<p style=\"text-align: justify\">The effect of storage and active ingredient properties on the drug release profile of poly(ethylene oxide) matrix tablets<\/p>\n<p style=\"text-align: justify\"><b><i>CARBOHYDRATE POLYMERS<\/i><\/b> 74:(4) pp. 930-933. (2008)<\/p>\n<p style=\"text-align: justify\"><u>Zelko R<\/u>, Orban A, Suvegh K<\/p>\n<p style=\"text-align: justify\">Tracking of the physical ageing of amorphous pharmaceutical polymeric excipients by positron annihilation spectroscopy<\/p>\n<p style=\"text-align: justify\"><b><i>JOURNAL OF PHARMACEUTICAL AND BIOMEDICAL ANALYSIS<\/i><\/b> 40:(2) pp. 249-254. (2006)<\/p>\n<p style=\"text-align: justify\"><u>Zelko R<\/u><\/p>\n<p style=\"text-align: justify\">Effect of poloxamer on the solubility coefficient of water and enthalpy recovery of cast poly(vinylpyrrolidone) films<\/p>\n<p style=\"text-align: justify\"><b><i>POLYMER DEGRADATION AND STABILITY<\/i><\/b> 87: pp. 355-359. (2005)<\/p>\n<p style=\"text-align: justify\"><u>Zelko R<\/u>, S\u00fcvegh K<\/p>\n<p style=\"text-align: justify\">Correlation between the release characteristics of theophylline and the free volume of polyvinylpirolidone<\/p>\n<p style=\"text-align: justify\"><b><i>EUROPEAN JOURNAL OF PHARMACEUTICAL SCIENCES<\/i><\/b> 24: pp. 351-354. (2005)<\/p>\n<p style=\"text-align: justify\"><u>Zelko R<\/u>, S\u00fcvegh K<\/p>\n<p style=\"text-align: justify\">Comparison of the enthalpy recovery and free volume of polyvinylpyrrolidone during anomalous glassy to rubbery transition<\/p>\n<p style=\"text-align: justify\"><b><i>EUROPEAN JOURNAL OF PHARMACEUTICAL SCIENCES<\/i><\/b> 21: pp. 519-523. (2004)<\/p>\n<p style=\"text-align: justify\"><u>Zelko R<\/u>, Orban A, Suvegh K, Riedl Z, Racz I<\/p>\n<p style=\"text-align: justify\">Effect of plasticizer on the dynamic surface tension and the free volume of Eudragit systems<\/p>\n<p style=\"text-align: justify\"><b><i>INTERNATIONAL JOURNAL OF PHARMACEUTICS<\/i><\/b> 244: pp. 81-86. (2002)<\/p>\n<p style=\"text-align: justify\">Suvegh K, <u>Zelko R<\/u><\/p>\n<p style=\"text-align: justify\">Physical ageing of polyvinylpyrrolidone under different humidity conditions<\/p>\n<p style=\"text-align: justify\"><b><i>MACROMOLECULES<\/i><\/b> 35:(3) pp. 795-800. (2002))<\/p>\n","protected":false},"excerpt":{"rendered":"<p><a href=\"https:\/\/semmelweis.hu\/baratikor\/files\/2022\/06\/235_11.jpg\"><\/a> (Budapest, 1968. m\u00e1jus 16. -) Egyetemi tanulm\u00e1nyait a Semmelweis Orvostudom\u00e1nyi Egyetem Gy\u00f3gyszer\u00e9sztudom\u00e1nyi Kar\u00e1n v\u00e9gezte. 1991-ben gy\u00f3gyszer\u00e9szi diplom\u00e1t, 1993-ban egyetemi doktori fokozatot szerzett, 1995-ben gy\u00f3gyszertechnol\u00f3gia, 2004-ben min\u0151s\u00e9gbiztos\u00edt\u00e1s szakvizsg\u00e1t tett. Ph.D. fokozat\u00e1t 1996-ban v\u00e9dte meg, 2003-ban gy\u00f3gyszertechnol\u00f3gi\u00e1b\u00f3l habilit\u00e1lt a Semmelweis Egyetemen. 2008-ban v\u00e9dte meg az &#8222;Amorf polimer seg\u00e9danyagok fizikai \u00f6reged\u00e9s\u00e9nek hat\u00e1sa a gy\u00f3gyszerforma fizikai stabilit\u00e1s\u00e1ra&#8221; c\u00edm\u0171 akad\u00e9miai &hellip;<\/p>\n","protected":false},"author":282,"featured_media":4836,"parent":347,"menu_order":0,"comment_status":"closed","ping_status":"closed","template":"template-fullwidth.php","meta":{"_acf_changed":false,"footnotes":""},"categories":[6,83,14],"tags":[],"class_list":["post-382","page","type-page","status-publish","has-post-thumbnail","hentry","category-dekanok","category-gytk-dekanjai","category-teljes-nevlista"],"acf":[],"_links":{"self":[{"href":"https:\/\/semmelweis.hu\/baratikor\/wp-json\/wp\/v2\/pages\/382","targetHints":{"allow":["GET"]}}],"collection":[{"href":"https:\/\/semmelweis.hu\/baratikor\/wp-json\/wp\/v2\/pages"}],"about":[{"href":"https:\/\/semmelweis.hu\/baratikor\/wp-json\/wp\/v2\/types\/page"}],"author":[{"embeddable":true,"href":"https:\/\/semmelweis.hu\/baratikor\/wp-json\/wp\/v2\/users\/282"}],"replies":[{"embeddable":true,"href":"https:\/\/semmelweis.hu\/baratikor\/wp-json\/wp\/v2\/comments?post=382"}],"version-history":[{"count":4,"href":"https:\/\/semmelweis.hu\/baratikor\/wp-json\/wp\/v2\/pages\/382\/revisions"}],"predecessor-version":[{"id":574,"href":"https:\/\/semmelweis.hu\/baratikor\/wp-json\/wp\/v2\/pages\/382\/revisions\/574"}],"up":[{"embeddable":true,"href":"https:\/\/semmelweis.hu\/baratikor\/wp-json\/wp\/v2\/pages\/347"}],"wp:featuredmedia":[{"embeddable":true,"href":"https:\/\/semmelweis.hu\/baratikor\/wp-json\/wp\/v2\/media\/4836"}],"wp:attachment":[{"href":"https:\/\/semmelweis.hu\/baratikor\/wp-json\/wp\/v2\/media?parent=382"}],"wp:term":[{"taxonomy":"category","embeddable":true,"href":"https:\/\/semmelweis.hu\/baratikor\/wp-json\/wp\/v2\/categories?post=382"},{"taxonomy":"post_tag","embeddable":true,"href":"https:\/\/semmelweis.hu\/baratikor\/wp-json\/wp\/v2\/tags?post=382"}],"curies":[{"name":"wp","href":"https:\/\/api.w.org\/{rel}","templated":true}]}}